{"id":14347,"date":"2022-12-01T12:35:00","date_gmt":"2022-12-01T11:35:00","guid":{"rendered":"https:\/\/www.ediren.com\/?page_id=14347"},"modified":"2025-02-06T12:03:19","modified_gmt":"2025-02-06T11:03:19","slug":"pablo-gonzalez-gomez","status":"publish","type":"page","link":"https:\/\/www.ediren.com\/eu\/pablo-gonzalez-gomez\/","title":{"rendered":"Pablo Gonz\u00e1lez G\u00f3mez"},"content":{"rendered":"\t\t<div data-elementor-type=\"wp-post\" data-elementor-id=\"14347\" class=\"elementor elementor-14347 elementor-14346\">\n\t\t\t\t\t\t<section class=\"elementor-section elementor-top-section elementor-element elementor-element-bb538b4 elementor-section-boxed elementor-section-height-default elementor-section-height-default\" data-id=\"bb538b4\" data-element_type=\"section\" data-e-type=\"section\">\n\t\t\t\t\t\t<div class=\"elementor-container elementor-column-gap-default\">\n\t\t\t\t\t<div class=\"elementor-column elementor-col-100 elementor-top-column elementor-element elementor-element-af8e0dc\" data-id=\"af8e0dc\" data-element_type=\"column\" data-e-type=\"column\">\n\t\t\t<div class=\"elementor-widget-wrap elementor-element-populated\">\n\t\t\t\t\t\t<section class=\"elementor-section elementor-inner-section elementor-element elementor-element-6bb98b1 elementor-section-boxed elementor-section-height-default elementor-section-height-default\" data-id=\"6bb98b1\" data-element_type=\"section\" data-e-type=\"section\">\n\t\t\t\t\t\t<div class=\"elementor-container elementor-column-gap-default\">\n\t\t\t\t\t<div class=\"elementor-column elementor-col-50 elementor-inner-column elementor-element elementor-element-99f6adc\" data-id=\"99f6adc\" data-element_type=\"column\" data-e-type=\"column\">\n\t\t\t<div class=\"elementor-widget-wrap elementor-element-populated\">\n\t\t\t\t\t\t<div class=\"elementor-element elementor-element-e498aa7 elementor-widget elementor-widget-image\" data-id=\"e498aa7\" data-element_type=\"widget\" data-e-type=\"widget\" data-widget_type=\"image.default\">\n\t\t\t\t<div class=\"elementor-widget-container\">\n\t\t\t\t\t\t\t\t\t\t\t\t\t\t\t<img fetchpriority=\"high\" decoding=\"async\" width=\"401\" height=\"601\" src=\"https:\/\/www.ediren.com\/wp-content\/uploads\/2022\/12\/ediren-Pablo-Gonzalez-ok-1.jpg\" class=\"attachment-large size-large wp-image-14336\" alt=\"Pablo Gonz\u00e1lez, psic\u00f3logo del equipo Ediren\" srcset=\"https:\/\/www.ediren.com\/wp-content\/uploads\/2022\/12\/ediren-Pablo-Gonzalez-ok-1.jpg 401w, https:\/\/www.ediren.com\/wp-content\/uploads\/2022\/12\/ediren-Pablo-Gonzalez-ok-1-200x300.jpg 200w\" sizes=\"(max-width: 401px) 100vw, 401px\" \/>\t\t\t\t\t\t\t\t\t\t\t\t\t\t\t<\/div>\n\t\t\t\t<\/div>\n\t\t\t\t\t<\/div>\n\t\t<\/div>\n\t\t\t\t<div class=\"elementor-column elementor-col-50 elementor-inner-column elementor-element elementor-element-3d7e0fe\" data-id=\"3d7e0fe\" data-element_type=\"column\" data-e-type=\"column\">\n\t\t\t<div class=\"elementor-widget-wrap elementor-element-populated\">\n\t\t\t\t\t\t<div class=\"elementor-element elementor-element-26c214b elementor-widget elementor-widget-text-editor\" data-id=\"26c214b\" data-element_type=\"widget\" data-e-type=\"widget\" data-widget_type=\"text-editor.default\">\n\t\t\t\t<div class=\"elementor-widget-container\">\n\t\t\t\t\t\t\t\t\t<h1><span style=\"font-weight: bold; color: #ff0000;\">Psikologoa, familia eta bikote terapian aditua<\/span><\/h1><p>Psikologian lizentziatu nintzen 2019an Salamancako Unibertsitatean (USAL). Geroago, Familia eta bikote terapian espezializatu nintzen unibertsitate berean.<\/p><p>2022an, Osasun Psikologia Orokorreko Masterra lortu nuen Salamancako Unibertsitate Pontifizioan (UPSA).<\/p><p><strong>Edirenen lan egiten dut 2022tik. Talde komunitarioko eta osasun mentaleko taldeko kide naiz, eta haur, gazte eta helduekin esku hartzen dut, baita familiekin ere<\/strong>.<\/p><p><strong>Kooperatibako bazkide langilea naiz 2025eko otsailetik.<\/strong><\/p>\t\t\t\t\t\t\t\t<\/div>\n\t\t\t\t<\/div>\n\t\t\t\t\t<\/div>\n\t\t<\/div>\n\t\t\t\t\t<\/div>\n\t\t<\/section>\n\t\t\t\t\t<\/div>\n\t\t<\/div>\n\t\t\t\t\t<\/div>\n\t\t<\/section>\n\t\t\t\t<\/div>\n\t\t","protected":false},"excerpt":{"rendered":"<p>Psikologoa, familia eta bikote terapian aditua Psikologian lizentziatu nintzen 2019an Salamancako Unibertsitatean (USAL). Geroago, Familia eta bikote terapian espezializatu nintzen unibertsitate berean. 2022an, Osasun Psikologia Orokorreko Masterra lortu nuen Salamancako Unibertsitate Pontifizioan (UPSA). Edirenen lan egiten dut 2022tik. Talde komunitarioko eta osasun mentaleko taldeko kide naiz, eta haur, gazte eta helduekin esku hartzen dut, baita [&hellip;]<\/p>\n","protected":false},"author":3,"featured_media":0,"parent":0,"menu_order":0,"comment_status":"closed","ping_status":"closed","template":"page_landing.php","meta":{"_genesis_hide_title":false,"_genesis_hide_breadcrumbs":false,"_genesis_hide_singular_image":false,"_genesis_hide_footer_widgets":false,"_genesis_custom_body_class":"","_genesis_custom_post_class":"","_genesis_layout":"","footnotes":""},"class_list":{"0":"post-14347","1":"page","2":"type-page","3":"status-publish","5":"entry"},"yoast_head":"<!-- This site is optimized with the Yoast SEO plugin v27.4 - https:\/\/yoast.com\/product\/yoast-seo-wordpress\/ -->\n<title>Pablo Gonz\u00e1lez G\u00f3mez - Centro de Psicoterapia y Fisioterapia<\/title>\n<meta name=\"description\" content=\"Ediren, Centro de Psicoterapia y Psic\u00f3logos, especialistas en rehabilitaci\u00f3n y en psicolog\u00eda. Pablo Gonz\u00e1lez G\u00f3mez\" \/>\n<meta name=\"robots\" content=\"index, follow, max-snippet:-1, max-image-preview:large, max-video-preview:-1\" \/>\n<link rel=\"canonical\" href=\"https:\/\/www.ediren.com\/eu\/pablo-gonzalez-gomez\/\" \/>\n<meta property=\"og:locale\" content=\"eu_ES\" \/>\n<meta property=\"og:type\" content=\"article\" \/>\n<meta property=\"og:title\" content=\"Pablo Gonz\u00e1lez G\u00f3mez - Centro de Psicoterapia y Fisioterapia\" \/>\n<meta property=\"og:description\" content=\"Ediren, Centro de Psicoterapia y Psic\u00f3logos, especialistas en rehabilitaci\u00f3n y en psicolog\u00eda. Pablo Gonz\u00e1lez G\u00f3mez\" \/>\n<meta property=\"og:url\" content=\"https:\/\/www.ediren.com\/eu\/pablo-gonzalez-gomez\/\" \/>\n<meta property=\"og:site_name\" content=\"Ediren\" \/>\n<meta property=\"article:publisher\" content=\"https:\/\/www.facebook.com\/pages\/Ediren-SALUD\/298201266858043\" \/>\n<meta property=\"article:modified_time\" content=\"2025-02-06T11:03:19+00:00\" \/>\n<meta property=\"og:image\" content=\"https:\/\/www.ediren.com\/wp-content\/uploads\/2022\/12\/ediren-Pablo-Gonzalez-ok-1.jpg\" \/>\n\t<meta property=\"og:image:width\" content=\"401\" \/>\n\t<meta property=\"og:image:height\" content=\"601\" \/>\n\t<meta property=\"og:image:type\" content=\"image\/jpeg\" \/>\n<meta name=\"twitter:card\" content=\"summary_large_image\" \/>\n<meta name=\"twitter:site\" content=\"@edirensalud\" \/>\n<meta name=\"twitter:label1\" content=\"Est. reading time\" \/>\n\t<meta name=\"twitter:data1\" content=\"1 minute\" \/>\n<script type=\"application\/ld+json\" class=\"yoast-schema-graph\">{\"@context\":\"https:\\\/\\\/schema.org\",\"@graph\":[{\"@type\":\"WebPage\",\"@id\":\"https:\\\/\\\/www.ediren.com\\\/eu\\\/pablo-gonzalez-gomez\\\/\",\"url\":\"https:\\\/\\\/www.ediren.com\\\/eu\\\/pablo-gonzalez-gomez\\\/\",\"name\":\"Pablo Gonz\u00e1lez G\u00f3mez - Centro de Psicoterapia y Fisioterapia\",\"isPartOf\":{\"@id\":\"https:\\\/\\\/www.ediren.com\\\/eu\\\/#website\"},\"primaryImageOfPage\":{\"@id\":\"https:\\\/\\\/www.ediren.com\\\/eu\\\/pablo-gonzalez-gomez\\\/#primaryimage\"},\"image\":{\"@id\":\"https:\\\/\\\/www.ediren.com\\\/eu\\\/pablo-gonzalez-gomez\\\/#primaryimage\"},\"thumbnailUrl\":\"https:\\\/\\\/www.ediren.com\\\/wp-content\\\/uploads\\\/2022\\\/12\\\/ediren-Pablo-Gonzalez-ok-1.jpg\",\"datePublished\":\"2022-12-01T11:35:00+00:00\",\"dateModified\":\"2025-02-06T11:03:19+00:00\",\"description\":\"Ediren, Centro de Psicoterapia y Psic\u00f3logos, especialistas en rehabilitaci\u00f3n y en psicolog\u00eda. Pablo Gonz\u00e1lez G\u00f3mez\",\"breadcrumb\":{\"@id\":\"https:\\\/\\\/www.ediren.com\\\/eu\\\/pablo-gonzalez-gomez\\\/#breadcrumb\"},\"inLanguage\":\"eu-ES\",\"potentialAction\":[{\"@type\":\"ReadAction\",\"target\":[\"https:\\\/\\\/www.ediren.com\\\/eu\\\/pablo-gonzalez-gomez\\\/\"]}]},{\"@type\":\"ImageObject\",\"inLanguage\":\"eu-ES\",\"@id\":\"https:\\\/\\\/www.ediren.com\\\/eu\\\/pablo-gonzalez-gomez\\\/#primaryimage\",\"url\":\"https:\\\/\\\/www.ediren.com\\\/wp-content\\\/uploads\\\/2022\\\/12\\\/ediren-Pablo-Gonzalez-ok-1.jpg\",\"contentUrl\":\"https:\\\/\\\/www.ediren.com\\\/wp-content\\\/uploads\\\/2022\\\/12\\\/ediren-Pablo-Gonzalez-ok-1.jpg\"},{\"@type\":\"BreadcrumbList\",\"@id\":\"https:\\\/\\\/www.ediren.com\\\/eu\\\/pablo-gonzalez-gomez\\\/#breadcrumb\",\"itemListElement\":[{\"@type\":\"ListItem\",\"position\":1,\"name\":\"Portada\",\"item\":\"https:\\\/\\\/www.ediren.com\\\/eu\\\/hasiera\\\/\"},{\"@type\":\"ListItem\",\"position\":2,\"name\":\"Pablo Gonz\u00e1lez G\u00f3mez\"}]},{\"@type\":\"WebSite\",\"@id\":\"https:\\\/\\\/www.ediren.com\\\/eu\\\/#website\",\"url\":\"https:\\\/\\\/www.ediren.com\\\/eu\\\/\",\"name\":\"Ediren\",\"description\":\"Cooperativa de Salud\",\"potentialAction\":[{\"@type\":\"SearchAction\",\"target\":{\"@type\":\"EntryPoint\",\"urlTemplate\":\"https:\\\/\\\/www.ediren.com\\\/eu\\\/?s={search_term_string}\"},\"query-input\":{\"@type\":\"PropertyValueSpecification\",\"valueRequired\":true,\"valueName\":\"search_term_string\"}}],\"inLanguage\":\"eu-ES\"}]}<\/script>\n<!-- \/ Yoast SEO plugin. -->","yoast_head_json":{"title":"Pablo Gonz\u00e1lez G\u00f3mez - Centro de Psicoterapia y Fisioterapia","description":"Ediren, Centro de Psicoterapia y Psic\u00f3logos, especialistas en rehabilitaci\u00f3n y en psicolog\u00eda. Pablo Gonz\u00e1lez G\u00f3mez","robots":{"index":"index","follow":"follow","max-snippet":"max-snippet:-1","max-image-preview":"max-image-preview:large","max-video-preview":"max-video-preview:-1"},"canonical":"https:\/\/www.ediren.com\/eu\/pablo-gonzalez-gomez\/","og_locale":"eu_ES","og_type":"article","og_title":"Pablo Gonz\u00e1lez G\u00f3mez - Centro de Psicoterapia y Fisioterapia","og_description":"Ediren, Centro de Psicoterapia y Psic\u00f3logos, especialistas en rehabilitaci\u00f3n y en psicolog\u00eda. Pablo Gonz\u00e1lez G\u00f3mez","og_url":"https:\/\/www.ediren.com\/eu\/pablo-gonzalez-gomez\/","og_site_name":"Ediren","article_publisher":"https:\/\/www.facebook.com\/pages\/Ediren-SALUD\/298201266858043","article_modified_time":"2025-02-06T11:03:19+00:00","og_image":[{"width":401,"height":601,"url":"https:\/\/www.ediren.com\/wp-content\/uploads\/2022\/12\/ediren-Pablo-Gonzalez-ok-1.jpg","type":"image\/jpeg"}],"twitter_card":"summary_large_image","twitter_site":"@edirensalud","twitter_misc":{"Est. reading time":"1 minute"},"schema":{"@context":"https:\/\/schema.org","@graph":[{"@type":"WebPage","@id":"https:\/\/www.ediren.com\/eu\/pablo-gonzalez-gomez\/","url":"https:\/\/www.ediren.com\/eu\/pablo-gonzalez-gomez\/","name":"Pablo Gonz\u00e1lez G\u00f3mez - Centro de Psicoterapia y Fisioterapia","isPartOf":{"@id":"https:\/\/www.ediren.com\/eu\/#website"},"primaryImageOfPage":{"@id":"https:\/\/www.ediren.com\/eu\/pablo-gonzalez-gomez\/#primaryimage"},"image":{"@id":"https:\/\/www.ediren.com\/eu\/pablo-gonzalez-gomez\/#primaryimage"},"thumbnailUrl":"https:\/\/www.ediren.com\/wp-content\/uploads\/2022\/12\/ediren-Pablo-Gonzalez-ok-1.jpg","datePublished":"2022-12-01T11:35:00+00:00","dateModified":"2025-02-06T11:03:19+00:00","description":"Ediren, Centro de Psicoterapia y Psic\u00f3logos, especialistas en rehabilitaci\u00f3n y en psicolog\u00eda. Pablo Gonz\u00e1lez G\u00f3mez","breadcrumb":{"@id":"https:\/\/www.ediren.com\/eu\/pablo-gonzalez-gomez\/#breadcrumb"},"inLanguage":"eu-ES","potentialAction":[{"@type":"ReadAction","target":["https:\/\/www.ediren.com\/eu\/pablo-gonzalez-gomez\/"]}]},{"@type":"ImageObject","inLanguage":"eu-ES","@id":"https:\/\/www.ediren.com\/eu\/pablo-gonzalez-gomez\/#primaryimage","url":"https:\/\/www.ediren.com\/wp-content\/uploads\/2022\/12\/ediren-Pablo-Gonzalez-ok-1.jpg","contentUrl":"https:\/\/www.ediren.com\/wp-content\/uploads\/2022\/12\/ediren-Pablo-Gonzalez-ok-1.jpg"},{"@type":"BreadcrumbList","@id":"https:\/\/www.ediren.com\/eu\/pablo-gonzalez-gomez\/#breadcrumb","itemListElement":[{"@type":"ListItem","position":1,"name":"Portada","item":"https:\/\/www.ediren.com\/eu\/hasiera\/"},{"@type":"ListItem","position":2,"name":"Pablo Gonz\u00e1lez G\u00f3mez"}]},{"@type":"WebSite","@id":"https:\/\/www.ediren.com\/eu\/#website","url":"https:\/\/www.ediren.com\/eu\/","name":"Ediren","description":"Cooperativa de Salud","potentialAction":[{"@type":"SearchAction","target":{"@type":"EntryPoint","urlTemplate":"https:\/\/www.ediren.com\/eu\/?s={search_term_string}"},"query-input":{"@type":"PropertyValueSpecification","valueRequired":true,"valueName":"search_term_string"}}],"inLanguage":"eu-ES"}]}},"_links":{"self":[{"href":"https:\/\/www.ediren.com\/eu\/wp-json\/wp\/v2\/pages\/14347","targetHints":{"allow":["GET"]}}],"collection":[{"href":"https:\/\/www.ediren.com\/eu\/wp-json\/wp\/v2\/pages"}],"about":[{"href":"https:\/\/www.ediren.com\/eu\/wp-json\/wp\/v2\/types\/page"}],"author":[{"embeddable":true,"href":"https:\/\/www.ediren.com\/eu\/wp-json\/wp\/v2\/users\/3"}],"replies":[{"embeddable":true,"href":"https:\/\/www.ediren.com\/eu\/wp-json\/wp\/v2\/comments?post=14347"}],"version-history":[{"count":25,"href":"https:\/\/www.ediren.com\/eu\/wp-json\/wp\/v2\/pages\/14347\/revisions"}],"predecessor-version":[{"id":21661,"href":"https:\/\/www.ediren.com\/eu\/wp-json\/wp\/v2\/pages\/14347\/revisions\/21661"}],"wp:attachment":[{"href":"https:\/\/www.ediren.com\/eu\/wp-json\/wp\/v2\/media?parent=14347"}],"curies":[{"name":"wp","href":"https:\/\/api.w.org\/{rel}","templated":true}]}}