{"id":18090,"date":"2023-11-22T10:19:50","date_gmt":"2023-11-22T09:19:50","guid":{"rendered":"https:\/\/www.ediren.com\/?page_id=18090"},"modified":"2024-10-15T10:07:48","modified_gmt":"2024-10-15T08:07:48","slug":"irati-lapresa-riezu","status":"publish","type":"page","link":"https:\/\/www.ediren.com\/eu\/irati-lapresa-riezu\/","title":{"rendered":"Irati Lapresa Riezu"},"content":{"rendered":"\t\t<div data-elementor-type=\"wp-post\" data-elementor-id=\"18090\" class=\"elementor elementor-18090 elementor-18089\">\n\t\t\t\t\t\t<section class=\"elementor-section elementor-top-section elementor-element elementor-element-lq0kp3j elementor-section-boxed elementor-section-height-default elementor-section-height-default\" data-id=\"lq0kp3j\" data-element_type=\"section\" data-e-type=\"section\">\n\t\t\t\t\t\t<div class=\"elementor-container elementor-column-gap-default\">\n\t\t\t\t\t<div class=\"elementor-column elementor-col-50 elementor-top-column elementor-element elementor-element-3p88dhm\" data-id=\"3p88dhm\" data-element_type=\"column\" data-e-type=\"column\">\n\t\t\t<div class=\"elementor-widget-wrap elementor-element-populated\">\n\t\t\t\t\t\t<div class=\"elementor-element elementor-element-iyssxda elementor-widget elementor-widget-image\" data-id=\"iyssxda\" data-element_type=\"widget\" data-e-type=\"widget\" data-widget_type=\"image.default\">\n\t\t\t\t<div class=\"elementor-widget-container\">\n\t\t\t\t\t\t\t\t\t\t\t\t\t\t\t<img fetchpriority=\"high\" decoding=\"async\" width=\"401\" height=\"601\" src=\"https:\/\/www.ediren.com\/wp-content\/uploads\/2023\/11\/Ediren-Irati-Lapresa-1.jpg\" class=\"attachment-large size-large wp-image-18085\" alt=\"Administrativo en equipo Ediren\" srcset=\"https:\/\/www.ediren.com\/wp-content\/uploads\/2023\/11\/Ediren-Irati-Lapresa-1.jpg 401w, https:\/\/www.ediren.com\/wp-content\/uploads\/2023\/11\/Ediren-Irati-Lapresa-1-200x300.jpg 200w\" sizes=\"(max-width: 401px) 100vw, 401px\" \/>\t\t\t\t\t\t\t\t\t\t\t\t\t\t\t<\/div>\n\t\t\t\t<\/div>\n\t\t\t\t\t<\/div>\n\t\t<\/div>\n\t\t\t\t<div class=\"elementor-column elementor-col-50 elementor-top-column elementor-element elementor-element-zmic33g\" data-id=\"zmic33g\" data-element_type=\"column\" data-e-type=\"column\">\n\t\t\t<div class=\"elementor-widget-wrap elementor-element-populated\">\n\t\t\t\t\t\t<div class=\"elementor-element elementor-element-0h72bub fancybox-iframe elementor-widget elementor-widget-text-editor\" data-id=\"0h72bub\" data-element_type=\"widget\" data-e-type=\"widget\" data-widget_type=\"text-editor.default\">\n\t\t\t\t<div class=\"elementor-widget-container\">\n\t\t\t\t\t\t\t\t\t<h1><strong>Psikopedagogoa<\/strong><\/h1><p>Psikologiako unibertsitate-gradua egin nuen EHUn. Amaieran, bi urte eman nituen psikopedagogo-lanetan, laguntza akademiko eta psikopedagogikoko kabinete batean.<\/p><div class=\"row\"><div class=\"col-md-12 col-xs-12\">Geroago, Hezkuntza Premia Berezien eta Arreta Goiztiarraren master ofiziala egin nuen, VIUn (Valentziako Nazioarteko Unibertsitatea), arlo horretan prestatzen amaitzeko.<\/div><div>\u00a0<\/div><div class=\"col-md-12 col-xs-12\"><strong> 2023ko irailaz geroztik, Hazgarri, S.Coop. Une honetan, haurrekin egiten dut lan kooperatibako arlo psikopedagogikoan.<\/strong><\/div><\/div><div class=\"row\"><div class=\"col-md-12 col-xs-12\">.<\/div><\/div>\t\t\t\t\t\t\t\t<\/div>\n\t\t\t\t<\/div>\n\t\t\t\t\t<\/div>\n\t\t<\/div>\n\t\t\t\t\t<\/div>\n\t\t<\/section>\n\t\t\t\t<\/div>\n\t\t","protected":false},"excerpt":{"rendered":"<p>Psikopedagogoa Psikologiako unibertsitate-gradua egin nuen EHUn. Amaieran, bi urte eman nituen psikopedagogo-lanetan, laguntza akademiko eta psikopedagogikoko kabinete batean. Geroago, Hezkuntza Premia Berezien eta Arreta Goiztiarraren master ofiziala egin nuen, VIUn (Valentziako Nazioarteko Unibertsitatea), arlo horretan prestatzen amaitzeko.\u00a0 2023ko irailaz geroztik, Hazgarri, S.Coop. Une honetan, haurrekin egiten dut lan kooperatibako arlo psikopedagogikoan..<\/p>\n","protected":false},"author":3,"featured_media":0,"parent":0,"menu_order":0,"comment_status":"closed","ping_status":"closed","template":"page_landing.php","meta":{"_genesis_hide_title":false,"_genesis_hide_breadcrumbs":false,"_genesis_hide_singular_image":false,"_genesis_hide_footer_widgets":false,"_genesis_custom_body_class":"","_genesis_custom_post_class":"","_genesis_layout":"","footnotes":""},"class_list":{"0":"post-18090","1":"page","2":"type-page","3":"status-publish","5":"entry"},"yoast_head":"<!-- This site is optimized with the Yoast SEO plugin v27.4 - https:\/\/yoast.com\/product\/yoast-seo-wordpress\/ -->\n<title>Irati Lapresa Riezu - Centro de Psicoterapia y Fisioterapia<\/title>\n<meta name=\"description\" content=\"Ediren, Centro de Psicoterapia y Psic\u00f3logos, especialistas en rehabilitaci\u00f3n y en psicolog\u00eda. Irati Lapresa Riezu\" \/>\n<meta name=\"robots\" content=\"index, follow, max-snippet:-1, max-image-preview:large, max-video-preview:-1\" \/>\n<link rel=\"canonical\" href=\"https:\/\/www.ediren.com\/eu\/irati-lapresa-riezu\/\" \/>\n<meta property=\"og:locale\" content=\"eu_ES\" \/>\n<meta property=\"og:type\" content=\"article\" \/>\n<meta property=\"og:title\" content=\"Irati Lapresa Riezu - Centro de Psicoterapia y Fisioterapia\" \/>\n<meta property=\"og:description\" content=\"Ediren, Centro de Psicoterapia y Psic\u00f3logos, especialistas en rehabilitaci\u00f3n y en psicolog\u00eda. Irati Lapresa Riezu\" \/>\n<meta property=\"og:url\" content=\"https:\/\/www.ediren.com\/eu\/irati-lapresa-riezu\/\" \/>\n<meta property=\"og:site_name\" content=\"Ediren\" \/>\n<meta property=\"article:publisher\" content=\"https:\/\/www.facebook.com\/pages\/Ediren-SALUD\/298201266858043\" \/>\n<meta property=\"article:modified_time\" content=\"2024-10-15T08:07:48+00:00\" \/>\n<meta property=\"og:image\" content=\"https:\/\/www.ediren.com\/wp-content\/uploads\/2023\/11\/Ediren-Irati-Lapresa-1.jpg\" \/>\n<meta name=\"twitter:card\" content=\"summary_large_image\" \/>\n<meta name=\"twitter:site\" content=\"@edirensalud\" \/>\n<meta name=\"twitter:label1\" content=\"Est. reading time\" \/>\n\t<meta name=\"twitter:data1\" content=\"1 minute\" \/>\n<script type=\"application\/ld+json\" class=\"yoast-schema-graph\">{\"@context\":\"https:\\\/\\\/schema.org\",\"@graph\":[{\"@type\":\"WebPage\",\"@id\":\"https:\\\/\\\/www.ediren.com\\\/eu\\\/irati-lapresa-riezu\\\/\",\"url\":\"https:\\\/\\\/www.ediren.com\\\/eu\\\/irati-lapresa-riezu\\\/\",\"name\":\"Irati Lapresa Riezu - Centro de Psicoterapia y Fisioterapia\",\"isPartOf\":{\"@id\":\"https:\\\/\\\/www.ediren.com\\\/eu\\\/#website\"},\"primaryImageOfPage\":{\"@id\":\"https:\\\/\\\/www.ediren.com\\\/eu\\\/irati-lapresa-riezu\\\/#primaryimage\"},\"image\":{\"@id\":\"https:\\\/\\\/www.ediren.com\\\/eu\\\/irati-lapresa-riezu\\\/#primaryimage\"},\"thumbnailUrl\":\"https:\\\/\\\/www.ediren.com\\\/wp-content\\\/uploads\\\/2023\\\/11\\\/Ediren-Irati-Lapresa-1.jpg\",\"datePublished\":\"2023-11-22T09:19:50+00:00\",\"dateModified\":\"2024-10-15T08:07:48+00:00\",\"description\":\"Ediren, Centro de Psicoterapia y Psic\u00f3logos, especialistas en rehabilitaci\u00f3n y en psicolog\u00eda. Irati Lapresa Riezu\",\"breadcrumb\":{\"@id\":\"https:\\\/\\\/www.ediren.com\\\/eu\\\/irati-lapresa-riezu\\\/#breadcrumb\"},\"inLanguage\":\"eu-ES\",\"potentialAction\":[{\"@type\":\"ReadAction\",\"target\":[\"https:\\\/\\\/www.ediren.com\\\/eu\\\/irati-lapresa-riezu\\\/\"]}]},{\"@type\":\"ImageObject\",\"inLanguage\":\"eu-ES\",\"@id\":\"https:\\\/\\\/www.ediren.com\\\/eu\\\/irati-lapresa-riezu\\\/#primaryimage\",\"url\":\"https:\\\/\\\/www.ediren.com\\\/wp-content\\\/uploads\\\/2023\\\/11\\\/Ediren-Irati-Lapresa-1.jpg\",\"contentUrl\":\"https:\\\/\\\/www.ediren.com\\\/wp-content\\\/uploads\\\/2023\\\/11\\\/Ediren-Irati-Lapresa-1.jpg\"},{\"@type\":\"BreadcrumbList\",\"@id\":\"https:\\\/\\\/www.ediren.com\\\/eu\\\/irati-lapresa-riezu\\\/#breadcrumb\",\"itemListElement\":[{\"@type\":\"ListItem\",\"position\":1,\"name\":\"Portada\",\"item\":\"https:\\\/\\\/www.ediren.com\\\/eu\\\/hasiera\\\/\"},{\"@type\":\"ListItem\",\"position\":2,\"name\":\"Irati Lapresa Riezu\"}]},{\"@type\":\"WebSite\",\"@id\":\"https:\\\/\\\/www.ediren.com\\\/eu\\\/#website\",\"url\":\"https:\\\/\\\/www.ediren.com\\\/eu\\\/\",\"name\":\"Ediren\",\"description\":\"Cooperativa de Salud\",\"potentialAction\":[{\"@type\":\"SearchAction\",\"target\":{\"@type\":\"EntryPoint\",\"urlTemplate\":\"https:\\\/\\\/www.ediren.com\\\/eu\\\/?s={search_term_string}\"},\"query-input\":{\"@type\":\"PropertyValueSpecification\",\"valueRequired\":true,\"valueName\":\"search_term_string\"}}],\"inLanguage\":\"eu-ES\"}]}<\/script>\n<!-- \/ Yoast SEO plugin. -->","yoast_head_json":{"title":"Irati Lapresa Riezu - Centro de Psicoterapia y Fisioterapia","description":"Ediren, Centro de Psicoterapia y Psic\u00f3logos, especialistas en rehabilitaci\u00f3n y en psicolog\u00eda. Irati Lapresa Riezu","robots":{"index":"index","follow":"follow","max-snippet":"max-snippet:-1","max-image-preview":"max-image-preview:large","max-video-preview":"max-video-preview:-1"},"canonical":"https:\/\/www.ediren.com\/eu\/irati-lapresa-riezu\/","og_locale":"eu_ES","og_type":"article","og_title":"Irati Lapresa Riezu - Centro de Psicoterapia y Fisioterapia","og_description":"Ediren, Centro de Psicoterapia y Psic\u00f3logos, especialistas en rehabilitaci\u00f3n y en psicolog\u00eda. Irati Lapresa Riezu","og_url":"https:\/\/www.ediren.com\/eu\/irati-lapresa-riezu\/","og_site_name":"Ediren","article_publisher":"https:\/\/www.facebook.com\/pages\/Ediren-SALUD\/298201266858043","article_modified_time":"2024-10-15T08:07:48+00:00","og_image":[{"url":"https:\/\/www.ediren.com\/wp-content\/uploads\/2023\/11\/Ediren-Irati-Lapresa-1.jpg","type":"","width":"","height":""}],"twitter_card":"summary_large_image","twitter_site":"@edirensalud","twitter_misc":{"Est. reading time":"1 minute"},"schema":{"@context":"https:\/\/schema.org","@graph":[{"@type":"WebPage","@id":"https:\/\/www.ediren.com\/eu\/irati-lapresa-riezu\/","url":"https:\/\/www.ediren.com\/eu\/irati-lapresa-riezu\/","name":"Irati Lapresa Riezu - Centro de Psicoterapia y Fisioterapia","isPartOf":{"@id":"https:\/\/www.ediren.com\/eu\/#website"},"primaryImageOfPage":{"@id":"https:\/\/www.ediren.com\/eu\/irati-lapresa-riezu\/#primaryimage"},"image":{"@id":"https:\/\/www.ediren.com\/eu\/irati-lapresa-riezu\/#primaryimage"},"thumbnailUrl":"https:\/\/www.ediren.com\/wp-content\/uploads\/2023\/11\/Ediren-Irati-Lapresa-1.jpg","datePublished":"2023-11-22T09:19:50+00:00","dateModified":"2024-10-15T08:07:48+00:00","description":"Ediren, Centro de Psicoterapia y Psic\u00f3logos, especialistas en rehabilitaci\u00f3n y en psicolog\u00eda. Irati Lapresa Riezu","breadcrumb":{"@id":"https:\/\/www.ediren.com\/eu\/irati-lapresa-riezu\/#breadcrumb"},"inLanguage":"eu-ES","potentialAction":[{"@type":"ReadAction","target":["https:\/\/www.ediren.com\/eu\/irati-lapresa-riezu\/"]}]},{"@type":"ImageObject","inLanguage":"eu-ES","@id":"https:\/\/www.ediren.com\/eu\/irati-lapresa-riezu\/#primaryimage","url":"https:\/\/www.ediren.com\/wp-content\/uploads\/2023\/11\/Ediren-Irati-Lapresa-1.jpg","contentUrl":"https:\/\/www.ediren.com\/wp-content\/uploads\/2023\/11\/Ediren-Irati-Lapresa-1.jpg"},{"@type":"BreadcrumbList","@id":"https:\/\/www.ediren.com\/eu\/irati-lapresa-riezu\/#breadcrumb","itemListElement":[{"@type":"ListItem","position":1,"name":"Portada","item":"https:\/\/www.ediren.com\/eu\/hasiera\/"},{"@type":"ListItem","position":2,"name":"Irati Lapresa Riezu"}]},{"@type":"WebSite","@id":"https:\/\/www.ediren.com\/eu\/#website","url":"https:\/\/www.ediren.com\/eu\/","name":"Ediren","description":"Cooperativa de Salud","potentialAction":[{"@type":"SearchAction","target":{"@type":"EntryPoint","urlTemplate":"https:\/\/www.ediren.com\/eu\/?s={search_term_string}"},"query-input":{"@type":"PropertyValueSpecification","valueRequired":true,"valueName":"search_term_string"}}],"inLanguage":"eu-ES"}]}},"_links":{"self":[{"href":"https:\/\/www.ediren.com\/eu\/wp-json\/wp\/v2\/pages\/18090","targetHints":{"allow":["GET"]}}],"collection":[{"href":"https:\/\/www.ediren.com\/eu\/wp-json\/wp\/v2\/pages"}],"about":[{"href":"https:\/\/www.ediren.com\/eu\/wp-json\/wp\/v2\/types\/page"}],"author":[{"embeddable":true,"href":"https:\/\/www.ediren.com\/eu\/wp-json\/wp\/v2\/users\/3"}],"replies":[{"embeddable":true,"href":"https:\/\/www.ediren.com\/eu\/wp-json\/wp\/v2\/comments?post=18090"}],"version-history":[{"count":23,"href":"https:\/\/www.ediren.com\/eu\/wp-json\/wp\/v2\/pages\/18090\/revisions"}],"predecessor-version":[{"id":20616,"href":"https:\/\/www.ediren.com\/eu\/wp-json\/wp\/v2\/pages\/18090\/revisions\/20616"}],"wp:attachment":[{"href":"https:\/\/www.ediren.com\/eu\/wp-json\/wp\/v2\/media?parent=18090"}],"curies":[{"name":"wp","href":"https:\/\/api.w.org\/{rel}","templated":true}]}}