{"id":21735,"date":"2025-03-03T13:24:04","date_gmt":"2025-03-03T12:24:04","guid":{"rendered":"https:\/\/www.ediren.com\/?page_id=21735"},"modified":"2025-03-03T13:53:10","modified_gmt":"2025-03-03T12:53:10","slug":"saioa-diaz-armendariz","status":"publish","type":"page","link":"https:\/\/www.ediren.com\/eu\/saioa-diaz-armendariz\/","title":{"rendered":"Saioa D\u00edaz Armend\u00e1riz"},"content":{"rendered":"\t\t<div data-elementor-type=\"wp-post\" data-elementor-id=\"21735\" class=\"elementor elementor-21735 elementor-21734\">\n\t\t\t\t\t\t<section class=\"elementor-section elementor-top-section elementor-element elementor-element-lq0kp3j elementor-section-boxed elementor-section-height-default elementor-section-height-default\" data-id=\"lq0kp3j\" data-element_type=\"section\" data-e-type=\"section\">\n\t\t\t\t\t\t<div class=\"elementor-container elementor-column-gap-default\">\n\t\t\t\t\t<div class=\"elementor-column elementor-col-50 elementor-top-column elementor-element elementor-element-3p88dhm\" data-id=\"3p88dhm\" data-element_type=\"column\" data-e-type=\"column\">\n\t\t\t<div class=\"elementor-widget-wrap elementor-element-populated\">\n\t\t\t\t\t\t<div class=\"elementor-element elementor-element-iyssxda elementor-widget elementor-widget-image\" data-id=\"iyssxda\" data-element_type=\"widget\" data-e-type=\"widget\" data-widget_type=\"image.default\">\n\t\t\t\t<div class=\"elementor-widget-container\">\n\t\t\t\t\t\t\t\t\t\t\t\t\t\t\t<img fetchpriority=\"high\" decoding=\"async\" width=\"401\" height=\"601\" src=\"https:\/\/www.ediren.com\/wp-content\/uploads\/2025\/03\/Ediren-Saioa-Diaz.jpg\" class=\"attachment-large size-large wp-image-21727\" alt=\"Saioa D\u00edaz nueva persona en el equipo ediren\" srcset=\"https:\/\/www.ediren.com\/wp-content\/uploads\/2025\/03\/Ediren-Saioa-Diaz.jpg 401w, https:\/\/www.ediren.com\/wp-content\/uploads\/2025\/03\/Ediren-Saioa-Diaz-200x300.jpg 200w\" sizes=\"(max-width: 401px) 100vw, 401px\" \/>\t\t\t\t\t\t\t\t\t\t\t\t\t\t\t<\/div>\n\t\t\t\t<\/div>\n\t\t\t\t\t<\/div>\n\t\t<\/div>\n\t\t\t\t<div class=\"elementor-column elementor-col-50 elementor-top-column elementor-element elementor-element-zmic33g\" data-id=\"zmic33g\" data-element_type=\"column\" data-e-type=\"column\">\n\t\t\t<div class=\"elementor-widget-wrap elementor-element-populated\">\n\t\t\t\t\t\t<div class=\"elementor-element elementor-element-0h72bub fancybox-iframe elementor-widget elementor-widget-text-editor\" data-id=\"0h72bub\" data-element_type=\"widget\" data-e-type=\"widget\" data-widget_type=\"text-editor.default\">\n\t\t\t\t<div class=\"elementor-widget-container\">\n\t\t\t\t\t\t\t\t\t<p><strong>Administrazioa<\/strong><\/p><p>2001ko Irailaean amaitu nituen nire ikasketak Goi Mailako Administrazio eta Finantzen kudeaketak. E.T.E.On (O\u00f1ati) orain Mondrag\u00f3n Unibertzitatea dena.<\/p><p>Ikasketak amaitu nituenean ALECOP S. Coop. aritu nitzen lanean zuzeneko eta zeharkako lanetan, 10 urtez.<\/p><p><strong>Gaur egun jantoki batean begirale bezala nabil eta 2024ko irailetik, lanandi partzialeko idazkaritzan nago HAZGARRI S. Coop.<\/strong><\/p>\t\t\t\t\t\t\t\t<\/div>\n\t\t\t\t<\/div>\n\t\t\t\t\t<\/div>\n\t\t<\/div>\n\t\t\t\t\t<\/div>\n\t\t<\/section>\n\t\t\t\t<\/div>\n\t\t","protected":false},"excerpt":{"rendered":"<p>Administrazioa 2001ko Irailaean amaitu nituen nire ikasketak Goi Mailako Administrazio eta Finantzen kudeaketak. E.T.E.On (O\u00f1ati) orain Mondrag\u00f3n Unibertzitatea dena. Ikasketak amaitu nituenean ALECOP S. Coop. aritu nitzen lanean zuzeneko eta zeharkako lanetan, 10 urtez. Gaur egun jantoki batean begirale bezala nabil eta 2024ko irailetik, lanandi partzialeko idazkaritzan nago HAZGARRI S. Coop.<\/p>\n","protected":false},"author":3,"featured_media":0,"parent":0,"menu_order":0,"comment_status":"closed","ping_status":"closed","template":"page_landing.php","meta":{"_genesis_hide_title":false,"_genesis_hide_breadcrumbs":false,"_genesis_hide_singular_image":false,"_genesis_hide_footer_widgets":false,"_genesis_custom_body_class":"","_genesis_custom_post_class":"","_genesis_layout":"","footnotes":""},"class_list":{"0":"post-21735","1":"page","2":"type-page","3":"status-publish","5":"entry"},"yoast_head":"<!-- This site is optimized with the Yoast SEO plugin v27.4 - https:\/\/yoast.com\/product\/yoast-seo-wordpress\/ -->\n<title>Saioa D\u00edaz Armend\u00e1riz - Centro de Psicoterapia y Fisioterapia<\/title>\n<meta name=\"description\" content=\"Ediren, Centro de Psicoterapia y Psic\u00f3logos, especialistas en rehabilitaci\u00f3n y en psicolog\u00eda. Saioa D\u00edaz Armend\u00e1riz\" \/>\n<meta name=\"robots\" content=\"index, follow, max-snippet:-1, max-image-preview:large, max-video-preview:-1\" \/>\n<link rel=\"canonical\" href=\"https:\/\/www.ediren.com\/eu\/saioa-diaz-armendariz\/\" \/>\n<meta property=\"og:locale\" content=\"eu_ES\" \/>\n<meta property=\"og:type\" content=\"article\" \/>\n<meta property=\"og:title\" content=\"Saioa D\u00edaz Armend\u00e1riz - Centro de Psicoterapia y Fisioterapia\" \/>\n<meta property=\"og:description\" content=\"Ediren, Centro de Psicoterapia y Psic\u00f3logos, especialistas en rehabilitaci\u00f3n y en psicolog\u00eda. Saioa D\u00edaz Armend\u00e1riz\" \/>\n<meta property=\"og:url\" content=\"https:\/\/www.ediren.com\/eu\/saioa-diaz-armendariz\/\" \/>\n<meta property=\"og:site_name\" content=\"Ediren\" \/>\n<meta property=\"article:publisher\" content=\"https:\/\/www.facebook.com\/pages\/Ediren-SALUD\/298201266858043\" \/>\n<meta property=\"article:modified_time\" content=\"2025-03-03T12:53:10+00:00\" \/>\n<meta property=\"og:image\" content=\"https:\/\/www.ediren.com\/wp-content\/uploads\/2025\/03\/Ediren-Saioa-Diaz.jpg\" \/>\n\t<meta property=\"og:image:width\" content=\"401\" \/>\n\t<meta property=\"og:image:height\" content=\"601\" \/>\n\t<meta property=\"og:image:type\" content=\"image\/jpeg\" \/>\n<meta name=\"twitter:card\" content=\"summary_large_image\" \/>\n<meta name=\"twitter:site\" content=\"@edirensalud\" \/>\n<meta name=\"twitter:label1\" content=\"Est. reading time\" \/>\n\t<meta name=\"twitter:data1\" content=\"1 minute\" \/>\n<script type=\"application\/ld+json\" class=\"yoast-schema-graph\">{\"@context\":\"https:\\\/\\\/schema.org\",\"@graph\":[{\"@type\":\"WebPage\",\"@id\":\"https:\\\/\\\/www.ediren.com\\\/eu\\\/saioa-diaz-armendariz\\\/\",\"url\":\"https:\\\/\\\/www.ediren.com\\\/eu\\\/saioa-diaz-armendariz\\\/\",\"name\":\"Saioa D\u00edaz Armend\u00e1riz - Centro de Psicoterapia y Fisioterapia\",\"isPartOf\":{\"@id\":\"https:\\\/\\\/www.ediren.com\\\/eu\\\/#website\"},\"primaryImageOfPage\":{\"@id\":\"https:\\\/\\\/www.ediren.com\\\/eu\\\/saioa-diaz-armendariz\\\/#primaryimage\"},\"image\":{\"@id\":\"https:\\\/\\\/www.ediren.com\\\/eu\\\/saioa-diaz-armendariz\\\/#primaryimage\"},\"thumbnailUrl\":\"https:\\\/\\\/www.ediren.com\\\/wp-content\\\/uploads\\\/2025\\\/03\\\/Ediren-Saioa-Diaz.jpg\",\"datePublished\":\"2025-03-03T12:24:04+00:00\",\"dateModified\":\"2025-03-03T12:53:10+00:00\",\"description\":\"Ediren, Centro de Psicoterapia y Psic\u00f3logos, especialistas en rehabilitaci\u00f3n y en psicolog\u00eda. Saioa D\u00edaz Armend\u00e1riz\",\"breadcrumb\":{\"@id\":\"https:\\\/\\\/www.ediren.com\\\/eu\\\/saioa-diaz-armendariz\\\/#breadcrumb\"},\"inLanguage\":\"eu-ES\",\"potentialAction\":[{\"@type\":\"ReadAction\",\"target\":[\"https:\\\/\\\/www.ediren.com\\\/eu\\\/saioa-diaz-armendariz\\\/\"]}]},{\"@type\":\"ImageObject\",\"inLanguage\":\"eu-ES\",\"@id\":\"https:\\\/\\\/www.ediren.com\\\/eu\\\/saioa-diaz-armendariz\\\/#primaryimage\",\"url\":\"https:\\\/\\\/www.ediren.com\\\/wp-content\\\/uploads\\\/2025\\\/03\\\/Ediren-Saioa-Diaz.jpg\",\"contentUrl\":\"https:\\\/\\\/www.ediren.com\\\/wp-content\\\/uploads\\\/2025\\\/03\\\/Ediren-Saioa-Diaz.jpg\"},{\"@type\":\"BreadcrumbList\",\"@id\":\"https:\\\/\\\/www.ediren.com\\\/eu\\\/saioa-diaz-armendariz\\\/#breadcrumb\",\"itemListElement\":[{\"@type\":\"ListItem\",\"position\":1,\"name\":\"Portada\",\"item\":\"https:\\\/\\\/www.ediren.com\\\/eu\\\/hasiera\\\/\"},{\"@type\":\"ListItem\",\"position\":2,\"name\":\"Saioa D\u00edaz Armend\u00e1riz\"}]},{\"@type\":\"WebSite\",\"@id\":\"https:\\\/\\\/www.ediren.com\\\/eu\\\/#website\",\"url\":\"https:\\\/\\\/www.ediren.com\\\/eu\\\/\",\"name\":\"Ediren\",\"description\":\"Cooperativa de Salud\",\"potentialAction\":[{\"@type\":\"SearchAction\",\"target\":{\"@type\":\"EntryPoint\",\"urlTemplate\":\"https:\\\/\\\/www.ediren.com\\\/eu\\\/?s={search_term_string}\"},\"query-input\":{\"@type\":\"PropertyValueSpecification\",\"valueRequired\":true,\"valueName\":\"search_term_string\"}}],\"inLanguage\":\"eu-ES\"}]}<\/script>\n<!-- \/ Yoast SEO plugin. -->","yoast_head_json":{"title":"Saioa D\u00edaz Armend\u00e1riz - Centro de Psicoterapia y Fisioterapia","description":"Ediren, Centro de Psicoterapia y Psic\u00f3logos, especialistas en rehabilitaci\u00f3n y en psicolog\u00eda. Saioa D\u00edaz Armend\u00e1riz","robots":{"index":"index","follow":"follow","max-snippet":"max-snippet:-1","max-image-preview":"max-image-preview:large","max-video-preview":"max-video-preview:-1"},"canonical":"https:\/\/www.ediren.com\/eu\/saioa-diaz-armendariz\/","og_locale":"eu_ES","og_type":"article","og_title":"Saioa D\u00edaz Armend\u00e1riz - Centro de Psicoterapia y Fisioterapia","og_description":"Ediren, Centro de Psicoterapia y Psic\u00f3logos, especialistas en rehabilitaci\u00f3n y en psicolog\u00eda. Saioa D\u00edaz Armend\u00e1riz","og_url":"https:\/\/www.ediren.com\/eu\/saioa-diaz-armendariz\/","og_site_name":"Ediren","article_publisher":"https:\/\/www.facebook.com\/pages\/Ediren-SALUD\/298201266858043","article_modified_time":"2025-03-03T12:53:10+00:00","og_image":[{"width":401,"height":601,"url":"https:\/\/www.ediren.com\/wp-content\/uploads\/2025\/03\/Ediren-Saioa-Diaz.jpg","type":"image\/jpeg"}],"twitter_card":"summary_large_image","twitter_site":"@edirensalud","twitter_misc":{"Est. reading time":"1 minute"},"schema":{"@context":"https:\/\/schema.org","@graph":[{"@type":"WebPage","@id":"https:\/\/www.ediren.com\/eu\/saioa-diaz-armendariz\/","url":"https:\/\/www.ediren.com\/eu\/saioa-diaz-armendariz\/","name":"Saioa D\u00edaz Armend\u00e1riz - Centro de Psicoterapia y Fisioterapia","isPartOf":{"@id":"https:\/\/www.ediren.com\/eu\/#website"},"primaryImageOfPage":{"@id":"https:\/\/www.ediren.com\/eu\/saioa-diaz-armendariz\/#primaryimage"},"image":{"@id":"https:\/\/www.ediren.com\/eu\/saioa-diaz-armendariz\/#primaryimage"},"thumbnailUrl":"https:\/\/www.ediren.com\/wp-content\/uploads\/2025\/03\/Ediren-Saioa-Diaz.jpg","datePublished":"2025-03-03T12:24:04+00:00","dateModified":"2025-03-03T12:53:10+00:00","description":"Ediren, Centro de Psicoterapia y Psic\u00f3logos, especialistas en rehabilitaci\u00f3n y en psicolog\u00eda. Saioa D\u00edaz Armend\u00e1riz","breadcrumb":{"@id":"https:\/\/www.ediren.com\/eu\/saioa-diaz-armendariz\/#breadcrumb"},"inLanguage":"eu-ES","potentialAction":[{"@type":"ReadAction","target":["https:\/\/www.ediren.com\/eu\/saioa-diaz-armendariz\/"]}]},{"@type":"ImageObject","inLanguage":"eu-ES","@id":"https:\/\/www.ediren.com\/eu\/saioa-diaz-armendariz\/#primaryimage","url":"https:\/\/www.ediren.com\/wp-content\/uploads\/2025\/03\/Ediren-Saioa-Diaz.jpg","contentUrl":"https:\/\/www.ediren.com\/wp-content\/uploads\/2025\/03\/Ediren-Saioa-Diaz.jpg"},{"@type":"BreadcrumbList","@id":"https:\/\/www.ediren.com\/eu\/saioa-diaz-armendariz\/#breadcrumb","itemListElement":[{"@type":"ListItem","position":1,"name":"Portada","item":"https:\/\/www.ediren.com\/eu\/hasiera\/"},{"@type":"ListItem","position":2,"name":"Saioa D\u00edaz Armend\u00e1riz"}]},{"@type":"WebSite","@id":"https:\/\/www.ediren.com\/eu\/#website","url":"https:\/\/www.ediren.com\/eu\/","name":"Ediren","description":"Cooperativa de Salud","potentialAction":[{"@type":"SearchAction","target":{"@type":"EntryPoint","urlTemplate":"https:\/\/www.ediren.com\/eu\/?s={search_term_string}"},"query-input":{"@type":"PropertyValueSpecification","valueRequired":true,"valueName":"search_term_string"}}],"inLanguage":"eu-ES"}]}},"_links":{"self":[{"href":"https:\/\/www.ediren.com\/eu\/wp-json\/wp\/v2\/pages\/21735","targetHints":{"allow":["GET"]}}],"collection":[{"href":"https:\/\/www.ediren.com\/eu\/wp-json\/wp\/v2\/pages"}],"about":[{"href":"https:\/\/www.ediren.com\/eu\/wp-json\/wp\/v2\/types\/page"}],"author":[{"embeddable":true,"href":"https:\/\/www.ediren.com\/eu\/wp-json\/wp\/v2\/users\/3"}],"replies":[{"embeddable":true,"href":"https:\/\/www.ediren.com\/eu\/wp-json\/wp\/v2\/comments?post=21735"}],"version-history":[{"count":11,"href":"https:\/\/www.ediren.com\/eu\/wp-json\/wp\/v2\/pages\/21735\/revisions"}],"predecessor-version":[{"id":21775,"href":"https:\/\/www.ediren.com\/eu\/wp-json\/wp\/v2\/pages\/21735\/revisions\/21775"}],"wp:attachment":[{"href":"https:\/\/www.ediren.com\/eu\/wp-json\/wp\/v2\/media?parent=21735"}],"curies":[{"name":"wp","href":"https:\/\/api.w.org\/{rel}","templated":true}]}}