{"id":22224,"date":"2025-03-27T14:22:24","date_gmt":"2025-03-27T13:22:24","guid":{"rendered":"https:\/\/www.ediren.com\/?page_id=22224"},"modified":"2025-10-24T13:56:40","modified_gmt":"2025-10-24T11:56:40","slug":"xabier-molina-emborujo","status":"publish","type":"page","link":"https:\/\/www.ediren.com\/eu\/xabier-molina-emborujo\/","title":{"rendered":"Xabier Molina Emborujo"},"content":{"rendered":"\t\t<div data-elementor-type=\"wp-post\" data-elementor-id=\"22224\" class=\"elementor elementor-22224\">\n\t\t\t\t\t\t<section class=\"elementor-section elementor-top-section elementor-element elementor-element-50c51df elementor-section-boxed elementor-section-height-default elementor-section-height-default\" data-id=\"50c51df\" data-element_type=\"section\" data-e-type=\"section\">\n\t\t\t\t\t\t<div class=\"elementor-container elementor-column-gap-default\">\n\t\t\t\t\t<div class=\"elementor-column elementor-col-100 elementor-top-column elementor-element elementor-element-2a230b3\" data-id=\"2a230b3\" data-element_type=\"column\" data-e-type=\"column\">\n\t\t\t<div class=\"elementor-widget-wrap elementor-element-populated\">\n\t\t\t\t\t\t<div class=\"elementor-element elementor-element-7008e41 elementor-widget elementor-widget-heading\" data-id=\"7008e41\" data-element_type=\"widget\" data-e-type=\"widget\" data-widget_type=\"heading.default\">\n\t\t\t\t<div class=\"elementor-widget-container\">\n\t\t\t\t\t<h1 class=\"elementor-heading-title elementor-size-default\">Xabier Molina Emborujo<\/h1>\t\t\t\t<\/div>\n\t\t\t\t<\/div>\n\t\t\t\t\t<\/div>\n\t\t<\/div>\n\t\t\t\t\t<\/div>\n\t\t<\/section>\n\t\t\t\t<section class=\"elementor-section elementor-top-section elementor-element elementor-element-bb538b4 elementor-section-boxed elementor-section-height-default elementor-section-height-default\" data-id=\"bb538b4\" data-element_type=\"section\" data-e-type=\"section\">\n\t\t\t\t\t\t<div class=\"elementor-container elementor-column-gap-default\">\n\t\t\t\t\t<div class=\"elementor-column elementor-col-100 elementor-top-column elementor-element elementor-element-af8e0dc\" data-id=\"af8e0dc\" data-element_type=\"column\" data-e-type=\"column\">\n\t\t\t<div class=\"elementor-widget-wrap elementor-element-populated\">\n\t\t\t\t\t\t<section class=\"elementor-section elementor-inner-section elementor-element elementor-element-6bb98b1 elementor-section-boxed elementor-section-height-default elementor-section-height-default\" data-id=\"6bb98b1\" data-element_type=\"section\" data-e-type=\"section\">\n\t\t\t\t\t\t<div class=\"elementor-container elementor-column-gap-default\">\n\t\t\t\t\t<div class=\"elementor-column elementor-col-50 elementor-inner-column elementor-element elementor-element-99f6adc\" data-id=\"99f6adc\" data-element_type=\"column\" data-e-type=\"column\">\n\t\t\t<div class=\"elementor-widget-wrap elementor-element-populated\">\n\t\t\t\t\t\t<div class=\"elementor-element elementor-element-e498aa7 elementor-widget elementor-widget-image\" data-id=\"e498aa7\" data-element_type=\"widget\" data-e-type=\"widget\" data-widget_type=\"image.default\">\n\t\t\t\t<div class=\"elementor-widget-container\">\n\t\t\t\t\t\t\t\t\t\t\t\t\t\t\t<img fetchpriority=\"high\" decoding=\"async\" width=\"401\" height=\"601\" src=\"https:\/\/www.ediren.com\/wp-content\/uploads\/2025\/03\/Xabi-Molina-Ediren.jpg\" class=\"attachment-large size-large wp-image-22203\" alt=\"Nuevo psic\u00f3logo equipo Ediren\" srcset=\"https:\/\/www.ediren.com\/wp-content\/uploads\/2025\/03\/Xabi-Molina-Ediren.jpg 401w, https:\/\/www.ediren.com\/wp-content\/uploads\/2025\/03\/Xabi-Molina-Ediren-200x300.jpg 200w\" sizes=\"(max-width: 401px) 100vw, 401px\" \/>\t\t\t\t\t\t\t\t\t\t\t\t\t\t\t<\/div>\n\t\t\t\t<\/div>\n\t\t\t\t\t<\/div>\n\t\t<\/div>\n\t\t\t\t<div class=\"elementor-column elementor-col-50 elementor-inner-column elementor-element elementor-element-3d7e0fe\" data-id=\"3d7e0fe\" data-element_type=\"column\" data-e-type=\"column\">\n\t\t\t<div class=\"elementor-widget-wrap elementor-element-populated\">\n\t\t\t\t\t\t<div class=\"elementor-element elementor-element-26c214b elementor-widget elementor-widget-text-editor\" data-id=\"26c214b\" data-element_type=\"widget\" data-e-type=\"widget\" data-widget_type=\"text-editor.default\">\n\t\t\t\t<div class=\"elementor-widget-container\">\n\t\t\t\t\t\t\t\t\t<h1><strong>Psikologoa<\/strong><\/h1><p>Psikologian graduatu nintzen 2021ean Deustuko Unibertsitatean, eta ondoren Psikologia Sanitario Orokorreko Masterra eta Gerontologiako Masterra osatu nituen. Nire prestakuntza hasi zenetik, bereziki interesatuta egon naiz lanean hainbat populazio-talderekin, haurtzarotik eta nerabezarotik hasi eta helduarora eta hirugarren adinera arte.<\/p><p><strong>2021ean hasi nuen nire ibilbidea Edirenen<\/strong>, nire praktika klinikoak eginez, eta esperientzia hartu nuen adingabea eta familia babesteko arloan herritar infantu-gazteekin esku hartzen. Nire prestakuntza amaitu ondoren,<strong> 2024an sartu nintzen taldean<\/strong>.<\/p><p>Edirenen lanean aritu aurretik, psikologiaren hainbat arlotan esperientzia hartu dut, besteak beste, desgaitasun intelektuala duten pertsonei arreta psikosoziala ematea, zaurgarritasun-egoeran dauden adingabeekiko psikoterapia eta adineko pertsonei egoitza-inguruneetan laguntzea.<\/p>\t\t\t\t\t\t\t\t<\/div>\n\t\t\t\t<\/div>\n\t\t\t\t\t<\/div>\n\t\t<\/div>\n\t\t\t\t\t<\/div>\n\t\t<\/section>\n\t\t\t\t\t<\/div>\n\t\t<\/div>\n\t\t\t\t\t<\/div>\n\t\t<\/section>\n\t\t\t\t<\/div>\n\t\t","protected":false},"excerpt":{"rendered":"<p>Xabier Molina Emborujo Psikologoa Psikologian graduatu nintzen 2021ean Deustuko Unibertsitatean, eta ondoren Psikologia Sanitario Orokorreko Masterra eta Gerontologiako Masterra osatu nituen. Nire prestakuntza hasi zenetik, bereziki interesatuta egon naiz lanean hainbat populazio-talderekin, haurtzarotik eta nerabezarotik hasi eta helduarora eta hirugarren adinera arte. 2021ean hasi nuen nire ibilbidea Edirenen, nire praktika klinikoak eginez, eta esperientzia hartu [&hellip;]<\/p>\n","protected":false},"author":3,"featured_media":0,"parent":0,"menu_order":0,"comment_status":"closed","ping_status":"closed","template":"page_landing.php","meta":{"_genesis_hide_title":false,"_genesis_hide_breadcrumbs":false,"_genesis_hide_singular_image":false,"_genesis_hide_footer_widgets":false,"_genesis_custom_body_class":"","_genesis_custom_post_class":"","_genesis_layout":"","footnotes":""},"class_list":{"0":"post-22224","1":"page","2":"type-page","3":"status-publish","5":"entry"},"yoast_head":"<!-- This site is optimized with the Yoast SEO plugin v27.4 - https:\/\/yoast.com\/product\/yoast-seo-wordpress\/ -->\n<title>Xabier Molina Emborujo - Centro de Psicoterapia y Fisioterapia<\/title>\n<meta name=\"description\" content=\"Ediren, Centro de Psicoterapia y Psic\u00f3logos, especialistas en rehabilitaci\u00f3n y en psicolog\u00eda. Xabier Molina Emborujo\" \/>\n<meta name=\"robots\" content=\"index, follow, max-snippet:-1, max-image-preview:large, max-video-preview:-1\" \/>\n<link rel=\"canonical\" href=\"https:\/\/www.ediren.com\/eu\/xabier-molina-emborujo\/\" \/>\n<meta property=\"og:locale\" content=\"eu_ES\" \/>\n<meta property=\"og:type\" content=\"article\" \/>\n<meta property=\"og:title\" content=\"Xabier Molina Emborujo - Centro de Psicoterapia y Fisioterapia\" \/>\n<meta property=\"og:description\" content=\"Ediren, Centro de Psicoterapia y Psic\u00f3logos, especialistas en rehabilitaci\u00f3n y en psicolog\u00eda. Xabier Molina Emborujo\" \/>\n<meta property=\"og:url\" content=\"https:\/\/www.ediren.com\/eu\/xabier-molina-emborujo\/\" \/>\n<meta property=\"og:site_name\" content=\"Ediren\" \/>\n<meta property=\"article:publisher\" content=\"https:\/\/www.facebook.com\/pages\/Ediren-SALUD\/298201266858043\" \/>\n<meta property=\"article:modified_time\" content=\"2025-10-24T11:56:40+00:00\" \/>\n<meta property=\"og:image\" content=\"https:\/\/www.ediren.com\/wp-content\/uploads\/2025\/03\/Xabi-Molina-Ediren.jpg\" \/>\n<meta name=\"twitter:card\" content=\"summary_large_image\" \/>\n<meta name=\"twitter:site\" content=\"@edirensalud\" \/>\n<meta name=\"twitter:label1\" content=\"Est. reading time\" \/>\n\t<meta name=\"twitter:data1\" content=\"1 minute\" \/>\n<script type=\"application\/ld+json\" class=\"yoast-schema-graph\">{\"@context\":\"https:\\\/\\\/schema.org\",\"@graph\":[{\"@type\":\"WebPage\",\"@id\":\"https:\\\/\\\/www.ediren.com\\\/eu\\\/xabier-molina-emborujo\\\/\",\"url\":\"https:\\\/\\\/www.ediren.com\\\/eu\\\/xabier-molina-emborujo\\\/\",\"name\":\"Xabier Molina Emborujo - Centro de Psicoterapia y Fisioterapia\",\"isPartOf\":{\"@id\":\"https:\\\/\\\/www.ediren.com\\\/eu\\\/#website\"},\"primaryImageOfPage\":{\"@id\":\"https:\\\/\\\/www.ediren.com\\\/eu\\\/xabier-molina-emborujo\\\/#primaryimage\"},\"image\":{\"@id\":\"https:\\\/\\\/www.ediren.com\\\/eu\\\/xabier-molina-emborujo\\\/#primaryimage\"},\"thumbnailUrl\":\"https:\\\/\\\/www.ediren.com\\\/wp-content\\\/uploads\\\/2025\\\/03\\\/Xabi-Molina-Ediren.jpg\",\"datePublished\":\"2025-03-27T13:22:24+00:00\",\"dateModified\":\"2025-10-24T11:56:40+00:00\",\"description\":\"Ediren, Centro de Psicoterapia y Psic\u00f3logos, especialistas en rehabilitaci\u00f3n y en psicolog\u00eda. Xabier Molina Emborujo\",\"breadcrumb\":{\"@id\":\"https:\\\/\\\/www.ediren.com\\\/eu\\\/xabier-molina-emborujo\\\/#breadcrumb\"},\"inLanguage\":\"eu-ES\",\"potentialAction\":[{\"@type\":\"ReadAction\",\"target\":[\"https:\\\/\\\/www.ediren.com\\\/eu\\\/xabier-molina-emborujo\\\/\"]}]},{\"@type\":\"ImageObject\",\"inLanguage\":\"eu-ES\",\"@id\":\"https:\\\/\\\/www.ediren.com\\\/eu\\\/xabier-molina-emborujo\\\/#primaryimage\",\"url\":\"https:\\\/\\\/www.ediren.com\\\/wp-content\\\/uploads\\\/2025\\\/03\\\/Xabi-Molina-Ediren.jpg\",\"contentUrl\":\"https:\\\/\\\/www.ediren.com\\\/wp-content\\\/uploads\\\/2025\\\/03\\\/Xabi-Molina-Ediren.jpg\"},{\"@type\":\"BreadcrumbList\",\"@id\":\"https:\\\/\\\/www.ediren.com\\\/eu\\\/xabier-molina-emborujo\\\/#breadcrumb\",\"itemListElement\":[{\"@type\":\"ListItem\",\"position\":1,\"name\":\"Portada\",\"item\":\"https:\\\/\\\/www.ediren.com\\\/eu\\\/hasiera\\\/\"},{\"@type\":\"ListItem\",\"position\":2,\"name\":\"Xabier Molina Emborujo\"}]},{\"@type\":\"WebSite\",\"@id\":\"https:\\\/\\\/www.ediren.com\\\/eu\\\/#website\",\"url\":\"https:\\\/\\\/www.ediren.com\\\/eu\\\/\",\"name\":\"Ediren\",\"description\":\"Cooperativa de Salud\",\"potentialAction\":[{\"@type\":\"SearchAction\",\"target\":{\"@type\":\"EntryPoint\",\"urlTemplate\":\"https:\\\/\\\/www.ediren.com\\\/eu\\\/?s={search_term_string}\"},\"query-input\":{\"@type\":\"PropertyValueSpecification\",\"valueRequired\":true,\"valueName\":\"search_term_string\"}}],\"inLanguage\":\"eu-ES\"}]}<\/script>\n<!-- \/ Yoast SEO plugin. -->","yoast_head_json":{"title":"Xabier Molina Emborujo - Centro de Psicoterapia y Fisioterapia","description":"Ediren, Centro de Psicoterapia y Psic\u00f3logos, especialistas en rehabilitaci\u00f3n y en psicolog\u00eda. Xabier Molina Emborujo","robots":{"index":"index","follow":"follow","max-snippet":"max-snippet:-1","max-image-preview":"max-image-preview:large","max-video-preview":"max-video-preview:-1"},"canonical":"https:\/\/www.ediren.com\/eu\/xabier-molina-emborujo\/","og_locale":"eu_ES","og_type":"article","og_title":"Xabier Molina Emborujo - Centro de Psicoterapia y Fisioterapia","og_description":"Ediren, Centro de Psicoterapia y Psic\u00f3logos, especialistas en rehabilitaci\u00f3n y en psicolog\u00eda. Xabier Molina Emborujo","og_url":"https:\/\/www.ediren.com\/eu\/xabier-molina-emborujo\/","og_site_name":"Ediren","article_publisher":"https:\/\/www.facebook.com\/pages\/Ediren-SALUD\/298201266858043","article_modified_time":"2025-10-24T11:56:40+00:00","og_image":[{"url":"https:\/\/www.ediren.com\/wp-content\/uploads\/2025\/03\/Xabi-Molina-Ediren.jpg","type":"","width":"","height":""}],"twitter_card":"summary_large_image","twitter_site":"@edirensalud","twitter_misc":{"Est. reading time":"1 minute"},"schema":{"@context":"https:\/\/schema.org","@graph":[{"@type":"WebPage","@id":"https:\/\/www.ediren.com\/eu\/xabier-molina-emborujo\/","url":"https:\/\/www.ediren.com\/eu\/xabier-molina-emborujo\/","name":"Xabier Molina Emborujo - Centro de Psicoterapia y Fisioterapia","isPartOf":{"@id":"https:\/\/www.ediren.com\/eu\/#website"},"primaryImageOfPage":{"@id":"https:\/\/www.ediren.com\/eu\/xabier-molina-emborujo\/#primaryimage"},"image":{"@id":"https:\/\/www.ediren.com\/eu\/xabier-molina-emborujo\/#primaryimage"},"thumbnailUrl":"https:\/\/www.ediren.com\/wp-content\/uploads\/2025\/03\/Xabi-Molina-Ediren.jpg","datePublished":"2025-03-27T13:22:24+00:00","dateModified":"2025-10-24T11:56:40+00:00","description":"Ediren, Centro de Psicoterapia y Psic\u00f3logos, especialistas en rehabilitaci\u00f3n y en psicolog\u00eda. Xabier Molina Emborujo","breadcrumb":{"@id":"https:\/\/www.ediren.com\/eu\/xabier-molina-emborujo\/#breadcrumb"},"inLanguage":"eu-ES","potentialAction":[{"@type":"ReadAction","target":["https:\/\/www.ediren.com\/eu\/xabier-molina-emborujo\/"]}]},{"@type":"ImageObject","inLanguage":"eu-ES","@id":"https:\/\/www.ediren.com\/eu\/xabier-molina-emborujo\/#primaryimage","url":"https:\/\/www.ediren.com\/wp-content\/uploads\/2025\/03\/Xabi-Molina-Ediren.jpg","contentUrl":"https:\/\/www.ediren.com\/wp-content\/uploads\/2025\/03\/Xabi-Molina-Ediren.jpg"},{"@type":"BreadcrumbList","@id":"https:\/\/www.ediren.com\/eu\/xabier-molina-emborujo\/#breadcrumb","itemListElement":[{"@type":"ListItem","position":1,"name":"Portada","item":"https:\/\/www.ediren.com\/eu\/hasiera\/"},{"@type":"ListItem","position":2,"name":"Xabier Molina Emborujo"}]},{"@type":"WebSite","@id":"https:\/\/www.ediren.com\/eu\/#website","url":"https:\/\/www.ediren.com\/eu\/","name":"Ediren","description":"Cooperativa de Salud","potentialAction":[{"@type":"SearchAction","target":{"@type":"EntryPoint","urlTemplate":"https:\/\/www.ediren.com\/eu\/?s={search_term_string}"},"query-input":{"@type":"PropertyValueSpecification","valueRequired":true,"valueName":"search_term_string"}}],"inLanguage":"eu-ES"}]}},"_links":{"self":[{"href":"https:\/\/www.ediren.com\/eu\/wp-json\/wp\/v2\/pages\/22224","targetHints":{"allow":["GET"]}}],"collection":[{"href":"https:\/\/www.ediren.com\/eu\/wp-json\/wp\/v2\/pages"}],"about":[{"href":"https:\/\/www.ediren.com\/eu\/wp-json\/wp\/v2\/types\/page"}],"author":[{"embeddable":true,"href":"https:\/\/www.ediren.com\/eu\/wp-json\/wp\/v2\/users\/3"}],"replies":[{"embeddable":true,"href":"https:\/\/www.ediren.com\/eu\/wp-json\/wp\/v2\/comments?post=22224"}],"version-history":[{"count":11,"href":"https:\/\/www.ediren.com\/eu\/wp-json\/wp\/v2\/pages\/22224\/revisions"}],"predecessor-version":[{"id":22236,"href":"https:\/\/www.ediren.com\/eu\/wp-json\/wp\/v2\/pages\/22224\/revisions\/22236"}],"wp:attachment":[{"href":"https:\/\/www.ediren.com\/eu\/wp-json\/wp\/v2\/media?parent=22224"}],"curies":[{"name":"wp","href":"https:\/\/api.w.org\/{rel}","templated":true}]}}