{"id":23670,"date":"2025-10-24T13:34:46","date_gmt":"2025-10-24T11:34:46","guid":{"rendered":"https:\/\/www.ediren.com\/?page_id=23670"},"modified":"2025-10-24T13:58:00","modified_gmt":"2025-10-24T11:58:00","slug":"edurne-martinez-san-policarpo","status":"publish","type":"page","link":"https:\/\/www.ediren.com\/eu\/edurne-martinez-san-policarpo\/","title":{"rendered":"Edurne Mart\u00ednez San Policarpo"},"content":{"rendered":"\t\t<div data-elementor-type=\"wp-post\" data-elementor-id=\"23670\" class=\"elementor elementor-23670 elementor-23669\">\n\t\t\t\t\t\t<section class=\"elementor-section elementor-top-section elementor-element elementor-element-lq0kp3j elementor-section-boxed elementor-section-height-default elementor-section-height-default\" data-id=\"lq0kp3j\" data-element_type=\"section\" data-e-type=\"section\">\n\t\t\t\t\t\t<div class=\"elementor-container elementor-column-gap-default\">\n\t\t\t\t\t<div class=\"elementor-column elementor-col-50 elementor-top-column elementor-element elementor-element-3p88dhm\" data-id=\"3p88dhm\" data-element_type=\"column\" data-e-type=\"column\">\n\t\t\t<div class=\"elementor-widget-wrap elementor-element-populated\">\n\t\t\t\t\t\t<div class=\"elementor-element elementor-element-iyssxda elementor-widget elementor-widget-image\" data-id=\"iyssxda\" data-element_type=\"widget\" data-e-type=\"widget\" data-widget_type=\"image.default\">\n\t\t\t\t<div class=\"elementor-widget-container\">\n\t\t\t\t\t\t\t\t\t\t\t\t\t\t\t<img fetchpriority=\"high\" decoding=\"async\" width=\"401\" height=\"601\" src=\"https:\/\/www.ediren.com\/wp-content\/uploads\/2025\/10\/Foto-Edurne-Martinez-Ediren.jpg\" class=\"attachment-large size-large wp-image-23676\" alt=\"Edurne Mart\u00ednez San Policarpo es psic\u00f3loga del equipo Ediren.\" srcset=\"https:\/\/www.ediren.com\/wp-content\/uploads\/2025\/10\/Foto-Edurne-Martinez-Ediren.jpg 401w, https:\/\/www.ediren.com\/wp-content\/uploads\/2025\/10\/Foto-Edurne-Martinez-Ediren-200x300.jpg 200w\" sizes=\"(max-width: 401px) 100vw, 401px\" \/>\t\t\t\t\t\t\t\t\t\t\t\t\t\t\t<\/div>\n\t\t\t\t<\/div>\n\t\t\t\t\t<\/div>\n\t\t<\/div>\n\t\t\t\t<div class=\"elementor-column elementor-col-50 elementor-top-column elementor-element elementor-element-zmic33g\" data-id=\"zmic33g\" data-element_type=\"column\" data-e-type=\"column\">\n\t\t\t<div class=\"elementor-widget-wrap elementor-element-populated\">\n\t\t\t\t\t\t<div class=\"elementor-element elementor-element-0h72bub fancybox-iframe elementor-widget elementor-widget-text-editor\" data-id=\"0h72bub\" data-element_type=\"widget\" data-e-type=\"widget\" data-widget_type=\"text-editor.default\">\n\t\t\t\t<div class=\"elementor-widget-container\">\n\t\t\t\t\t\t\t\t\t<p><strong>Psikologoa<\/strong><\/p><p>2023an <strong>Psikologian<\/strong> graduatu nintzen Deustuko Unibertsitatean, eta, ondoren, <strong>Osasun Psikologia Orokorra<\/strong> eta <strong>Gizartean Esku-Hartzearen Psikologiako<\/strong> Masterrekin osatu nuen prestakuntza.<\/p><p>Halaber,<strong> haurrak eta familia babesteko<\/strong> arloan trebatzeko eta esperientzia hartzeko aukera izan dut, hainbat kolektiborekin lan egiteko dudan interesari erantzuten dion arloa. Arlo <strong>klinikoa eta soziala uztartzeko<\/strong> aukerak, ikuspegi integral bati eusteko aukera eman dit. Ikuspegi horrek, norbanakoaren ongizatea ez ezik, pertsonen gizarte- eta bizi-testuinguruak ere hartzen ditu kontuan, funtsezkoa dena <strong>osasun mentala ulertzeko.<\/strong><\/p><p><strong>Edirenen hasi nuen nire ibilbidea 2024an, nire praktika akademikoak eginez. Aro honetan haurrekin, gazteekin eta helduekin banakako eta komunitateko esku-hartzean esperientzia hartu nuen. Aldi hori amaitu ondoren, 2025ean, taldearen arlo Komunitarioan eta Osasun Mentalaren arloan sartu nintzen, eta, batez ere, haurrekin eta nerabeekin esku hartzen dut.<\/strong><\/p>\t\t\t\t\t\t\t\t<\/div>\n\t\t\t\t<\/div>\n\t\t\t\t\t<\/div>\n\t\t<\/div>\n\t\t\t\t\t<\/div>\n\t\t<\/section>\n\t\t\t\t<\/div>\n\t\t","protected":false},"excerpt":{"rendered":"<p>Psikologoa 2023an Psikologian graduatu nintzen Deustuko Unibertsitatean, eta, ondoren, Osasun Psikologia Orokorra eta Gizartean Esku-Hartzearen Psikologiako Masterrekin osatu nuen prestakuntza. Halaber, haurrak eta familia babesteko arloan trebatzeko eta esperientzia hartzeko aukera izan dut, hainbat kolektiborekin lan egiteko dudan interesari erantzuten dion arloa. Arlo klinikoa eta soziala uztartzeko aukerak, ikuspegi integral bati eusteko aukera eman dit. [&hellip;]<\/p>\n","protected":false},"author":3,"featured_media":0,"parent":0,"menu_order":0,"comment_status":"closed","ping_status":"closed","template":"page_landing.php","meta":{"_genesis_hide_title":false,"_genesis_hide_breadcrumbs":false,"_genesis_hide_singular_image":false,"_genesis_hide_footer_widgets":false,"_genesis_custom_body_class":"","_genesis_custom_post_class":"","_genesis_layout":"","footnotes":""},"class_list":{"0":"post-23670","1":"page","2":"type-page","3":"status-publish","5":"entry","6":"has-post-thumbnail"},"yoast_head":"<!-- This site is optimized with the Yoast SEO plugin v27.4 - https:\/\/yoast.com\/product\/yoast-seo-wordpress\/ -->\n<title>Edurne Mart\u00ednez San Policarpo - Centro de Psicoterapia y Fisioterapia<\/title>\n<meta name=\"description\" content=\"Ediren, Centro de Psicoterapia y Psic\u00f3logos, especialistas en rehabilitaci\u00f3n y en psicolog\u00eda. Edurne Mart\u00ednez San Policarpo\" \/>\n<meta name=\"robots\" content=\"index, follow, max-snippet:-1, max-image-preview:large, max-video-preview:-1\" \/>\n<link rel=\"canonical\" href=\"https:\/\/www.ediren.com\/eu\/edurne-martinez-san-policarpo\/\" \/>\n<meta property=\"og:locale\" content=\"eu_ES\" \/>\n<meta property=\"og:type\" content=\"article\" \/>\n<meta property=\"og:title\" content=\"Edurne Mart\u00ednez San Policarpo - Centro de Psicoterapia y Fisioterapia\" \/>\n<meta property=\"og:description\" content=\"Ediren, Centro de Psicoterapia y Psic\u00f3logos, especialistas en rehabilitaci\u00f3n y en psicolog\u00eda. Edurne Mart\u00ednez San Policarpo\" \/>\n<meta property=\"og:url\" content=\"https:\/\/www.ediren.com\/eu\/edurne-martinez-san-policarpo\/\" \/>\n<meta property=\"og:site_name\" content=\"Ediren\" \/>\n<meta property=\"article:publisher\" content=\"https:\/\/www.facebook.com\/pages\/Ediren-SALUD\/298201266858043\" \/>\n<meta property=\"article:modified_time\" content=\"2025-10-24T11:58:00+00:00\" \/>\n<meta property=\"og:image\" content=\"https:\/\/www.ediren.com\/wp-content\/uploads\/2025\/10\/Foto-Edurne-Martinez-Ediren.jpg\" \/>\n\t<meta property=\"og:image:width\" content=\"401\" \/>\n\t<meta property=\"og:image:height\" content=\"601\" \/>\n\t<meta property=\"og:image:type\" content=\"image\/jpeg\" \/>\n<meta name=\"twitter:card\" content=\"summary_large_image\" \/>\n<meta name=\"twitter:site\" content=\"@edirensalud\" \/>\n<meta name=\"twitter:label1\" content=\"Est. reading time\" \/>\n\t<meta name=\"twitter:data1\" content=\"1 minute\" \/>\n<script type=\"application\/ld+json\" class=\"yoast-schema-graph\">{\"@context\":\"https:\\\/\\\/schema.org\",\"@graph\":[{\"@type\":\"WebPage\",\"@id\":\"https:\\\/\\\/www.ediren.com\\\/eu\\\/edurne-martinez-san-policarpo\\\/\",\"url\":\"https:\\\/\\\/www.ediren.com\\\/eu\\\/edurne-martinez-san-policarpo\\\/\",\"name\":\"Edurne Mart\u00ednez San Policarpo - Centro de Psicoterapia y Fisioterapia\",\"isPartOf\":{\"@id\":\"https:\\\/\\\/www.ediren.com\\\/eu\\\/#website\"},\"primaryImageOfPage\":{\"@id\":\"https:\\\/\\\/www.ediren.com\\\/eu\\\/edurne-martinez-san-policarpo\\\/#primaryimage\"},\"image\":{\"@id\":\"https:\\\/\\\/www.ediren.com\\\/eu\\\/edurne-martinez-san-policarpo\\\/#primaryimage\"},\"thumbnailUrl\":\"https:\\\/\\\/www.ediren.com\\\/wp-content\\\/uploads\\\/2025\\\/10\\\/Foto-Edurne-Martinez-Ediren.jpg\",\"datePublished\":\"2025-10-24T11:34:46+00:00\",\"dateModified\":\"2025-10-24T11:58:00+00:00\",\"description\":\"Ediren, Centro de Psicoterapia y Psic\u00f3logos, especialistas en rehabilitaci\u00f3n y en psicolog\u00eda. Edurne Mart\u00ednez San Policarpo\",\"breadcrumb\":{\"@id\":\"https:\\\/\\\/www.ediren.com\\\/eu\\\/edurne-martinez-san-policarpo\\\/#breadcrumb\"},\"inLanguage\":\"eu-ES\",\"potentialAction\":[{\"@type\":\"ReadAction\",\"target\":[\"https:\\\/\\\/www.ediren.com\\\/eu\\\/edurne-martinez-san-policarpo\\\/\"]}]},{\"@type\":\"ImageObject\",\"inLanguage\":\"eu-ES\",\"@id\":\"https:\\\/\\\/www.ediren.com\\\/eu\\\/edurne-martinez-san-policarpo\\\/#primaryimage\",\"url\":\"https:\\\/\\\/www.ediren.com\\\/wp-content\\\/uploads\\\/2025\\\/10\\\/Foto-Edurne-Martinez-Ediren.jpg\",\"contentUrl\":\"https:\\\/\\\/www.ediren.com\\\/wp-content\\\/uploads\\\/2025\\\/10\\\/Foto-Edurne-Martinez-Ediren.jpg\"},{\"@type\":\"BreadcrumbList\",\"@id\":\"https:\\\/\\\/www.ediren.com\\\/eu\\\/edurne-martinez-san-policarpo\\\/#breadcrumb\",\"itemListElement\":[{\"@type\":\"ListItem\",\"position\":1,\"name\":\"Portada\",\"item\":\"https:\\\/\\\/www.ediren.com\\\/eu\\\/hasiera\\\/\"},{\"@type\":\"ListItem\",\"position\":2,\"name\":\"Edurne Mart\u00ednez San Policarpo\"}]},{\"@type\":\"WebSite\",\"@id\":\"https:\\\/\\\/www.ediren.com\\\/eu\\\/#website\",\"url\":\"https:\\\/\\\/www.ediren.com\\\/eu\\\/\",\"name\":\"Ediren\",\"description\":\"Cooperativa de Salud\",\"potentialAction\":[{\"@type\":\"SearchAction\",\"target\":{\"@type\":\"EntryPoint\",\"urlTemplate\":\"https:\\\/\\\/www.ediren.com\\\/eu\\\/?s={search_term_string}\"},\"query-input\":{\"@type\":\"PropertyValueSpecification\",\"valueRequired\":true,\"valueName\":\"search_term_string\"}}],\"inLanguage\":\"eu-ES\"}]}<\/script>\n<!-- \/ Yoast SEO plugin. -->","yoast_head_json":{"title":"Edurne Mart\u00ednez San Policarpo - Centro de Psicoterapia y Fisioterapia","description":"Ediren, Centro de Psicoterapia y Psic\u00f3logos, especialistas en rehabilitaci\u00f3n y en psicolog\u00eda. Edurne Mart\u00ednez San Policarpo","robots":{"index":"index","follow":"follow","max-snippet":"max-snippet:-1","max-image-preview":"max-image-preview:large","max-video-preview":"max-video-preview:-1"},"canonical":"https:\/\/www.ediren.com\/eu\/edurne-martinez-san-policarpo\/","og_locale":"eu_ES","og_type":"article","og_title":"Edurne Mart\u00ednez San Policarpo - Centro de Psicoterapia y Fisioterapia","og_description":"Ediren, Centro de Psicoterapia y Psic\u00f3logos, especialistas en rehabilitaci\u00f3n y en psicolog\u00eda. Edurne Mart\u00ednez San Policarpo","og_url":"https:\/\/www.ediren.com\/eu\/edurne-martinez-san-policarpo\/","og_site_name":"Ediren","article_publisher":"https:\/\/www.facebook.com\/pages\/Ediren-SALUD\/298201266858043","article_modified_time":"2025-10-24T11:58:00+00:00","og_image":[{"width":401,"height":601,"url":"https:\/\/www.ediren.com\/wp-content\/uploads\/2025\/10\/Foto-Edurne-Martinez-Ediren.jpg","type":"image\/jpeg"}],"twitter_card":"summary_large_image","twitter_site":"@edirensalud","twitter_misc":{"Est. reading time":"1 minute"},"schema":{"@context":"https:\/\/schema.org","@graph":[{"@type":"WebPage","@id":"https:\/\/www.ediren.com\/eu\/edurne-martinez-san-policarpo\/","url":"https:\/\/www.ediren.com\/eu\/edurne-martinez-san-policarpo\/","name":"Edurne Mart\u00ednez San Policarpo - Centro de Psicoterapia y Fisioterapia","isPartOf":{"@id":"https:\/\/www.ediren.com\/eu\/#website"},"primaryImageOfPage":{"@id":"https:\/\/www.ediren.com\/eu\/edurne-martinez-san-policarpo\/#primaryimage"},"image":{"@id":"https:\/\/www.ediren.com\/eu\/edurne-martinez-san-policarpo\/#primaryimage"},"thumbnailUrl":"https:\/\/www.ediren.com\/wp-content\/uploads\/2025\/10\/Foto-Edurne-Martinez-Ediren.jpg","datePublished":"2025-10-24T11:34:46+00:00","dateModified":"2025-10-24T11:58:00+00:00","description":"Ediren, Centro de Psicoterapia y Psic\u00f3logos, especialistas en rehabilitaci\u00f3n y en psicolog\u00eda. Edurne Mart\u00ednez San Policarpo","breadcrumb":{"@id":"https:\/\/www.ediren.com\/eu\/edurne-martinez-san-policarpo\/#breadcrumb"},"inLanguage":"eu-ES","potentialAction":[{"@type":"ReadAction","target":["https:\/\/www.ediren.com\/eu\/edurne-martinez-san-policarpo\/"]}]},{"@type":"ImageObject","inLanguage":"eu-ES","@id":"https:\/\/www.ediren.com\/eu\/edurne-martinez-san-policarpo\/#primaryimage","url":"https:\/\/www.ediren.com\/wp-content\/uploads\/2025\/10\/Foto-Edurne-Martinez-Ediren.jpg","contentUrl":"https:\/\/www.ediren.com\/wp-content\/uploads\/2025\/10\/Foto-Edurne-Martinez-Ediren.jpg"},{"@type":"BreadcrumbList","@id":"https:\/\/www.ediren.com\/eu\/edurne-martinez-san-policarpo\/#breadcrumb","itemListElement":[{"@type":"ListItem","position":1,"name":"Portada","item":"https:\/\/www.ediren.com\/eu\/hasiera\/"},{"@type":"ListItem","position":2,"name":"Edurne Mart\u00ednez San Policarpo"}]},{"@type":"WebSite","@id":"https:\/\/www.ediren.com\/eu\/#website","url":"https:\/\/www.ediren.com\/eu\/","name":"Ediren","description":"Cooperativa de Salud","potentialAction":[{"@type":"SearchAction","target":{"@type":"EntryPoint","urlTemplate":"https:\/\/www.ediren.com\/eu\/?s={search_term_string}"},"query-input":{"@type":"PropertyValueSpecification","valueRequired":true,"valueName":"search_term_string"}}],"inLanguage":"eu-ES"}]}},"_links":{"self":[{"href":"https:\/\/www.ediren.com\/eu\/wp-json\/wp\/v2\/pages\/23670","targetHints":{"allow":["GET"]}}],"collection":[{"href":"https:\/\/www.ediren.com\/eu\/wp-json\/wp\/v2\/pages"}],"about":[{"href":"https:\/\/www.ediren.com\/eu\/wp-json\/wp\/v2\/types\/page"}],"author":[{"embeddable":true,"href":"https:\/\/www.ediren.com\/eu\/wp-json\/wp\/v2\/users\/3"}],"replies":[{"embeddable":true,"href":"https:\/\/www.ediren.com\/eu\/wp-json\/wp\/v2\/comments?post=23670"}],"version-history":[{"count":8,"href":"https:\/\/www.ediren.com\/eu\/wp-json\/wp\/v2\/pages\/23670\/revisions"}],"predecessor-version":[{"id":23704,"href":"https:\/\/www.ediren.com\/eu\/wp-json\/wp\/v2\/pages\/23670\/revisions\/23704"}],"wp:attachment":[{"href":"https:\/\/www.ediren.com\/eu\/wp-json\/wp\/v2\/media?parent=23670"}],"curies":[{"name":"wp","href":"https:\/\/api.w.org\/{rel}","templated":true}]}}