{"id":24932,"date":"2026-03-31T09:33:44","date_gmt":"2026-03-31T07:33:44","guid":{"rendered":"https:\/\/www.ediren.com\/?page_id=24932"},"modified":"2026-03-31T13:27:13","modified_gmt":"2026-03-31T11:27:13","slug":"noemi-ruiz-lopez-de-larrinzar","status":"publish","type":"page","link":"https:\/\/www.ediren.com\/eu\/noemi-ruiz-lopez-de-larrinzar\/","title":{"rendered":"Noem\u00ed Ruiz L\u00f3pez de Larr\u00ednzar"},"content":{"rendered":"\t\t<div data-elementor-type=\"wp-post\" data-elementor-id=\"24932\" class=\"elementor elementor-24932 elementor-24931\">\n\t\t\t\t\t\t<section class=\"elementor-section elementor-top-section elementor-element elementor-element-50c51df elementor-section-boxed elementor-section-height-default elementor-section-height-default\" data-id=\"50c51df\" data-element_type=\"section\" data-e-type=\"section\">\n\t\t\t\t\t\t<div class=\"elementor-container elementor-column-gap-default\">\n\t\t\t\t\t<div class=\"elementor-column elementor-col-100 elementor-top-column elementor-element elementor-element-2a230b3\" data-id=\"2a230b3\" data-element_type=\"column\" data-e-type=\"column\">\n\t\t\t<div class=\"elementor-widget-wrap elementor-element-populated\">\n\t\t\t\t\t\t<div class=\"elementor-element elementor-element-7008e41 elementor-widget elementor-widget-heading\" data-id=\"7008e41\" data-element_type=\"widget\" data-e-type=\"widget\" data-widget_type=\"heading.default\">\n\t\t\t\t<div class=\"elementor-widget-container\">\n\t\t\t\t\t<h1 class=\"elementor-heading-title elementor-size-default\">Noem\u00ed Ruiz L\u00f3pez de Larr\u00ednzar<\/h1>\t\t\t\t<\/div>\n\t\t\t\t<\/div>\n\t\t\t\t\t<\/div>\n\t\t<\/div>\n\t\t\t\t\t<\/div>\n\t\t<\/section>\n\t\t\t\t<section class=\"elementor-section elementor-top-section elementor-element elementor-element-bb538b4 elementor-section-boxed elementor-section-height-default elementor-section-height-default\" data-id=\"bb538b4\" data-element_type=\"section\" data-e-type=\"section\">\n\t\t\t\t\t\t<div class=\"elementor-container elementor-column-gap-default\">\n\t\t\t\t\t<div class=\"elementor-column elementor-col-100 elementor-top-column elementor-element elementor-element-af8e0dc\" data-id=\"af8e0dc\" data-element_type=\"column\" data-e-type=\"column\">\n\t\t\t<div class=\"elementor-widget-wrap elementor-element-populated\">\n\t\t\t\t\t\t<section class=\"elementor-section elementor-inner-section elementor-element elementor-element-6bb98b1 elementor-section-boxed elementor-section-height-default elementor-section-height-default\" data-id=\"6bb98b1\" data-element_type=\"section\" data-e-type=\"section\">\n\t\t\t\t\t\t<div class=\"elementor-container elementor-column-gap-default\">\n\t\t\t\t\t<div class=\"elementor-column elementor-col-50 elementor-inner-column elementor-element elementor-element-99f6adc\" data-id=\"99f6adc\" data-element_type=\"column\" data-e-type=\"column\">\n\t\t\t<div class=\"elementor-widget-wrap elementor-element-populated\">\n\t\t\t\t\t\t<div class=\"elementor-element elementor-element-e498aa7 elementor-widget elementor-widget-image\" data-id=\"e498aa7\" data-element_type=\"widget\" data-e-type=\"widget\" data-widget_type=\"image.default\">\n\t\t\t\t<div class=\"elementor-widget-container\">\n\t\t\t\t\t\t\t\t\t\t\t\t\t\t\t<img fetchpriority=\"high\" decoding=\"async\" width=\"401\" height=\"601\" src=\"https:\/\/www.ediren.com\/wp-content\/uploads\/2026\/03\/Ediren-Noemi-Ruiz-1.jpg\" class=\"attachment-large size-large wp-image-24926\" alt=\"Nueva psic\u00f3loga en Ediren\" srcset=\"https:\/\/www.ediren.com\/wp-content\/uploads\/2026\/03\/Ediren-Noemi-Ruiz-1.jpg 401w, https:\/\/www.ediren.com\/wp-content\/uploads\/2026\/03\/Ediren-Noemi-Ruiz-1-200x300.jpg 200w\" sizes=\"(max-width: 401px) 100vw, 401px\" \/>\t\t\t\t\t\t\t\t\t\t\t\t\t\t\t<\/div>\n\t\t\t\t<\/div>\n\t\t\t\t\t<\/div>\n\t\t<\/div>\n\t\t\t\t<div class=\"elementor-column elementor-col-50 elementor-inner-column elementor-element elementor-element-3d7e0fe\" data-id=\"3d7e0fe\" data-element_type=\"column\" data-e-type=\"column\">\n\t\t\t<div class=\"elementor-widget-wrap elementor-element-populated\">\n\t\t\t\t\t\t<div class=\"elementor-element elementor-element-26c214b elementor-widget elementor-widget-text-editor\" data-id=\"26c214b\" data-element_type=\"widget\" data-e-type=\"widget\" data-widget_type=\"text-editor.default\">\n\t\t\t\t<div class=\"elementor-widget-container\">\n\t\t\t\t\t\t\t\t\t<h1><strong>Psikologoa, familia eta bikote psikoterapeuta.<\/strong><\/h1><p>Deustuko Unibertsitatean <strong>Psikologian<\/strong> graduatua naiz (2024). Ikasketak amaitu ondoren, <strong>Osasun Psikologia Orokorreko Masterra<\/strong> egiten aritu nintzen aldi berean Ediren-en lan egiten nuen bitartean; bertan, praktikak egitetik <strong>nerabeekin esku-hartzean taldeko koordinatzaile<\/strong> izatera igaro nintzen.<\/p><p>Ikuspegi integral bat eskaintzeko helburuarekin, <strong>Familia eta Bikote Terapian<\/strong> espezializatu naiz, baita<strong> EMDR terapian<\/strong> ere. Azken hau ikuspegi terapeutiko bat da, estimulazio bilateralaren bidez garunak esperientzia traumatikoak edo blokeo emozionalak prozesatu eta gainditzen laguntzen duena.<\/p><p>Nire ibilbide <strong>klinikoaz<\/strong> eta <strong>talde-lanekoaz<\/strong> gain, aurretik esperientzia dut <strong>aniztasun intelektualaren<\/strong> arloan eta <strong>adineko pertsonen<\/strong> laguntzan ere.<\/p>\t\t\t\t\t\t\t\t<\/div>\n\t\t\t\t<\/div>\n\t\t\t\t\t<\/div>\n\t\t<\/div>\n\t\t\t\t\t<\/div>\n\t\t<\/section>\n\t\t\t\t\t<\/div>\n\t\t<\/div>\n\t\t\t\t\t<\/div>\n\t\t<\/section>\n\t\t\t\t<\/div>\n\t\t","protected":false},"excerpt":{"rendered":"<p>Noem\u00ed Ruiz L\u00f3pez de Larr\u00ednzar Psikologoa, familia eta bikote psikoterapeuta. Deustuko Unibertsitatean Psikologian graduatua naiz (2024). Ikasketak amaitu ondoren, Osasun Psikologia Orokorreko Masterra egiten aritu nintzen aldi berean Ediren-en lan egiten nuen bitartean; bertan, praktikak egitetik nerabeekin esku-hartzean taldeko koordinatzaile izatera igaro nintzen. Ikuspegi integral bat eskaintzeko helburuarekin, Familia eta Bikote Terapian espezializatu naiz, baita [&hellip;]<\/p>\n","protected":false},"author":3,"featured_media":0,"parent":0,"menu_order":0,"comment_status":"closed","ping_status":"closed","template":"page_landing.php","meta":{"_genesis_hide_title":false,"_genesis_hide_breadcrumbs":false,"_genesis_hide_singular_image":false,"_genesis_hide_footer_widgets":false,"_genesis_custom_body_class":"","_genesis_custom_post_class":"","_genesis_layout":"","footnotes":""},"class_list":{"0":"post-24932","1":"page","2":"type-page","3":"status-publish","5":"entry"},"yoast_head":"<!-- This site is optimized with the Yoast SEO plugin v27.4 - https:\/\/yoast.com\/product\/yoast-seo-wordpress\/ -->\n<title>Noem\u00ed Ruiz L\u00f3pez de Larr\u00ednzar - Centro de Psicoterapia y Fisioterapia<\/title>\n<meta name=\"description\" content=\"Ediren, Centro de Psicoterapia y Psic\u00f3logos, especialistas en rehabilitaci\u00f3n y en psicolog\u00eda. Noem\u00ed Ruiz L\u00f3pez de Larr\u00ednzar\" \/>\n<meta name=\"robots\" content=\"index, follow, max-snippet:-1, max-image-preview:large, max-video-preview:-1\" \/>\n<link rel=\"canonical\" href=\"https:\/\/www.ediren.com\/eu\/noemi-ruiz-lopez-de-larrinzar\/\" \/>\n<meta property=\"og:locale\" content=\"eu_ES\" \/>\n<meta property=\"og:type\" content=\"article\" \/>\n<meta property=\"og:title\" content=\"Noem\u00ed Ruiz L\u00f3pez de Larr\u00ednzar - Centro de Psicoterapia y Fisioterapia\" \/>\n<meta property=\"og:description\" content=\"Ediren, Centro de Psicoterapia y Psic\u00f3logos, especialistas en rehabilitaci\u00f3n y en psicolog\u00eda. Noem\u00ed Ruiz L\u00f3pez de Larr\u00ednzar\" \/>\n<meta property=\"og:url\" content=\"https:\/\/www.ediren.com\/eu\/noemi-ruiz-lopez-de-larrinzar\/\" \/>\n<meta property=\"og:site_name\" content=\"Ediren\" \/>\n<meta property=\"article:publisher\" content=\"https:\/\/www.facebook.com\/pages\/Ediren-SALUD\/298201266858043\" \/>\n<meta property=\"article:modified_time\" content=\"2026-03-31T11:27:13+00:00\" \/>\n<meta property=\"og:image\" content=\"https:\/\/www.ediren.com\/wp-content\/uploads\/2026\/03\/Ediren-Noemi-Ruiz-1.jpg\" \/>\n\t<meta property=\"og:image:width\" content=\"401\" \/>\n\t<meta property=\"og:image:height\" content=\"601\" \/>\n\t<meta property=\"og:image:type\" content=\"image\/jpeg\" \/>\n<meta name=\"twitter:card\" content=\"summary_large_image\" \/>\n<meta name=\"twitter:site\" content=\"@edirensalud\" \/>\n<meta name=\"twitter:label1\" content=\"Est. reading time\" \/>\n\t<meta name=\"twitter:data1\" content=\"1 minute\" \/>\n<script type=\"application\/ld+json\" class=\"yoast-schema-graph\">{\"@context\":\"https:\\\/\\\/schema.org\",\"@graph\":[{\"@type\":\"WebPage\",\"@id\":\"https:\\\/\\\/www.ediren.com\\\/eu\\\/noemi-ruiz-lopez-de-larrinzar\\\/\",\"url\":\"https:\\\/\\\/www.ediren.com\\\/eu\\\/noemi-ruiz-lopez-de-larrinzar\\\/\",\"name\":\"Noem\u00ed Ruiz L\u00f3pez de Larr\u00ednzar - Centro de Psicoterapia y Fisioterapia\",\"isPartOf\":{\"@id\":\"https:\\\/\\\/www.ediren.com\\\/eu\\\/#website\"},\"primaryImageOfPage\":{\"@id\":\"https:\\\/\\\/www.ediren.com\\\/eu\\\/noemi-ruiz-lopez-de-larrinzar\\\/#primaryimage\"},\"image\":{\"@id\":\"https:\\\/\\\/www.ediren.com\\\/eu\\\/noemi-ruiz-lopez-de-larrinzar\\\/#primaryimage\"},\"thumbnailUrl\":\"https:\\\/\\\/www.ediren.com\\\/wp-content\\\/uploads\\\/2026\\\/03\\\/Ediren-Noemi-Ruiz-1.jpg\",\"datePublished\":\"2026-03-31T07:33:44+00:00\",\"dateModified\":\"2026-03-31T11:27:13+00:00\",\"description\":\"Ediren, Centro de Psicoterapia y Psic\u00f3logos, especialistas en rehabilitaci\u00f3n y en psicolog\u00eda. Noem\u00ed Ruiz L\u00f3pez de Larr\u00ednzar\",\"breadcrumb\":{\"@id\":\"https:\\\/\\\/www.ediren.com\\\/eu\\\/noemi-ruiz-lopez-de-larrinzar\\\/#breadcrumb\"},\"inLanguage\":\"eu-ES\",\"potentialAction\":[{\"@type\":\"ReadAction\",\"target\":[\"https:\\\/\\\/www.ediren.com\\\/eu\\\/noemi-ruiz-lopez-de-larrinzar\\\/\"]}]},{\"@type\":\"ImageObject\",\"inLanguage\":\"eu-ES\",\"@id\":\"https:\\\/\\\/www.ediren.com\\\/eu\\\/noemi-ruiz-lopez-de-larrinzar\\\/#primaryimage\",\"url\":\"https:\\\/\\\/www.ediren.com\\\/wp-content\\\/uploads\\\/2026\\\/03\\\/Ediren-Noemi-Ruiz-1.jpg\",\"contentUrl\":\"https:\\\/\\\/www.ediren.com\\\/wp-content\\\/uploads\\\/2026\\\/03\\\/Ediren-Noemi-Ruiz-1.jpg\"},{\"@type\":\"BreadcrumbList\",\"@id\":\"https:\\\/\\\/www.ediren.com\\\/eu\\\/noemi-ruiz-lopez-de-larrinzar\\\/#breadcrumb\",\"itemListElement\":[{\"@type\":\"ListItem\",\"position\":1,\"name\":\"Portada\",\"item\":\"https:\\\/\\\/www.ediren.com\\\/eu\\\/hasiera\\\/\"},{\"@type\":\"ListItem\",\"position\":2,\"name\":\"Noem\u00ed Ruiz L\u00f3pez de Larr\u00ednzar\"}]},{\"@type\":\"WebSite\",\"@id\":\"https:\\\/\\\/www.ediren.com\\\/eu\\\/#website\",\"url\":\"https:\\\/\\\/www.ediren.com\\\/eu\\\/\",\"name\":\"Ediren\",\"description\":\"Cooperativa de Salud\",\"potentialAction\":[{\"@type\":\"SearchAction\",\"target\":{\"@type\":\"EntryPoint\",\"urlTemplate\":\"https:\\\/\\\/www.ediren.com\\\/eu\\\/?s={search_term_string}\"},\"query-input\":{\"@type\":\"PropertyValueSpecification\",\"valueRequired\":true,\"valueName\":\"search_term_string\"}}],\"inLanguage\":\"eu-ES\"}]}<\/script>\n<!-- \/ Yoast SEO plugin. -->","yoast_head_json":{"title":"Noem\u00ed Ruiz L\u00f3pez de Larr\u00ednzar - Centro de Psicoterapia y Fisioterapia","description":"Ediren, Centro de Psicoterapia y Psic\u00f3logos, especialistas en rehabilitaci\u00f3n y en psicolog\u00eda. Noem\u00ed Ruiz L\u00f3pez de Larr\u00ednzar","robots":{"index":"index","follow":"follow","max-snippet":"max-snippet:-1","max-image-preview":"max-image-preview:large","max-video-preview":"max-video-preview:-1"},"canonical":"https:\/\/www.ediren.com\/eu\/noemi-ruiz-lopez-de-larrinzar\/","og_locale":"eu_ES","og_type":"article","og_title":"Noem\u00ed Ruiz L\u00f3pez de Larr\u00ednzar - Centro de Psicoterapia y Fisioterapia","og_description":"Ediren, Centro de Psicoterapia y Psic\u00f3logos, especialistas en rehabilitaci\u00f3n y en psicolog\u00eda. Noem\u00ed Ruiz L\u00f3pez de Larr\u00ednzar","og_url":"https:\/\/www.ediren.com\/eu\/noemi-ruiz-lopez-de-larrinzar\/","og_site_name":"Ediren","article_publisher":"https:\/\/www.facebook.com\/pages\/Ediren-SALUD\/298201266858043","article_modified_time":"2026-03-31T11:27:13+00:00","og_image":[{"width":401,"height":601,"url":"https:\/\/www.ediren.com\/wp-content\/uploads\/2026\/03\/Ediren-Noemi-Ruiz-1.jpg","type":"image\/jpeg"}],"twitter_card":"summary_large_image","twitter_site":"@edirensalud","twitter_misc":{"Est. reading time":"1 minute"},"schema":{"@context":"https:\/\/schema.org","@graph":[{"@type":"WebPage","@id":"https:\/\/www.ediren.com\/eu\/noemi-ruiz-lopez-de-larrinzar\/","url":"https:\/\/www.ediren.com\/eu\/noemi-ruiz-lopez-de-larrinzar\/","name":"Noem\u00ed Ruiz L\u00f3pez de Larr\u00ednzar - Centro de Psicoterapia y Fisioterapia","isPartOf":{"@id":"https:\/\/www.ediren.com\/eu\/#website"},"primaryImageOfPage":{"@id":"https:\/\/www.ediren.com\/eu\/noemi-ruiz-lopez-de-larrinzar\/#primaryimage"},"image":{"@id":"https:\/\/www.ediren.com\/eu\/noemi-ruiz-lopez-de-larrinzar\/#primaryimage"},"thumbnailUrl":"https:\/\/www.ediren.com\/wp-content\/uploads\/2026\/03\/Ediren-Noemi-Ruiz-1.jpg","datePublished":"2026-03-31T07:33:44+00:00","dateModified":"2026-03-31T11:27:13+00:00","description":"Ediren, Centro de Psicoterapia y Psic\u00f3logos, especialistas en rehabilitaci\u00f3n y en psicolog\u00eda. Noem\u00ed Ruiz L\u00f3pez de Larr\u00ednzar","breadcrumb":{"@id":"https:\/\/www.ediren.com\/eu\/noemi-ruiz-lopez-de-larrinzar\/#breadcrumb"},"inLanguage":"eu-ES","potentialAction":[{"@type":"ReadAction","target":["https:\/\/www.ediren.com\/eu\/noemi-ruiz-lopez-de-larrinzar\/"]}]},{"@type":"ImageObject","inLanguage":"eu-ES","@id":"https:\/\/www.ediren.com\/eu\/noemi-ruiz-lopez-de-larrinzar\/#primaryimage","url":"https:\/\/www.ediren.com\/wp-content\/uploads\/2026\/03\/Ediren-Noemi-Ruiz-1.jpg","contentUrl":"https:\/\/www.ediren.com\/wp-content\/uploads\/2026\/03\/Ediren-Noemi-Ruiz-1.jpg"},{"@type":"BreadcrumbList","@id":"https:\/\/www.ediren.com\/eu\/noemi-ruiz-lopez-de-larrinzar\/#breadcrumb","itemListElement":[{"@type":"ListItem","position":1,"name":"Portada","item":"https:\/\/www.ediren.com\/eu\/hasiera\/"},{"@type":"ListItem","position":2,"name":"Noem\u00ed Ruiz L\u00f3pez de Larr\u00ednzar"}]},{"@type":"WebSite","@id":"https:\/\/www.ediren.com\/eu\/#website","url":"https:\/\/www.ediren.com\/eu\/","name":"Ediren","description":"Cooperativa de Salud","potentialAction":[{"@type":"SearchAction","target":{"@type":"EntryPoint","urlTemplate":"https:\/\/www.ediren.com\/eu\/?s={search_term_string}"},"query-input":{"@type":"PropertyValueSpecification","valueRequired":true,"valueName":"search_term_string"}}],"inLanguage":"eu-ES"}]}},"_links":{"self":[{"href":"https:\/\/www.ediren.com\/eu\/wp-json\/wp\/v2\/pages\/24932","targetHints":{"allow":["GET"]}}],"collection":[{"href":"https:\/\/www.ediren.com\/eu\/wp-json\/wp\/v2\/pages"}],"about":[{"href":"https:\/\/www.ediren.com\/eu\/wp-json\/wp\/v2\/types\/page"}],"author":[{"embeddable":true,"href":"https:\/\/www.ediren.com\/eu\/wp-json\/wp\/v2\/users\/3"}],"replies":[{"embeddable":true,"href":"https:\/\/www.ediren.com\/eu\/wp-json\/wp\/v2\/comments?post=24932"}],"version-history":[{"count":13,"href":"https:\/\/www.ediren.com\/eu\/wp-json\/wp\/v2\/pages\/24932\/revisions"}],"predecessor-version":[{"id":25042,"href":"https:\/\/www.ediren.com\/eu\/wp-json\/wp\/v2\/pages\/24932\/revisions\/25042"}],"wp:attachment":[{"href":"https:\/\/www.ediren.com\/eu\/wp-json\/wp\/v2\/media?parent=24932"}],"curies":[{"name":"wp","href":"https:\/\/api.w.org\/{rel}","templated":true}]}}