{"id":3206,"date":"2010-08-15T19:13:33","date_gmt":"2010-08-15T17:13:33","guid":{"rendered":"https:\/\/www.ediren.com\/contacto\/"},"modified":"2025-11-24T18:25:48","modified_gmt":"2025-11-24T17:25:48","slug":"kontaktua","status":"publish","type":"page","link":"https:\/\/www.ediren.com\/eu\/kontaktua\/","title":{"rendered":"Harremanetarako"},"content":{"rendered":"\t\t<div data-elementor-type=\"wp-post\" data-elementor-id=\"3206\" class=\"elementor elementor-3206 elementor-84\">\n\t\t\t\t\t\t<section class=\"elementor-section elementor-top-section elementor-element elementor-element-tubgem6 elementor-section-boxed elementor-section-height-default elementor-section-height-default\" data-id=\"tubgem6\" data-element_type=\"section\" data-e-type=\"section\">\n\t\t\t\t\t\t<div class=\"elementor-container elementor-column-gap-default\">\n\t\t\t\t\t<div class=\"elementor-column elementor-col-100 elementor-top-column elementor-element elementor-element-cia2ij9\" data-id=\"cia2ij9\" data-element_type=\"column\" data-e-type=\"column\">\n\t\t\t<div class=\"elementor-widget-wrap elementor-element-populated\">\n\t\t\t\t\t\t<div class=\"elementor-element elementor-element-jpqe31e elementor-widget elementor-widget-heading\" data-id=\"jpqe31e\" data-element_type=\"widget\" data-e-type=\"widget\" data-widget_type=\"heading.default\">\n\t\t\t\t<div class=\"elementor-widget-container\">\n\t\t\t\t\t<h1 class=\"elementor-heading-title elementor-size-default\">Jar zaitez gurekin harremanetan<\/h1>\t\t\t\t<\/div>\n\t\t\t\t<\/div>\n\t\t\t\t<section class=\"elementor-section elementor-inner-section elementor-element elementor-element-qd7p4an elementor-section-boxed elementor-section-height-default elementor-section-height-default\" data-id=\"qd7p4an\" data-element_type=\"section\" data-e-type=\"section\">\n\t\t\t\t\t\t<div class=\"elementor-container elementor-column-gap-default\">\n\t\t\t\t\t<div class=\"elementor-column elementor-col-50 elementor-inner-column elementor-element elementor-element-5fe0ktk\" data-id=\"5fe0ktk\" data-element_type=\"column\" data-e-type=\"column\">\n\t\t\t<div class=\"elementor-widget-wrap elementor-element-populated\">\n\t\t\t\t\t\t<div class=\"elementor-element elementor-element-kopchgv elementor-widget elementor-widget-text-editor\" data-id=\"kopchgv\" data-element_type=\"widget\" data-e-type=\"widget\" data-widget_type=\"text-editor.default\">\n\t\t\t\t<div class=\"elementor-widget-container\">\n\t\t\t\t\t\t\t\t\t<h2 class=\"nombre\">Ediren osasun kooperatiba<\/h2>\n<p>Hazgarri S.Coop. \u2022 N.I.F.: F01263227<\/p>\n<p><strong>ARABA<\/strong><\/p>\n<p>Errekatxiki kalea, 4-6<br \/>01003 Vitoria-Gasteiz<\/p>\n<p>Pje. Postas, 32-2 esk.<br \/>01001 Vitoria-Gasteiz<\/p>\n<p>Eskatu hitzordua: <span class=\"negrita\"><strong><a href=\"tel:+34945266366\">945 266 366<\/a><\/strong><\/span><\/p>\n<p><a href=\"mailto:kooperatiba@ediren.com\">kooperatiba@ediren.com<\/a><\/p>\n<p><strong>Ordutegia<\/strong>: astelehenetik ostiralera, 8:30etik 20:30era.<\/p>\n<p><strong>Abuztuaren 1etik 15era itxita egongo da.<\/strong><\/p>\n<p><strong>BIZKAIA<\/strong><\/p>\n<p>Iparragirre kalea, 54, 1. solairua, 6. bulegoa<br \/>48010 <a href=\"https:\/\/www.ediren.com\/eu\/psikoterapia-bilbo\/\" rel=\"noopener\">Bilbo<\/a><\/p>\n<p>Eskatu hitzordua: <strong><span style=\"color: #ff0000;\">635 59 90 79<\/span><\/strong><\/p>\n<p><a href=\"https:\/\/www.ediren.com\/eu\/eskatu-hitzordua\/\">Hitzordua eskatu nahi dut<\/a><\/p>\n<p><a class=\"button\" href=\"http:\/\/eepurl.com\/daQmp9\" target=\"_blank\" rel=\"noopener\">Harpidetu gure buletinera<\/a><\/p>\n\t\t\t\t\t\t\t\t<\/div>\n\t\t\t\t<\/div>\n\t\t\t\t\t<\/div>\n\t\t<\/div>\n\t\t\t\t<div class=\"elementor-column elementor-col-50 elementor-inner-column elementor-element elementor-element-lcemcff\" data-id=\"lcemcff\" data-element_type=\"column\" data-e-type=\"column\">\n\t\t\t<div class=\"elementor-widget-wrap elementor-element-populated\">\n\t\t\t\t\t\t<div class=\"elementor-element elementor-element-pvxmndq elementor-widget elementor-widget-text-editor\" data-id=\"pvxmndq\" data-element_type=\"widget\" data-e-type=\"widget\" data-widget_type=\"text-editor.default\">\n\t\t\t\t<div class=\"elementor-widget-container\">\n\t\t\t\t\t\t\t\t\t<p>\n<div class=\"wpcf7 no-js\" id=\"wpcf7-f3559-o1\" lang=\"es-ES\" dir=\"ltr\" data-wpcf7-id=\"3559\">\n<div class=\"screen-reader-response\"><p role=\"status\" aria-live=\"polite\" aria-atomic=\"true\"><\/p> <ul><\/ul><\/div>\n<form action=\"\/eu\/wp-json\/wp\/v2\/pages\/3206#wpcf7-f3559-o1\" method=\"post\" class=\"wpcf7-form init\" aria-label=\"Contact form\" novalidate=\"novalidate\" data-status=\"init\">\n<fieldset class=\"hidden-fields-container\"><input type=\"hidden\" name=\"_wpcf7\" value=\"3559\" \/><input type=\"hidden\" name=\"_wpcf7_version\" value=\"6.1.5\" \/><input type=\"hidden\" name=\"_wpcf7_locale\" value=\"es_ES\" \/><input type=\"hidden\" name=\"_wpcf7_unit_tag\" value=\"wpcf7-f3559-o1\" \/><input type=\"hidden\" name=\"_wpcf7_container_post\" value=\"0\" \/><input type=\"hidden\" name=\"_wpcf7_posted_data_hash\" value=\"\" \/><input type=\"hidden\" name=\"_wpcf7_recaptcha_response\" value=\"\" \/>\n<\/fieldset>\n<p><label> Izena (*)<br \/>\n<span class=\"wpcf7-form-control-wrap\" data-name=\"your-name\"><input size=\"40\" maxlength=\"400\" class=\"wpcf7-form-control wpcf7-text wpcf7-validates-as-required\" aria-required=\"true\" aria-invalid=\"false\" value=\"\" type=\"text\" name=\"your-name\" \/><\/span> <\/label>\n<\/p>\n<p><label> Abizenak (*)<br \/>\n<span class=\"wpcf7-form-control-wrap\" data-name=\"your-lastname\"><input size=\"40\" maxlength=\"400\" class=\"wpcf7-form-control wpcf7-text wpcf7-validates-as-required\" aria-required=\"true\" aria-invalid=\"false\" value=\"\" type=\"text\" name=\"your-lastname\" \/><\/span> <\/label><br \/>\n<label> Helbide elektronikoa (*)<br \/>\n<span class=\"wpcf7-form-control-wrap\" data-name=\"your-email\"><input size=\"40\" maxlength=\"400\" class=\"wpcf7-form-control wpcf7-email wpcf7-validates-as-required wpcf7-text wpcf7-validates-as-email\" aria-required=\"true\" aria-invalid=\"false\" value=\"\" type=\"email\" name=\"your-email\" \/><\/span> <\/label>\n<\/p>\n<p><label> Telefonoa (*)<br \/>\n<span class=\"wpcf7-form-control-wrap\" data-name=\"tel-447\"><input size=\"40\" maxlength=\"400\" class=\"wpcf7-form-control wpcf7-tel wpcf7-validates-as-required wpcf7-text wpcf7-validates-as-tel\" aria-required=\"true\" aria-invalid=\"false\" value=\"\" type=\"tel\" name=\"tel-447\" \/><\/span> <\/label>\n<\/p>\n<p><label> Gaia<br \/>\n<span class=\"wpcf7-form-control-wrap\" data-name=\"your-subject\"><input size=\"40\" maxlength=\"400\" class=\"wpcf7-form-control wpcf7-text\" aria-invalid=\"false\" value=\"\" type=\"text\" name=\"your-subject\" \/><\/span> <\/label>\n<\/p>\n<p><label> Mezua<br \/>\n<span class=\"wpcf7-form-control-wrap\" data-name=\"your-message\"><textarea cols=\"40\" rows=\"10\" maxlength=\"2000\" class=\"wpcf7-form-control wpcf7-textarea\" aria-invalid=\"false\" name=\"your-message\"><\/textarea><\/span> <\/label>\n<\/p>\n<p><label><span class=\"wpcf7-form-control-wrap\" data-name=\"acceptance-970\"><span class=\"wpcf7-form-control wpcf7-acceptance\"><span class=\"wpcf7-list-item\"><label><input type=\"checkbox\" name=\"acceptance-970\" value=\"1\" aria-invalid=\"false\" \/><span class=\"wpcf7-list-item-label\">Pribatutasun-politika onartzen dut<\/span><\/label><\/span><\/span><\/span> <\/label>\n<\/p>\n<p class=\"politica\">Tratamenduaren arduraduna: HAZGARRI, S. COOP. (EDIREN). IFK: F-01263227. Posta-helbidea: Errekatxiki kalea 4 eta 6, behea, 01003 PK, Vitoria-Gasteiz. Telefonoa: 945 266 366. Posta elektronikoa: kooperatiba@ediren.com<br \/>\nHAZGARRI, S. COOP. (Ediren) ematen digun informazioa tratatzen dugu, eskatutako zerbitzua emateko eta kudeatzeko, fakturazioa barne. Merkataritza-harremanak irauten duen bitartean edo legezko betebeharrak betetzeko behar diren urteetan gordeko dira emandako datuak. Datuak ez zaizkie hirugarrenei lagako, legezko betebeharren bat dagoenean edo zerbitzuaren helburua betetzeko beharrezkoa denean izan ezik. Zure datuak eskuratzeko, zuzentzeko, ezabatzeko edo mugatzeko eta beste eskubide batzuk eskatzeko eskubidea duzu, www.ediren.com webgunean kontsulta dezakezun informazio gehigarri eta xehatuan azaltzen den bezala.\n<\/p>\n<div class=\"clear\">\n<\/div>\n\n<div class=\"clear\">\n<\/div>\n<p><input class=\"wpcf7-form-control wpcf7-submit has-spinner\" type=\"submit\" value=\"Bidali\" \/>\n<\/p><div class=\"wpcf7-response-output\" aria-hidden=\"true\"><\/div>\n<\/form>\n<\/div>\n<\/p>\n\t\t\t\t\t\t\t\t<\/div>\n\t\t\t\t<\/div>\n\t\t\t\t\t<\/div>\n\t\t<\/div>\n\t\t\t\t\t<\/div>\n\t\t<\/section>\n\t\t\t\t\t<\/div>\n\t\t<\/div>\n\t\t\t\t\t<\/div>\n\t\t<\/section>\n\t\t\t\t<\/div>\n\t\t","protected":false},"excerpt":{"rendered":"<p>Jar zaitez gurekin harremanetan Ediren osasun kooperatiba Hazgarri S.Coop. \u2022 N.I.F.: F01263227 ARABA Errekatxiki kalea, 4-601003 Vitoria-Gasteiz Pje. Postas, 32-2 esk.01001 Vitoria-Gasteiz Eskatu hitzordua: 945 266 366 kooperatiba@ediren.com Ordutegia: astelehenetik ostiralera, 8:30etik 20:30era. Abuztuaren 1etik 15era itxita egongo da. BIZKAIA Iparragirre kalea, 54, 1. solairua, 6. bulegoa48010 Bilbo Eskatu hitzordua: 635 59 90 79 Hitzordua [&hellip;]<\/p>\n","protected":false},"author":3,"featured_media":0,"parent":0,"menu_order":11,"comment_status":"open","ping_status":"closed","template":"page_contact.php","meta":{"_genesis_hide_title":false,"_genesis_hide_breadcrumbs":false,"_genesis_hide_singular_image":false,"_genesis_hide_footer_widgets":false,"_genesis_custom_body_class":"","_genesis_custom_post_class":"","_genesis_layout":"","footnotes":""},"class_list":{"0":"post-3206","1":"page","2":"type-page","3":"status-publish","5":"entry"},"yoast_head":"<!-- This site is optimized with the Yoast SEO plugin v27.4 - https:\/\/yoast.com\/product\/yoast-seo-wordpress\/ -->\n<title>Harremanetarako - Centro de Psicoterapia y Fisioterapia<\/title>\n<meta name=\"description\" content=\"Centro de fisioterapia Vitoria. Ediren, Centro de Psicoterapia y Psic\u00f3logos, especialistas en rehabilitaci\u00f3n y en psicolog\u00eda. Harremanetarako\" \/>\n<meta name=\"robots\" content=\"index, follow, max-snippet:-1, max-image-preview:large, max-video-preview:-1\" \/>\n<link rel=\"canonical\" href=\"https:\/\/www.ediren.com\/eu\/kontaktua\/\" \/>\n<meta property=\"og:locale\" content=\"eu_ES\" \/>\n<meta property=\"og:type\" content=\"article\" \/>\n<meta property=\"og:title\" content=\"Harremanetarako - Centro de Psicoterapia y Fisioterapia\" \/>\n<meta property=\"og:description\" content=\"Centro de fisioterapia Vitoria. Ediren, Centro de Psicoterapia y Psic\u00f3logos, especialistas en rehabilitaci\u00f3n y en psicolog\u00eda. Harremanetarako\" \/>\n<meta property=\"og:url\" content=\"https:\/\/www.ediren.com\/eu\/kontaktua\/\" \/>\n<meta property=\"og:site_name\" content=\"Ediren\" \/>\n<meta property=\"article:publisher\" content=\"https:\/\/www.facebook.com\/pages\/Ediren-SALUD\/298201266858043\" \/>\n<meta property=\"article:modified_time\" content=\"2025-11-24T17:25:48+00:00\" \/>\n<meta name=\"twitter:card\" content=\"summary_large_image\" \/>\n<meta name=\"twitter:site\" content=\"@edirensalud\" \/>\n<meta name=\"twitter:label1\" content=\"Est. reading time\" \/>\n\t<meta name=\"twitter:data1\" content=\"1 minute\" \/>\n<script type=\"application\/ld+json\" class=\"yoast-schema-graph\">{\"@context\":\"https:\\\/\\\/schema.org\",\"@graph\":[{\"@type\":\"WebPage\",\"@id\":\"https:\\\/\\\/www.ediren.com\\\/eu\\\/kontaktua\\\/\",\"url\":\"https:\\\/\\\/www.ediren.com\\\/eu\\\/kontaktua\\\/\",\"name\":\"Harremanetarako - Centro de Psicoterapia y Fisioterapia\",\"isPartOf\":{\"@id\":\"https:\\\/\\\/www.ediren.com\\\/eu\\\/#website\"},\"datePublished\":\"2010-08-15T17:13:33+00:00\",\"dateModified\":\"2025-11-24T17:25:48+00:00\",\"description\":\"Centro de fisioterapia Vitoria. Ediren, Centro de Psicoterapia y Psic\u00f3logos, especialistas en rehabilitaci\u00f3n y en psicolog\u00eda. Harremanetarako\",\"breadcrumb\":{\"@id\":\"https:\\\/\\\/www.ediren.com\\\/eu\\\/kontaktua\\\/#breadcrumb\"},\"inLanguage\":\"eu-ES\",\"potentialAction\":[{\"@type\":\"ReadAction\",\"target\":[\"https:\\\/\\\/www.ediren.com\\\/eu\\\/kontaktua\\\/\"]}]},{\"@type\":\"BreadcrumbList\",\"@id\":\"https:\\\/\\\/www.ediren.com\\\/eu\\\/kontaktua\\\/#breadcrumb\",\"itemListElement\":[{\"@type\":\"ListItem\",\"position\":1,\"name\":\"Portada\",\"item\":\"https:\\\/\\\/www.ediren.com\\\/eu\\\/hasiera\\\/\"},{\"@type\":\"ListItem\",\"position\":2,\"name\":\"Harremanetarako\"}]},{\"@type\":\"WebSite\",\"@id\":\"https:\\\/\\\/www.ediren.com\\\/eu\\\/#website\",\"url\":\"https:\\\/\\\/www.ediren.com\\\/eu\\\/\",\"name\":\"Ediren\",\"description\":\"Cooperativa de Salud\",\"potentialAction\":[{\"@type\":\"SearchAction\",\"target\":{\"@type\":\"EntryPoint\",\"urlTemplate\":\"https:\\\/\\\/www.ediren.com\\\/eu\\\/?s={search_term_string}\"},\"query-input\":{\"@type\":\"PropertyValueSpecification\",\"valueRequired\":true,\"valueName\":\"search_term_string\"}}],\"inLanguage\":\"eu-ES\"}]}<\/script>\n<!-- \/ Yoast SEO plugin. -->","yoast_head_json":{"title":"Harremanetarako - Centro de Psicoterapia y Fisioterapia","description":"Centro de fisioterapia Vitoria. Ediren, Centro de Psicoterapia y Psic\u00f3logos, especialistas en rehabilitaci\u00f3n y en psicolog\u00eda. Harremanetarako","robots":{"index":"index","follow":"follow","max-snippet":"max-snippet:-1","max-image-preview":"max-image-preview:large","max-video-preview":"max-video-preview:-1"},"canonical":"https:\/\/www.ediren.com\/eu\/kontaktua\/","og_locale":"eu_ES","og_type":"article","og_title":"Harremanetarako - Centro de Psicoterapia y Fisioterapia","og_description":"Centro de fisioterapia Vitoria. Ediren, Centro de Psicoterapia y Psic\u00f3logos, especialistas en rehabilitaci\u00f3n y en psicolog\u00eda. Harremanetarako","og_url":"https:\/\/www.ediren.com\/eu\/kontaktua\/","og_site_name":"Ediren","article_publisher":"https:\/\/www.facebook.com\/pages\/Ediren-SALUD\/298201266858043","article_modified_time":"2025-11-24T17:25:48+00:00","twitter_card":"summary_large_image","twitter_site":"@edirensalud","twitter_misc":{"Est. reading time":"1 minute"},"schema":{"@context":"https:\/\/schema.org","@graph":[{"@type":"WebPage","@id":"https:\/\/www.ediren.com\/eu\/kontaktua\/","url":"https:\/\/www.ediren.com\/eu\/kontaktua\/","name":"Harremanetarako - Centro de Psicoterapia y Fisioterapia","isPartOf":{"@id":"https:\/\/www.ediren.com\/eu\/#website"},"datePublished":"2010-08-15T17:13:33+00:00","dateModified":"2025-11-24T17:25:48+00:00","description":"Centro de fisioterapia Vitoria. Ediren, Centro de Psicoterapia y Psic\u00f3logos, especialistas en rehabilitaci\u00f3n y en psicolog\u00eda. Harremanetarako","breadcrumb":{"@id":"https:\/\/www.ediren.com\/eu\/kontaktua\/#breadcrumb"},"inLanguage":"eu-ES","potentialAction":[{"@type":"ReadAction","target":["https:\/\/www.ediren.com\/eu\/kontaktua\/"]}]},{"@type":"BreadcrumbList","@id":"https:\/\/www.ediren.com\/eu\/kontaktua\/#breadcrumb","itemListElement":[{"@type":"ListItem","position":1,"name":"Portada","item":"https:\/\/www.ediren.com\/eu\/hasiera\/"},{"@type":"ListItem","position":2,"name":"Harremanetarako"}]},{"@type":"WebSite","@id":"https:\/\/www.ediren.com\/eu\/#website","url":"https:\/\/www.ediren.com\/eu\/","name":"Ediren","description":"Cooperativa de Salud","potentialAction":[{"@type":"SearchAction","target":{"@type":"EntryPoint","urlTemplate":"https:\/\/www.ediren.com\/eu\/?s={search_term_string}"},"query-input":{"@type":"PropertyValueSpecification","valueRequired":true,"valueName":"search_term_string"}}],"inLanguage":"eu-ES"}]}},"_links":{"self":[{"href":"https:\/\/www.ediren.com\/eu\/wp-json\/wp\/v2\/pages\/3206","targetHints":{"allow":["GET"]}}],"collection":[{"href":"https:\/\/www.ediren.com\/eu\/wp-json\/wp\/v2\/pages"}],"about":[{"href":"https:\/\/www.ediren.com\/eu\/wp-json\/wp\/v2\/types\/page"}],"author":[{"embeddable":true,"href":"https:\/\/www.ediren.com\/eu\/wp-json\/wp\/v2\/users\/3"}],"replies":[{"embeddable":true,"href":"https:\/\/www.ediren.com\/eu\/wp-json\/wp\/v2\/comments?post=3206"}],"version-history":[{"count":56,"href":"https:\/\/www.ediren.com\/eu\/wp-json\/wp\/v2\/pages\/3206\/revisions"}],"predecessor-version":[{"id":23843,"href":"https:\/\/www.ediren.com\/eu\/wp-json\/wp\/v2\/pages\/3206\/revisions\/23843"}],"wp:attachment":[{"href":"https:\/\/www.ediren.com\/eu\/wp-json\/wp\/v2\/media?parent=3206"}],"curies":[{"name":"wp","href":"https:\/\/api.w.org\/{rel}","templated":true}]}}