{"id":3276,"date":"2017-07-05T12:22:21","date_gmt":"2017-07-05T10:22:21","guid":{"rendered":"https:\/\/www.ediren.com\/ediren\/"},"modified":"2024-12-16T13:50:29","modified_gmt":"2024-12-16T12:50:29","slug":"ediren","status":"publish","type":"page","link":"https:\/\/www.ediren.com\/eu\/ediren\/","title":{"rendered":"Ediren"},"content":{"rendered":"\t\t<div data-elementor-type=\"wp-post\" data-elementor-id=\"3276\" class=\"elementor elementor-3276 elementor-512\">\n\t\t\t\t\t\t<section class=\"elementor-section elementor-top-section elementor-element elementor-element-kwjprhe elementor-section-stretched elementor-section-boxed elementor-section-height-default elementor-section-height-default\" data-id=\"kwjprhe\" data-element_type=\"section\" data-e-type=\"section\" data-settings=\"{&quot;stretch_section&quot;:&quot;section-stretched&quot;,&quot;background_background&quot;:&quot;classic&quot;}\">\n\t\t\t\t\t\t<div class=\"elementor-container elementor-column-gap-default\">\n\t\t\t\t\t<div class=\"elementor-column elementor-col-100 elementor-top-column elementor-element elementor-element-blwgpcs\" data-id=\"blwgpcs\" data-element_type=\"column\" data-e-type=\"column\" data-settings=\"{&quot;background_background&quot;:&quot;classic&quot;}\">\n\t\t\t<div class=\"elementor-widget-wrap elementor-element-populated\">\n\t\t\t\t\t\t<div class=\"elementor-element elementor-element-zvuzwnk elementor-widget elementor-widget-text-editor\" data-id=\"zvuzwnk\" data-element_type=\"widget\" data-e-type=\"widget\" data-widget_type=\"text-editor.default\">\n\t\t\t\t<div class=\"elementor-widget-container\">\n\t\t\t\t\t\t\t\t\t<h2 style=\"text-align: center;\">EDIRENek osasun-gune bat eskaintzen dizu, laguntza pertsonala eta gizarte-garapena bateratzen dituena.<\/h2>\t\t\t\t\t\t\t\t<\/div>\n\t\t\t\t<\/div>\n\t\t\t\t<div class=\"elementor-element elementor-element-tlwavcq elementor-view-default elementor-widget elementor-widget-icon\" data-id=\"tlwavcq\" data-element_type=\"widget\" data-e-type=\"widget\" data-widget_type=\"icon.default\">\n\t\t\t\t<div class=\"elementor-widget-container\">\n\t\t\t\t\t\t\t<div class=\"elementor-icon-wrapper\">\n\t\t\t<div class=\"elementor-icon\">\n\t\t\t<i aria-hidden=\"true\" class=\"fas fa-quote-right\"><\/i>\t\t\t<\/div>\n\t\t<\/div>\n\t\t\t\t\t\t<\/div>\n\t\t\t\t<\/div>\n\t\t\t\t\t<\/div>\n\t\t<\/div>\n\t\t\t\t\t<\/div>\n\t\t<\/section>\n\t\t\t\t<section class=\"elementor-section elementor-top-section elementor-element elementor-element-ga3c431 elementor-section-stretched elementor-reverse-mobile elementor-section-boxed elementor-section-height-default elementor-section-height-default\" data-id=\"ga3c431\" data-element_type=\"section\" data-e-type=\"section\" data-settings=\"{&quot;stretch_section&quot;:&quot;section-stretched&quot;,&quot;background_background&quot;:&quot;classic&quot;}\">\n\t\t\t\t\t\t<div class=\"elementor-container elementor-column-gap-default\">\n\t\t\t\t\t<div class=\"elementor-column elementor-col-100 elementor-top-column elementor-element elementor-element-8sn1vaq fondo-responsive\" data-id=\"8sn1vaq\" data-element_type=\"column\" data-e-type=\"column\" data-settings=\"{&quot;background_background&quot;:&quot;gradient&quot;}\">\n\t\t\t<div class=\"elementor-widget-wrap elementor-element-populated\">\n\t\t\t\t\t\t<div class=\"elementor-element elementor-element-q55xx6n elementor-widget elementor-widget-image\" data-id=\"q55xx6n\" data-element_type=\"widget\" data-e-type=\"widget\" data-widget_type=\"image.default\">\n\t\t\t\t<div class=\"elementor-widget-container\">\n\t\t\t\t\t\t\t\t\t\t\t\t\t\t\t<img fetchpriority=\"high\" decoding=\"async\" width=\"800\" height=\"534\" src=\"https:\/\/www.ediren.com\/wp-content\/uploads\/2017\/07\/Ediren-equipo-2.jpg\" class=\"attachment-large size-large wp-image-1056\" alt=\"\" srcset=\"https:\/\/www.ediren.com\/wp-content\/uploads\/2017\/07\/Ediren-equipo-2.jpg 800w, https:\/\/www.ediren.com\/wp-content\/uploads\/2017\/07\/Ediren-equipo-2-300x200.jpg 300w, https:\/\/www.ediren.com\/wp-content\/uploads\/2017\/07\/Ediren-equipo-2-768x513.jpg 768w\" sizes=\"(max-width: 800px) 100vw, 800px\" \/>\t\t\t\t\t\t\t\t\t\t\t\t\t\t\t<\/div>\n\t\t\t\t<\/div>\n\t\t\t\t<div class=\"elementor-element elementor-element-c19aae6 elementor-widget elementor-widget-heading\" data-id=\"c19aae6\" data-element_type=\"widget\" data-e-type=\"widget\" data-widget_type=\"heading.default\">\n\t\t\t\t<div class=\"elementor-widget-container\">\n\t\t\t\t\t<h1 class=\"elementor-heading-title elementor-size-medium\">Gasteizko osasun zentroa<\/h1>\t\t\t\t<\/div>\n\t\t\t\t<\/div>\n\t\t\t\t<div class=\"elementor-element elementor-element-v3ho6ht elementor-widget elementor-widget-text-editor\" data-id=\"v3ho6ht\" data-element_type=\"widget\" data-e-type=\"widget\" data-widget_type=\"text-editor.default\">\n\t\t\t\t<div class=\"elementor-widget-container\">\n\t\t\t\t\t\t\t\t\t<p><strong>Gure osasun-proiektua 1998an sortu zen<\/strong>, Madrilgo &#8220;Marie Langer&#8221; Osasun Komunitarioko Zentroaren egoitza gisa. <strong>2004an<\/strong> bihurtu ginen kooperatiba-sozietate.<\/p><div class=\"row\"><div class=\"col-md-12 col-xs-12\">Bere sorreratik, Ediren-ek Osasunaren, Hezkuntzaren eta Gizarte Esku-hartzearen <strong>arloko diziplina arteko profesionalen talde<\/strong> bat biltzen du, eta bere kezka nagusia pertsonen osasunaren eta ongizatearen alde modu globalean lan egitea da.<\/div><div>\u00a0<\/div><div class=\"col-md-12 col-xs-12\"><strong>25 urte baino gehiagoko esperientziak<\/strong> gure praktika kliniko, mental eta fisiko, sozio-komunitario eta irakasle guztia bermatzen du.<\/div><\/div>\t\t\t\t\t\t\t\t<\/div>\n\t\t\t\t<\/div>\n\t\t\t\t<div class=\"elementor-element elementor-element-813df2a elementor-widget elementor-widget-text-editor\" data-id=\"813df2a\" data-element_type=\"widget\" data-e-type=\"widget\" data-widget_type=\"text-editor.default\">\n\t\t\t\t<div class=\"elementor-widget-container\">\n\t\t\t\t\t\t\t\t\t<h2>Zure osasuna hobetzeko alternatibak proposatzen dizkizugu<\/h2><p>Zure bizimodurako alternatibak bilatzen ari bazara, gure kooperatibak zure eta <strong>zure familiaren osasun fisiko eta mentala hobetzeko proposamen-sorta zabala<\/strong> eskaintzen dizu.<\/p><p>Zure adina edozein izanda ere, prebentziozko esku-hartze terapeutikoak zein prestakuntzakoak biltzen dituzten zerbitzuak aurkituko dituzu hemen, banakakoak zein taldekakoak.<\/p><p><strong>Zure eguneroko bizimoduari kalitatea emango dioten aldaketa txikiak lortzeko, hainbat jardueratan parte hartu ahal izango duzu, kostu txikiarekin.<\/strong><\/p><p>Edirenen, <strong>taldean egiten dugu lan, hainbat diziplina jorratuta eta prestakuntza bera oinarri.<\/strong> Gure eguneroko ahalegina laguntza profesionala ematean oinarritzen da, zure osasuna kudea dezazun eta nahi duzun bizi-proiektua askatasunez eta modu arduratsuan eraiki dezazun.<\/p><p>Errealitate indibidual (gorputzari zein emozioei dagokienez), familiar eta sozialaren kontzientzia handiagoa duten pertsonez osatutako gizartea nahi dugu. Horretarako, <strong>zure moduko pertsonentzat dira gure osasun-proposamenak, baita mota orotako kolektiboetarako, enpresetarako eta erakundeetarako ere, izan publikoak edo pribatuak<\/strong>.<\/p>\t\t\t\t\t\t\t\t<\/div>\n\t\t\t\t<\/div>\n\t\t\t\t\t<\/div>\n\t\t<\/div>\n\t\t\t\t\t<\/div>\n\t\t<\/section>\n\t\t\t\t<section class=\"elementor-section elementor-top-section elementor-element elementor-element-3px6ney elementor-section-stretched elementor-section-boxed elementor-section-height-default elementor-section-height-default\" data-id=\"3px6ney\" data-element_type=\"section\" data-e-type=\"section\" data-settings=\"{&quot;stretch_section&quot;:&quot;section-stretched&quot;}\">\n\t\t\t\t\t\t<div class=\"elementor-container elementor-column-gap-default\">\n\t\t\t\t\t<div class=\"elementor-column elementor-col-50 elementor-top-column elementor-element elementor-element-k02l7su\" data-id=\"k02l7su\" data-element_type=\"column\" data-e-type=\"column\">\n\t\t\t<div class=\"elementor-widget-wrap elementor-element-populated\">\n\t\t\t\t\t\t<div class=\"elementor-element elementor-element-834jgwd elementor-widget elementor-widget-text-editor\" data-id=\"834jgwd\" data-element_type=\"widget\" data-e-type=\"widget\" data-widget_type=\"text-editor.default\">\n\t\t\t\t<div class=\"elementor-widget-container\">\n\t\t\t\t\t\t\t\t\t<h3>MISIOA<\/h3>\n<p>Pertsonen osasun eta ongizatearen garapenerako lan egitea, esku-hartze profesional terapeutiko, gizarte- eta hezkuntza-mailako, eta prestakuntzakoen bitartez, herritarren bizimoduan eraldaketa osasungarriak sustatuko dituzten osagaiak emanda.<\/p>\n\t\t\t\t\t\t\t\t<\/div>\n\t\t\t\t<\/div>\n\t\t\t\t<div class=\"elementor-element elementor-element-923tj9t elementor-widget elementor-widget-image\" data-id=\"923tj9t\" data-element_type=\"widget\" data-e-type=\"widget\" data-widget_type=\"image.default\">\n\t\t\t\t<div class=\"elementor-widget-container\">\n\t\t\t\t\t\t\t\t\t\t\t\t\t\t\t<img decoding=\"async\" width=\"1000\" height=\"667\" src=\"https:\/\/www.ediren.com\/wp-content\/uploads\/2017\/09\/piedras.jpg\" class=\"attachment-large size-large wp-image-1151\" alt=\"\" srcset=\"https:\/\/www.ediren.com\/wp-content\/uploads\/2017\/09\/piedras.jpg 1000w, https:\/\/www.ediren.com\/wp-content\/uploads\/2017\/09\/piedras-300x200.jpg 300w, https:\/\/www.ediren.com\/wp-content\/uploads\/2017\/09\/piedras-768x512.jpg 768w\" sizes=\"(max-width: 1000px) 100vw, 1000px\" \/>\t\t\t\t\t\t\t\t\t\t\t\t\t\t\t<\/div>\n\t\t\t\t<\/div>\n\t\t\t\t\t<\/div>\n\t\t<\/div>\n\t\t\t\t<div class=\"elementor-column elementor-col-50 elementor-top-column elementor-element elementor-element-6l5mpz6\" data-id=\"6l5mpz6\" data-element_type=\"column\" data-e-type=\"column\">\n\t\t\t<div class=\"elementor-widget-wrap elementor-element-populated\">\n\t\t\t\t\t\t<div class=\"elementor-element elementor-element-htq9w8t elementor-widget elementor-widget-text-editor\" data-id=\"htq9w8t\" data-element_type=\"widget\" data-e-type=\"widget\" data-widget_type=\"text-editor.default\">\n\t\t\t\t<div class=\"elementor-widget-container\">\n\t\t\t\t\t\t\t\t\t<h3>BALIOAK<\/h3>\n<ul>\n<li>Konpromisoa pertsonekin eta jendartearekin (bizimoduen gaineko ikuspegi kritikoa eta aldaketa pertsonal eta soziala bilatzea), gizarte-erantzukizun korporatiboa.<\/li>\n<li>Diziplinarteko profesionalen arteko talde-lana, prestakuntza bera dutenen artekoa (Psikologia Soziala, EKEO)<\/li>\n<li>Zorroztasun profesionala, etengabeko prestakuntza eta ikerketa iraunkor maila jasoarekin.<\/li>\n<li>Hurbiltasuna eta isilpekotasuna. Pertsona arteko loturaren erabilera, esku hartzeko tresna nagusi gisa. Teknologia sofistikatuaren eta farmakologiaren gehiegizko erabilera saihestuta.<\/li>\n<li>Taldea elementu eraldatzaile gisa, aldaketa pertsonal eta sozialaren eragile nagusia.<\/li>\n<li>Eredu kooperatiboa, eraikuntza kolektiboa, kudeaketa parte-hartzailea.<\/li>\n<li>Beste edozein erakunde publiko zein pribaturen mende gehiegi egon barik, kaudimen ekonomikoari eustea.<\/li>\n<li>Gardentasun ekonomikoa.<\/li>\n<li>Konpromisoa berdintasunarekin, genero-berdintasunarekin eta familiaren eta lanaren kontziliazioarekin.<\/li>\n<li>Konpromisoa euskararekin eta euskalduntzearekin.<\/li>\n<\/ul>\t\t\t\t\t\t\t\t<\/div>\n\t\t\t\t<\/div>\n\t\t\t\t\t<\/div>\n\t\t<\/div>\n\t\t\t\t\t<\/div>\n\t\t<\/section>\n\t\t\t\t<\/div>\n\t\t","protected":false},"excerpt":{"rendered":"<p>EDIRENek osasun-gune bat eskaintzen dizu, laguntza pertsonala eta gizarte-garapena bateratzen dituena. Gasteizko osasun zentroa Gure osasun-proiektua 1998an sortu zen, Madrilgo &#8220;Marie Langer&#8221; Osasun Komunitarioko Zentroaren egoitza gisa. 2004an bihurtu ginen kooperatiba-sozietate. Bere sorreratik, Ediren-ek Osasunaren, Hezkuntzaren eta Gizarte Esku-hartzearen arloko diziplina arteko profesionalen talde bat biltzen du, eta bere kezka nagusia pertsonen osasunaren eta ongizatearen [&hellip;]<\/p>\n","protected":false},"author":3,"featured_media":0,"parent":0,"menu_order":0,"comment_status":"closed","ping_status":"closed","template":"","meta":{"_genesis_hide_title":false,"_genesis_hide_breadcrumbs":false,"_genesis_hide_singular_image":false,"_genesis_hide_footer_widgets":false,"_genesis_custom_body_class":"","_genesis_custom_post_class":"","_genesis_layout":"","footnotes":""},"class_list":{"0":"post-3276","1":"page","2":"type-page","3":"status-publish","5":"entry"},"yoast_head":"<!-- This site is optimized with the Yoast SEO plugin v27.4 - https:\/\/yoast.com\/product\/yoast-seo-wordpress\/ -->\n<title>Ediren - Centro de Psicoterapia y Fisioterapia<\/title>\n<meta name=\"description\" content=\"Ediren, Centro de Psicoterapia y Psic\u00f3logos, especialistas en rehabilitaci\u00f3n y en psicolog\u00eda. Ediren\" \/>\n<meta name=\"robots\" content=\"index, follow, max-snippet:-1, max-image-preview:large, max-video-preview:-1\" \/>\n<link rel=\"canonical\" href=\"https:\/\/www.ediren.com\/eu\/ediren\/\" \/>\n<meta property=\"og:locale\" content=\"eu_ES\" \/>\n<meta property=\"og:type\" content=\"article\" \/>\n<meta property=\"og:title\" content=\"Ediren - Centro de Psicoterapia y Fisioterapia\" \/>\n<meta property=\"og:description\" content=\"Ediren, Centro de Psicoterapia y Psic\u00f3logos, especialistas en rehabilitaci\u00f3n y en psicolog\u00eda. Ediren\" \/>\n<meta property=\"og:url\" content=\"https:\/\/www.ediren.com\/eu\/ediren\/\" \/>\n<meta property=\"og:site_name\" content=\"Ediren\" \/>\n<meta property=\"article:publisher\" content=\"https:\/\/www.facebook.com\/pages\/Ediren-SALUD\/298201266858043\" \/>\n<meta property=\"article:modified_time\" content=\"2024-12-16T12:50:29+00:00\" \/>\n<meta property=\"og:image\" content=\"https:\/\/www.ediren.com\/wp-content\/uploads\/2017\/07\/Ediren-equipo-2.jpg\" \/>\n\t<meta property=\"og:image:width\" content=\"800\" \/>\n\t<meta property=\"og:image:height\" content=\"534\" \/>\n\t<meta property=\"og:image:type\" content=\"image\/jpeg\" \/>\n<meta name=\"twitter:card\" content=\"summary_large_image\" \/>\n<meta name=\"twitter:site\" content=\"@edirensalud\" \/>\n<meta name=\"twitter:label1\" content=\"Est. reading time\" \/>\n\t<meta name=\"twitter:data1\" content=\"3 minutes\" \/>\n<script type=\"application\/ld+json\" class=\"yoast-schema-graph\">{\"@context\":\"https:\\\/\\\/schema.org\",\"@graph\":[{\"@type\":\"WebPage\",\"@id\":\"https:\\\/\\\/www.ediren.com\\\/eu\\\/ediren\\\/\",\"url\":\"https:\\\/\\\/www.ediren.com\\\/eu\\\/ediren\\\/\",\"name\":\"Ediren - Centro de Psicoterapia y Fisioterapia\",\"isPartOf\":{\"@id\":\"https:\\\/\\\/www.ediren.com\\\/eu\\\/#website\"},\"primaryImageOfPage\":{\"@id\":\"https:\\\/\\\/www.ediren.com\\\/eu\\\/ediren\\\/#primaryimage\"},\"image\":{\"@id\":\"https:\\\/\\\/www.ediren.com\\\/eu\\\/ediren\\\/#primaryimage\"},\"thumbnailUrl\":\"https:\\\/\\\/www.ediren.com\\\/wp-content\\\/uploads\\\/2017\\\/07\\\/Ediren-equipo-2.jpg\",\"datePublished\":\"2017-07-05T10:22:21+00:00\",\"dateModified\":\"2024-12-16T12:50:29+00:00\",\"description\":\"Ediren, Centro de Psicoterapia y Psic\u00f3logos, especialistas en rehabilitaci\u00f3n y en psicolog\u00eda. Ediren\",\"breadcrumb\":{\"@id\":\"https:\\\/\\\/www.ediren.com\\\/eu\\\/ediren\\\/#breadcrumb\"},\"inLanguage\":\"eu-ES\",\"potentialAction\":[{\"@type\":\"ReadAction\",\"target\":[\"https:\\\/\\\/www.ediren.com\\\/eu\\\/ediren\\\/\"]}]},{\"@type\":\"ImageObject\",\"inLanguage\":\"eu-ES\",\"@id\":\"https:\\\/\\\/www.ediren.com\\\/eu\\\/ediren\\\/#primaryimage\",\"url\":\"https:\\\/\\\/www.ediren.com\\\/wp-content\\\/uploads\\\/2017\\\/07\\\/Ediren-equipo-2.jpg\",\"contentUrl\":\"https:\\\/\\\/www.ediren.com\\\/wp-content\\\/uploads\\\/2017\\\/07\\\/Ediren-equipo-2.jpg\"},{\"@type\":\"BreadcrumbList\",\"@id\":\"https:\\\/\\\/www.ediren.com\\\/eu\\\/ediren\\\/#breadcrumb\",\"itemListElement\":[{\"@type\":\"ListItem\",\"position\":1,\"name\":\"Portada\",\"item\":\"https:\\\/\\\/www.ediren.com\\\/eu\\\/hasiera\\\/\"},{\"@type\":\"ListItem\",\"position\":2,\"name\":\"Ediren\"}]},{\"@type\":\"WebSite\",\"@id\":\"https:\\\/\\\/www.ediren.com\\\/eu\\\/#website\",\"url\":\"https:\\\/\\\/www.ediren.com\\\/eu\\\/\",\"name\":\"Ediren\",\"description\":\"Cooperativa de Salud\",\"potentialAction\":[{\"@type\":\"SearchAction\",\"target\":{\"@type\":\"EntryPoint\",\"urlTemplate\":\"https:\\\/\\\/www.ediren.com\\\/eu\\\/?s={search_term_string}\"},\"query-input\":{\"@type\":\"PropertyValueSpecification\",\"valueRequired\":true,\"valueName\":\"search_term_string\"}}],\"inLanguage\":\"eu-ES\"}]}<\/script>\n<!-- \/ Yoast SEO plugin. -->","yoast_head_json":{"title":"Ediren - Centro de Psicoterapia y Fisioterapia","description":"Ediren, Centro de Psicoterapia y Psic\u00f3logos, especialistas en rehabilitaci\u00f3n y en psicolog\u00eda. Ediren","robots":{"index":"index","follow":"follow","max-snippet":"max-snippet:-1","max-image-preview":"max-image-preview:large","max-video-preview":"max-video-preview:-1"},"canonical":"https:\/\/www.ediren.com\/eu\/ediren\/","og_locale":"eu_ES","og_type":"article","og_title":"Ediren - Centro de Psicoterapia y Fisioterapia","og_description":"Ediren, Centro de Psicoterapia y Psic\u00f3logos, especialistas en rehabilitaci\u00f3n y en psicolog\u00eda. Ediren","og_url":"https:\/\/www.ediren.com\/eu\/ediren\/","og_site_name":"Ediren","article_publisher":"https:\/\/www.facebook.com\/pages\/Ediren-SALUD\/298201266858043","article_modified_time":"2024-12-16T12:50:29+00:00","og_image":[{"width":800,"height":534,"url":"https:\/\/www.ediren.com\/wp-content\/uploads\/2017\/07\/Ediren-equipo-2.jpg","type":"image\/jpeg"}],"twitter_card":"summary_large_image","twitter_site":"@edirensalud","twitter_misc":{"Est. reading time":"3 minutes"},"schema":{"@context":"https:\/\/schema.org","@graph":[{"@type":"WebPage","@id":"https:\/\/www.ediren.com\/eu\/ediren\/","url":"https:\/\/www.ediren.com\/eu\/ediren\/","name":"Ediren - Centro de Psicoterapia y Fisioterapia","isPartOf":{"@id":"https:\/\/www.ediren.com\/eu\/#website"},"primaryImageOfPage":{"@id":"https:\/\/www.ediren.com\/eu\/ediren\/#primaryimage"},"image":{"@id":"https:\/\/www.ediren.com\/eu\/ediren\/#primaryimage"},"thumbnailUrl":"https:\/\/www.ediren.com\/wp-content\/uploads\/2017\/07\/Ediren-equipo-2.jpg","datePublished":"2017-07-05T10:22:21+00:00","dateModified":"2024-12-16T12:50:29+00:00","description":"Ediren, Centro de Psicoterapia y Psic\u00f3logos, especialistas en rehabilitaci\u00f3n y en psicolog\u00eda. Ediren","breadcrumb":{"@id":"https:\/\/www.ediren.com\/eu\/ediren\/#breadcrumb"},"inLanguage":"eu-ES","potentialAction":[{"@type":"ReadAction","target":["https:\/\/www.ediren.com\/eu\/ediren\/"]}]},{"@type":"ImageObject","inLanguage":"eu-ES","@id":"https:\/\/www.ediren.com\/eu\/ediren\/#primaryimage","url":"https:\/\/www.ediren.com\/wp-content\/uploads\/2017\/07\/Ediren-equipo-2.jpg","contentUrl":"https:\/\/www.ediren.com\/wp-content\/uploads\/2017\/07\/Ediren-equipo-2.jpg"},{"@type":"BreadcrumbList","@id":"https:\/\/www.ediren.com\/eu\/ediren\/#breadcrumb","itemListElement":[{"@type":"ListItem","position":1,"name":"Portada","item":"https:\/\/www.ediren.com\/eu\/hasiera\/"},{"@type":"ListItem","position":2,"name":"Ediren"}]},{"@type":"WebSite","@id":"https:\/\/www.ediren.com\/eu\/#website","url":"https:\/\/www.ediren.com\/eu\/","name":"Ediren","description":"Cooperativa de Salud","potentialAction":[{"@type":"SearchAction","target":{"@type":"EntryPoint","urlTemplate":"https:\/\/www.ediren.com\/eu\/?s={search_term_string}"},"query-input":{"@type":"PropertyValueSpecification","valueRequired":true,"valueName":"search_term_string"}}],"inLanguage":"eu-ES"}]}},"_links":{"self":[{"href":"https:\/\/www.ediren.com\/eu\/wp-json\/wp\/v2\/pages\/3276","targetHints":{"allow":["GET"]}}],"collection":[{"href":"https:\/\/www.ediren.com\/eu\/wp-json\/wp\/v2\/pages"}],"about":[{"href":"https:\/\/www.ediren.com\/eu\/wp-json\/wp\/v2\/types\/page"}],"author":[{"embeddable":true,"href":"https:\/\/www.ediren.com\/eu\/wp-json\/wp\/v2\/users\/3"}],"replies":[{"embeddable":true,"href":"https:\/\/www.ediren.com\/eu\/wp-json\/wp\/v2\/comments?post=3276"}],"version-history":[{"count":14,"href":"https:\/\/www.ediren.com\/eu\/wp-json\/wp\/v2\/pages\/3276\/revisions"}],"predecessor-version":[{"id":21243,"href":"https:\/\/www.ediren.com\/eu\/wp-json\/wp\/v2\/pages\/3276\/revisions\/21243"}],"wp:attachment":[{"href":"https:\/\/www.ediren.com\/eu\/wp-json\/wp\/v2\/media?parent=3276"}],"curies":[{"name":"wp","href":"https:\/\/api.w.org\/{rel}","templated":true}]}}