{"id":3480,"date":"2017-06-29T12:10:56","date_gmt":"2017-06-29T10:10:56","guid":{"rendered":"https:\/\/www.ediren.com\/hezkuntza-zerbitzuak\/"},"modified":"2025-02-04T17:07:25","modified_gmt":"2025-02-04T16:07:25","slug":"hezkuntza-zerbitzuak-2","status":"publish","type":"page","link":"https:\/\/www.ediren.com\/eu\/hezkuntza-zerbitzuak-2\/","title":{"rendered":"Hezkuntza zerbitzuak"},"content":{"rendered":"\t\t<div data-elementor-type=\"wp-post\" data-elementor-id=\"3480\" class=\"elementor elementor-3480 elementor-473\">\n\t\t\t\t\t\t<section class=\"elementor-section elementor-top-section elementor-element elementor-element-fa47b93 elementor-section-stretched elementor-section-boxed elementor-section-height-default elementor-section-height-default\" data-id=\"fa47b93\" data-element_type=\"section\" data-e-type=\"section\" data-settings=\"{&quot;stretch_section&quot;:&quot;section-stretched&quot;,&quot;background_background&quot;:&quot;classic&quot;}\">\n\t\t\t\t\t\t<div class=\"elementor-container elementor-column-gap-default\">\n\t\t\t\t\t<div class=\"elementor-column elementor-col-100 elementor-top-column elementor-element elementor-element-ec50afb\" data-id=\"ec50afb\" data-element_type=\"column\" data-e-type=\"column\" data-settings=\"{&quot;background_background&quot;:&quot;classic&quot;}\">\n\t\t\t<div class=\"elementor-widget-wrap elementor-element-populated\">\n\t\t\t\t\t\t<div class=\"elementor-element elementor-element-55220c8 elementor-widget elementor-widget-text-editor\" data-id=\"55220c8\" data-element_type=\"widget\" data-e-type=\"widget\" data-widget_type=\"text-editor.default\">\n\t\t\t\t<div class=\"elementor-widget-container\">\n\t\t\t\t\t\t\t\t\t<h2 style=\"text-align: center;\">Neska-mutil askok, eguneroko bizimoduan, larritasuna eta kezka sortzen dizkieten egoerak bizi dituzte; ez haiei bakarrik, baita haien inguruko helduei ere.<\/h2>\t\t\t\t\t\t\t\t<\/div>\n\t\t\t\t<\/div>\n\t\t\t\t<div class=\"elementor-element elementor-element-3fd8130 elementor-view-default elementor-widget elementor-widget-icon\" data-id=\"3fd8130\" data-element_type=\"widget\" data-e-type=\"widget\" data-widget_type=\"icon.default\">\n\t\t\t\t<div class=\"elementor-widget-container\">\n\t\t\t\t\t\t\t<div class=\"elementor-icon-wrapper\">\n\t\t\t<div class=\"elementor-icon\">\n\t\t\t\t\t\t\t<i class=\"fa fa-quote-right\" aria-hidden=\"true\"><\/i>\n\t\t\t\t\t\t<\/div>\n\t\t<\/div>\n\t\t\t\t\t\t<\/div>\n\t\t\t\t<\/div>\n\t\t\t\t\t<\/div>\n\t\t<\/div>\n\t\t\t\t\t<\/div>\n\t\t<\/section>\n\t\t\t\t<section class=\"elementor-section elementor-top-section elementor-element elementor-element-3f26211e elementor-section-boxed elementor-section-height-default elementor-section-height-default\" data-id=\"3f26211e\" data-element_type=\"section\" data-e-type=\"section\">\n\t\t\t\t\t\t<div class=\"elementor-container elementor-column-gap-default\">\n\t\t\t\t\t<div class=\"elementor-column elementor-col-100 elementor-top-column elementor-element elementor-element-7ba451a6\" data-id=\"7ba451a6\" data-element_type=\"column\" data-e-type=\"column\">\n\t\t\t<div class=\"elementor-widget-wrap elementor-element-populated\">\n\t\t\t\t\t\t<div class=\"elementor-element elementor-element-83862f3 elementor-widget elementor-widget-heading\" data-id=\"83862f3\" data-element_type=\"widget\" data-e-type=\"widget\" data-widget_type=\"heading.default\">\n\t\t\t\t<div class=\"elementor-widget-container\">\n\t\t\t\t\t<h1 class=\"elementor-heading-title elementor-size-medium\">Hezkuntza- eta pedagogia-zerbitzuak<\/h1>\t\t\t\t<\/div>\n\t\t\t\t<\/div>\n\t\t\t\t<div class=\"elementor-element elementor-element-2dd8b3c0 elementor-widget elementor-widget-text-editor\" data-id=\"2dd8b3c0\" data-element_type=\"widget\" data-e-type=\"widget\" data-widget_type=\"text-editor.default\">\n\t\t\t\t<div class=\"elementor-widget-container\">\n\t\t\t\t\t\t\t\t\t<p><strong>Haurrak eta gazteak dira biztanleriako sektorerik kalteberenena, egungo familia-bizimoduetan izaten ari diren aldaketei dagokienez.<\/strong><\/p><p>Neska-mutilek beren garapen-etapa honetan bizi dituzten egoerek ondokoak eragiten dizkiete: beldurra, segurtasunik eza, norberarengan konfiantzarik eza, autoestimu-arazoak, frustrazioa kudeatzeko arazoak, antsietatea, motibaziorik eza, blokeoa, dislexia, arreta-defizita, irakurritakoa ulertzeko zailtasunak, idatziz eta ahoz adierazteko zailtasunak. Sarritan, jarraibideak behar izaten dituzte ikasketa antolatzeko eta egoki bideratzeko.<\/p><p>Kasu guztietan, beharrezkoa da hasiera-hasieratik esku hartzea, ahalik eta emaitza eraginkorrenak lortzeko.<\/p><p>Gazteenekin lan egiten dugu, baina familia osoari eta inguruneari ere arreta jarrita.<\/p>\t\t\t\t\t\t\t\t<\/div>\n\t\t\t\t<\/div>\n\t\t\t\t\t<\/div>\n\t\t<\/div>\n\t\t\t\t\t<\/div>\n\t\t<\/section>\n\t\t\t\t<section class=\"elementor-section elementor-top-section elementor-element elementor-element-9b19cfe elementor-section-boxed elementor-section-height-default elementor-section-height-default\" data-id=\"9b19cfe\" data-element_type=\"section\" data-e-type=\"section\">\n\t\t\t\t\t\t<div class=\"elementor-container elementor-column-gap-default\">\n\t\t\t\t\t<div class=\"elementor-column elementor-col-33 elementor-top-column elementor-element elementor-element-6f1d816\" data-id=\"6f1d816\" data-element_type=\"column\" data-e-type=\"column\" data-settings=\"{&quot;background_background&quot;:&quot;classic&quot;}\">\n\t\t\t<div class=\"elementor-widget-wrap elementor-element-populated\">\n\t\t\t\t\t<div class=\"elementor-background-overlay\"><\/div>\n\t\t\t\t\t\t<div class=\"elementor-element elementor-element-3c14239 elementor-align-center elementor-widget elementor-widget-button\" data-id=\"3c14239\" data-element_type=\"widget\" data-e-type=\"widget\" data-widget_type=\"button.default\">\n\t\t\t\t<div class=\"elementor-widget-container\">\n\t\t\t\t\t\t\t\t\t<div class=\"elementor-button-wrapper\">\n\t\t\t\t\t<a class=\"elementor-button elementor-button-link elementor-size-xl\" href=\"https:\/\/www.ediren.com\/eu\/hezkuntza-zerbitzuak-2\/pedagogia\/\">\n\t\t\t\t\t\t<span class=\"elementor-button-content-wrapper\">\n\t\t\t\t\t\t\t\t\t<span class=\"elementor-button-text\">PEDAGOGIA<\/span>\n\t\t\t\t\t<\/span>\n\t\t\t\t\t<\/a>\n\t\t\t\t<\/div>\n\t\t\t\t\t\t\t\t<\/div>\n\t\t\t\t<\/div>\n\t\t\t\t\t<\/div>\n\t\t<\/div>\n\t\t\t\t<div class=\"elementor-column elementor-col-33 elementor-top-column elementor-element elementor-element-25ca6ce\" data-id=\"25ca6ce\" data-element_type=\"column\" data-e-type=\"column\" data-settings=\"{&quot;background_background&quot;:&quot;classic&quot;}\">\n\t\t\t<div class=\"elementor-widget-wrap elementor-element-populated\">\n\t\t\t\t\t<div class=\"elementor-background-overlay\"><\/div>\n\t\t\t\t\t\t<div class=\"elementor-element elementor-element-28ead86 elementor-align-center elementor-widget elementor-widget-button\" data-id=\"28ead86\" data-element_type=\"widget\" data-e-type=\"widget\" data-widget_type=\"button.default\">\n\t\t\t\t<div class=\"elementor-widget-container\">\n\t\t\t\t\t\t\t\t\t<div class=\"elementor-button-wrapper\">\n\t\t\t\t\t<a class=\"elementor-button elementor-button-link elementor-size-lg\" href=\"https:\/\/www.ediren.com\/eu\/?page_id=8676\">\n\t\t\t\t\t\t<span class=\"elementor-button-content-wrapper\">\n\t\t\t\t\t\t\t\t\t<span class=\"elementor-button-text\">GURASO ETA ERREFERENTEENTZAKO HEZIKETA ORIENTAZIOA<\/span>\n\t\t\t\t\t<\/span>\n\t\t\t\t\t<\/a>\n\t\t\t\t<\/div>\n\t\t\t\t\t\t\t\t<\/div>\n\t\t\t\t<\/div>\n\t\t\t\t\t<\/div>\n\t\t<\/div>\n\t\t\t\t<div class=\"elementor-column elementor-col-33 elementor-top-column elementor-element elementor-element-02d0501\" data-id=\"02d0501\" data-element_type=\"column\" data-e-type=\"column\" data-settings=\"{&quot;background_background&quot;:&quot;classic&quot;}\">\n\t\t\t<div class=\"elementor-widget-wrap elementor-element-populated\">\n\t\t\t\t\t<div class=\"elementor-background-overlay\"><\/div>\n\t\t\t\t\t\t<div class=\"elementor-element elementor-element-6c4ff68 elementor-align-center elementor-widget elementor-widget-button\" data-id=\"6c4ff68\" data-element_type=\"widget\" data-e-type=\"widget\" data-widget_type=\"button.default\">\n\t\t\t\t<div class=\"elementor-widget-container\">\n\t\t\t\t\t\t\t\t\t<div class=\"elementor-button-wrapper\">\n\t\t\t\t\t<a class=\"elementor-button elementor-button-link elementor-size-xl\" href=\"https:\/\/www.ediren.com\/eu\/hezkuntza-zerbitzuak\/heziketa-afektibo-sexuala\/\">\n\t\t\t\t\t\t<span class=\"elementor-button-content-wrapper\">\n\t\t\t\t\t\t\t\t\t<span class=\"elementor-button-text\">HEZIKETA AFEKTIBO-SEXUALA<\/span>\n\t\t\t\t\t<\/span>\n\t\t\t\t\t<\/a>\n\t\t\t\t<\/div>\n\t\t\t\t\t\t\t\t<\/div>\n\t\t\t\t<\/div>\n\t\t\t\t\t<\/div>\n\t\t<\/div>\n\t\t\t\t\t<\/div>\n\t\t<\/section>\n\t\t\t\t<section class=\"elementor-section elementor-top-section elementor-element elementor-element-23d7234 elementor-section-boxed elementor-section-height-default elementor-section-height-default\" data-id=\"23d7234\" data-element_type=\"section\" data-e-type=\"section\">\n\t\t\t\t\t\t<div class=\"elementor-container elementor-column-gap-default\">\n\t\t\t\t\t<div class=\"elementor-column elementor-col-33 elementor-top-column elementor-element elementor-element-2124c3d\" data-id=\"2124c3d\" data-element_type=\"column\" data-e-type=\"column\" data-settings=\"{&quot;background_background&quot;:&quot;classic&quot;}\">\n\t\t\t<div class=\"elementor-widget-wrap elementor-element-populated\">\n\t\t\t\t\t<div class=\"elementor-background-overlay\"><\/div>\n\t\t\t\t\t\t<div class=\"elementor-element elementor-element-f0e451e elementor-align-center elementor-widget elementor-widget-button\" data-id=\"f0e451e\" data-element_type=\"widget\" data-e-type=\"widget\" data-widget_type=\"button.default\">\n\t\t\t\t<div class=\"elementor-widget-container\">\n\t\t\t\t\t\t\t\t\t<div class=\"elementor-button-wrapper\">\n\t\t\t\t\t<a class=\"elementor-button elementor-button-link elementor-size-xl\" href=\"https:\/\/www.ediren.com\/eu\/hezkuntza-zerbitzuak-2\/maskulinitatea-eta-feminitatea\/\">\n\t\t\t\t\t\t<span class=\"elementor-button-content-wrapper\">\n\t\t\t\t\t\t\t\t\t<span class=\"elementor-button-text\">MASKULINITATEA ETA FEMINITATEA<\/span>\n\t\t\t\t\t<\/span>\n\t\t\t\t\t<\/a>\n\t\t\t\t<\/div>\n\t\t\t\t\t\t\t\t<\/div>\n\t\t\t\t<\/div>\n\t\t\t\t\t<\/div>\n\t\t<\/div>\n\t\t\t\t<div class=\"elementor-column elementor-col-33 elementor-top-column elementor-element elementor-element-353a29c\" data-id=\"353a29c\" data-element_type=\"column\" data-e-type=\"column\" data-settings=\"{&quot;background_background&quot;:&quot;classic&quot;}\">\n\t\t\t<div class=\"elementor-widget-wrap elementor-element-populated\">\n\t\t\t\t\t<div class=\"elementor-background-overlay\"><\/div>\n\t\t\t\t\t\t<div class=\"elementor-element elementor-element-5cf68f3 elementor-align-center elementor-widget elementor-widget-button\" data-id=\"5cf68f3\" data-element_type=\"widget\" data-e-type=\"widget\" data-widget_type=\"button.default\">\n\t\t\t\t<div class=\"elementor-widget-container\">\n\t\t\t\t\t\t\t\t\t<div class=\"elementor-button-wrapper\">\n\t\t\t\t\t<a class=\"elementor-button elementor-button-link elementor-size-xl\" href=\"https:\/\/www.ediren.com\/eu\/hezkuntza-zerbitzuak-2\/mendekotasunen-prebentzioa-eskolan\/\">\n\t\t\t\t\t\t<span class=\"elementor-button-content-wrapper\">\n\t\t\t\t\t\t\t\t\t<span class=\"elementor-button-text\">MENDEKOTASUNEN PREBENTZIOA ESKOLAN<\/span>\n\t\t\t\t\t<\/span>\n\t\t\t\t\t<\/a>\n\t\t\t\t<\/div>\n\t\t\t\t\t\t\t\t<\/div>\n\t\t\t\t<\/div>\n\t\t\t\t\t<\/div>\n\t\t<\/div>\n\t\t\t\t<div class=\"elementor-column elementor-col-33 elementor-top-column elementor-element elementor-element-ad9e878\" data-id=\"ad9e878\" data-element_type=\"column\" data-e-type=\"column\" data-settings=\"{&quot;background_background&quot;:&quot;classic&quot;}\">\n\t\t\t<div class=\"elementor-widget-wrap elementor-element-populated\">\n\t\t\t\t\t<div class=\"elementor-background-overlay\"><\/div>\n\t\t\t\t\t\t<div class=\"elementor-element elementor-element-11bf29c elementor-align-center elementor-widget elementor-widget-button\" data-id=\"11bf29c\" data-element_type=\"widget\" data-e-type=\"widget\" data-widget_type=\"button.default\">\n\t\t\t\t<div class=\"elementor-widget-container\">\n\t\t\t\t\t\t\t\t\t<div class=\"elementor-button-wrapper\">\n\t\t\t\t\t<a class=\"elementor-button elementor-button-link elementor-size-xl\" href=\"https:\/\/www.ediren.com\/eu\/hezkuntza-zerbitzuak-2\/nerabe-prozesua\/\">\n\t\t\t\t\t\t<span class=\"elementor-button-content-wrapper\">\n\t\t\t\t\t\t\t\t\t<span class=\"elementor-button-text\">NERABE PROZESUA<\/span>\n\t\t\t\t\t<\/span>\n\t\t\t\t\t<\/a>\n\t\t\t\t<\/div>\n\t\t\t\t\t\t\t\t<\/div>\n\t\t\t\t<\/div>\n\t\t\t\t\t<\/div>\n\t\t<\/div>\n\t\t\t\t\t<\/div>\n\t\t<\/section>\n\t\t\t\t<\/div>\n\t\t","protected":false},"excerpt":{"rendered":"<p>Neska-mutil askok, eguneroko bizimoduan, larritasuna eta kezka sortzen dizkieten egoerak bizi dituzte; ez haiei bakarrik, baita haien inguruko helduei ere. Hezkuntza- eta pedagogia-zerbitzuak Haurrak eta gazteak dira biztanleriako sektorerik kalteberenena, egungo familia-bizimoduetan izaten ari diren aldaketei dagokienez. Neska-mutilek beren garapen-etapa honetan bizi dituzten egoerek ondokoak eragiten dizkiete: beldurra, segurtasunik eza, norberarengan konfiantzarik eza, autoestimu-arazoak, frustrazioa [&hellip;]<\/p>\n","protected":false},"author":3,"featured_media":1055,"parent":0,"menu_order":0,"comment_status":"closed","ping_status":"closed","template":"","meta":{"_genesis_hide_title":false,"_genesis_hide_breadcrumbs":false,"_genesis_hide_singular_image":false,"_genesis_hide_footer_widgets":false,"_genesis_custom_body_class":"","_genesis_custom_post_class":"","_genesis_layout":"","footnotes":""},"class_list":{"0":"post-3480","1":"page","2":"type-page","3":"status-publish","4":"has-post-thumbnail","6":"entry"},"yoast_head":"<!-- This site is optimized with the Yoast SEO plugin v27.4 - https:\/\/yoast.com\/product\/yoast-seo-wordpress\/ -->\n<title>Hezkuntza zerbitzuak - Centro de Psicoterapia y Fisioterapia<\/title>\n<meta name=\"description\" content=\"Ediren, Centro de Psicoterapia y Psic\u00f3logos, especialistas en rehabilitaci\u00f3n y en psicolog\u00eda. Hezkuntza zerbitzuak\" \/>\n<meta name=\"robots\" content=\"index, follow, max-snippet:-1, max-image-preview:large, max-video-preview:-1\" \/>\n<link rel=\"canonical\" href=\"https:\/\/www.ediren.com\/eu\/hezkuntza-zerbitzuak-2\/\" \/>\n<meta property=\"og:locale\" content=\"eu_ES\" \/>\n<meta property=\"og:type\" content=\"article\" \/>\n<meta property=\"og:title\" content=\"Hezkuntza zerbitzuak - Centro de Psicoterapia y Fisioterapia\" \/>\n<meta property=\"og:description\" content=\"Ediren, Centro de Psicoterapia y Psic\u00f3logos, especialistas en rehabilitaci\u00f3n y en psicolog\u00eda. Hezkuntza zerbitzuak\" \/>\n<meta property=\"og:url\" content=\"https:\/\/www.ediren.com\/eu\/hezkuntza-zerbitzuak-2\/\" \/>\n<meta property=\"og:site_name\" content=\"Ediren\" \/>\n<meta property=\"article:publisher\" content=\"https:\/\/www.facebook.com\/pages\/Ediren-SALUD\/298201266858043\" \/>\n<meta property=\"article:modified_time\" content=\"2025-02-04T16:07:25+00:00\" \/>\n<meta property=\"og:image\" content=\"https:\/\/www.ediren.com\/wp-content\/uploads\/2017\/06\/ediren-servicios-socioeducativos.jpg\" \/>\n\t<meta property=\"og:image:width\" content=\"1200\" \/>\n\t<meta property=\"og:image:height\" content=\"800\" \/>\n\t<meta property=\"og:image:type\" content=\"image\/jpeg\" \/>\n<meta name=\"twitter:card\" content=\"summary_large_image\" \/>\n<meta name=\"twitter:site\" content=\"@edirensalud\" \/>\n<meta name=\"twitter:label1\" content=\"Est. reading time\" \/>\n\t<meta name=\"twitter:data1\" content=\"1 minute\" \/>\n<script type=\"application\/ld+json\" class=\"yoast-schema-graph\">{\"@context\":\"https:\\\/\\\/schema.org\",\"@graph\":[{\"@type\":\"WebPage\",\"@id\":\"https:\\\/\\\/www.ediren.com\\\/eu\\\/hezkuntza-zerbitzuak-2\\\/\",\"url\":\"https:\\\/\\\/www.ediren.com\\\/eu\\\/hezkuntza-zerbitzuak-2\\\/\",\"name\":\"Hezkuntza zerbitzuak - Centro de Psicoterapia y Fisioterapia\",\"isPartOf\":{\"@id\":\"https:\\\/\\\/www.ediren.com\\\/eu\\\/#website\"},\"primaryImageOfPage\":{\"@id\":\"https:\\\/\\\/www.ediren.com\\\/eu\\\/hezkuntza-zerbitzuak-2\\\/#primaryimage\"},\"image\":{\"@id\":\"https:\\\/\\\/www.ediren.com\\\/eu\\\/hezkuntza-zerbitzuak-2\\\/#primaryimage\"},\"thumbnailUrl\":\"https:\\\/\\\/www.ediren.com\\\/wp-content\\\/uploads\\\/2017\\\/06\\\/ediren-servicios-socioeducativos.jpg\",\"datePublished\":\"2017-06-29T10:10:56+00:00\",\"dateModified\":\"2025-02-04T16:07:25+00:00\",\"description\":\"Ediren, Centro de Psicoterapia y Psic\u00f3logos, especialistas en rehabilitaci\u00f3n y en psicolog\u00eda. Hezkuntza zerbitzuak\",\"breadcrumb\":{\"@id\":\"https:\\\/\\\/www.ediren.com\\\/eu\\\/hezkuntza-zerbitzuak-2\\\/#breadcrumb\"},\"inLanguage\":\"eu-ES\",\"potentialAction\":[{\"@type\":\"ReadAction\",\"target\":[\"https:\\\/\\\/www.ediren.com\\\/eu\\\/hezkuntza-zerbitzuak-2\\\/\"]}]},{\"@type\":\"ImageObject\",\"inLanguage\":\"eu-ES\",\"@id\":\"https:\\\/\\\/www.ediren.com\\\/eu\\\/hezkuntza-zerbitzuak-2\\\/#primaryimage\",\"url\":\"https:\\\/\\\/www.ediren.com\\\/wp-content\\\/uploads\\\/2017\\\/06\\\/ediren-servicios-socioeducativos.jpg\",\"contentUrl\":\"https:\\\/\\\/www.ediren.com\\\/wp-content\\\/uploads\\\/2017\\\/06\\\/ediren-servicios-socioeducativos.jpg\",\"width\":1200,\"height\":800,\"caption\":\"Ediren Servicios Psico educativos\"},{\"@type\":\"BreadcrumbList\",\"@id\":\"https:\\\/\\\/www.ediren.com\\\/eu\\\/hezkuntza-zerbitzuak-2\\\/#breadcrumb\",\"itemListElement\":[{\"@type\":\"ListItem\",\"position\":1,\"name\":\"Portada\",\"item\":\"https:\\\/\\\/www.ediren.com\\\/eu\\\/hasiera\\\/\"},{\"@type\":\"ListItem\",\"position\":2,\"name\":\"Hezkuntza zerbitzuak\"}]},{\"@type\":\"WebSite\",\"@id\":\"https:\\\/\\\/www.ediren.com\\\/eu\\\/#website\",\"url\":\"https:\\\/\\\/www.ediren.com\\\/eu\\\/\",\"name\":\"Ediren\",\"description\":\"Cooperativa de Salud\",\"potentialAction\":[{\"@type\":\"SearchAction\",\"target\":{\"@type\":\"EntryPoint\",\"urlTemplate\":\"https:\\\/\\\/www.ediren.com\\\/eu\\\/?s={search_term_string}\"},\"query-input\":{\"@type\":\"PropertyValueSpecification\",\"valueRequired\":true,\"valueName\":\"search_term_string\"}}],\"inLanguage\":\"eu-ES\"}]}<\/script>\n<!-- \/ Yoast SEO plugin. -->","yoast_head_json":{"title":"Hezkuntza zerbitzuak - Centro de Psicoterapia y Fisioterapia","description":"Ediren, Centro de Psicoterapia y Psic\u00f3logos, especialistas en rehabilitaci\u00f3n y en psicolog\u00eda. Hezkuntza zerbitzuak","robots":{"index":"index","follow":"follow","max-snippet":"max-snippet:-1","max-image-preview":"max-image-preview:large","max-video-preview":"max-video-preview:-1"},"canonical":"https:\/\/www.ediren.com\/eu\/hezkuntza-zerbitzuak-2\/","og_locale":"eu_ES","og_type":"article","og_title":"Hezkuntza zerbitzuak - Centro de Psicoterapia y Fisioterapia","og_description":"Ediren, Centro de Psicoterapia y Psic\u00f3logos, especialistas en rehabilitaci\u00f3n y en psicolog\u00eda. Hezkuntza zerbitzuak","og_url":"https:\/\/www.ediren.com\/eu\/hezkuntza-zerbitzuak-2\/","og_site_name":"Ediren","article_publisher":"https:\/\/www.facebook.com\/pages\/Ediren-SALUD\/298201266858043","article_modified_time":"2025-02-04T16:07:25+00:00","og_image":[{"width":1200,"height":800,"url":"https:\/\/www.ediren.com\/wp-content\/uploads\/2017\/06\/ediren-servicios-socioeducativos.jpg","type":"image\/jpeg"}],"twitter_card":"summary_large_image","twitter_site":"@edirensalud","twitter_misc":{"Est. reading time":"1 minute"},"schema":{"@context":"https:\/\/schema.org","@graph":[{"@type":"WebPage","@id":"https:\/\/www.ediren.com\/eu\/hezkuntza-zerbitzuak-2\/","url":"https:\/\/www.ediren.com\/eu\/hezkuntza-zerbitzuak-2\/","name":"Hezkuntza zerbitzuak - Centro de Psicoterapia y Fisioterapia","isPartOf":{"@id":"https:\/\/www.ediren.com\/eu\/#website"},"primaryImageOfPage":{"@id":"https:\/\/www.ediren.com\/eu\/hezkuntza-zerbitzuak-2\/#primaryimage"},"image":{"@id":"https:\/\/www.ediren.com\/eu\/hezkuntza-zerbitzuak-2\/#primaryimage"},"thumbnailUrl":"https:\/\/www.ediren.com\/wp-content\/uploads\/2017\/06\/ediren-servicios-socioeducativos.jpg","datePublished":"2017-06-29T10:10:56+00:00","dateModified":"2025-02-04T16:07:25+00:00","description":"Ediren, Centro de Psicoterapia y Psic\u00f3logos, especialistas en rehabilitaci\u00f3n y en psicolog\u00eda. Hezkuntza zerbitzuak","breadcrumb":{"@id":"https:\/\/www.ediren.com\/eu\/hezkuntza-zerbitzuak-2\/#breadcrumb"},"inLanguage":"eu-ES","potentialAction":[{"@type":"ReadAction","target":["https:\/\/www.ediren.com\/eu\/hezkuntza-zerbitzuak-2\/"]}]},{"@type":"ImageObject","inLanguage":"eu-ES","@id":"https:\/\/www.ediren.com\/eu\/hezkuntza-zerbitzuak-2\/#primaryimage","url":"https:\/\/www.ediren.com\/wp-content\/uploads\/2017\/06\/ediren-servicios-socioeducativos.jpg","contentUrl":"https:\/\/www.ediren.com\/wp-content\/uploads\/2017\/06\/ediren-servicios-socioeducativos.jpg","width":1200,"height":800,"caption":"Ediren Servicios Psico educativos"},{"@type":"BreadcrumbList","@id":"https:\/\/www.ediren.com\/eu\/hezkuntza-zerbitzuak-2\/#breadcrumb","itemListElement":[{"@type":"ListItem","position":1,"name":"Portada","item":"https:\/\/www.ediren.com\/eu\/hasiera\/"},{"@type":"ListItem","position":2,"name":"Hezkuntza zerbitzuak"}]},{"@type":"WebSite","@id":"https:\/\/www.ediren.com\/eu\/#website","url":"https:\/\/www.ediren.com\/eu\/","name":"Ediren","description":"Cooperativa de Salud","potentialAction":[{"@type":"SearchAction","target":{"@type":"EntryPoint","urlTemplate":"https:\/\/www.ediren.com\/eu\/?s={search_term_string}"},"query-input":{"@type":"PropertyValueSpecification","valueRequired":true,"valueName":"search_term_string"}}],"inLanguage":"eu-ES"}]}},"_links":{"self":[{"href":"https:\/\/www.ediren.com\/eu\/wp-json\/wp\/v2\/pages\/3480","targetHints":{"allow":["GET"]}}],"collection":[{"href":"https:\/\/www.ediren.com\/eu\/wp-json\/wp\/v2\/pages"}],"about":[{"href":"https:\/\/www.ediren.com\/eu\/wp-json\/wp\/v2\/types\/page"}],"author":[{"embeddable":true,"href":"https:\/\/www.ediren.com\/eu\/wp-json\/wp\/v2\/users\/3"}],"replies":[{"embeddable":true,"href":"https:\/\/www.ediren.com\/eu\/wp-json\/wp\/v2\/comments?post=3480"}],"version-history":[{"count":6,"href":"https:\/\/www.ediren.com\/eu\/wp-json\/wp\/v2\/pages\/3480\/revisions"}],"predecessor-version":[{"id":21574,"href":"https:\/\/www.ediren.com\/eu\/wp-json\/wp\/v2\/pages\/3480\/revisions\/21574"}],"wp:featuredmedia":[{"embeddable":true,"href":"https:\/\/www.ediren.com\/eu\/wp-json\/wp\/v2\/media\/1055"}],"wp:attachment":[{"href":"https:\/\/www.ediren.com\/eu\/wp-json\/wp\/v2\/media?parent=3480"}],"curies":[{"name":"wp","href":"https:\/\/api.w.org\/{rel}","templated":true}]}}