{"id":3507,"date":"2017-08-29T13:18:18","date_gmt":"2017-08-29T11:18:18","guid":{"rendered":"https:\/\/www.ediren.com\/osasunari-buruzko-tailerrak-2\/emozioen-kudeaketa\/"},"modified":"2021-10-25T09:35:56","modified_gmt":"2021-10-25T07:35:56","slug":"emozioen-kudeaketa","status":"publish","type":"page","link":"https:\/\/www.ediren.com\/eu\/osasunari-buruzko-tailerrak\/emozioen-kudeaketa\/","title":{"rendered":"Emozioen kudeaketa"},"content":{"rendered":"\t\t<div data-elementor-type=\"wp-post\" data-elementor-id=\"3507\" class=\"elementor elementor-3507 elementor-860 elementor-bc-flex-widget\">\n\t\t\t\t\t\t<section class=\"elementor-section elementor-top-section elementor-element elementor-element-uajgvob elementor-section-stretched elementor-section-boxed elementor-section-height-default elementor-section-height-default\" data-id=\"uajgvob\" data-element_type=\"section\" data-e-type=\"section\" data-settings=\"{&quot;stretch_section&quot;:&quot;section-stretched&quot;,&quot;background_background&quot;:&quot;classic&quot;}\">\n\t\t\t\t\t\t<div class=\"elementor-container elementor-column-gap-default\">\n\t\t\t\t\t<div class=\"elementor-column elementor-col-100 elementor-top-column elementor-element elementor-element-jnwtrsc\" data-id=\"jnwtrsc\" data-element_type=\"column\" data-e-type=\"column\" data-settings=\"{&quot;background_background&quot;:&quot;classic&quot;}\">\n\t\t\t<div class=\"elementor-widget-wrap elementor-element-populated\">\n\t\t\t\t\t\t<div class=\"elementor-element elementor-element-ndxbizc elementor-widget elementor-widget-text-editor\" data-id=\"ndxbizc\" data-element_type=\"widget\" data-e-type=\"widget\" data-widget_type=\"text-editor.default\">\n\t\t\t\t<div class=\"elementor-widget-container\">\n\t\t\t\t\t\t\t\t\t<h2 style=\"text-align: center;\">Gero eta jabetuago gaude gure egunerokoan emozioen heziketa txertatu beharra dugula, haiek hobeto kudeatzeko.<\/h2>\n\t\t\t\t\t\t\t\t<\/div>\n\t\t\t\t<\/div>\n\t\t\t\t<div class=\"elementor-element elementor-element-24c3a7e elementor-widget elementor-widget-heading\" data-id=\"24c3a7e\" data-element_type=\"widget\" data-e-type=\"widget\" data-widget_type=\"heading.default\">\n\t\t\t\t<div class=\"elementor-widget-container\">\n\t\t\t\t\t<h1 class=\"elementor-heading-title elementor-size-default\">Emozioen kudeaketa<\/h1>\t\t\t\t<\/div>\n\t\t\t\t<\/div>\n\t\t\t\t<div class=\"elementor-element elementor-element-wpssynh elementor-view-default elementor-widget elementor-widget-icon\" data-id=\"wpssynh\" data-element_type=\"widget\" data-e-type=\"widget\" data-widget_type=\"icon.default\">\n\t\t\t\t<div class=\"elementor-widget-container\">\n\t\t\t\t\t\t\t<div class=\"elementor-icon-wrapper\">\n\t\t\t<div class=\"elementor-icon\">\n\t\t\t\t\t\t\t<i class=\"fa fa-quote-right\" aria-hidden=\"true\"><\/i>\n\t\t\t\t\t\t<\/div>\n\t\t<\/div>\n\t\t\t\t\t\t<\/div>\n\t\t\t\t<\/div>\n\t\t\t\t\t<\/div>\n\t\t<\/div>\n\t\t\t\t\t<\/div>\n\t\t<\/section>\n\t\t\t\t<section class=\"elementor-section elementor-top-section elementor-element elementor-element-torybuj elementor-section-stretched elementor-reverse-mobile elementor-section-boxed elementor-section-height-default elementor-section-height-default\" data-id=\"torybuj\" data-element_type=\"section\" data-e-type=\"section\" data-settings=\"{&quot;stretch_section&quot;:&quot;section-stretched&quot;,&quot;background_background&quot;:&quot;classic&quot;}\">\n\t\t\t\t\t\t<div class=\"elementor-container elementor-column-gap-default\">\n\t\t\t\t\t<div class=\"elementor-column elementor-col-100 elementor-top-column elementor-element elementor-element-jzehjtv fondo-responsive\" data-id=\"jzehjtv\" data-element_type=\"column\" data-e-type=\"column\" data-settings=\"{&quot;background_background&quot;:&quot;gradient&quot;}\">\n\t\t\t<div class=\"elementor-widget-wrap elementor-element-populated\">\n\t\t\t\t\t\t<div class=\"elementor-element elementor-element-swnuqos elementor-widget elementor-widget-image\" data-id=\"swnuqos\" data-element_type=\"widget\" data-e-type=\"widget\" data-widget_type=\"image.default\">\n\t\t\t\t<div class=\"elementor-widget-container\">\n\t\t\t\t\t\t\t\t\t\t\t\t\t\t\t<img fetchpriority=\"high\" decoding=\"async\" width=\"1024\" height=\"683\" src=\"https:\/\/www.ediren.com\/wp-content\/uploads\/2017\/09\/ediren-gestion-emociones-1024x683.jpg\" class=\"attachment-large size-large wp-image-2914\" alt=\"\" srcset=\"https:\/\/www.ediren.com\/wp-content\/uploads\/2017\/09\/ediren-gestion-emociones-1024x683.jpg 1024w, https:\/\/www.ediren.com\/wp-content\/uploads\/2017\/09\/ediren-gestion-emociones-300x200.jpg 300w, https:\/\/www.ediren.com\/wp-content\/uploads\/2017\/09\/ediren-gestion-emociones-768x512.jpg 768w, https:\/\/www.ediren.com\/wp-content\/uploads\/2017\/09\/ediren-gestion-emociones.jpg 1200w\" sizes=\"(max-width: 1024px) 100vw, 1024px\" \/>\t\t\t\t\t\t\t\t\t\t\t\t\t\t\t<\/div>\n\t\t\t\t<\/div>\n\t\t\t\t<div class=\"elementor-element elementor-element-clsevnl elementor-widget elementor-widget-text-editor\" data-id=\"clsevnl\" data-element_type=\"widget\" data-e-type=\"widget\" data-widget_type=\"text-editor.default\">\n\t\t\t\t<div class=\"elementor-widget-container\">\n\t\t\t\t\t\t\t\t\t<p>Sentimenduen \u201clogikan\u201d, nahia ez da ahala. <strong>Autokontrolak ez du beti funtzionatzen. Gure bizitza emozionalak nola funtzionatzen duen ezagututa, aurreiritziak desegin ahal izango ditugu, eta norberaren eta besteren emozioekin \u201cborrokan ibiltzea\u201d saihestu<\/strong>.<\/p>\n<p>Gatazka emozionalak identifikatzea ahalbidetuko du, eta emaitza hobeak gutxiago ahaleginduta eta nekatuta lortzea.<\/p>\n\t\t\t\t\t\t\t\t<\/div>\n\t\t\t\t<\/div>\n\t\t\t\t\t<\/div>\n\t\t<\/div>\n\t\t\t\t\t<\/div>\n\t\t<\/section>\n\t\t\t\t<section class=\"elementor-section elementor-top-section elementor-element elementor-element-tbgltni elementor-section-stretched elementor-section-boxed elementor-section-height-default elementor-section-height-default\" data-id=\"tbgltni\" data-element_type=\"section\" data-e-type=\"section\" data-settings=\"{&quot;stretch_section&quot;:&quot;section-stretched&quot;,&quot;background_background&quot;:&quot;classic&quot;}\">\n\t\t\t\t\t\t\t<div class=\"elementor-background-overlay\"><\/div>\n\t\t\t\t\t\t\t<div class=\"elementor-container elementor-column-gap-default\">\n\t\t\t\t\t<div class=\"elementor-column elementor-col-50 elementor-top-column elementor-element elementor-element-ssiijqe\" data-id=\"ssiijqe\" data-element_type=\"column\" data-e-type=\"column\">\n\t\t\t<div class=\"elementor-widget-wrap elementor-element-populated\">\n\t\t\t\t\t\t<div class=\"elementor-element elementor-element-urmlkno elementor-widget elementor-widget-text-editor\" data-id=\"urmlkno\" data-element_type=\"widget\" data-e-type=\"widget\" data-widget_type=\"text-editor.default\">\n\t\t\t\t<div class=\"elementor-widget-container\">\n\t\t\t\t\t\t\t\t\t<p>\n<div class=\"wpcf7 no-js\" id=\"wpcf7-f3560-o1\" lang=\"es-ES\" dir=\"ltr\" data-wpcf7-id=\"3560\">\n<div class=\"screen-reader-response\"><p role=\"status\" aria-live=\"polite\" aria-atomic=\"true\"><\/p> <ul><\/ul><\/div>\n<form action=\"\/eu\/wp-json\/wp\/v2\/pages\/3507#wpcf7-f3560-o1\" method=\"post\" class=\"wpcf7-form init\" aria-label=\"Contact form\" novalidate=\"novalidate\" data-status=\"init\">\n<fieldset class=\"hidden-fields-container\"><input type=\"hidden\" name=\"_wpcf7\" value=\"3560\" \/><input type=\"hidden\" name=\"_wpcf7_version\" value=\"6.1.5\" \/><input type=\"hidden\" name=\"_wpcf7_locale\" value=\"es_ES\" \/><input type=\"hidden\" name=\"_wpcf7_unit_tag\" value=\"wpcf7-f3560-o1\" \/><input type=\"hidden\" name=\"_wpcf7_container_post\" value=\"0\" \/><input type=\"hidden\" name=\"_wpcf7_posted_data_hash\" value=\"\" \/><input type=\"hidden\" name=\"_wpcf7_recaptcha_response\" value=\"\" \/>\n<\/fieldset>\n<div class=\"left col-form-horizontal\">\n\t<p><label> Izen-abizenak (*)<br \/>\n<span class=\"wpcf7-form-control-wrap\" data-name=\"your-name\"><input size=\"40\" maxlength=\"400\" class=\"wpcf7-form-control wpcf7-text wpcf7-validates-as-required\" aria-required=\"true\" aria-invalid=\"false\" value=\"\" type=\"text\" name=\"your-name\" \/><\/span> <\/label>\n\t<\/p>\n\t<p><label> Helbide elektronikoa (*)<br \/>\n<span class=\"wpcf7-form-control-wrap\" data-name=\"your-email\"><input size=\"40\" maxlength=\"400\" class=\"wpcf7-form-control wpcf7-email wpcf7-validates-as-required wpcf7-text wpcf7-validates-as-email\" aria-required=\"true\" aria-invalid=\"false\" value=\"\" type=\"email\" name=\"your-email\" \/><\/span> <\/label>\n\t<\/p>\n\t<p><label> Telefonoa (*)<br \/>\n<span class=\"wpcf7-form-control-wrap\" data-name=\"tel-933\"><input size=\"40\" maxlength=\"400\" class=\"wpcf7-form-control wpcf7-tel wpcf7-validates-as-required wpcf7-text wpcf7-validates-as-tel\" aria-required=\"true\" aria-invalid=\"false\" value=\"\" type=\"tel\" name=\"tel-933\" \/><\/span> <\/label>\n\t<\/p>\n\t<p><label> Gaia<br \/>\n<span class=\"wpcf7-form-control-wrap\" data-name=\"your-subject\"><input size=\"40\" maxlength=\"400\" class=\"wpcf7-form-control wpcf7-text\" aria-invalid=\"false\" value=\"\" type=\"text\" name=\"your-subject\" \/><\/span> <\/label>\n\t<\/p>\n<\/div>\n<div class=\"right col-form-horizontal\">\n\t<p><label> Eman zure kasuaren berri<br \/>\n<span class=\"wpcf7-form-control-wrap\" data-name=\"your-message\"><textarea cols=\"40\" rows=\"10\" maxlength=\"2000\" class=\"wpcf7-form-control wpcf7-textarea\" aria-invalid=\"false\" name=\"your-message\"><\/textarea><\/span> <\/label>\n\t<\/p>\n\t<p><label><span class=\"wpcf7-form-control-wrap\" data-name=\"acceptance-970\"><span class=\"wpcf7-form-control wpcf7-acceptance\"><span class=\"wpcf7-list-item\"><label><input type=\"checkbox\" name=\"acceptance-970\" value=\"1\" aria-invalid=\"false\" \/><span class=\"wpcf7-list-item-label\"><a href=\"\/eu\/pribatutasun-politika\" target=\"_blank\">Pribatutasun-politika onartzen dut<\/a><\/span><\/label><\/span><\/span><\/span> <\/label>\n\t<\/p>\n<\/div>\n<div class=\"clear\">\n<\/div>\n\n<div class=\"clear\">\n<\/div>\n<p><input class=\"wpcf7-form-control wpcf7-submit has-spinner\" type=\"submit\" value=\"Bidali\" \/>\n<\/p><div class=\"wpcf7-response-output\" aria-hidden=\"true\"><\/div>\n<\/form>\n<\/div>\n<\/p>\n\t\t\t\t\t\t\t\t<\/div>\n\t\t\t\t<\/div>\n\t\t\t\t\t<\/div>\n\t\t<\/div>\n\t\t\t\t<div class=\"elementor-column elementor-col-50 elementor-top-column elementor-element elementor-element-bmrwobm\" data-id=\"bmrwobm\" data-element_type=\"column\" data-e-type=\"column\">\n\t\t\t<div class=\"elementor-widget-wrap elementor-element-populated\">\n\t\t\t\t\t\t<div class=\"elementor-element elementor-element-laxdwym elementor-widget elementor-widget-heading\" data-id=\"laxdwym\" data-element_type=\"widget\" data-e-type=\"widget\" data-widget_type=\"heading.default\">\n\t\t\t\t<div class=\"elementor-widget-container\">\n\t\t\t\t\t<h2 class=\"elementor-heading-title elementor-size-default\">Laguntza behar duzu?<\/h2>\t\t\t\t<\/div>\n\t\t\t\t<\/div>\n\t\t\t\t<div class=\"elementor-element elementor-element-itvqicj elementor-widget elementor-widget-text-editor\" data-id=\"itvqicj\" data-element_type=\"widget\" data-e-type=\"widget\" data-widget_type=\"text-editor.default\">\n\t\t\t\t<div class=\"elementor-widget-container\">\n\t\t\t\t\t\t\t\t\t<h4>Edirenen, laguntza eman diezazukegu; jar zaitez gurekin harremanetan telefono-zenbaki honetara hots eginda<\/h4>\n\t\t\t\t\t\t\t\t<\/div>\n\t\t\t\t<\/div>\n\t\t\t\t<div class=\"elementor-element elementor-element-spjahpl elementor-widget elementor-widget-heading\" data-id=\"spjahpl\" data-element_type=\"widget\" data-e-type=\"widget\" data-widget_type=\"heading.default\">\n\t\t\t\t<div class=\"elementor-widget-container\">\n\t\t\t\t\t<h3 class=\"elementor-heading-title elementor-size-xl\">945 266 366<\/h3>\t\t\t\t<\/div>\n\t\t\t\t<\/div>\n\t\t\t\t<div class=\"elementor-element elementor-element-vhnucze elementor-widget elementor-widget-text-editor\" data-id=\"vhnucze\" data-element_type=\"widget\" data-e-type=\"widget\" data-widget_type=\"text-editor.default\">\n\t\t\t\t<div class=\"elementor-widget-container\">\n\t\t\t\t\t\t\t\t\t<h4>Behar duzunari buruzko informazioa emango dizugu, edo hitzordua ezarriko dugu, zure kasua ezagutzeko.<\/h4>\n\t\t\t\t\t\t\t\t<\/div>\n\t\t\t\t<\/div>\n\t\t\t\t\t<\/div>\n\t\t<\/div>\n\t\t\t\t\t<\/div>\n\t\t<\/section>\n\t\t\t\t<\/div>\n\t\t","protected":false},"excerpt":{"rendered":"<p>Gero eta jabetuago gaude gure egunerokoan emozioen heziketa txertatu beharra dugula, haiek hobeto kudeatzeko. Emozioen kudeaketa Sentimenduen \u201clogikan\u201d, nahia ez da ahala. Autokontrolak ez du beti funtzionatzen. Gure bizitza emozionalak nola funtzionatzen duen ezagututa, aurreiritziak desegin ahal izango ditugu, eta norberaren eta besteren emozioekin \u201cborrokan ibiltzea\u201d saihestu. Gatazka emozionalak identifikatzea ahalbidetuko du, eta emaitza hobeak [&hellip;]<\/p>\n","protected":false},"author":3,"featured_media":0,"parent":3497,"menu_order":0,"comment_status":"closed","ping_status":"closed","template":"","meta":{"_genesis_hide_title":false,"_genesis_hide_breadcrumbs":false,"_genesis_hide_singular_image":false,"_genesis_hide_footer_widgets":false,"_genesis_custom_body_class":"","_genesis_custom_post_class":"","_genesis_layout":"","footnotes":""},"class_list":{"0":"post-3507","1":"page","2":"type-page","3":"status-publish","5":"entry"},"yoast_head":"<!-- This site is optimized with the Yoast SEO plugin v27.4 - https:\/\/yoast.com\/product\/yoast-seo-wordpress\/ -->\n<title>Emozioen kudeaketa - Ediren Centro de Psicoterapia y Fisioterapia<\/title>\n<meta name=\"description\" content=\"Emozioen Kudeaketa. Ediren, Centro de Psicoterapia y Psic\u00f3logos, especialistas en rehabilitaci\u00f3n y en psicolog\u00eda. Emozioen kudeaketa\" \/>\n<meta name=\"robots\" content=\"index, follow, max-snippet:-1, max-image-preview:large, max-video-preview:-1\" \/>\n<link rel=\"canonical\" href=\"https:\/\/www.ediren.com\/eu\/osasunari-buruzko-tailerrak\/emozioen-kudeaketa\/\" \/>\n<meta property=\"og:locale\" content=\"eu_ES\" \/>\n<meta property=\"og:type\" content=\"article\" \/>\n<meta property=\"og:title\" content=\"Emozioen kudeaketa - Ediren Centro de Psicoterapia y Fisioterapia\" \/>\n<meta property=\"og:description\" content=\"Emozioen Kudeaketa. Ediren, Centro de Psicoterapia y Psic\u00f3logos, especialistas en rehabilitaci\u00f3n y en psicolog\u00eda. Emozioen kudeaketa\" \/>\n<meta property=\"og:url\" content=\"https:\/\/www.ediren.com\/eu\/osasunari-buruzko-tailerrak\/emozioen-kudeaketa\/\" \/>\n<meta property=\"og:site_name\" content=\"Ediren\" \/>\n<meta property=\"article:publisher\" content=\"https:\/\/www.facebook.com\/pages\/Ediren-SALUD\/298201266858043\" \/>\n<meta property=\"article:modified_time\" content=\"2021-10-25T07:35:56+00:00\" \/>\n<meta property=\"og:image\" content=\"https:\/\/www.ediren.com\/wp-content\/uploads\/2017\/09\/ediren-gestion-emociones-1024x683.jpg\" \/>\n<meta name=\"twitter:card\" content=\"summary_large_image\" \/>\n<meta name=\"twitter:site\" content=\"@edirensalud\" \/>\n<meta name=\"twitter:label1\" content=\"Est. reading time\" \/>\n\t<meta name=\"twitter:data1\" content=\"1 minute\" \/>\n<script type=\"application\/ld+json\" class=\"yoast-schema-graph\">{\"@context\":\"https:\\\/\\\/schema.org\",\"@graph\":[{\"@type\":\"WebPage\",\"@id\":\"https:\\\/\\\/www.ediren.com\\\/eu\\\/osasunari-buruzko-tailerrak\\\/emozioen-kudeaketa\\\/\",\"url\":\"https:\\\/\\\/www.ediren.com\\\/eu\\\/osasunari-buruzko-tailerrak\\\/emozioen-kudeaketa\\\/\",\"name\":\"Emozioen kudeaketa - Ediren Centro de Psicoterapia y Fisioterapia\",\"isPartOf\":{\"@id\":\"https:\\\/\\\/www.ediren.com\\\/eu\\\/#website\"},\"primaryImageOfPage\":{\"@id\":\"https:\\\/\\\/www.ediren.com\\\/eu\\\/osasunari-buruzko-tailerrak\\\/emozioen-kudeaketa\\\/#primaryimage\"},\"image\":{\"@id\":\"https:\\\/\\\/www.ediren.com\\\/eu\\\/osasunari-buruzko-tailerrak\\\/emozioen-kudeaketa\\\/#primaryimage\"},\"thumbnailUrl\":\"https:\\\/\\\/www.ediren.com\\\/wp-content\\\/uploads\\\/2017\\\/09\\\/ediren-gestion-emociones-1024x683.jpg\",\"datePublished\":\"2017-08-29T11:18:18+00:00\",\"dateModified\":\"2021-10-25T07:35:56+00:00\",\"description\":\"Emozioen Kudeaketa. Ediren, Centro de Psicoterapia y Psic\u00f3logos, especialistas en rehabilitaci\u00f3n y en psicolog\u00eda. Emozioen kudeaketa\",\"breadcrumb\":{\"@id\":\"https:\\\/\\\/www.ediren.com\\\/eu\\\/osasunari-buruzko-tailerrak\\\/emozioen-kudeaketa\\\/#breadcrumb\"},\"inLanguage\":\"eu-ES\",\"potentialAction\":[{\"@type\":\"ReadAction\",\"target\":[\"https:\\\/\\\/www.ediren.com\\\/eu\\\/osasunari-buruzko-tailerrak\\\/emozioen-kudeaketa\\\/\"]}]},{\"@type\":\"ImageObject\",\"inLanguage\":\"eu-ES\",\"@id\":\"https:\\\/\\\/www.ediren.com\\\/eu\\\/osasunari-buruzko-tailerrak\\\/emozioen-kudeaketa\\\/#primaryimage\",\"url\":\"https:\\\/\\\/www.ediren.com\\\/wp-content\\\/uploads\\\/2017\\\/09\\\/ediren-gestion-emociones-1024x683.jpg\",\"contentUrl\":\"https:\\\/\\\/www.ediren.com\\\/wp-content\\\/uploads\\\/2017\\\/09\\\/ediren-gestion-emociones-1024x683.jpg\"},{\"@type\":\"BreadcrumbList\",\"@id\":\"https:\\\/\\\/www.ediren.com\\\/eu\\\/osasunari-buruzko-tailerrak\\\/emozioen-kudeaketa\\\/#breadcrumb\",\"itemListElement\":[{\"@type\":\"ListItem\",\"position\":1,\"name\":\"Portada\",\"item\":\"https:\\\/\\\/www.ediren.com\\\/eu\\\/hasiera\\\/\"},{\"@type\":\"ListItem\",\"position\":2,\"name\":\"Osasunari buruzko tailerrak\",\"item\":\"https:\\\/\\\/www.ediren.com\\\/eu\\\/osasunari-buruzko-tailerrak\\\/\"},{\"@type\":\"ListItem\",\"position\":3,\"name\":\"Emozioen kudeaketa\"}]},{\"@type\":\"WebSite\",\"@id\":\"https:\\\/\\\/www.ediren.com\\\/eu\\\/#website\",\"url\":\"https:\\\/\\\/www.ediren.com\\\/eu\\\/\",\"name\":\"Ediren\",\"description\":\"Cooperativa de Salud\",\"potentialAction\":[{\"@type\":\"SearchAction\",\"target\":{\"@type\":\"EntryPoint\",\"urlTemplate\":\"https:\\\/\\\/www.ediren.com\\\/eu\\\/?s={search_term_string}\"},\"query-input\":{\"@type\":\"PropertyValueSpecification\",\"valueRequired\":true,\"valueName\":\"search_term_string\"}}],\"inLanguage\":\"eu-ES\"}]}<\/script>\n<!-- \/ Yoast SEO plugin. -->","yoast_head_json":{"title":"Emozioen kudeaketa - Ediren Centro de Psicoterapia y Fisioterapia","description":"Emozioen Kudeaketa. Ediren, Centro de Psicoterapia y Psic\u00f3logos, especialistas en rehabilitaci\u00f3n y en psicolog\u00eda. Emozioen kudeaketa","robots":{"index":"index","follow":"follow","max-snippet":"max-snippet:-1","max-image-preview":"max-image-preview:large","max-video-preview":"max-video-preview:-1"},"canonical":"https:\/\/www.ediren.com\/eu\/osasunari-buruzko-tailerrak\/emozioen-kudeaketa\/","og_locale":"eu_ES","og_type":"article","og_title":"Emozioen kudeaketa - Ediren Centro de Psicoterapia y Fisioterapia","og_description":"Emozioen Kudeaketa. Ediren, Centro de Psicoterapia y Psic\u00f3logos, especialistas en rehabilitaci\u00f3n y en psicolog\u00eda. Emozioen kudeaketa","og_url":"https:\/\/www.ediren.com\/eu\/osasunari-buruzko-tailerrak\/emozioen-kudeaketa\/","og_site_name":"Ediren","article_publisher":"https:\/\/www.facebook.com\/pages\/Ediren-SALUD\/298201266858043","article_modified_time":"2021-10-25T07:35:56+00:00","og_image":[{"url":"https:\/\/www.ediren.com\/wp-content\/uploads\/2017\/09\/ediren-gestion-emociones-1024x683.jpg","type":"","width":"","height":""}],"twitter_card":"summary_large_image","twitter_site":"@edirensalud","twitter_misc":{"Est. reading time":"1 minute"},"schema":{"@context":"https:\/\/schema.org","@graph":[{"@type":"WebPage","@id":"https:\/\/www.ediren.com\/eu\/osasunari-buruzko-tailerrak\/emozioen-kudeaketa\/","url":"https:\/\/www.ediren.com\/eu\/osasunari-buruzko-tailerrak\/emozioen-kudeaketa\/","name":"Emozioen kudeaketa - Ediren Centro de Psicoterapia y Fisioterapia","isPartOf":{"@id":"https:\/\/www.ediren.com\/eu\/#website"},"primaryImageOfPage":{"@id":"https:\/\/www.ediren.com\/eu\/osasunari-buruzko-tailerrak\/emozioen-kudeaketa\/#primaryimage"},"image":{"@id":"https:\/\/www.ediren.com\/eu\/osasunari-buruzko-tailerrak\/emozioen-kudeaketa\/#primaryimage"},"thumbnailUrl":"https:\/\/www.ediren.com\/wp-content\/uploads\/2017\/09\/ediren-gestion-emociones-1024x683.jpg","datePublished":"2017-08-29T11:18:18+00:00","dateModified":"2021-10-25T07:35:56+00:00","description":"Emozioen Kudeaketa. Ediren, Centro de Psicoterapia y Psic\u00f3logos, especialistas en rehabilitaci\u00f3n y en psicolog\u00eda. Emozioen kudeaketa","breadcrumb":{"@id":"https:\/\/www.ediren.com\/eu\/osasunari-buruzko-tailerrak\/emozioen-kudeaketa\/#breadcrumb"},"inLanguage":"eu-ES","potentialAction":[{"@type":"ReadAction","target":["https:\/\/www.ediren.com\/eu\/osasunari-buruzko-tailerrak\/emozioen-kudeaketa\/"]}]},{"@type":"ImageObject","inLanguage":"eu-ES","@id":"https:\/\/www.ediren.com\/eu\/osasunari-buruzko-tailerrak\/emozioen-kudeaketa\/#primaryimage","url":"https:\/\/www.ediren.com\/wp-content\/uploads\/2017\/09\/ediren-gestion-emociones-1024x683.jpg","contentUrl":"https:\/\/www.ediren.com\/wp-content\/uploads\/2017\/09\/ediren-gestion-emociones-1024x683.jpg"},{"@type":"BreadcrumbList","@id":"https:\/\/www.ediren.com\/eu\/osasunari-buruzko-tailerrak\/emozioen-kudeaketa\/#breadcrumb","itemListElement":[{"@type":"ListItem","position":1,"name":"Portada","item":"https:\/\/www.ediren.com\/eu\/hasiera\/"},{"@type":"ListItem","position":2,"name":"Osasunari buruzko tailerrak","item":"https:\/\/www.ediren.com\/eu\/osasunari-buruzko-tailerrak\/"},{"@type":"ListItem","position":3,"name":"Emozioen kudeaketa"}]},{"@type":"WebSite","@id":"https:\/\/www.ediren.com\/eu\/#website","url":"https:\/\/www.ediren.com\/eu\/","name":"Ediren","description":"Cooperativa de Salud","potentialAction":[{"@type":"SearchAction","target":{"@type":"EntryPoint","urlTemplate":"https:\/\/www.ediren.com\/eu\/?s={search_term_string}"},"query-input":{"@type":"PropertyValueSpecification","valueRequired":true,"valueName":"search_term_string"}}],"inLanguage":"eu-ES"}]}},"_links":{"self":[{"href":"https:\/\/www.ediren.com\/eu\/wp-json\/wp\/v2\/pages\/3507","targetHints":{"allow":["GET"]}}],"collection":[{"href":"https:\/\/www.ediren.com\/eu\/wp-json\/wp\/v2\/pages"}],"about":[{"href":"https:\/\/www.ediren.com\/eu\/wp-json\/wp\/v2\/types\/page"}],"author":[{"embeddable":true,"href":"https:\/\/www.ediren.com\/eu\/wp-json\/wp\/v2\/users\/3"}],"replies":[{"embeddable":true,"href":"https:\/\/www.ediren.com\/eu\/wp-json\/wp\/v2\/comments?post=3507"}],"version-history":[{"count":0,"href":"https:\/\/www.ediren.com\/eu\/wp-json\/wp\/v2\/pages\/3507\/revisions"}],"up":[{"embeddable":true,"href":"https:\/\/www.ediren.com\/eu\/wp-json\/wp\/v2\/pages\/3497"}],"wp:attachment":[{"href":"https:\/\/www.ediren.com\/eu\/wp-json\/wp\/v2\/media?parent=3507"}],"curies":[{"name":"wp","href":"https:\/\/api.w.org\/{rel}","templated":true}]}}