{"id":3519,"date":"2017-08-30T11:55:31","date_gmt":"2017-08-30T09:55:31","guid":{"rendered":"https:\/\/www.ediren.com\/profesionalentzako-prestakuntza\/genero-berdintasunari-buruzko-prestakuntza\/"},"modified":"2021-12-02T10:12:21","modified_gmt":"2021-12-02T09:12:21","slug":"genero-berdintasunari-buruzko-prestakuntza","status":"publish","type":"page","link":"https:\/\/www.ediren.com\/eu\/profesionalentzako-prestakuntza\/genero-berdintasunari-buruzko-prestakuntza\/","title":{"rendered":"Genero berdintasunari buruzko prestakuntza"},"content":{"rendered":"\t\t<div data-elementor-type=\"wp-post\" data-elementor-id=\"3519\" class=\"elementor elementor-3519 elementor-915 elementor-bc-flex-widget\">\n\t\t\t\t\t\t<section class=\"elementor-section elementor-top-section elementor-element elementor-element-msrshth elementor-section-stretched elementor-section-boxed elementor-section-height-default elementor-section-height-default\" data-id=\"msrshth\" data-element_type=\"section\" data-e-type=\"section\" data-settings=\"{&quot;stretch_section&quot;:&quot;section-stretched&quot;,&quot;background_background&quot;:&quot;classic&quot;}\">\n\t\t\t\t\t\t<div class=\"elementor-container elementor-column-gap-default\">\n\t\t\t\t\t<div class=\"elementor-column elementor-col-100 elementor-top-column elementor-element elementor-element-qligvbq\" data-id=\"qligvbq\" data-element_type=\"column\" data-e-type=\"column\" data-settings=\"{&quot;background_background&quot;:&quot;classic&quot;}\">\n\t\t\t<div class=\"elementor-widget-wrap elementor-element-populated\">\n\t\t\t\t\t\t<div class=\"elementor-element elementor-element-brlysde elementor-widget elementor-widget-text-editor\" data-id=\"brlysde\" data-element_type=\"widget\" data-e-type=\"widget\" data-widget_type=\"text-editor.default\">\n\t\t\t\t<div class=\"elementor-widget-container\">\n\t\t\t\t\t\t\t\t\t<h2 style=\"text-align: center;\">Profesionalek beharra dute, emakumeen eta gizonen arteko benetako berdintasun eraginkorrerantz aurrera egiten jarraitzeko, esku hartzeko beren proiektuetan estrategiak txertatzeko.<\/h2>\n\t\t\t\t\t\t\t\t<\/div>\n\t\t\t\t<\/div>\n\t\t\t\t<div class=\"elementor-element elementor-element-03dd476 elementor-widget elementor-widget-heading\" data-id=\"03dd476\" data-element_type=\"widget\" data-e-type=\"widget\" data-widget_type=\"heading.default\">\n\t\t\t\t<div class=\"elementor-widget-container\">\n\t\t\t\t\t<h1 class=\"elementor-heading-title elementor-size-default\">Genero berdintasunari buruzko prestakuntza<\/h1>\t\t\t\t<\/div>\n\t\t\t\t<\/div>\n\t\t\t\t<div class=\"elementor-element elementor-element-aisvzlo elementor-view-default elementor-widget elementor-widget-icon\" data-id=\"aisvzlo\" data-element_type=\"widget\" data-e-type=\"widget\" data-widget_type=\"icon.default\">\n\t\t\t\t<div class=\"elementor-widget-container\">\n\t\t\t\t\t\t\t<div class=\"elementor-icon-wrapper\">\n\t\t\t<div class=\"elementor-icon\">\n\t\t\t\t\t\t\t<i class=\"fa fa-quote-right\" aria-hidden=\"true\"><\/i>\n\t\t\t\t\t\t<\/div>\n\t\t<\/div>\n\t\t\t\t\t\t<\/div>\n\t\t\t\t<\/div>\n\t\t\t\t\t<\/div>\n\t\t<\/div>\n\t\t\t\t\t<\/div>\n\t\t<\/section>\n\t\t\t\t<section class=\"elementor-section elementor-top-section elementor-element elementor-element-eroyobc elementor-section-stretched elementor-reverse-mobile elementor-section-boxed elementor-section-height-default elementor-section-height-default\" data-id=\"eroyobc\" data-element_type=\"section\" data-e-type=\"section\" data-settings=\"{&quot;stretch_section&quot;:&quot;section-stretched&quot;,&quot;background_background&quot;:&quot;classic&quot;}\">\n\t\t\t\t\t\t<div class=\"elementor-container elementor-column-gap-default\">\n\t\t\t\t\t<div class=\"elementor-column elementor-col-100 elementor-top-column elementor-element elementor-element-nvekdjb fondo-responsive\" data-id=\"nvekdjb\" data-element_type=\"column\" data-e-type=\"column\" data-settings=\"{&quot;background_background&quot;:&quot;gradient&quot;}\">\n\t\t\t<div class=\"elementor-widget-wrap elementor-element-populated\">\n\t\t\t\t\t\t<div class=\"elementor-element elementor-element-wguhqpp elementor-widget elementor-widget-image\" data-id=\"wguhqpp\" data-element_type=\"widget\" data-e-type=\"widget\" data-widget_type=\"image.default\">\n\t\t\t\t<div class=\"elementor-widget-container\">\n\t\t\t\t\t\t\t\t\t\t\t\t\t\t\t<img fetchpriority=\"high\" decoding=\"async\" width=\"849\" height=\"566\" src=\"https:\/\/www.ediren.com\/wp-content\/uploads\/2017\/09\/ediren-formacion-igualdad.jpg\" class=\"attachment-large size-large wp-image-2987\" alt=\"\" srcset=\"https:\/\/www.ediren.com\/wp-content\/uploads\/2017\/09\/ediren-formacion-igualdad.jpg 849w, https:\/\/www.ediren.com\/wp-content\/uploads\/2017\/09\/ediren-formacion-igualdad-300x200.jpg 300w, https:\/\/www.ediren.com\/wp-content\/uploads\/2017\/09\/ediren-formacion-igualdad-768x512.jpg 768w\" sizes=\"(max-width: 849px) 100vw, 849px\" \/>\t\t\t\t\t\t\t\t\t\t\t\t\t\t\t<\/div>\n\t\t\t\t<\/div>\n\t\t\t\t<div class=\"elementor-element elementor-element-pmztera elementor-widget elementor-widget-text-editor\" data-id=\"pmztera\" data-element_type=\"widget\" data-e-type=\"widget\" data-widget_type=\"text-editor.default\">\n\t\t\t\t<div class=\"elementor-widget-container\">\n\t\t\t\t\t\t\t\t\t<p>EDIRENek hainbat prestakuntza-ekintza proposatzen ditu, hainbat jarduketa-esparrutan, guztiak ere genero-berdintasunarekin lotuak. Hauek dira helburuetako batzuk:<\/p>\n<ul>\n<li>Genero-ikuspegia txertatu gizartean esku hartzeko proiektuetan.<\/li>\n<li>Emakumeen eta gizonen arteko berdintasuneranzko esku-hartzean erreferentziazko esparrua ezagutu eta deskribatu.<\/li>\n<li>Kontuan hartu esku-hartze profesionalaren ingurune zehatzeko baliabideei eta garaturiko esperientziei buruzko informazioa, gizonen eta emakumeen berdintasunaren sustapenari dagokionez.<\/li>\n<li>Emakumeen eta gizonen arteko berdintasunerantz aurrera egiteko osagai esanguratsuenak karakterizatu, esku-hartze\/proiektu baten diseinuaren fase bakoitzean.<\/li>\n<li>Gizonen eta emakumeen arteko berdintasun ezarekin lotuta azterturiko informazioa transmititu, gizonen eta emakumeen arteko benetako berdintasun eraginkorrerantz aurrera egiteko beharra sustatuta.<\/li>\n<li>Jokabide eta estereotipo sexistak antzeman, irudien zein hizkuntzaren bidez adieraziak, esku-hartze profesionala garatu bitartean.<\/li>\n<li>Egiturak, lantaldeak eta haien funtzionamendua ezagutu generoen aukera-berdintasunaren sustapenean haiek koordinatzeko, prestatzeko eta bideratzeko.<\/li>\n<li>Genero-berdintasunera bideraturiko esku-hartzeetan, beste baliabide edo zerbitzu batzuetako profesionalen parte-hartzea eta haiekiko koordinazioa bermatzeko prozedurak ezarri.<\/li>\n<\/ul>\n\t\t\t\t\t\t\t\t<\/div>\n\t\t\t\t<\/div>\n\t\t\t\t\t<\/div>\n\t\t<\/div>\n\t\t\t\t\t<\/div>\n\t\t<\/section>\n\t\t\t\t<section class=\"elementor-section elementor-top-section elementor-element elementor-element-pinwpgv elementor-section-stretched elementor-section-boxed elementor-section-height-default elementor-section-height-default\" data-id=\"pinwpgv\" data-element_type=\"section\" data-e-type=\"section\" data-settings=\"{&quot;stretch_section&quot;:&quot;section-stretched&quot;,&quot;background_background&quot;:&quot;classic&quot;}\">\n\t\t\t\t\t\t\t<div class=\"elementor-background-overlay\"><\/div>\n\t\t\t\t\t\t\t<div class=\"elementor-container elementor-column-gap-default\">\n\t\t\t\t\t<div class=\"elementor-column elementor-col-50 elementor-top-column elementor-element elementor-element-robkatf\" data-id=\"robkatf\" data-element_type=\"column\" data-e-type=\"column\">\n\t\t\t<div class=\"elementor-widget-wrap elementor-element-populated\">\n\t\t\t\t\t\t<div class=\"elementor-element elementor-element-agcmcxz elementor-widget elementor-widget-text-editor\" data-id=\"agcmcxz\" data-element_type=\"widget\" data-e-type=\"widget\" data-widget_type=\"text-editor.default\">\n\t\t\t\t<div class=\"elementor-widget-container\">\n\t\t\t\t\t\t\t\t\t<p>\n<div class=\"wpcf7 no-js\" id=\"wpcf7-f3560-o1\" lang=\"es-ES\" dir=\"ltr\" data-wpcf7-id=\"3560\">\n<div class=\"screen-reader-response\"><p role=\"status\" aria-live=\"polite\" aria-atomic=\"true\"><\/p> <ul><\/ul><\/div>\n<form action=\"\/eu\/wp-json\/wp\/v2\/pages\/3519#wpcf7-f3560-o1\" method=\"post\" class=\"wpcf7-form init\" aria-label=\"Contact form\" novalidate=\"novalidate\" data-status=\"init\">\n<fieldset class=\"hidden-fields-container\"><input type=\"hidden\" name=\"_wpcf7\" value=\"3560\" \/><input type=\"hidden\" name=\"_wpcf7_version\" value=\"6.1.5\" \/><input type=\"hidden\" name=\"_wpcf7_locale\" value=\"es_ES\" \/><input type=\"hidden\" name=\"_wpcf7_unit_tag\" value=\"wpcf7-f3560-o1\" \/><input type=\"hidden\" name=\"_wpcf7_container_post\" value=\"0\" \/><input type=\"hidden\" name=\"_wpcf7_posted_data_hash\" value=\"\" \/><input type=\"hidden\" name=\"_wpcf7_recaptcha_response\" value=\"\" \/>\n<\/fieldset>\n<div class=\"left col-form-horizontal\">\n\t<p><label> Izen-abizenak (*)<br \/>\n<span class=\"wpcf7-form-control-wrap\" data-name=\"your-name\"><input size=\"40\" maxlength=\"400\" class=\"wpcf7-form-control wpcf7-text wpcf7-validates-as-required\" aria-required=\"true\" aria-invalid=\"false\" value=\"\" type=\"text\" name=\"your-name\" \/><\/span> <\/label>\n\t<\/p>\n\t<p><label> Helbide elektronikoa (*)<br \/>\n<span class=\"wpcf7-form-control-wrap\" data-name=\"your-email\"><input size=\"40\" maxlength=\"400\" class=\"wpcf7-form-control wpcf7-email wpcf7-validates-as-required wpcf7-text wpcf7-validates-as-email\" aria-required=\"true\" aria-invalid=\"false\" value=\"\" type=\"email\" name=\"your-email\" \/><\/span> <\/label>\n\t<\/p>\n\t<p><label> Telefonoa (*)<br \/>\n<span class=\"wpcf7-form-control-wrap\" data-name=\"tel-933\"><input size=\"40\" maxlength=\"400\" class=\"wpcf7-form-control wpcf7-tel wpcf7-validates-as-required wpcf7-text wpcf7-validates-as-tel\" aria-required=\"true\" aria-invalid=\"false\" value=\"\" type=\"tel\" name=\"tel-933\" \/><\/span> <\/label>\n\t<\/p>\n\t<p><label> Gaia<br \/>\n<span class=\"wpcf7-form-control-wrap\" data-name=\"your-subject\"><input size=\"40\" maxlength=\"400\" class=\"wpcf7-form-control wpcf7-text\" aria-invalid=\"false\" value=\"\" type=\"text\" name=\"your-subject\" \/><\/span> <\/label>\n\t<\/p>\n<\/div>\n<div class=\"right col-form-horizontal\">\n\t<p><label> Eman zure kasuaren berri<br \/>\n<span class=\"wpcf7-form-control-wrap\" data-name=\"your-message\"><textarea cols=\"40\" rows=\"10\" maxlength=\"2000\" class=\"wpcf7-form-control wpcf7-textarea\" aria-invalid=\"false\" name=\"your-message\"><\/textarea><\/span> <\/label>\n\t<\/p>\n\t<p><label><span class=\"wpcf7-form-control-wrap\" data-name=\"acceptance-970\"><span class=\"wpcf7-form-control wpcf7-acceptance\"><span class=\"wpcf7-list-item\"><label><input type=\"checkbox\" name=\"acceptance-970\" value=\"1\" aria-invalid=\"false\" \/><span class=\"wpcf7-list-item-label\"><a href=\"\/eu\/pribatutasun-politika\" target=\"_blank\">Pribatutasun-politika onartzen dut<\/a><\/span><\/label><\/span><\/span><\/span> <\/label>\n\t<\/p>\n<\/div>\n<div class=\"clear\">\n<\/div>\n\n<div class=\"clear\">\n<\/div>\n<p><input class=\"wpcf7-form-control wpcf7-submit has-spinner\" type=\"submit\" value=\"Bidali\" \/>\n<\/p><div class=\"wpcf7-response-output\" aria-hidden=\"true\"><\/div>\n<\/form>\n<\/div>\n<\/p>\n\t\t\t\t\t\t\t\t<\/div>\n\t\t\t\t<\/div>\n\t\t\t\t\t<\/div>\n\t\t<\/div>\n\t\t\t\t<div class=\"elementor-column elementor-col-50 elementor-top-column elementor-element elementor-element-ssobrfo\" data-id=\"ssobrfo\" data-element_type=\"column\" data-e-type=\"column\">\n\t\t\t<div class=\"elementor-widget-wrap elementor-element-populated\">\n\t\t\t\t\t\t<div class=\"elementor-element elementor-element-nydgotu elementor-widget elementor-widget-heading\" data-id=\"nydgotu\" data-element_type=\"widget\" data-e-type=\"widget\" data-widget_type=\"heading.default\">\n\t\t\t\t<div class=\"elementor-widget-container\">\n\t\t\t\t\t<h2 class=\"elementor-heading-title elementor-size-default\">Laguntza behar duzu?<\/h2>\t\t\t\t<\/div>\n\t\t\t\t<\/div>\n\t\t\t\t<div class=\"elementor-element elementor-element-iishlrw elementor-widget elementor-widget-text-editor\" data-id=\"iishlrw\" data-element_type=\"widget\" data-e-type=\"widget\" data-widget_type=\"text-editor.default\">\n\t\t\t\t<div class=\"elementor-widget-container\">\n\t\t\t\t\t\t\t\t\t<h4>Edirenen, laguntza eman diezazukegu; jar zaitez gurekin harremanetan telefono-zenbaki honetara hots eginda<\/h4>\n\t\t\t\t\t\t\t\t<\/div>\n\t\t\t\t<\/div>\n\t\t\t\t<div class=\"elementor-element elementor-element-ogjqqwu elementor-widget elementor-widget-heading\" data-id=\"ogjqqwu\" data-element_type=\"widget\" data-e-type=\"widget\" data-widget_type=\"heading.default\">\n\t\t\t\t<div class=\"elementor-widget-container\">\n\t\t\t\t\t<h3 class=\"elementor-heading-title elementor-size-xl\">945 266 366<\/h3>\t\t\t\t<\/div>\n\t\t\t\t<\/div>\n\t\t\t\t<div class=\"elementor-element elementor-element-euggjwo elementor-widget elementor-widget-text-editor\" data-id=\"euggjwo\" data-element_type=\"widget\" data-e-type=\"widget\" data-widget_type=\"text-editor.default\">\n\t\t\t\t<div class=\"elementor-widget-container\">\n\t\t\t\t\t\t\t\t\t<h4>Behar duzunari buruzko informazioa emango dizugu, edo hitzordua ezarriko dugu, zure kasua ezagutzeko.<\/h4>\n\t\t\t\t\t\t\t\t<\/div>\n\t\t\t\t<\/div>\n\t\t\t\t\t<\/div>\n\t\t<\/div>\n\t\t\t\t\t<\/div>\n\t\t<\/section>\n\t\t\t\t<\/div>\n\t\t","protected":false},"excerpt":{"rendered":"<p>Profesionalek beharra dute, emakumeen eta gizonen arteko benetako berdintasun eraginkorrerantz aurrera egiten jarraitzeko, esku hartzeko beren proiektuetan estrategiak txertatzeko. Genero berdintasunari buruzko prestakuntza EDIRENek hainbat prestakuntza-ekintza proposatzen ditu, hainbat jarduketa-esparrutan, guztiak ere genero-berdintasunarekin lotuak. Hauek dira helburuetako batzuk: Genero-ikuspegia txertatu gizartean esku hartzeko proiektuetan. Emakumeen eta gizonen arteko berdintasuneranzko esku-hartzean erreferentziazko esparrua ezagutu eta deskribatu. [&hellip;]<\/p>\n","protected":false},"author":3,"featured_media":0,"parent":3511,"menu_order":0,"comment_status":"closed","ping_status":"closed","template":"","meta":{"_genesis_hide_title":false,"_genesis_hide_breadcrumbs":false,"_genesis_hide_singular_image":false,"_genesis_hide_footer_widgets":false,"_genesis_custom_body_class":"","_genesis_custom_post_class":"","_genesis_layout":"","footnotes":""},"class_list":{"0":"post-3519","1":"page","2":"type-page","3":"status-publish","5":"entry"},"yoast_head":"<!-- This site is optimized with the Yoast SEO plugin v27.4 - https:\/\/yoast.com\/product\/yoast-seo-wordpress\/ -->\n<title>Genero berdintasunari buruzko prestakuntza - Ediren<\/title>\n<meta name=\"description\" content=\"Ediren, Centro de Psicoterapia y Psic\u00f3logos, especialistas en rehabilitaci\u00f3n y en psicolog\u00eda. Genero berdintasunari buruzko prestakuntza\" \/>\n<meta name=\"robots\" content=\"index, follow, max-snippet:-1, max-image-preview:large, max-video-preview:-1\" \/>\n<link rel=\"canonical\" href=\"https:\/\/www.ediren.com\/eu\/profesionalentzako-prestakuntza\/genero-berdintasunari-buruzko-prestakuntza\/\" \/>\n<meta property=\"og:locale\" content=\"eu_ES\" \/>\n<meta property=\"og:type\" content=\"article\" \/>\n<meta property=\"og:title\" content=\"Genero berdintasunari buruzko prestakuntza - Ediren\" \/>\n<meta property=\"og:description\" content=\"Ediren, Centro de Psicoterapia y Psic\u00f3logos, especialistas en rehabilitaci\u00f3n y en psicolog\u00eda. Genero berdintasunari buruzko prestakuntza\" \/>\n<meta property=\"og:url\" content=\"https:\/\/www.ediren.com\/eu\/profesionalentzako-prestakuntza\/genero-berdintasunari-buruzko-prestakuntza\/\" \/>\n<meta property=\"og:site_name\" content=\"Ediren\" \/>\n<meta property=\"article:publisher\" content=\"https:\/\/www.facebook.com\/pages\/Ediren-SALUD\/298201266858043\" \/>\n<meta property=\"article:modified_time\" content=\"2021-12-02T09:12:21+00:00\" \/>\n<meta property=\"og:image\" content=\"https:\/\/www.ediren.com\/wp-content\/uploads\/2017\/09\/ediren-formacion-igualdad.jpg\" \/>\n<meta name=\"twitter:card\" content=\"summary_large_image\" \/>\n<meta name=\"twitter:site\" content=\"@edirensalud\" \/>\n<meta name=\"twitter:label1\" content=\"Est. reading time\" \/>\n\t<meta name=\"twitter:data1\" content=\"2 minutes\" \/>\n<script type=\"application\/ld+json\" class=\"yoast-schema-graph\">{\"@context\":\"https:\\\/\\\/schema.org\",\"@graph\":[{\"@type\":\"WebPage\",\"@id\":\"https:\\\/\\\/www.ediren.com\\\/eu\\\/profesionalentzako-prestakuntza\\\/genero-berdintasunari-buruzko-prestakuntza\\\/\",\"url\":\"https:\\\/\\\/www.ediren.com\\\/eu\\\/profesionalentzako-prestakuntza\\\/genero-berdintasunari-buruzko-prestakuntza\\\/\",\"name\":\"Genero berdintasunari buruzko prestakuntza - Ediren\",\"isPartOf\":{\"@id\":\"https:\\\/\\\/www.ediren.com\\\/eu\\\/#website\"},\"primaryImageOfPage\":{\"@id\":\"https:\\\/\\\/www.ediren.com\\\/eu\\\/profesionalentzako-prestakuntza\\\/genero-berdintasunari-buruzko-prestakuntza\\\/#primaryimage\"},\"image\":{\"@id\":\"https:\\\/\\\/www.ediren.com\\\/eu\\\/profesionalentzako-prestakuntza\\\/genero-berdintasunari-buruzko-prestakuntza\\\/#primaryimage\"},\"thumbnailUrl\":\"https:\\\/\\\/www.ediren.com\\\/wp-content\\\/uploads\\\/2017\\\/09\\\/ediren-formacion-igualdad.jpg\",\"datePublished\":\"2017-08-30T09:55:31+00:00\",\"dateModified\":\"2021-12-02T09:12:21+00:00\",\"description\":\"Ediren, Centro de Psicoterapia y Psic\u00f3logos, especialistas en rehabilitaci\u00f3n y en psicolog\u00eda. Genero berdintasunari buruzko prestakuntza\",\"breadcrumb\":{\"@id\":\"https:\\\/\\\/www.ediren.com\\\/eu\\\/profesionalentzako-prestakuntza\\\/genero-berdintasunari-buruzko-prestakuntza\\\/#breadcrumb\"},\"inLanguage\":\"eu-ES\",\"potentialAction\":[{\"@type\":\"ReadAction\",\"target\":[\"https:\\\/\\\/www.ediren.com\\\/eu\\\/profesionalentzako-prestakuntza\\\/genero-berdintasunari-buruzko-prestakuntza\\\/\"]}]},{\"@type\":\"ImageObject\",\"inLanguage\":\"eu-ES\",\"@id\":\"https:\\\/\\\/www.ediren.com\\\/eu\\\/profesionalentzako-prestakuntza\\\/genero-berdintasunari-buruzko-prestakuntza\\\/#primaryimage\",\"url\":\"https:\\\/\\\/www.ediren.com\\\/wp-content\\\/uploads\\\/2017\\\/09\\\/ediren-formacion-igualdad.jpg\",\"contentUrl\":\"https:\\\/\\\/www.ediren.com\\\/wp-content\\\/uploads\\\/2017\\\/09\\\/ediren-formacion-igualdad.jpg\"},{\"@type\":\"BreadcrumbList\",\"@id\":\"https:\\\/\\\/www.ediren.com\\\/eu\\\/profesionalentzako-prestakuntza\\\/genero-berdintasunari-buruzko-prestakuntza\\\/#breadcrumb\",\"itemListElement\":[{\"@type\":\"ListItem\",\"position\":1,\"name\":\"Portada\",\"item\":\"https:\\\/\\\/www.ediren.com\\\/eu\\\/hasiera\\\/\"},{\"@type\":\"ListItem\",\"position\":2,\"name\":\"Profesionalentzako prestakuntza\",\"item\":\"https:\\\/\\\/www.ediren.com\\\/eu\\\/profesionalentzako-prestakuntza\\\/\"},{\"@type\":\"ListItem\",\"position\":3,\"name\":\"Genero berdintasunari buruzko prestakuntza\"}]},{\"@type\":\"WebSite\",\"@id\":\"https:\\\/\\\/www.ediren.com\\\/eu\\\/#website\",\"url\":\"https:\\\/\\\/www.ediren.com\\\/eu\\\/\",\"name\":\"Ediren\",\"description\":\"Cooperativa de Salud\",\"potentialAction\":[{\"@type\":\"SearchAction\",\"target\":{\"@type\":\"EntryPoint\",\"urlTemplate\":\"https:\\\/\\\/www.ediren.com\\\/eu\\\/?s={search_term_string}\"},\"query-input\":{\"@type\":\"PropertyValueSpecification\",\"valueRequired\":true,\"valueName\":\"search_term_string\"}}],\"inLanguage\":\"eu-ES\"}]}<\/script>\n<!-- \/ Yoast SEO plugin. -->","yoast_head_json":{"title":"Genero berdintasunari buruzko prestakuntza - Ediren","description":"Ediren, Centro de Psicoterapia y Psic\u00f3logos, especialistas en rehabilitaci\u00f3n y en psicolog\u00eda. Genero berdintasunari buruzko prestakuntza","robots":{"index":"index","follow":"follow","max-snippet":"max-snippet:-1","max-image-preview":"max-image-preview:large","max-video-preview":"max-video-preview:-1"},"canonical":"https:\/\/www.ediren.com\/eu\/profesionalentzako-prestakuntza\/genero-berdintasunari-buruzko-prestakuntza\/","og_locale":"eu_ES","og_type":"article","og_title":"Genero berdintasunari buruzko prestakuntza - Ediren","og_description":"Ediren, Centro de Psicoterapia y Psic\u00f3logos, especialistas en rehabilitaci\u00f3n y en psicolog\u00eda. Genero berdintasunari buruzko prestakuntza","og_url":"https:\/\/www.ediren.com\/eu\/profesionalentzako-prestakuntza\/genero-berdintasunari-buruzko-prestakuntza\/","og_site_name":"Ediren","article_publisher":"https:\/\/www.facebook.com\/pages\/Ediren-SALUD\/298201266858043","article_modified_time":"2021-12-02T09:12:21+00:00","og_image":[{"url":"https:\/\/www.ediren.com\/wp-content\/uploads\/2017\/09\/ediren-formacion-igualdad.jpg","type":"","width":"","height":""}],"twitter_card":"summary_large_image","twitter_site":"@edirensalud","twitter_misc":{"Est. reading time":"2 minutes"},"schema":{"@context":"https:\/\/schema.org","@graph":[{"@type":"WebPage","@id":"https:\/\/www.ediren.com\/eu\/profesionalentzako-prestakuntza\/genero-berdintasunari-buruzko-prestakuntza\/","url":"https:\/\/www.ediren.com\/eu\/profesionalentzako-prestakuntza\/genero-berdintasunari-buruzko-prestakuntza\/","name":"Genero berdintasunari buruzko prestakuntza - Ediren","isPartOf":{"@id":"https:\/\/www.ediren.com\/eu\/#website"},"primaryImageOfPage":{"@id":"https:\/\/www.ediren.com\/eu\/profesionalentzako-prestakuntza\/genero-berdintasunari-buruzko-prestakuntza\/#primaryimage"},"image":{"@id":"https:\/\/www.ediren.com\/eu\/profesionalentzako-prestakuntza\/genero-berdintasunari-buruzko-prestakuntza\/#primaryimage"},"thumbnailUrl":"https:\/\/www.ediren.com\/wp-content\/uploads\/2017\/09\/ediren-formacion-igualdad.jpg","datePublished":"2017-08-30T09:55:31+00:00","dateModified":"2021-12-02T09:12:21+00:00","description":"Ediren, Centro de Psicoterapia y Psic\u00f3logos, especialistas en rehabilitaci\u00f3n y en psicolog\u00eda. Genero berdintasunari buruzko prestakuntza","breadcrumb":{"@id":"https:\/\/www.ediren.com\/eu\/profesionalentzako-prestakuntza\/genero-berdintasunari-buruzko-prestakuntza\/#breadcrumb"},"inLanguage":"eu-ES","potentialAction":[{"@type":"ReadAction","target":["https:\/\/www.ediren.com\/eu\/profesionalentzako-prestakuntza\/genero-berdintasunari-buruzko-prestakuntza\/"]}]},{"@type":"ImageObject","inLanguage":"eu-ES","@id":"https:\/\/www.ediren.com\/eu\/profesionalentzako-prestakuntza\/genero-berdintasunari-buruzko-prestakuntza\/#primaryimage","url":"https:\/\/www.ediren.com\/wp-content\/uploads\/2017\/09\/ediren-formacion-igualdad.jpg","contentUrl":"https:\/\/www.ediren.com\/wp-content\/uploads\/2017\/09\/ediren-formacion-igualdad.jpg"},{"@type":"BreadcrumbList","@id":"https:\/\/www.ediren.com\/eu\/profesionalentzako-prestakuntza\/genero-berdintasunari-buruzko-prestakuntza\/#breadcrumb","itemListElement":[{"@type":"ListItem","position":1,"name":"Portada","item":"https:\/\/www.ediren.com\/eu\/hasiera\/"},{"@type":"ListItem","position":2,"name":"Profesionalentzako prestakuntza","item":"https:\/\/www.ediren.com\/eu\/profesionalentzako-prestakuntza\/"},{"@type":"ListItem","position":3,"name":"Genero berdintasunari buruzko prestakuntza"}]},{"@type":"WebSite","@id":"https:\/\/www.ediren.com\/eu\/#website","url":"https:\/\/www.ediren.com\/eu\/","name":"Ediren","description":"Cooperativa de Salud","potentialAction":[{"@type":"SearchAction","target":{"@type":"EntryPoint","urlTemplate":"https:\/\/www.ediren.com\/eu\/?s={search_term_string}"},"query-input":{"@type":"PropertyValueSpecification","valueRequired":true,"valueName":"search_term_string"}}],"inLanguage":"eu-ES"}]}},"_links":{"self":[{"href":"https:\/\/www.ediren.com\/eu\/wp-json\/wp\/v2\/pages\/3519","targetHints":{"allow":["GET"]}}],"collection":[{"href":"https:\/\/www.ediren.com\/eu\/wp-json\/wp\/v2\/pages"}],"about":[{"href":"https:\/\/www.ediren.com\/eu\/wp-json\/wp\/v2\/types\/page"}],"author":[{"embeddable":true,"href":"https:\/\/www.ediren.com\/eu\/wp-json\/wp\/v2\/users\/3"}],"replies":[{"embeddable":true,"href":"https:\/\/www.ediren.com\/eu\/wp-json\/wp\/v2\/comments?post=3519"}],"version-history":[{"count":0,"href":"https:\/\/www.ediren.com\/eu\/wp-json\/wp\/v2\/pages\/3519\/revisions"}],"up":[{"embeddable":true,"href":"https:\/\/www.ediren.com\/eu\/wp-json\/wp\/v2\/pages\/3511"}],"wp:attachment":[{"href":"https:\/\/www.ediren.com\/eu\/wp-json\/wp\/v2\/media?parent=3519"}],"curies":[{"name":"wp","href":"https:\/\/api.w.org\/{rel}","templated":true}]}}