{"id":3527,"date":"2017-08-30T11:15:56","date_gmt":"2017-08-30T09:15:56","guid":{"rendered":"https:\/\/www.ediren.com\/profesionalentzako-prestakuntza\/rol-profesionala\/"},"modified":"2021-11-17T14:32:55","modified_gmt":"2021-11-17T13:32:55","slug":"rol-profesionala","status":"publish","type":"page","link":"https:\/\/www.ediren.com\/eu\/profesionalentzako-prestakuntza\/rol-profesionala\/","title":{"rendered":"Rol profesionala"},"content":{"rendered":"\t\t<div data-elementor-type=\"wp-post\" data-elementor-id=\"3527\" class=\"elementor elementor-3527 elementor-904\">\n\t\t\t\t\t\t<section class=\"elementor-section elementor-top-section elementor-element elementor-element-gimzozp elementor-section-stretched elementor-section-boxed elementor-section-height-default elementor-section-height-default\" data-id=\"gimzozp\" data-element_type=\"section\" data-e-type=\"section\" data-settings=\"{&quot;stretch_section&quot;:&quot;section-stretched&quot;,&quot;background_background&quot;:&quot;classic&quot;}\">\n\t\t\t\t\t\t<div class=\"elementor-container elementor-column-gap-default\">\n\t\t\t\t\t<div class=\"elementor-column elementor-col-100 elementor-top-column elementor-element elementor-element-ozlixsh\" data-id=\"ozlixsh\" data-element_type=\"column\" data-e-type=\"column\" data-settings=\"{&quot;background_background&quot;:&quot;classic&quot;}\">\n\t\t\t<div class=\"elementor-widget-wrap elementor-element-populated\">\n\t\t\t\t\t\t<div class=\"elementor-element elementor-element-bmjnpus elementor-widget elementor-widget-text-editor\" data-id=\"bmjnpus\" data-element_type=\"widget\" data-e-type=\"widget\" data-widget_type=\"text-editor.default\">\n\t\t\t\t<div class=\"elementor-widget-container\">\n\t\t\t\t\t\t\t\t\t<h2 style=\"text-align: center;\">Osasun, Hezkuntza eta Gizarte Esku Hartze arloetako zerbitzuetan lan egiten duten profesionalek oso egoera zailei aurre egin behar izaten diete, egunero.<\/h2>\n\t\t\t\t\t\t\t\t<\/div>\n\t\t\t\t<\/div>\n\t\t\t\t<div class=\"elementor-element elementor-element-beb557a elementor-widget elementor-widget-heading\" data-id=\"beb557a\" data-element_type=\"widget\" data-e-type=\"widget\" data-widget_type=\"heading.default\">\n\t\t\t\t<div class=\"elementor-widget-container\">\n\t\t\t\t\t<h1 class=\"elementor-heading-title elementor-size-default\">Rol profesionala<\/h1>\t\t\t\t<\/div>\n\t\t\t\t<\/div>\n\t\t\t\t<div class=\"elementor-element elementor-element-ullbtwu elementor-view-default elementor-widget elementor-widget-icon\" data-id=\"ullbtwu\" data-element_type=\"widget\" data-e-type=\"widget\" data-widget_type=\"icon.default\">\n\t\t\t\t<div class=\"elementor-widget-container\">\n\t\t\t\t\t\t\t<div class=\"elementor-icon-wrapper\">\n\t\t\t<div class=\"elementor-icon\">\n\t\t\t\t\t\t\t<i class=\"fa fa-quote-right\" aria-hidden=\"true\"><\/i>\n\t\t\t\t\t\t<\/div>\n\t\t<\/div>\n\t\t\t\t\t\t<\/div>\n\t\t\t\t<\/div>\n\t\t\t\t\t<\/div>\n\t\t<\/div>\n\t\t\t\t\t<\/div>\n\t\t<\/section>\n\t\t\t\t<section class=\"elementor-section elementor-top-section elementor-element elementor-element-jmzygxu elementor-section-stretched elementor-reverse-mobile elementor-section-boxed elementor-section-height-default elementor-section-height-default\" data-id=\"jmzygxu\" data-element_type=\"section\" data-e-type=\"section\" data-settings=\"{&quot;stretch_section&quot;:&quot;section-stretched&quot;,&quot;background_background&quot;:&quot;classic&quot;}\">\n\t\t\t\t\t\t<div class=\"elementor-container elementor-column-gap-default\">\n\t\t\t\t\t<div class=\"elementor-column elementor-col-100 elementor-top-column elementor-element elementor-element-yckvjmu fondo-responsive\" data-id=\"yckvjmu\" data-element_type=\"column\" data-e-type=\"column\" data-settings=\"{&quot;background_background&quot;:&quot;gradient&quot;}\">\n\t\t\t<div class=\"elementor-widget-wrap elementor-element-populated\">\n\t\t\t\t\t\t<div class=\"elementor-element elementor-element-hclxbav elementor-widget elementor-widget-image\" data-id=\"hclxbav\" data-element_type=\"widget\" data-e-type=\"widget\" data-widget_type=\"image.default\">\n\t\t\t\t<div class=\"elementor-widget-container\">\n\t\t\t\t\t\t\t\t\t\t\t\t\t\t\t<img fetchpriority=\"high\" decoding=\"async\" width=\"1024\" height=\"683\" src=\"https:\/\/www.ediren.com\/wp-content\/uploads\/2017\/09\/ediren-rol-profesional-1024x683.jpg\" class=\"attachment-large size-large wp-image-2975\" alt=\"\" srcset=\"https:\/\/www.ediren.com\/wp-content\/uploads\/2017\/09\/ediren-rol-profesional-1024x683.jpg 1024w, https:\/\/www.ediren.com\/wp-content\/uploads\/2017\/09\/ediren-rol-profesional-300x200.jpg 300w, https:\/\/www.ediren.com\/wp-content\/uploads\/2017\/09\/ediren-rol-profesional-768x512.jpg 768w, https:\/\/www.ediren.com\/wp-content\/uploads\/2017\/09\/ediren-rol-profesional.jpg 1200w\" sizes=\"(max-width: 1024px) 100vw, 1024px\" \/>\t\t\t\t\t\t\t\t\t\t\t\t\t\t\t<\/div>\n\t\t\t\t<\/div>\n\t\t\t\t<div class=\"elementor-element elementor-element-nteixke elementor-widget elementor-widget-text-editor\" data-id=\"nteixke\" data-element_type=\"widget\" data-e-type=\"widget\" data-widget_type=\"text-editor.default\">\n\t\t\t\t<div class=\"elementor-widget-container\">\n\t\t\t\t\t\t\t\t\t<p>Ikuspuntu emozionaletik, batetik, arazo korapilatsuak dituzten pertsona oso desberdinen sufrimendua arindu behar dute, eta irtenbidea ematen saiatu; lan hori egin behar dute beste profesional eta erakunde batzuekin koordinatuta, baina beti ez dituzte izaten jarduketa-irizpide berak. Egoera horiek frustrazioa eta ezintasuna eragiten dituzte, eta profesionalengan akidura handia eragin dezakete.<\/p>\n<p>Bestetik, ikuspuntu fisikotik, profesionalek, mendeko pertsonak zaintzen dituztenek bezala, sarri izaten dituzte beharturiko jarrerekin eta keinu errepikakorrekin loturiko gaitzak. Horri zama psikosozial handia batzen zaio, soldata eskasak, aitorpen sozialik eza eta lan-ibilbidean aurrera edo gora egiteko aukera oso-oro urriak, besteak beste.<\/p>\n<p><strong>Gaixotasunak prebenitzeko eta norberaren osasuna hobetzeko, nahitaezkoa da jarrera eta keinu desegokiak antzematen ikastea, aztura txarrak alde batera uztea eta tresna osasungarriak bereganatzea<\/strong>.<\/p>\n<h2>Profesionalek non hitz egin dezakete honetaz guztiaz? Nork zaintzen ditu zaintzaileak? Zein metodo edo baliabiderekin?<\/h2>\n<p>Besteren artean, Psikologia sozialak, Psikodramak eta Jarreren Berreziketak eskaintzen dituzten tresna teoriko eta praktikoek laguntzen digute hobeto ulertzen, profesionalen arteko hausnarketa kolektiborako gune batean, zein prozesuri egiten dieten aurre haien eguneroko jardunean. Metodo horiei esker, halaber, irizpideak batera daitezke, eta langileei esleituriko rolen zorroztasun-zama handia arindu. Horrek guztiak distantzia osasungarriagoa ematen die, eta, hala, modu eraginkorragoan esku har dezakete, profesionalengan eta zerbitzuetan unadura arinduta.<\/p>\n\t\t\t\t\t\t\t\t<\/div>\n\t\t\t\t<\/div>\n\t\t\t\t\t<\/div>\n\t\t<\/div>\n\t\t\t\t\t<\/div>\n\t\t<\/section>\n\t\t\t\t<section class=\"elementor-section elementor-top-section elementor-element elementor-element-vpokxuw elementor-section-stretched elementor-section-boxed elementor-section-height-default elementor-section-height-default\" data-id=\"vpokxuw\" data-element_type=\"section\" data-e-type=\"section\" data-settings=\"{&quot;stretch_section&quot;:&quot;section-stretched&quot;,&quot;background_background&quot;:&quot;classic&quot;}\">\n\t\t\t\t\t\t\t<div class=\"elementor-background-overlay\"><\/div>\n\t\t\t\t\t\t\t<div class=\"elementor-container elementor-column-gap-default\">\n\t\t\t\t\t<div class=\"elementor-column elementor-col-50 elementor-top-column elementor-element elementor-element-lgeswbv\" data-id=\"lgeswbv\" data-element_type=\"column\" data-e-type=\"column\">\n\t\t\t<div class=\"elementor-widget-wrap elementor-element-populated\">\n\t\t\t\t\t\t<div class=\"elementor-element elementor-element-roxjqxa elementor-widget elementor-widget-text-editor\" data-id=\"roxjqxa\" data-element_type=\"widget\" data-e-type=\"widget\" data-widget_type=\"text-editor.default\">\n\t\t\t\t<div class=\"elementor-widget-container\">\n\t\t\t\t\t\t\t\t\t<p>\n<div class=\"wpcf7 no-js\" id=\"wpcf7-f3560-o1\" lang=\"es-ES\" dir=\"ltr\" data-wpcf7-id=\"3560\">\n<div class=\"screen-reader-response\"><p role=\"status\" aria-live=\"polite\" aria-atomic=\"true\"><\/p> <ul><\/ul><\/div>\n<form action=\"\/eu\/wp-json\/wp\/v2\/pages\/3527#wpcf7-f3560-o1\" method=\"post\" class=\"wpcf7-form init\" aria-label=\"Contact form\" novalidate=\"novalidate\" data-status=\"init\">\n<fieldset class=\"hidden-fields-container\"><input type=\"hidden\" name=\"_wpcf7\" value=\"3560\" \/><input type=\"hidden\" name=\"_wpcf7_version\" value=\"6.1.5\" \/><input type=\"hidden\" name=\"_wpcf7_locale\" value=\"es_ES\" \/><input type=\"hidden\" name=\"_wpcf7_unit_tag\" value=\"wpcf7-f3560-o1\" \/><input type=\"hidden\" name=\"_wpcf7_container_post\" value=\"0\" \/><input type=\"hidden\" name=\"_wpcf7_posted_data_hash\" value=\"\" \/><input type=\"hidden\" name=\"_wpcf7_recaptcha_response\" value=\"\" \/>\n<\/fieldset>\n<div class=\"left col-form-horizontal\">\n\t<p><label> Izen-abizenak (*)<br \/>\n<span class=\"wpcf7-form-control-wrap\" data-name=\"your-name\"><input size=\"40\" maxlength=\"400\" class=\"wpcf7-form-control wpcf7-text wpcf7-validates-as-required\" aria-required=\"true\" aria-invalid=\"false\" value=\"\" type=\"text\" name=\"your-name\" \/><\/span> <\/label>\n\t<\/p>\n\t<p><label> Helbide elektronikoa (*)<br \/>\n<span class=\"wpcf7-form-control-wrap\" data-name=\"your-email\"><input size=\"40\" maxlength=\"400\" class=\"wpcf7-form-control wpcf7-email wpcf7-validates-as-required wpcf7-text wpcf7-validates-as-email\" aria-required=\"true\" aria-invalid=\"false\" value=\"\" type=\"email\" name=\"your-email\" \/><\/span> <\/label>\n\t<\/p>\n\t<p><label> Telefonoa (*)<br \/>\n<span class=\"wpcf7-form-control-wrap\" data-name=\"tel-933\"><input size=\"40\" maxlength=\"400\" class=\"wpcf7-form-control wpcf7-tel wpcf7-validates-as-required wpcf7-text wpcf7-validates-as-tel\" aria-required=\"true\" aria-invalid=\"false\" value=\"\" type=\"tel\" name=\"tel-933\" \/><\/span> <\/label>\n\t<\/p>\n\t<p><label> Gaia<br \/>\n<span class=\"wpcf7-form-control-wrap\" data-name=\"your-subject\"><input size=\"40\" maxlength=\"400\" class=\"wpcf7-form-control wpcf7-text\" aria-invalid=\"false\" value=\"\" type=\"text\" name=\"your-subject\" \/><\/span> <\/label>\n\t<\/p>\n<\/div>\n<div class=\"right col-form-horizontal\">\n\t<p><label> Eman zure kasuaren berri<br \/>\n<span class=\"wpcf7-form-control-wrap\" data-name=\"your-message\"><textarea cols=\"40\" rows=\"10\" maxlength=\"2000\" class=\"wpcf7-form-control wpcf7-textarea\" aria-invalid=\"false\" name=\"your-message\"><\/textarea><\/span> <\/label>\n\t<\/p>\n\t<p><label><span class=\"wpcf7-form-control-wrap\" data-name=\"acceptance-970\"><span class=\"wpcf7-form-control wpcf7-acceptance\"><span class=\"wpcf7-list-item\"><label><input type=\"checkbox\" name=\"acceptance-970\" value=\"1\" aria-invalid=\"false\" \/><span class=\"wpcf7-list-item-label\"><a href=\"\/eu\/pribatutasun-politika\" target=\"_blank\">Pribatutasun-politika onartzen dut<\/a><\/span><\/label><\/span><\/span><\/span> <\/label>\n\t<\/p>\n<\/div>\n<div class=\"clear\">\n<\/div>\n\n<div class=\"clear\">\n<\/div>\n<p><input class=\"wpcf7-form-control wpcf7-submit has-spinner\" type=\"submit\" value=\"Bidali\" \/>\n<\/p><div class=\"wpcf7-response-output\" aria-hidden=\"true\"><\/div>\n<\/form>\n<\/div>\n<\/p>\n\t\t\t\t\t\t\t\t<\/div>\n\t\t\t\t<\/div>\n\t\t\t\t\t<\/div>\n\t\t<\/div>\n\t\t\t\t<div class=\"elementor-column elementor-col-50 elementor-top-column elementor-element elementor-element-psujprz\" data-id=\"psujprz\" data-element_type=\"column\" data-e-type=\"column\">\n\t\t\t<div class=\"elementor-widget-wrap elementor-element-populated\">\n\t\t\t\t\t\t<div class=\"elementor-element elementor-element-ttprqrd elementor-widget elementor-widget-heading\" data-id=\"ttprqrd\" data-element_type=\"widget\" data-e-type=\"widget\" data-widget_type=\"heading.default\">\n\t\t\t\t<div class=\"elementor-widget-container\">\n\t\t\t\t\t<h2 class=\"elementor-heading-title elementor-size-default\">Laguntza behar duzu?<\/h2>\t\t\t\t<\/div>\n\t\t\t\t<\/div>\n\t\t\t\t<div class=\"elementor-element elementor-element-ietpwqf elementor-widget elementor-widget-text-editor\" data-id=\"ietpwqf\" data-element_type=\"widget\" data-e-type=\"widget\" data-widget_type=\"text-editor.default\">\n\t\t\t\t<div class=\"elementor-widget-container\">\n\t\t\t\t\t\t\t\t\t<h4><strong>Edirenen, laguntza eman diezazukegu; jar zaitez gurekin harremanetan telefono-zenbaki honetara hots eginda<\/strong><\/h4>\n\t\t\t\t\t\t\t\t<\/div>\n\t\t\t\t<\/div>\n\t\t\t\t<div class=\"elementor-element elementor-element-qyeandk elementor-widget elementor-widget-heading\" data-id=\"qyeandk\" data-element_type=\"widget\" data-e-type=\"widget\" data-widget_type=\"heading.default\">\n\t\t\t\t<div class=\"elementor-widget-container\">\n\t\t\t\t\t<h3 class=\"elementor-heading-title elementor-size-xl\">945 266 366<\/h3>\t\t\t\t<\/div>\n\t\t\t\t<\/div>\n\t\t\t\t<div class=\"elementor-element elementor-element-cravlpi elementor-widget elementor-widget-text-editor\" data-id=\"cravlpi\" data-element_type=\"widget\" data-e-type=\"widget\" data-widget_type=\"text-editor.default\">\n\t\t\t\t<div class=\"elementor-widget-container\">\n\t\t\t\t\t\t\t\t\t<p><strong>Behar duzunari buruzko informazioa emango dizugu, edo hitzordua ezarriko dugu, zure kasua ezagutzeko<\/strong><\/p>\n\t\t\t\t\t\t\t\t<\/div>\n\t\t\t\t<\/div>\n\t\t\t\t\t<\/div>\n\t\t<\/div>\n\t\t\t\t\t<\/div>\n\t\t<\/section>\n\t\t\t\t<\/div>\n\t\t","protected":false},"excerpt":{"rendered":"<p>Osasun, Hezkuntza eta Gizarte Esku Hartze arloetako zerbitzuetan lan egiten duten profesionalek oso egoera zailei aurre egin behar izaten diete, egunero. Rol profesionala Ikuspuntu emozionaletik, batetik, arazo korapilatsuak dituzten pertsona oso desberdinen sufrimendua arindu behar dute, eta irtenbidea ematen saiatu; lan hori egin behar dute beste profesional eta erakunde batzuekin koordinatuta, baina beti ez dituzte [&hellip;]<\/p>\n","protected":false},"author":3,"featured_media":0,"parent":3511,"menu_order":0,"comment_status":"closed","ping_status":"closed","template":"","meta":{"_genesis_hide_title":false,"_genesis_hide_breadcrumbs":false,"_genesis_hide_singular_image":false,"_genesis_hide_footer_widgets":false,"_genesis_custom_body_class":"","_genesis_custom_post_class":"","_genesis_layout":"","footnotes":""},"class_list":{"0":"post-3527","1":"page","2":"type-page","3":"status-publish","5":"entry"},"yoast_head":"<!-- This site is optimized with the Yoast SEO plugin v27.4 - https:\/\/yoast.com\/product\/yoast-seo-wordpress\/ -->\n<title>Rol profesionala - Centro de Psicoterapia y Fisioterapia<\/title>\n<meta name=\"description\" content=\"Ediren, Centro de Psicoterapia y Psic\u00f3logos, especialistas en rehabilitaci\u00f3n y en psicolog\u00eda. Rol profesionala\" \/>\n<meta name=\"robots\" content=\"index, follow, max-snippet:-1, max-image-preview:large, max-video-preview:-1\" \/>\n<link rel=\"canonical\" href=\"https:\/\/www.ediren.com\/eu\/profesionalentzako-prestakuntza\/rol-profesionala\/\" \/>\n<meta property=\"og:locale\" content=\"eu_ES\" \/>\n<meta property=\"og:type\" content=\"article\" \/>\n<meta property=\"og:title\" content=\"Rol profesionala - Centro de Psicoterapia y Fisioterapia\" \/>\n<meta property=\"og:description\" content=\"Ediren, Centro de Psicoterapia y Psic\u00f3logos, especialistas en rehabilitaci\u00f3n y en psicolog\u00eda. Rol profesionala\" \/>\n<meta property=\"og:url\" content=\"https:\/\/www.ediren.com\/eu\/profesionalentzako-prestakuntza\/rol-profesionala\/\" \/>\n<meta property=\"og:site_name\" content=\"Ediren\" \/>\n<meta property=\"article:publisher\" content=\"https:\/\/www.facebook.com\/pages\/Ediren-SALUD\/298201266858043\" \/>\n<meta property=\"article:modified_time\" content=\"2021-11-17T13:32:55+00:00\" \/>\n<meta property=\"og:image\" content=\"https:\/\/www.ediren.com\/wp-content\/uploads\/2017\/09\/ediren-rol-profesional-1024x683.jpg\" \/>\n<meta name=\"twitter:card\" content=\"summary_large_image\" \/>\n<meta name=\"twitter:site\" content=\"@edirensalud\" \/>\n<meta name=\"twitter:label1\" content=\"Est. reading time\" \/>\n\t<meta name=\"twitter:data1\" content=\"2 minutes\" \/>\n<script type=\"application\/ld+json\" class=\"yoast-schema-graph\">{\"@context\":\"https:\\\/\\\/schema.org\",\"@graph\":[{\"@type\":\"WebPage\",\"@id\":\"https:\\\/\\\/www.ediren.com\\\/eu\\\/profesionalentzako-prestakuntza\\\/rol-profesionala\\\/\",\"url\":\"https:\\\/\\\/www.ediren.com\\\/eu\\\/profesionalentzako-prestakuntza\\\/rol-profesionala\\\/\",\"name\":\"Rol profesionala - Centro de Psicoterapia y Fisioterapia\",\"isPartOf\":{\"@id\":\"https:\\\/\\\/www.ediren.com\\\/eu\\\/#website\"},\"primaryImageOfPage\":{\"@id\":\"https:\\\/\\\/www.ediren.com\\\/eu\\\/profesionalentzako-prestakuntza\\\/rol-profesionala\\\/#primaryimage\"},\"image\":{\"@id\":\"https:\\\/\\\/www.ediren.com\\\/eu\\\/profesionalentzako-prestakuntza\\\/rol-profesionala\\\/#primaryimage\"},\"thumbnailUrl\":\"https:\\\/\\\/www.ediren.com\\\/wp-content\\\/uploads\\\/2017\\\/09\\\/ediren-rol-profesional-1024x683.jpg\",\"datePublished\":\"2017-08-30T09:15:56+00:00\",\"dateModified\":\"2021-11-17T13:32:55+00:00\",\"description\":\"Ediren, Centro de Psicoterapia y Psic\u00f3logos, especialistas en rehabilitaci\u00f3n y en psicolog\u00eda. Rol profesionala\",\"breadcrumb\":{\"@id\":\"https:\\\/\\\/www.ediren.com\\\/eu\\\/profesionalentzako-prestakuntza\\\/rol-profesionala\\\/#breadcrumb\"},\"inLanguage\":\"eu-ES\",\"potentialAction\":[{\"@type\":\"ReadAction\",\"target\":[\"https:\\\/\\\/www.ediren.com\\\/eu\\\/profesionalentzako-prestakuntza\\\/rol-profesionala\\\/\"]}]},{\"@type\":\"ImageObject\",\"inLanguage\":\"eu-ES\",\"@id\":\"https:\\\/\\\/www.ediren.com\\\/eu\\\/profesionalentzako-prestakuntza\\\/rol-profesionala\\\/#primaryimage\",\"url\":\"https:\\\/\\\/www.ediren.com\\\/wp-content\\\/uploads\\\/2017\\\/09\\\/ediren-rol-profesional-1024x683.jpg\",\"contentUrl\":\"https:\\\/\\\/www.ediren.com\\\/wp-content\\\/uploads\\\/2017\\\/09\\\/ediren-rol-profesional-1024x683.jpg\"},{\"@type\":\"BreadcrumbList\",\"@id\":\"https:\\\/\\\/www.ediren.com\\\/eu\\\/profesionalentzako-prestakuntza\\\/rol-profesionala\\\/#breadcrumb\",\"itemListElement\":[{\"@type\":\"ListItem\",\"position\":1,\"name\":\"Portada\",\"item\":\"https:\\\/\\\/www.ediren.com\\\/eu\\\/hasiera\\\/\"},{\"@type\":\"ListItem\",\"position\":2,\"name\":\"Profesionalentzako prestakuntza\",\"item\":\"https:\\\/\\\/www.ediren.com\\\/eu\\\/profesionalentzako-prestakuntza\\\/\"},{\"@type\":\"ListItem\",\"position\":3,\"name\":\"Rol profesionala\"}]},{\"@type\":\"WebSite\",\"@id\":\"https:\\\/\\\/www.ediren.com\\\/eu\\\/#website\",\"url\":\"https:\\\/\\\/www.ediren.com\\\/eu\\\/\",\"name\":\"Ediren\",\"description\":\"Cooperativa de Salud\",\"potentialAction\":[{\"@type\":\"SearchAction\",\"target\":{\"@type\":\"EntryPoint\",\"urlTemplate\":\"https:\\\/\\\/www.ediren.com\\\/eu\\\/?s={search_term_string}\"},\"query-input\":{\"@type\":\"PropertyValueSpecification\",\"valueRequired\":true,\"valueName\":\"search_term_string\"}}],\"inLanguage\":\"eu-ES\"}]}<\/script>\n<!-- \/ Yoast SEO plugin. -->","yoast_head_json":{"title":"Rol profesionala - Centro de Psicoterapia y Fisioterapia","description":"Ediren, Centro de Psicoterapia y Psic\u00f3logos, especialistas en rehabilitaci\u00f3n y en psicolog\u00eda. Rol profesionala","robots":{"index":"index","follow":"follow","max-snippet":"max-snippet:-1","max-image-preview":"max-image-preview:large","max-video-preview":"max-video-preview:-1"},"canonical":"https:\/\/www.ediren.com\/eu\/profesionalentzako-prestakuntza\/rol-profesionala\/","og_locale":"eu_ES","og_type":"article","og_title":"Rol profesionala - Centro de Psicoterapia y Fisioterapia","og_description":"Ediren, Centro de Psicoterapia y Psic\u00f3logos, especialistas en rehabilitaci\u00f3n y en psicolog\u00eda. Rol profesionala","og_url":"https:\/\/www.ediren.com\/eu\/profesionalentzako-prestakuntza\/rol-profesionala\/","og_site_name":"Ediren","article_publisher":"https:\/\/www.facebook.com\/pages\/Ediren-SALUD\/298201266858043","article_modified_time":"2021-11-17T13:32:55+00:00","og_image":[{"url":"https:\/\/www.ediren.com\/wp-content\/uploads\/2017\/09\/ediren-rol-profesional-1024x683.jpg","type":"","width":"","height":""}],"twitter_card":"summary_large_image","twitter_site":"@edirensalud","twitter_misc":{"Est. reading time":"2 minutes"},"schema":{"@context":"https:\/\/schema.org","@graph":[{"@type":"WebPage","@id":"https:\/\/www.ediren.com\/eu\/profesionalentzako-prestakuntza\/rol-profesionala\/","url":"https:\/\/www.ediren.com\/eu\/profesionalentzako-prestakuntza\/rol-profesionala\/","name":"Rol profesionala - Centro de Psicoterapia y Fisioterapia","isPartOf":{"@id":"https:\/\/www.ediren.com\/eu\/#website"},"primaryImageOfPage":{"@id":"https:\/\/www.ediren.com\/eu\/profesionalentzako-prestakuntza\/rol-profesionala\/#primaryimage"},"image":{"@id":"https:\/\/www.ediren.com\/eu\/profesionalentzako-prestakuntza\/rol-profesionala\/#primaryimage"},"thumbnailUrl":"https:\/\/www.ediren.com\/wp-content\/uploads\/2017\/09\/ediren-rol-profesional-1024x683.jpg","datePublished":"2017-08-30T09:15:56+00:00","dateModified":"2021-11-17T13:32:55+00:00","description":"Ediren, Centro de Psicoterapia y Psic\u00f3logos, especialistas en rehabilitaci\u00f3n y en psicolog\u00eda. Rol profesionala","breadcrumb":{"@id":"https:\/\/www.ediren.com\/eu\/profesionalentzako-prestakuntza\/rol-profesionala\/#breadcrumb"},"inLanguage":"eu-ES","potentialAction":[{"@type":"ReadAction","target":["https:\/\/www.ediren.com\/eu\/profesionalentzako-prestakuntza\/rol-profesionala\/"]}]},{"@type":"ImageObject","inLanguage":"eu-ES","@id":"https:\/\/www.ediren.com\/eu\/profesionalentzako-prestakuntza\/rol-profesionala\/#primaryimage","url":"https:\/\/www.ediren.com\/wp-content\/uploads\/2017\/09\/ediren-rol-profesional-1024x683.jpg","contentUrl":"https:\/\/www.ediren.com\/wp-content\/uploads\/2017\/09\/ediren-rol-profesional-1024x683.jpg"},{"@type":"BreadcrumbList","@id":"https:\/\/www.ediren.com\/eu\/profesionalentzako-prestakuntza\/rol-profesionala\/#breadcrumb","itemListElement":[{"@type":"ListItem","position":1,"name":"Portada","item":"https:\/\/www.ediren.com\/eu\/hasiera\/"},{"@type":"ListItem","position":2,"name":"Profesionalentzako prestakuntza","item":"https:\/\/www.ediren.com\/eu\/profesionalentzako-prestakuntza\/"},{"@type":"ListItem","position":3,"name":"Rol profesionala"}]},{"@type":"WebSite","@id":"https:\/\/www.ediren.com\/eu\/#website","url":"https:\/\/www.ediren.com\/eu\/","name":"Ediren","description":"Cooperativa de Salud","potentialAction":[{"@type":"SearchAction","target":{"@type":"EntryPoint","urlTemplate":"https:\/\/www.ediren.com\/eu\/?s={search_term_string}"},"query-input":{"@type":"PropertyValueSpecification","valueRequired":true,"valueName":"search_term_string"}}],"inLanguage":"eu-ES"}]}},"_links":{"self":[{"href":"https:\/\/www.ediren.com\/eu\/wp-json\/wp\/v2\/pages\/3527","targetHints":{"allow":["GET"]}}],"collection":[{"href":"https:\/\/www.ediren.com\/eu\/wp-json\/wp\/v2\/pages"}],"about":[{"href":"https:\/\/www.ediren.com\/eu\/wp-json\/wp\/v2\/types\/page"}],"author":[{"embeddable":true,"href":"https:\/\/www.ediren.com\/eu\/wp-json\/wp\/v2\/users\/3"}],"replies":[{"embeddable":true,"href":"https:\/\/www.ediren.com\/eu\/wp-json\/wp\/v2\/comments?post=3527"}],"version-history":[{"count":0,"href":"https:\/\/www.ediren.com\/eu\/wp-json\/wp\/v2\/pages\/3527\/revisions"}],"up":[{"embeddable":true,"href":"https:\/\/www.ediren.com\/eu\/wp-json\/wp\/v2\/pages\/3511"}],"wp:attachment":[{"href":"https:\/\/www.ediren.com\/eu\/wp-json\/wp\/v2\/media?parent=3527"}],"curies":[{"name":"wp","href":"https:\/\/api.w.org\/{rel}","templated":true}]}}