{"id":3573,"date":"2017-09-26T12:56:14","date_gmt":"2017-09-26T10:56:14","guid":{"rendered":"https:\/\/www.ediren.com\/beatriz-fernandez-corres\/"},"modified":"2022-02-28T11:26:02","modified_gmt":"2022-02-28T10:26:02","slug":"beatriz-fernandez-corres","status":"publish","type":"page","link":"https:\/\/www.ediren.com\/eu\/beatriz-fernandez-corres\/","title":{"rendered":"Beatriz Fern\u00e1ndez Corres"},"content":{"rendered":"\t\t<div data-elementor-type=\"wp-post\" data-elementor-id=\"3573\" class=\"elementor elementor-3573 elementor-3045\">\n\t\t\t\t\t\t<section class=\"elementor-section elementor-top-section elementor-element elementor-element-6951354 elementor-section-boxed elementor-section-height-default elementor-section-height-default\" data-id=\"6951354\" data-element_type=\"section\" data-e-type=\"section\">\n\t\t\t\t\t\t<div class=\"elementor-container elementor-column-gap-default\">\n\t\t\t\t\t<div class=\"elementor-column elementor-col-100 elementor-top-column elementor-element elementor-element-874b61a\" data-id=\"874b61a\" data-element_type=\"column\" data-e-type=\"column\">\n\t\t\t<div class=\"elementor-widget-wrap elementor-element-populated\">\n\t\t\t\t\t\t<div class=\"elementor-element elementor-element-4a7ebf4 elementor-widget elementor-widget-heading\" data-id=\"4a7ebf4\" data-element_type=\"widget\" data-e-type=\"widget\" data-widget_type=\"heading.default\">\n\t\t\t\t<div class=\"elementor-widget-container\">\n\t\t\t\t\t<h1 class=\"elementor-heading-title elementor-size-default\">Beatriz Fern\u00e1ndez Corres<\/h1>\t\t\t\t<\/div>\n\t\t\t\t<\/div>\n\t\t\t\t\t<\/div>\n\t\t<\/div>\n\t\t\t\t\t<\/div>\n\t\t<\/section>\n\t\t\t\t<section class=\"elementor-section elementor-top-section elementor-element elementor-element-lq0kp3j elementor-section-boxed elementor-section-height-default elementor-section-height-default\" data-id=\"lq0kp3j\" data-element_type=\"section\" data-e-type=\"section\">\n\t\t\t\t\t\t<div class=\"elementor-container elementor-column-gap-default\">\n\t\t\t\t\t<div class=\"elementor-column elementor-col-50 elementor-top-column elementor-element elementor-element-3p88dhm\" data-id=\"3p88dhm\" data-element_type=\"column\" data-e-type=\"column\">\n\t\t\t<div class=\"elementor-widget-wrap elementor-element-populated\">\n\t\t\t\t\t\t<div class=\"elementor-element elementor-element-iyssxda elementor-widget elementor-widget-image\" data-id=\"iyssxda\" data-element_type=\"widget\" data-e-type=\"widget\" data-widget_type=\"image.default\">\n\t\t\t\t<div class=\"elementor-widget-container\">\n\t\t\t\t\t\t\t\t\t\t\t\t\t\t\t<img fetchpriority=\"high\" decoding=\"async\" width=\"401\" height=\"601\" src=\"https:\/\/www.ediren.com\/wp-content\/uploads\/2017\/07\/Ediren-beatriz-fernandez.jpg\" class=\"attachment-large size-large wp-image-1074\" alt=\"Beatriz Fern\u00e1ndez\" srcset=\"https:\/\/www.ediren.com\/wp-content\/uploads\/2017\/07\/Ediren-beatriz-fernandez.jpg 401w, https:\/\/www.ediren.com\/wp-content\/uploads\/2017\/07\/Ediren-beatriz-fernandez-200x300.jpg 200w\" sizes=\"(max-width: 401px) 100vw, 401px\" \/>\t\t\t\t\t\t\t\t\t\t\t\t\t\t\t<\/div>\n\t\t\t\t<\/div>\n\t\t\t\t\t<\/div>\n\t\t<\/div>\n\t\t\t\t<div class=\"elementor-column elementor-col-50 elementor-top-column elementor-element elementor-element-zmic33g\" data-id=\"zmic33g\" data-element_type=\"column\" data-e-type=\"column\">\n\t\t\t<div class=\"elementor-widget-wrap elementor-element-populated\">\n\t\t\t\t\t\t<div class=\"elementor-element elementor-element-0h72bub fancybox-iframe elementor-widget elementor-widget-text-editor\" data-id=\"0h72bub\" data-element_type=\"widget\" data-e-type=\"widget\" data-widget_type=\"text-editor.default\">\n\t\t\t\t<div class=\"elementor-widget-container\">\n\t\t\t\t\t\t\t\t\t<p><strong>Psikologoa, sexologoa, psikomotrizitateko terapeuta, psikodramatista<\/strong><\/p><p>2008an lizentziatu nintzen Psikologian, Deustuko Unibertsitatean. Lan-ibilbidea irabazi asmorik gabeko elkarte batean hasi nuen, psikologo. Sexologia: Sexu Heziketa eta Aholkularitza masterra egin nuen, Madrilgo Incisex zentroan, 2010ean.<\/p><p>Urte hartan bertan hasi nintzen Edirenen lanean, baina karrerako praktikak ere kooperatiban bertan egin nituen. Edirenen, prestakuntza jasotzen jarraitu nuen, Talde Teknikak eta Psikodrama (2009-12), eta Terapia Psikomotorrari buruzko (2011-15) prestakuntza ere jaso nuen, Madrilgo CEFOPPn.<\/p><p><strong>Edireneko bazkide langilea naiz, 2012tik.<\/strong><\/p><p><strong>Psikologo eta terapeuta psikomotor lana haurrekin egiten dut bereziki. Gainera, zenbait talde soziokomunitario ere koordinatzen ditut, zeinak nerabe eta helduz osatuta dauden.\u00a0<\/strong> <strong>2015etik, kooperatibako Artezkaritza Kontseiluko presidenteordea naiz.<\/strong><\/p>\t\t\t\t\t\t\t\t<\/div>\n\t\t\t\t<\/div>\n\t\t\t\t\t<\/div>\n\t\t<\/div>\n\t\t\t\t\t<\/div>\n\t\t<\/section>\n\t\t\t\t<\/div>\n\t\t","protected":false},"excerpt":{"rendered":"<p>Beatriz Fern\u00e1ndez Corres Psikologoa, sexologoa, psikomotrizitateko terapeuta, psikodramatista 2008an lizentziatu nintzen Psikologian, Deustuko Unibertsitatean. Lan-ibilbidea irabazi asmorik gabeko elkarte batean hasi nuen, psikologo. Sexologia: Sexu Heziketa eta Aholkularitza masterra egin nuen, Madrilgo Incisex zentroan, 2010ean. Urte hartan bertan hasi nintzen Edirenen lanean, baina karrerako praktikak ere kooperatiban bertan egin nituen. Edirenen, prestakuntza jasotzen jarraitu nuen, [&hellip;]<\/p>\n","protected":false},"author":3,"featured_media":0,"parent":0,"menu_order":0,"comment_status":"closed","ping_status":"closed","template":"page_landing.php","meta":{"_genesis_hide_title":false,"_genesis_hide_breadcrumbs":false,"_genesis_hide_singular_image":false,"_genesis_hide_footer_widgets":false,"_genesis_custom_body_class":"","_genesis_custom_post_class":"","_genesis_layout":"","footnotes":""},"class_list":{"0":"post-3573","1":"page","2":"type-page","3":"status-publish","5":"entry","6":"has-post-thumbnail"},"yoast_head":"<!-- This site is optimized with the Yoast SEO plugin v27.4 - https:\/\/yoast.com\/product\/yoast-seo-wordpress\/ -->\n<title>Beatriz Fern\u00e1ndez Corres - Centro de Psicoterapia y Fisioterapia<\/title>\n<meta name=\"description\" content=\"Ediren, Centro de Psicoterapia y Psic\u00f3logos, especialistas en rehabilitaci\u00f3n y en psicolog\u00eda. Beatriz Fern\u00e1ndez Corres\" \/>\n<meta name=\"robots\" content=\"index, follow, max-snippet:-1, max-image-preview:large, max-video-preview:-1\" \/>\n<link rel=\"canonical\" href=\"https:\/\/www.ediren.com\/eu\/beatriz-fernandez-corres\/\" \/>\n<meta property=\"og:locale\" content=\"eu_ES\" \/>\n<meta property=\"og:type\" content=\"article\" \/>\n<meta property=\"og:title\" content=\"Beatriz Fern\u00e1ndez Corres - Centro de Psicoterapia y Fisioterapia\" \/>\n<meta property=\"og:description\" content=\"Ediren, Centro de Psicoterapia y Psic\u00f3logos, especialistas en rehabilitaci\u00f3n y en psicolog\u00eda. Beatriz Fern\u00e1ndez Corres\" \/>\n<meta property=\"og:url\" content=\"https:\/\/www.ediren.com\/eu\/beatriz-fernandez-corres\/\" \/>\n<meta property=\"og:site_name\" content=\"Ediren\" \/>\n<meta property=\"article:publisher\" content=\"https:\/\/www.facebook.com\/pages\/Ediren-SALUD\/298201266858043\" \/>\n<meta property=\"article:modified_time\" content=\"2022-02-28T10:26:02+00:00\" \/>\n<meta property=\"og:image\" content=\"https:\/\/www.ediren.com\/wp-content\/uploads\/2017\/07\/Ediren-beatriz-fernandez.jpg\" \/>\n<meta name=\"twitter:card\" content=\"summary_large_image\" \/>\n<meta name=\"twitter:site\" content=\"@edirensalud\" \/>\n<meta name=\"twitter:label1\" content=\"Est. reading time\" \/>\n\t<meta name=\"twitter:data1\" content=\"1 minute\" \/>\n<script type=\"application\/ld+json\" class=\"yoast-schema-graph\">{\"@context\":\"https:\\\/\\\/schema.org\",\"@graph\":[{\"@type\":\"WebPage\",\"@id\":\"https:\\\/\\\/www.ediren.com\\\/eu\\\/beatriz-fernandez-corres\\\/\",\"url\":\"https:\\\/\\\/www.ediren.com\\\/eu\\\/beatriz-fernandez-corres\\\/\",\"name\":\"Beatriz Fern\u00e1ndez Corres - Centro de Psicoterapia y Fisioterapia\",\"isPartOf\":{\"@id\":\"https:\\\/\\\/www.ediren.com\\\/eu\\\/#website\"},\"primaryImageOfPage\":{\"@id\":\"https:\\\/\\\/www.ediren.com\\\/eu\\\/beatriz-fernandez-corres\\\/#primaryimage\"},\"image\":{\"@id\":\"https:\\\/\\\/www.ediren.com\\\/eu\\\/beatriz-fernandez-corres\\\/#primaryimage\"},\"thumbnailUrl\":\"https:\\\/\\\/www.ediren.com\\\/wp-content\\\/uploads\\\/2017\\\/07\\\/Ediren-beatriz-fernandez.jpg\",\"datePublished\":\"2017-09-26T10:56:14+00:00\",\"dateModified\":\"2022-02-28T10:26:02+00:00\",\"description\":\"Ediren, Centro de Psicoterapia y Psic\u00f3logos, especialistas en rehabilitaci\u00f3n y en psicolog\u00eda. Beatriz Fern\u00e1ndez Corres\",\"breadcrumb\":{\"@id\":\"https:\\\/\\\/www.ediren.com\\\/eu\\\/beatriz-fernandez-corres\\\/#breadcrumb\"},\"inLanguage\":\"eu-ES\",\"potentialAction\":[{\"@type\":\"ReadAction\",\"target\":[\"https:\\\/\\\/www.ediren.com\\\/eu\\\/beatriz-fernandez-corres\\\/\"]}]},{\"@type\":\"ImageObject\",\"inLanguage\":\"eu-ES\",\"@id\":\"https:\\\/\\\/www.ediren.com\\\/eu\\\/beatriz-fernandez-corres\\\/#primaryimage\",\"url\":\"https:\\\/\\\/www.ediren.com\\\/wp-content\\\/uploads\\\/2017\\\/07\\\/Ediren-beatriz-fernandez.jpg\",\"contentUrl\":\"https:\\\/\\\/www.ediren.com\\\/wp-content\\\/uploads\\\/2017\\\/07\\\/Ediren-beatriz-fernandez.jpg\"},{\"@type\":\"BreadcrumbList\",\"@id\":\"https:\\\/\\\/www.ediren.com\\\/eu\\\/beatriz-fernandez-corres\\\/#breadcrumb\",\"itemListElement\":[{\"@type\":\"ListItem\",\"position\":1,\"name\":\"Portada\",\"item\":\"https:\\\/\\\/www.ediren.com\\\/eu\\\/hasiera\\\/\"},{\"@type\":\"ListItem\",\"position\":2,\"name\":\"Beatriz Fern\u00e1ndez Corres\"}]},{\"@type\":\"WebSite\",\"@id\":\"https:\\\/\\\/www.ediren.com\\\/eu\\\/#website\",\"url\":\"https:\\\/\\\/www.ediren.com\\\/eu\\\/\",\"name\":\"Ediren\",\"description\":\"Cooperativa de Salud\",\"potentialAction\":[{\"@type\":\"SearchAction\",\"target\":{\"@type\":\"EntryPoint\",\"urlTemplate\":\"https:\\\/\\\/www.ediren.com\\\/eu\\\/?s={search_term_string}\"},\"query-input\":{\"@type\":\"PropertyValueSpecification\",\"valueRequired\":true,\"valueName\":\"search_term_string\"}}],\"inLanguage\":\"eu-ES\"}]}<\/script>\n<!-- \/ Yoast SEO plugin. -->","yoast_head_json":{"title":"Beatriz Fern\u00e1ndez Corres - Centro de Psicoterapia y Fisioterapia","description":"Ediren, Centro de Psicoterapia y Psic\u00f3logos, especialistas en rehabilitaci\u00f3n y en psicolog\u00eda. Beatriz Fern\u00e1ndez Corres","robots":{"index":"index","follow":"follow","max-snippet":"max-snippet:-1","max-image-preview":"max-image-preview:large","max-video-preview":"max-video-preview:-1"},"canonical":"https:\/\/www.ediren.com\/eu\/beatriz-fernandez-corres\/","og_locale":"eu_ES","og_type":"article","og_title":"Beatriz Fern\u00e1ndez Corres - Centro de Psicoterapia y Fisioterapia","og_description":"Ediren, Centro de Psicoterapia y Psic\u00f3logos, especialistas en rehabilitaci\u00f3n y en psicolog\u00eda. Beatriz Fern\u00e1ndez Corres","og_url":"https:\/\/www.ediren.com\/eu\/beatriz-fernandez-corres\/","og_site_name":"Ediren","article_publisher":"https:\/\/www.facebook.com\/pages\/Ediren-SALUD\/298201266858043","article_modified_time":"2022-02-28T10:26:02+00:00","og_image":[{"url":"https:\/\/www.ediren.com\/wp-content\/uploads\/2017\/07\/Ediren-beatriz-fernandez.jpg","type":"","width":"","height":""}],"twitter_card":"summary_large_image","twitter_site":"@edirensalud","twitter_misc":{"Est. reading time":"1 minute"},"schema":{"@context":"https:\/\/schema.org","@graph":[{"@type":"WebPage","@id":"https:\/\/www.ediren.com\/eu\/beatriz-fernandez-corres\/","url":"https:\/\/www.ediren.com\/eu\/beatriz-fernandez-corres\/","name":"Beatriz Fern\u00e1ndez Corres - Centro de Psicoterapia y Fisioterapia","isPartOf":{"@id":"https:\/\/www.ediren.com\/eu\/#website"},"primaryImageOfPage":{"@id":"https:\/\/www.ediren.com\/eu\/beatriz-fernandez-corres\/#primaryimage"},"image":{"@id":"https:\/\/www.ediren.com\/eu\/beatriz-fernandez-corres\/#primaryimage"},"thumbnailUrl":"https:\/\/www.ediren.com\/wp-content\/uploads\/2017\/07\/Ediren-beatriz-fernandez.jpg","datePublished":"2017-09-26T10:56:14+00:00","dateModified":"2022-02-28T10:26:02+00:00","description":"Ediren, Centro de Psicoterapia y Psic\u00f3logos, especialistas en rehabilitaci\u00f3n y en psicolog\u00eda. Beatriz Fern\u00e1ndez Corres","breadcrumb":{"@id":"https:\/\/www.ediren.com\/eu\/beatriz-fernandez-corres\/#breadcrumb"},"inLanguage":"eu-ES","potentialAction":[{"@type":"ReadAction","target":["https:\/\/www.ediren.com\/eu\/beatriz-fernandez-corres\/"]}]},{"@type":"ImageObject","inLanguage":"eu-ES","@id":"https:\/\/www.ediren.com\/eu\/beatriz-fernandez-corres\/#primaryimage","url":"https:\/\/www.ediren.com\/wp-content\/uploads\/2017\/07\/Ediren-beatriz-fernandez.jpg","contentUrl":"https:\/\/www.ediren.com\/wp-content\/uploads\/2017\/07\/Ediren-beatriz-fernandez.jpg"},{"@type":"BreadcrumbList","@id":"https:\/\/www.ediren.com\/eu\/beatriz-fernandez-corres\/#breadcrumb","itemListElement":[{"@type":"ListItem","position":1,"name":"Portada","item":"https:\/\/www.ediren.com\/eu\/hasiera\/"},{"@type":"ListItem","position":2,"name":"Beatriz Fern\u00e1ndez Corres"}]},{"@type":"WebSite","@id":"https:\/\/www.ediren.com\/eu\/#website","url":"https:\/\/www.ediren.com\/eu\/","name":"Ediren","description":"Cooperativa de Salud","potentialAction":[{"@type":"SearchAction","target":{"@type":"EntryPoint","urlTemplate":"https:\/\/www.ediren.com\/eu\/?s={search_term_string}"},"query-input":{"@type":"PropertyValueSpecification","valueRequired":true,"valueName":"search_term_string"}}],"inLanguage":"eu-ES"}]}},"_links":{"self":[{"href":"https:\/\/www.ediren.com\/eu\/wp-json\/wp\/v2\/pages\/3573","targetHints":{"allow":["GET"]}}],"collection":[{"href":"https:\/\/www.ediren.com\/eu\/wp-json\/wp\/v2\/pages"}],"about":[{"href":"https:\/\/www.ediren.com\/eu\/wp-json\/wp\/v2\/types\/page"}],"author":[{"embeddable":true,"href":"https:\/\/www.ediren.com\/eu\/wp-json\/wp\/v2\/users\/3"}],"replies":[{"embeddable":true,"href":"https:\/\/www.ediren.com\/eu\/wp-json\/wp\/v2\/comments?post=3573"}],"version-history":[{"count":3,"href":"https:\/\/www.ediren.com\/eu\/wp-json\/wp\/v2\/pages\/3573\/revisions"}],"predecessor-version":[{"id":12250,"href":"https:\/\/www.ediren.com\/eu\/wp-json\/wp\/v2\/pages\/3573\/revisions\/12250"}],"wp:attachment":[{"href":"https:\/\/www.ediren.com\/eu\/wp-json\/wp\/v2\/media?parent=3573"}],"curies":[{"name":"wp","href":"https:\/\/api.w.org\/{rel}","templated":true}]}}