{"id":3601,"date":"2017-09-26T13:12:50","date_gmt":"2017-09-26T11:12:50","guid":{"rendered":"https:\/\/www.ediren.com\/idoia-madarieta-aguirre\/"},"modified":"2023-10-25T10:45:32","modified_gmt":"2023-10-25T08:45:32","slug":"idoia-madarieta-aguirre","status":"publish","type":"page","link":"https:\/\/www.ediren.com\/eu\/idoia-madarieta-aguirre\/","title":{"rendered":"Idoia Madarieta Aguirre"},"content":{"rendered":"\t\t<div data-elementor-type=\"wp-post\" data-elementor-id=\"3601\" class=\"elementor elementor-3601 elementor-3065\">\n\t\t\t\t\t\t<section class=\"elementor-section elementor-top-section elementor-element elementor-element-d960069 elementor-section-boxed elementor-section-height-default elementor-section-height-default\" data-id=\"d960069\" data-element_type=\"section\" data-e-type=\"section\">\n\t\t\t\t\t\t<div class=\"elementor-container elementor-column-gap-default\">\n\t\t\t\t\t<div class=\"elementor-column elementor-col-100 elementor-top-column elementor-element elementor-element-bc8403a\" data-id=\"bc8403a\" data-element_type=\"column\" data-e-type=\"column\">\n\t\t\t<div class=\"elementor-widget-wrap elementor-element-populated\">\n\t\t\t\t\t\t<div class=\"elementor-element elementor-element-15c1b2e elementor-widget elementor-widget-heading\" data-id=\"15c1b2e\" data-element_type=\"widget\" data-e-type=\"widget\" data-widget_type=\"heading.default\">\n\t\t\t\t<div class=\"elementor-widget-container\">\n\t\t\t\t\t<h1 class=\"elementor-heading-title elementor-size-default\">Idoia Madarieta Aguirre<\/h1>\t\t\t\t<\/div>\n\t\t\t\t<\/div>\n\t\t\t\t\t<\/div>\n\t\t<\/div>\n\t\t\t\t\t<\/div>\n\t\t<\/section>\n\t\t\t\t<section class=\"elementor-section elementor-top-section elementor-element elementor-element-lq0kp3j elementor-section-boxed elementor-section-height-default elementor-section-height-default\" data-id=\"lq0kp3j\" data-element_type=\"section\" data-e-type=\"section\">\n\t\t\t\t\t\t<div class=\"elementor-container elementor-column-gap-default\">\n\t\t\t\t\t<div class=\"elementor-column elementor-col-50 elementor-top-column elementor-element elementor-element-3p88dhm\" data-id=\"3p88dhm\" data-element_type=\"column\" data-e-type=\"column\">\n\t\t\t<div class=\"elementor-widget-wrap elementor-element-populated\">\n\t\t\t\t\t\t<div class=\"elementor-element elementor-element-iyssxda elementor-widget elementor-widget-image\" data-id=\"iyssxda\" data-element_type=\"widget\" data-e-type=\"widget\" data-widget_type=\"image.default\">\n\t\t\t\t<div class=\"elementor-widget-container\">\n\t\t\t\t\t\t\t\t\t\t\t\t\t\t\t<img fetchpriority=\"high\" decoding=\"async\" width=\"401\" height=\"601\" src=\"https:\/\/www.ediren.com\/wp-content\/uploads\/2017\/08\/Ediren-idoia-madarieta.jpg\" class=\"attachment-large size-large wp-image-1080\" alt=\"Idoia Madarieta\" srcset=\"https:\/\/www.ediren.com\/wp-content\/uploads\/2017\/08\/Ediren-idoia-madarieta.jpg 401w, https:\/\/www.ediren.com\/wp-content\/uploads\/2017\/08\/Ediren-idoia-madarieta-200x300.jpg 200w\" sizes=\"(max-width: 401px) 100vw, 401px\" \/>\t\t\t\t\t\t\t\t\t\t\t\t\t\t\t<\/div>\n\t\t\t\t<\/div>\n\t\t\t\t\t<\/div>\n\t\t<\/div>\n\t\t\t\t<div class=\"elementor-column elementor-col-50 elementor-top-column elementor-element elementor-element-zmic33g\" data-id=\"zmic33g\" data-element_type=\"column\" data-e-type=\"column\">\n\t\t\t<div class=\"elementor-widget-wrap elementor-element-populated\">\n\t\t\t\t\t\t<div class=\"elementor-element elementor-element-0h72bub fancybox-iframe elementor-widget elementor-widget-text-editor\" data-id=\"0h72bub\" data-element_type=\"widget\" data-e-type=\"widget\" data-widget_type=\"text-editor.default\">\n\t\t\t\t<div class=\"elementor-widget-container\">\n\t\t\t\t\t\t\t\t\t<p><strong>Psikologoa, psikoterapeuta, psikodramatista<\/strong><\/p><p>Filosofia eta Hezkuntza Zientzietan lizentziatua naiz, Psikologia-atalean, Deustuko Unibertsitatean, eta Esku Hartze Komunitarioko (ProCC) eta Psikodrama Psikoanalitikoko prestakuntza jaso dut.<\/p><p>Unibertsitate-ikasketak amaituta, Hezkuntza Ez Arautuan hasi nintzen lanean, nerabe-taldeekin, eta, aldi berean, Guraso Eskoletan, Irakasleen prestakuntza- eta ikasleen prestakuntza-tailerretan aritu nintzen.<\/p><p><strong>2006an hasi nintzen Edirenen, eta 2009tik bazkide langilea naiz.<\/strong><\/p><p><strong>Psikologo kliniko egiten dut lan, eta arlo komunitarioko taldeen (ikastetxeak, guraso-taldeak&#8230;) koordinatzailea eta irakaslea ere banaiz (profesionalen lantaldeak).<\/strong><\/p><p><strong>2011tik, kooperatibako Artezkaritza Kontseiluko kidea naiz, eta 2015etik bertako presidentea.psick<\/strong><\/p>\t\t\t\t\t\t\t\t<\/div>\n\t\t\t\t<\/div>\n\t\t\t\t\t<\/div>\n\t\t<\/div>\n\t\t\t\t\t<\/div>\n\t\t<\/section>\n\t\t\t\t<\/div>\n\t\t","protected":false},"excerpt":{"rendered":"<p>Idoia Madarieta Aguirre Psikologoa, psikoterapeuta, psikodramatista Filosofia eta Hezkuntza Zientzietan lizentziatua naiz, Psikologia-atalean, Deustuko Unibertsitatean, eta Esku Hartze Komunitarioko (ProCC) eta Psikodrama Psikoanalitikoko prestakuntza jaso dut. Unibertsitate-ikasketak amaituta, Hezkuntza Ez Arautuan hasi nintzen lanean, nerabe-taldeekin, eta, aldi berean, Guraso Eskoletan, Irakasleen prestakuntza- eta ikasleen prestakuntza-tailerretan aritu nintzen. 2006an hasi nintzen Edirenen, eta 2009tik bazkide langilea [&hellip;]<\/p>\n","protected":false},"author":3,"featured_media":0,"parent":0,"menu_order":0,"comment_status":"closed","ping_status":"closed","template":"page_landing.php","meta":{"_genesis_hide_title":false,"_genesis_hide_breadcrumbs":false,"_genesis_hide_singular_image":false,"_genesis_hide_footer_widgets":false,"_genesis_custom_body_class":"","_genesis_custom_post_class":"","_genesis_layout":"","footnotes":""},"class_list":{"0":"post-3601","1":"page","2":"type-page","3":"status-publish","5":"entry","6":"has-post-thumbnail"},"yoast_head":"<!-- This site is optimized with the Yoast SEO plugin v27.4 - https:\/\/yoast.com\/product\/yoast-seo-wordpress\/ -->\n<title>Idoia Madarieta Aguirre - Centro de Psicoterapia y Fisioterapia<\/title>\n<meta name=\"description\" content=\"Ediren, Centro de Psicoterapia y Psic\u00f3logos, especialistas en rehabilitaci\u00f3n y en psicolog\u00eda. Idoia Madarieta Aguirre\" \/>\n<meta name=\"robots\" content=\"index, follow, max-snippet:-1, max-image-preview:large, max-video-preview:-1\" \/>\n<link rel=\"canonical\" href=\"https:\/\/www.ediren.com\/eu\/idoia-madarieta-aguirre\/\" \/>\n<meta property=\"og:locale\" content=\"eu_ES\" \/>\n<meta property=\"og:type\" content=\"article\" \/>\n<meta property=\"og:title\" content=\"Idoia Madarieta Aguirre - Centro de Psicoterapia y Fisioterapia\" \/>\n<meta property=\"og:description\" content=\"Ediren, Centro de Psicoterapia y Psic\u00f3logos, especialistas en rehabilitaci\u00f3n y en psicolog\u00eda. Idoia Madarieta Aguirre\" \/>\n<meta property=\"og:url\" content=\"https:\/\/www.ediren.com\/eu\/idoia-madarieta-aguirre\/\" \/>\n<meta property=\"og:site_name\" content=\"Ediren\" \/>\n<meta property=\"article:publisher\" content=\"https:\/\/www.facebook.com\/pages\/Ediren-SALUD\/298201266858043\" \/>\n<meta property=\"article:modified_time\" content=\"2023-10-25T08:45:32+00:00\" \/>\n<meta property=\"og:image\" content=\"https:\/\/www.ediren.com\/wp-content\/uploads\/2017\/08\/Ediren-idoia-madarieta.jpg\" \/>\n<meta name=\"twitter:card\" content=\"summary_large_image\" \/>\n<meta name=\"twitter:site\" content=\"@edirensalud\" \/>\n<meta name=\"twitter:label1\" content=\"Est. reading time\" \/>\n\t<meta name=\"twitter:data1\" content=\"1 minute\" \/>\n<script type=\"application\/ld+json\" class=\"yoast-schema-graph\">{\"@context\":\"https:\\\/\\\/schema.org\",\"@graph\":[{\"@type\":\"WebPage\",\"@id\":\"https:\\\/\\\/www.ediren.com\\\/eu\\\/idoia-madarieta-aguirre\\\/\",\"url\":\"https:\\\/\\\/www.ediren.com\\\/eu\\\/idoia-madarieta-aguirre\\\/\",\"name\":\"Idoia Madarieta Aguirre - Centro de Psicoterapia y Fisioterapia\",\"isPartOf\":{\"@id\":\"https:\\\/\\\/www.ediren.com\\\/eu\\\/#website\"},\"primaryImageOfPage\":{\"@id\":\"https:\\\/\\\/www.ediren.com\\\/eu\\\/idoia-madarieta-aguirre\\\/#primaryimage\"},\"image\":{\"@id\":\"https:\\\/\\\/www.ediren.com\\\/eu\\\/idoia-madarieta-aguirre\\\/#primaryimage\"},\"thumbnailUrl\":\"https:\\\/\\\/www.ediren.com\\\/wp-content\\\/uploads\\\/2017\\\/08\\\/Ediren-idoia-madarieta.jpg\",\"datePublished\":\"2017-09-26T11:12:50+00:00\",\"dateModified\":\"2023-10-25T08:45:32+00:00\",\"description\":\"Ediren, Centro de Psicoterapia y Psic\u00f3logos, especialistas en rehabilitaci\u00f3n y en psicolog\u00eda. Idoia Madarieta Aguirre\",\"breadcrumb\":{\"@id\":\"https:\\\/\\\/www.ediren.com\\\/eu\\\/idoia-madarieta-aguirre\\\/#breadcrumb\"},\"inLanguage\":\"eu-ES\",\"potentialAction\":[{\"@type\":\"ReadAction\",\"target\":[\"https:\\\/\\\/www.ediren.com\\\/eu\\\/idoia-madarieta-aguirre\\\/\"]}]},{\"@type\":\"ImageObject\",\"inLanguage\":\"eu-ES\",\"@id\":\"https:\\\/\\\/www.ediren.com\\\/eu\\\/idoia-madarieta-aguirre\\\/#primaryimage\",\"url\":\"https:\\\/\\\/www.ediren.com\\\/wp-content\\\/uploads\\\/2017\\\/08\\\/Ediren-idoia-madarieta.jpg\",\"contentUrl\":\"https:\\\/\\\/www.ediren.com\\\/wp-content\\\/uploads\\\/2017\\\/08\\\/Ediren-idoia-madarieta.jpg\"},{\"@type\":\"BreadcrumbList\",\"@id\":\"https:\\\/\\\/www.ediren.com\\\/eu\\\/idoia-madarieta-aguirre\\\/#breadcrumb\",\"itemListElement\":[{\"@type\":\"ListItem\",\"position\":1,\"name\":\"Portada\",\"item\":\"https:\\\/\\\/www.ediren.com\\\/eu\\\/hasiera\\\/\"},{\"@type\":\"ListItem\",\"position\":2,\"name\":\"Idoia Madarieta Aguirre\"}]},{\"@type\":\"WebSite\",\"@id\":\"https:\\\/\\\/www.ediren.com\\\/eu\\\/#website\",\"url\":\"https:\\\/\\\/www.ediren.com\\\/eu\\\/\",\"name\":\"Ediren\",\"description\":\"Cooperativa de Salud\",\"potentialAction\":[{\"@type\":\"SearchAction\",\"target\":{\"@type\":\"EntryPoint\",\"urlTemplate\":\"https:\\\/\\\/www.ediren.com\\\/eu\\\/?s={search_term_string}\"},\"query-input\":{\"@type\":\"PropertyValueSpecification\",\"valueRequired\":true,\"valueName\":\"search_term_string\"}}],\"inLanguage\":\"eu-ES\"}]}<\/script>\n<!-- \/ Yoast SEO plugin. -->","yoast_head_json":{"title":"Idoia Madarieta Aguirre - Centro de Psicoterapia y Fisioterapia","description":"Ediren, Centro de Psicoterapia y Psic\u00f3logos, especialistas en rehabilitaci\u00f3n y en psicolog\u00eda. Idoia Madarieta Aguirre","robots":{"index":"index","follow":"follow","max-snippet":"max-snippet:-1","max-image-preview":"max-image-preview:large","max-video-preview":"max-video-preview:-1"},"canonical":"https:\/\/www.ediren.com\/eu\/idoia-madarieta-aguirre\/","og_locale":"eu_ES","og_type":"article","og_title":"Idoia Madarieta Aguirre - Centro de Psicoterapia y Fisioterapia","og_description":"Ediren, Centro de Psicoterapia y Psic\u00f3logos, especialistas en rehabilitaci\u00f3n y en psicolog\u00eda. Idoia Madarieta Aguirre","og_url":"https:\/\/www.ediren.com\/eu\/idoia-madarieta-aguirre\/","og_site_name":"Ediren","article_publisher":"https:\/\/www.facebook.com\/pages\/Ediren-SALUD\/298201266858043","article_modified_time":"2023-10-25T08:45:32+00:00","og_image":[{"url":"https:\/\/www.ediren.com\/wp-content\/uploads\/2017\/08\/Ediren-idoia-madarieta.jpg","type":"","width":"","height":""}],"twitter_card":"summary_large_image","twitter_site":"@edirensalud","twitter_misc":{"Est. reading time":"1 minute"},"schema":{"@context":"https:\/\/schema.org","@graph":[{"@type":"WebPage","@id":"https:\/\/www.ediren.com\/eu\/idoia-madarieta-aguirre\/","url":"https:\/\/www.ediren.com\/eu\/idoia-madarieta-aguirre\/","name":"Idoia Madarieta Aguirre - Centro de Psicoterapia y Fisioterapia","isPartOf":{"@id":"https:\/\/www.ediren.com\/eu\/#website"},"primaryImageOfPage":{"@id":"https:\/\/www.ediren.com\/eu\/idoia-madarieta-aguirre\/#primaryimage"},"image":{"@id":"https:\/\/www.ediren.com\/eu\/idoia-madarieta-aguirre\/#primaryimage"},"thumbnailUrl":"https:\/\/www.ediren.com\/wp-content\/uploads\/2017\/08\/Ediren-idoia-madarieta.jpg","datePublished":"2017-09-26T11:12:50+00:00","dateModified":"2023-10-25T08:45:32+00:00","description":"Ediren, Centro de Psicoterapia y Psic\u00f3logos, especialistas en rehabilitaci\u00f3n y en psicolog\u00eda. Idoia Madarieta Aguirre","breadcrumb":{"@id":"https:\/\/www.ediren.com\/eu\/idoia-madarieta-aguirre\/#breadcrumb"},"inLanguage":"eu-ES","potentialAction":[{"@type":"ReadAction","target":["https:\/\/www.ediren.com\/eu\/idoia-madarieta-aguirre\/"]}]},{"@type":"ImageObject","inLanguage":"eu-ES","@id":"https:\/\/www.ediren.com\/eu\/idoia-madarieta-aguirre\/#primaryimage","url":"https:\/\/www.ediren.com\/wp-content\/uploads\/2017\/08\/Ediren-idoia-madarieta.jpg","contentUrl":"https:\/\/www.ediren.com\/wp-content\/uploads\/2017\/08\/Ediren-idoia-madarieta.jpg"},{"@type":"BreadcrumbList","@id":"https:\/\/www.ediren.com\/eu\/idoia-madarieta-aguirre\/#breadcrumb","itemListElement":[{"@type":"ListItem","position":1,"name":"Portada","item":"https:\/\/www.ediren.com\/eu\/hasiera\/"},{"@type":"ListItem","position":2,"name":"Idoia Madarieta Aguirre"}]},{"@type":"WebSite","@id":"https:\/\/www.ediren.com\/eu\/#website","url":"https:\/\/www.ediren.com\/eu\/","name":"Ediren","description":"Cooperativa de Salud","potentialAction":[{"@type":"SearchAction","target":{"@type":"EntryPoint","urlTemplate":"https:\/\/www.ediren.com\/eu\/?s={search_term_string}"},"query-input":{"@type":"PropertyValueSpecification","valueRequired":true,"valueName":"search_term_string"}}],"inLanguage":"eu-ES"}]}},"_links":{"self":[{"href":"https:\/\/www.ediren.com\/eu\/wp-json\/wp\/v2\/pages\/3601","targetHints":{"allow":["GET"]}}],"collection":[{"href":"https:\/\/www.ediren.com\/eu\/wp-json\/wp\/v2\/pages"}],"about":[{"href":"https:\/\/www.ediren.com\/eu\/wp-json\/wp\/v2\/types\/page"}],"author":[{"embeddable":true,"href":"https:\/\/www.ediren.com\/eu\/wp-json\/wp\/v2\/users\/3"}],"replies":[{"embeddable":true,"href":"https:\/\/www.ediren.com\/eu\/wp-json\/wp\/v2\/comments?post=3601"}],"version-history":[{"count":4,"href":"https:\/\/www.ediren.com\/eu\/wp-json\/wp\/v2\/pages\/3601\/revisions"}],"predecessor-version":[{"id":17817,"href":"https:\/\/www.ediren.com\/eu\/wp-json\/wp\/v2\/pages\/3601\/revisions\/17817"}],"wp:attachment":[{"href":"https:\/\/www.ediren.com\/eu\/wp-json\/wp\/v2\/media?parent=3601"}],"curies":[{"name":"wp","href":"https:\/\/api.w.org\/{rel}","templated":true}]}}