{"id":3604,"date":"2017-09-26T13:15:36","date_gmt":"2017-09-26T11:15:36","guid":{"rendered":"https:\/\/www.ediren.com\/haizea-marijuan-bengoa\/"},"modified":"2023-06-02T12:01:35","modified_gmt":"2023-06-02T10:01:35","slug":"haizea-marijuan-bengoa","status":"publish","type":"page","link":"https:\/\/www.ediren.com\/eu\/haizea-marijuan-bengoa\/","title":{"rendered":"Haizea Marijuan Bengoa"},"content":{"rendered":"\t\t<div data-elementor-type=\"wp-post\" data-elementor-id=\"3604\" class=\"elementor elementor-3604 elementor-3069\">\n\t\t\t\t\t\t<section class=\"elementor-section elementor-top-section elementor-element elementor-element-lq0kp3j elementor-section-boxed elementor-section-height-default elementor-section-height-default\" data-id=\"lq0kp3j\" data-element_type=\"section\" data-e-type=\"section\">\n\t\t\t\t\t\t<div class=\"elementor-container elementor-column-gap-default\">\n\t\t\t\t\t<div class=\"elementor-column elementor-col-50 elementor-top-column elementor-element elementor-element-3p88dhm\" data-id=\"3p88dhm\" data-element_type=\"column\" data-e-type=\"column\">\n\t\t\t<div class=\"elementor-widget-wrap elementor-element-populated\">\n\t\t\t\t\t\t<div class=\"elementor-element elementor-element-iyssxda elementor-widget elementor-widget-image\" data-id=\"iyssxda\" data-element_type=\"widget\" data-e-type=\"widget\" data-widget_type=\"image.default\">\n\t\t\t\t<div class=\"elementor-widget-container\">\n\t\t\t\t\t\t\t\t\t\t\t\t\t\t\t<img fetchpriority=\"high\" decoding=\"async\" width=\"401\" height=\"601\" src=\"https:\/\/www.ediren.com\/wp-content\/uploads\/2017\/11\/ediren-Haizea-Marijuan.jpg\" class=\"attachment-large size-large wp-image-3821\" alt=\"\" srcset=\"https:\/\/www.ediren.com\/wp-content\/uploads\/2017\/11\/ediren-Haizea-Marijuan.jpg 401w, https:\/\/www.ediren.com\/wp-content\/uploads\/2017\/11\/ediren-Haizea-Marijuan-200x300.jpg 200w\" sizes=\"(max-width: 401px) 100vw, 401px\" \/>\t\t\t\t\t\t\t\t\t\t\t\t\t\t\t<\/div>\n\t\t\t\t<\/div>\n\t\t\t\t\t<\/div>\n\t\t<\/div>\n\t\t\t\t<div class=\"elementor-column elementor-col-50 elementor-top-column elementor-element elementor-element-zmic33g\" data-id=\"zmic33g\" data-element_type=\"column\" data-e-type=\"column\">\n\t\t\t<div class=\"elementor-widget-wrap elementor-element-populated\">\n\t\t\t\t\t\t<div class=\"elementor-element elementor-element-0h72bub fancybox-iframe elementor-widget elementor-widget-text-editor\" data-id=\"0h72bub\" data-element_type=\"widget\" data-e-type=\"widget\" data-widget_type=\"text-editor.default\">\n\t\t\t\t<div class=\"elementor-widget-container\">\n\t\t\t\t\t\t\t\t\t<h1><strong>Psikologoa, haur-terapeuta, psikodramatista<\/strong><\/h1><p>Psikologoa naiz, 2007an lizentziatu nintzen Euskal Herriko Unibertsitatean (EHU), Gizarte Psikologia eta Jokabidearen Zientzien Metodologia ataleko laguntza-beka batekin.<\/p><p>Psikologia klinikoa interesatu izan zait betidanik, baita psikologia soziala eta herri-mugimenduak ere.<\/p><p>Orientazio dinamikoari buruzko prestakuntza etengabe jasota, psikoterapeuta naiz, eta haur eta gazteen psikoterapian eta psikopatologian nago espezializatuta. 2013an, psikodrama eta taldekako esku-hartzearen gaineko prestakuntza jaso nuen.<\/p><p>Aisialdiaren arloan lan egin ondoren, migratzaileen aholkularia eta psikologia ebolutiboko zenbait ikasgaitako irakaslea izan eta gero, 2010ean hasi nintzen Edirenen, eta, egun, haur eta gazteen inguruko esku-hartzea eta esku-hartze komunitarioa uztartzen ditut.<\/p><p><strong>Kooperatibako bazkide langilea naiz, 2012tik.<\/strong><\/p>\t\t\t\t\t\t\t\t<\/div>\n\t\t\t\t<\/div>\n\t\t\t\t\t<\/div>\n\t\t<\/div>\n\t\t\t\t\t<\/div>\n\t\t<\/section>\n\t\t\t\t<\/div>\n\t\t","protected":false},"excerpt":{"rendered":"<p>Psikologoa, haur-terapeuta, psikodramatista Psikologoa naiz, 2007an lizentziatu nintzen Euskal Herriko Unibertsitatean (EHU), Gizarte Psikologia eta Jokabidearen Zientzien Metodologia ataleko laguntza-beka batekin. Psikologia klinikoa interesatu izan zait betidanik, baita psikologia soziala eta herri-mugimenduak ere. Orientazio dinamikoari buruzko prestakuntza etengabe jasota, psikoterapeuta naiz, eta haur eta gazteen psikoterapian eta psikopatologian nago espezializatuta. 2013an, psikodrama eta taldekako esku-hartzearen [&hellip;]<\/p>\n","protected":false},"author":3,"featured_media":0,"parent":0,"menu_order":0,"comment_status":"closed","ping_status":"closed","template":"page_landing.php","meta":{"_genesis_hide_title":false,"_genesis_hide_breadcrumbs":false,"_genesis_hide_singular_image":false,"_genesis_hide_footer_widgets":false,"_genesis_custom_body_class":"","_genesis_custom_post_class":"","_genesis_layout":"","footnotes":""},"class_list":{"0":"post-3604","1":"page","2":"type-page","3":"status-publish","5":"entry","6":"has-post-thumbnail"},"yoast_head":"<!-- This site is optimized with the Yoast SEO plugin v27.4 - https:\/\/yoast.com\/product\/yoast-seo-wordpress\/ -->\n<title>Haizea Marijuan Bengoa - Centro de Psicoterapia y Fisioterapia<\/title>\n<meta name=\"description\" content=\"Ediren, Centro de Psicoterapia y Psic\u00f3logos, especialistas en rehabilitaci\u00f3n y en psicolog\u00eda. Haizea Marijuan Bengoa\" \/>\n<meta name=\"robots\" content=\"index, follow, max-snippet:-1, max-image-preview:large, max-video-preview:-1\" \/>\n<link rel=\"canonical\" href=\"https:\/\/www.ediren.com\/eu\/haizea-marijuan-bengoa\/\" \/>\n<meta property=\"og:locale\" content=\"eu_ES\" \/>\n<meta property=\"og:type\" content=\"article\" \/>\n<meta property=\"og:title\" content=\"Haizea Marijuan Bengoa - Centro de Psicoterapia y Fisioterapia\" \/>\n<meta property=\"og:description\" content=\"Ediren, Centro de Psicoterapia y Psic\u00f3logos, especialistas en rehabilitaci\u00f3n y en psicolog\u00eda. Haizea Marijuan Bengoa\" \/>\n<meta property=\"og:url\" content=\"https:\/\/www.ediren.com\/eu\/haizea-marijuan-bengoa\/\" \/>\n<meta property=\"og:site_name\" content=\"Ediren\" \/>\n<meta property=\"article:publisher\" content=\"https:\/\/www.facebook.com\/pages\/Ediren-SALUD\/298201266858043\" \/>\n<meta property=\"article:modified_time\" content=\"2023-06-02T10:01:35+00:00\" \/>\n<meta property=\"og:image\" content=\"https:\/\/www.ediren.com\/wp-content\/uploads\/2017\/11\/ediren-Haizea-Marijuan.jpg\" \/>\n<meta name=\"twitter:card\" content=\"summary_large_image\" \/>\n<meta name=\"twitter:site\" content=\"@edirensalud\" \/>\n<meta name=\"twitter:label1\" content=\"Est. reading time\" \/>\n\t<meta name=\"twitter:data1\" content=\"1 minute\" \/>\n<script type=\"application\/ld+json\" class=\"yoast-schema-graph\">{\"@context\":\"https:\\\/\\\/schema.org\",\"@graph\":[{\"@type\":\"WebPage\",\"@id\":\"https:\\\/\\\/www.ediren.com\\\/eu\\\/haizea-marijuan-bengoa\\\/\",\"url\":\"https:\\\/\\\/www.ediren.com\\\/eu\\\/haizea-marijuan-bengoa\\\/\",\"name\":\"Haizea Marijuan Bengoa - Centro de Psicoterapia y Fisioterapia\",\"isPartOf\":{\"@id\":\"https:\\\/\\\/www.ediren.com\\\/eu\\\/#website\"},\"primaryImageOfPage\":{\"@id\":\"https:\\\/\\\/www.ediren.com\\\/eu\\\/haizea-marijuan-bengoa\\\/#primaryimage\"},\"image\":{\"@id\":\"https:\\\/\\\/www.ediren.com\\\/eu\\\/haizea-marijuan-bengoa\\\/#primaryimage\"},\"thumbnailUrl\":\"https:\\\/\\\/www.ediren.com\\\/wp-content\\\/uploads\\\/2017\\\/11\\\/ediren-Haizea-Marijuan.jpg\",\"datePublished\":\"2017-09-26T11:15:36+00:00\",\"dateModified\":\"2023-06-02T10:01:35+00:00\",\"description\":\"Ediren, Centro de Psicoterapia y Psic\u00f3logos, especialistas en rehabilitaci\u00f3n y en psicolog\u00eda. Haizea Marijuan Bengoa\",\"breadcrumb\":{\"@id\":\"https:\\\/\\\/www.ediren.com\\\/eu\\\/haizea-marijuan-bengoa\\\/#breadcrumb\"},\"inLanguage\":\"eu-ES\",\"potentialAction\":[{\"@type\":\"ReadAction\",\"target\":[\"https:\\\/\\\/www.ediren.com\\\/eu\\\/haizea-marijuan-bengoa\\\/\"]}]},{\"@type\":\"ImageObject\",\"inLanguage\":\"eu-ES\",\"@id\":\"https:\\\/\\\/www.ediren.com\\\/eu\\\/haizea-marijuan-bengoa\\\/#primaryimage\",\"url\":\"https:\\\/\\\/www.ediren.com\\\/wp-content\\\/uploads\\\/2017\\\/11\\\/ediren-Haizea-Marijuan.jpg\",\"contentUrl\":\"https:\\\/\\\/www.ediren.com\\\/wp-content\\\/uploads\\\/2017\\\/11\\\/ediren-Haizea-Marijuan.jpg\"},{\"@type\":\"BreadcrumbList\",\"@id\":\"https:\\\/\\\/www.ediren.com\\\/eu\\\/haizea-marijuan-bengoa\\\/#breadcrumb\",\"itemListElement\":[{\"@type\":\"ListItem\",\"position\":1,\"name\":\"Portada\",\"item\":\"https:\\\/\\\/www.ediren.com\\\/eu\\\/hasiera\\\/\"},{\"@type\":\"ListItem\",\"position\":2,\"name\":\"Haizea Marijuan Bengoa\"}]},{\"@type\":\"WebSite\",\"@id\":\"https:\\\/\\\/www.ediren.com\\\/eu\\\/#website\",\"url\":\"https:\\\/\\\/www.ediren.com\\\/eu\\\/\",\"name\":\"Ediren\",\"description\":\"Cooperativa de Salud\",\"potentialAction\":[{\"@type\":\"SearchAction\",\"target\":{\"@type\":\"EntryPoint\",\"urlTemplate\":\"https:\\\/\\\/www.ediren.com\\\/eu\\\/?s={search_term_string}\"},\"query-input\":{\"@type\":\"PropertyValueSpecification\",\"valueRequired\":true,\"valueName\":\"search_term_string\"}}],\"inLanguage\":\"eu-ES\"}]}<\/script>\n<!-- \/ Yoast SEO plugin. -->","yoast_head_json":{"title":"Haizea Marijuan Bengoa - Centro de Psicoterapia y Fisioterapia","description":"Ediren, Centro de Psicoterapia y Psic\u00f3logos, especialistas en rehabilitaci\u00f3n y en psicolog\u00eda. Haizea Marijuan Bengoa","robots":{"index":"index","follow":"follow","max-snippet":"max-snippet:-1","max-image-preview":"max-image-preview:large","max-video-preview":"max-video-preview:-1"},"canonical":"https:\/\/www.ediren.com\/eu\/haizea-marijuan-bengoa\/","og_locale":"eu_ES","og_type":"article","og_title":"Haizea Marijuan Bengoa - Centro de Psicoterapia y Fisioterapia","og_description":"Ediren, Centro de Psicoterapia y Psic\u00f3logos, especialistas en rehabilitaci\u00f3n y en psicolog\u00eda. Haizea Marijuan Bengoa","og_url":"https:\/\/www.ediren.com\/eu\/haizea-marijuan-bengoa\/","og_site_name":"Ediren","article_publisher":"https:\/\/www.facebook.com\/pages\/Ediren-SALUD\/298201266858043","article_modified_time":"2023-06-02T10:01:35+00:00","og_image":[{"url":"https:\/\/www.ediren.com\/wp-content\/uploads\/2017\/11\/ediren-Haizea-Marijuan.jpg","type":"","width":"","height":""}],"twitter_card":"summary_large_image","twitter_site":"@edirensalud","twitter_misc":{"Est. reading time":"1 minute"},"schema":{"@context":"https:\/\/schema.org","@graph":[{"@type":"WebPage","@id":"https:\/\/www.ediren.com\/eu\/haizea-marijuan-bengoa\/","url":"https:\/\/www.ediren.com\/eu\/haizea-marijuan-bengoa\/","name":"Haizea Marijuan Bengoa - Centro de Psicoterapia y Fisioterapia","isPartOf":{"@id":"https:\/\/www.ediren.com\/eu\/#website"},"primaryImageOfPage":{"@id":"https:\/\/www.ediren.com\/eu\/haizea-marijuan-bengoa\/#primaryimage"},"image":{"@id":"https:\/\/www.ediren.com\/eu\/haizea-marijuan-bengoa\/#primaryimage"},"thumbnailUrl":"https:\/\/www.ediren.com\/wp-content\/uploads\/2017\/11\/ediren-Haizea-Marijuan.jpg","datePublished":"2017-09-26T11:15:36+00:00","dateModified":"2023-06-02T10:01:35+00:00","description":"Ediren, Centro de Psicoterapia y Psic\u00f3logos, especialistas en rehabilitaci\u00f3n y en psicolog\u00eda. Haizea Marijuan Bengoa","breadcrumb":{"@id":"https:\/\/www.ediren.com\/eu\/haizea-marijuan-bengoa\/#breadcrumb"},"inLanguage":"eu-ES","potentialAction":[{"@type":"ReadAction","target":["https:\/\/www.ediren.com\/eu\/haizea-marijuan-bengoa\/"]}]},{"@type":"ImageObject","inLanguage":"eu-ES","@id":"https:\/\/www.ediren.com\/eu\/haizea-marijuan-bengoa\/#primaryimage","url":"https:\/\/www.ediren.com\/wp-content\/uploads\/2017\/11\/ediren-Haizea-Marijuan.jpg","contentUrl":"https:\/\/www.ediren.com\/wp-content\/uploads\/2017\/11\/ediren-Haizea-Marijuan.jpg"},{"@type":"BreadcrumbList","@id":"https:\/\/www.ediren.com\/eu\/haizea-marijuan-bengoa\/#breadcrumb","itemListElement":[{"@type":"ListItem","position":1,"name":"Portada","item":"https:\/\/www.ediren.com\/eu\/hasiera\/"},{"@type":"ListItem","position":2,"name":"Haizea Marijuan Bengoa"}]},{"@type":"WebSite","@id":"https:\/\/www.ediren.com\/eu\/#website","url":"https:\/\/www.ediren.com\/eu\/","name":"Ediren","description":"Cooperativa de Salud","potentialAction":[{"@type":"SearchAction","target":{"@type":"EntryPoint","urlTemplate":"https:\/\/www.ediren.com\/eu\/?s={search_term_string}"},"query-input":{"@type":"PropertyValueSpecification","valueRequired":true,"valueName":"search_term_string"}}],"inLanguage":"eu-ES"}]}},"_links":{"self":[{"href":"https:\/\/www.ediren.com\/eu\/wp-json\/wp\/v2\/pages\/3604","targetHints":{"allow":["GET"]}}],"collection":[{"href":"https:\/\/www.ediren.com\/eu\/wp-json\/wp\/v2\/pages"}],"about":[{"href":"https:\/\/www.ediren.com\/eu\/wp-json\/wp\/v2\/types\/page"}],"author":[{"embeddable":true,"href":"https:\/\/www.ediren.com\/eu\/wp-json\/wp\/v2\/users\/3"}],"replies":[{"embeddable":true,"href":"https:\/\/www.ediren.com\/eu\/wp-json\/wp\/v2\/comments?post=3604"}],"version-history":[{"count":3,"href":"https:\/\/www.ediren.com\/eu\/wp-json\/wp\/v2\/pages\/3604\/revisions"}],"predecessor-version":[{"id":16572,"href":"https:\/\/www.ediren.com\/eu\/wp-json\/wp\/v2\/pages\/3604\/revisions\/16572"}],"wp:attachment":[{"href":"https:\/\/www.ediren.com\/eu\/wp-json\/wp\/v2\/media?parent=3604"}],"curies":[{"name":"wp","href":"https:\/\/api.w.org\/{rel}","templated":true}]}}