{"id":3628,"date":"2017-09-26T13:39:39","date_gmt":"2017-09-26T11:39:39","guid":{"rendered":"https:\/\/www.ediren.com\/enrique-saracho-rotaeche\/"},"modified":"2021-08-12T08:50:15","modified_gmt":"2021-08-12T06:50:15","slug":"enrique-saracho-rotaeche","status":"publish","type":"page","link":"https:\/\/www.ediren.com\/eu\/enrique-saracho-rotaeche\/","title":{"rendered":"Enrique Saracho Rotaeche"},"content":{"rendered":"\t\t<div data-elementor-type=\"wp-post\" data-elementor-id=\"3628\" class=\"elementor elementor-3628 elementor-3103 elementor-bc-flex-widget\">\n\t\t\t\t\t\t<section class=\"elementor-section elementor-top-section elementor-element elementor-element-e3c72d5 elementor-section-boxed elementor-section-height-default elementor-section-height-default\" data-id=\"e3c72d5\" data-element_type=\"section\" data-e-type=\"section\">\n\t\t\t\t\t\t<div class=\"elementor-container elementor-column-gap-default\">\n\t\t\t\t\t<div class=\"elementor-column elementor-col-100 elementor-top-column elementor-element elementor-element-dfda178\" data-id=\"dfda178\" data-element_type=\"column\" data-e-type=\"column\">\n\t\t\t<div class=\"elementor-widget-wrap elementor-element-populated\">\n\t\t\t\t\t\t<div class=\"elementor-element elementor-element-ad69e12 elementor-widget elementor-widget-heading\" data-id=\"ad69e12\" data-element_type=\"widget\" data-e-type=\"widget\" data-widget_type=\"heading.default\">\n\t\t\t\t<div class=\"elementor-widget-container\">\n\t\t\t\t\t<h1 class=\"elementor-heading-title elementor-size-default\">Enrique Saracho Rotaeche<\/h1>\t\t\t\t<\/div>\n\t\t\t\t<\/div>\n\t\t\t\t\t<\/div>\n\t\t<\/div>\n\t\t\t\t\t<\/div>\n\t\t<\/section>\n\t\t\t\t<section class=\"elementor-section elementor-top-section elementor-element elementor-element-lq0kp3j elementor-section-boxed elementor-section-height-default elementor-section-height-default\" data-id=\"lq0kp3j\" data-element_type=\"section\" data-e-type=\"section\">\n\t\t\t\t\t\t<div class=\"elementor-container elementor-column-gap-default\">\n\t\t\t\t\t<div class=\"elementor-column elementor-col-50 elementor-top-column elementor-element elementor-element-3p88dhm\" data-id=\"3p88dhm\" data-element_type=\"column\" data-e-type=\"column\">\n\t\t\t<div class=\"elementor-widget-wrap elementor-element-populated\">\n\t\t\t\t\t\t<div class=\"elementor-element elementor-element-iyssxda elementor-widget elementor-widget-image\" data-id=\"iyssxda\" data-element_type=\"widget\" data-e-type=\"widget\" data-widget_type=\"image.default\">\n\t\t\t\t<div class=\"elementor-widget-container\">\n\t\t\t\t\t\t\t\t\t\t\t\t\t\t\t<img fetchpriority=\"high\" decoding=\"async\" width=\"401\" height=\"601\" src=\"https:\/\/www.ediren.com\/wp-content\/uploads\/2017\/07\/Ediren-enrique-saracho.jpg\" class=\"attachment-large size-large wp-image-1059\" alt=\"Ediren Enrique Saracho\" srcset=\"https:\/\/www.ediren.com\/wp-content\/uploads\/2017\/07\/Ediren-enrique-saracho.jpg 401w, https:\/\/www.ediren.com\/wp-content\/uploads\/2017\/07\/Ediren-enrique-saracho-200x300.jpg 200w\" sizes=\"(max-width: 401px) 100vw, 401px\" \/>\t\t\t\t\t\t\t\t\t\t\t\t\t\t\t<\/div>\n\t\t\t\t<\/div>\n\t\t\t\t\t<\/div>\n\t\t<\/div>\n\t\t\t\t<div class=\"elementor-column elementor-col-50 elementor-top-column elementor-element elementor-element-zmic33g\" data-id=\"zmic33g\" data-element_type=\"column\" data-e-type=\"column\">\n\t\t\t<div class=\"elementor-widget-wrap elementor-element-populated\">\n\t\t\t\t\t\t<div class=\"elementor-element elementor-element-0h72bub fancybox-iframe elementor-widget elementor-widget-text-editor\" data-id=\"0h72bub\" data-element_type=\"widget\" data-e-type=\"widget\" data-widget_type=\"text-editor.default\">\n\t\t\t\t<div class=\"elementor-widget-container\">\n\t\t\t\t\t\t\t\t\t<p><strong>Psikiatra, psikoterapeuta, psikodramatista<\/strong> Medikuntzan eta Kirurgian lizentziatu nintzen, 1984an, Euskal Herriko Unibertsitatean (EHU), eta Psikiatria Arloko egoiliarra izan nintzen, Santanderreko \u201cMarques de Valdecilla\u201d Ospitale Nazionalean (1986-89). Psikoterapeuta-egiaztagiria dut Madrileko Psikoanalisi Zentroan, baita Psikodramatistarena ere. Psikiatra-lanak egin nituen Osakidetza sare publikoko hainbat ospitale eta osasun-zentrotan, eta, 1997an, Hazgarri SMren sorrera-proiektua zuzendu nuen. <strong>2004tik, kooperatibako bazkide langilea naiz, zuzendari tekniko karguarekin. Batik bat, arreta psikiatrikoan esku hartzen dut, baita prestakuntza-taldeen koordinazioan eta lantaldeen ikuskapenean ere.<\/strong><\/p>\n\t\t\t\t\t\t\t\t<\/div>\n\t\t\t\t<\/div>\n\t\t\t\t\t<\/div>\n\t\t<\/div>\n\t\t\t\t\t<\/div>\n\t\t<\/section>\n\t\t\t\t<\/div>\n\t\t","protected":false},"excerpt":{"rendered":"<p>Enrique Saracho Rotaeche Psikiatra, psikoterapeuta, psikodramatista Medikuntzan eta Kirurgian lizentziatu nintzen, 1984an, Euskal Herriko Unibertsitatean (EHU), eta Psikiatria Arloko egoiliarra izan nintzen, Santanderreko \u201cMarques de Valdecilla\u201d Ospitale Nazionalean (1986-89). Psikoterapeuta-egiaztagiria dut Madrileko Psikoanalisi Zentroan, baita Psikodramatistarena ere. Psikiatra-lanak egin nituen Osakidetza sare publikoko hainbat ospitale eta osasun-zentrotan, eta, 1997an, Hazgarri SMren sorrera-proiektua zuzendu nuen. 2004tik, [&hellip;]<\/p>\n","protected":false},"author":3,"featured_media":0,"parent":0,"menu_order":0,"comment_status":"closed","ping_status":"closed","template":"page_landing.php","meta":{"_genesis_hide_title":false,"_genesis_hide_breadcrumbs":false,"_genesis_hide_singular_image":false,"_genesis_hide_footer_widgets":false,"_genesis_custom_body_class":"","_genesis_custom_post_class":"","_genesis_layout":"","footnotes":""},"class_list":{"0":"post-3628","1":"page","2":"type-page","3":"status-publish","5":"entry","6":"has-post-thumbnail"},"yoast_head":"<!-- This site is optimized with the Yoast SEO plugin v27.4 - https:\/\/yoast.com\/product\/yoast-seo-wordpress\/ -->\n<title>Enrique Saracho Rotaeche - Centro de Psicoterapia y Fisioterapia<\/title>\n<meta name=\"description\" content=\"Ediren, Centro de Psicoterapia y Psic\u00f3logos, especialistas en rehabilitaci\u00f3n y en psicolog\u00eda. Enrique Saracho Rotaeche\" \/>\n<meta name=\"robots\" content=\"index, follow, max-snippet:-1, max-image-preview:large, max-video-preview:-1\" \/>\n<link rel=\"canonical\" href=\"https:\/\/www.ediren.com\/eu\/enrique-saracho-rotaeche\/\" \/>\n<meta property=\"og:locale\" content=\"eu_ES\" \/>\n<meta property=\"og:type\" content=\"article\" \/>\n<meta property=\"og:title\" content=\"Enrique Saracho Rotaeche - Centro de Psicoterapia y Fisioterapia\" \/>\n<meta property=\"og:description\" content=\"Ediren, Centro de Psicoterapia y Psic\u00f3logos, especialistas en rehabilitaci\u00f3n y en psicolog\u00eda. Enrique Saracho Rotaeche\" \/>\n<meta property=\"og:url\" content=\"https:\/\/www.ediren.com\/eu\/enrique-saracho-rotaeche\/\" \/>\n<meta property=\"og:site_name\" content=\"Ediren\" \/>\n<meta property=\"article:publisher\" content=\"https:\/\/www.facebook.com\/pages\/Ediren-SALUD\/298201266858043\" \/>\n<meta property=\"article:modified_time\" content=\"2021-08-12T06:50:15+00:00\" \/>\n<meta property=\"og:image\" content=\"https:\/\/www.ediren.com\/wp-content\/uploads\/2017\/07\/Ediren-enrique-saracho.jpg\" \/>\n<meta name=\"twitter:card\" content=\"summary_large_image\" \/>\n<meta name=\"twitter:site\" content=\"@edirensalud\" \/>\n<meta name=\"twitter:label1\" content=\"Est. reading time\" \/>\n\t<meta name=\"twitter:data1\" content=\"1 minute\" \/>\n<script type=\"application\/ld+json\" class=\"yoast-schema-graph\">{\"@context\":\"https:\\\/\\\/schema.org\",\"@graph\":[{\"@type\":\"WebPage\",\"@id\":\"https:\\\/\\\/www.ediren.com\\\/eu\\\/enrique-saracho-rotaeche\\\/\",\"url\":\"https:\\\/\\\/www.ediren.com\\\/eu\\\/enrique-saracho-rotaeche\\\/\",\"name\":\"Enrique Saracho Rotaeche - Centro de Psicoterapia y Fisioterapia\",\"isPartOf\":{\"@id\":\"https:\\\/\\\/www.ediren.com\\\/eu\\\/#website\"},\"primaryImageOfPage\":{\"@id\":\"https:\\\/\\\/www.ediren.com\\\/eu\\\/enrique-saracho-rotaeche\\\/#primaryimage\"},\"image\":{\"@id\":\"https:\\\/\\\/www.ediren.com\\\/eu\\\/enrique-saracho-rotaeche\\\/#primaryimage\"},\"thumbnailUrl\":\"https:\\\/\\\/www.ediren.com\\\/wp-content\\\/uploads\\\/2017\\\/07\\\/Ediren-enrique-saracho.jpg\",\"datePublished\":\"2017-09-26T11:39:39+00:00\",\"dateModified\":\"2021-08-12T06:50:15+00:00\",\"description\":\"Ediren, Centro de Psicoterapia y Psic\u00f3logos, especialistas en rehabilitaci\u00f3n y en psicolog\u00eda. Enrique Saracho Rotaeche\",\"breadcrumb\":{\"@id\":\"https:\\\/\\\/www.ediren.com\\\/eu\\\/enrique-saracho-rotaeche\\\/#breadcrumb\"},\"inLanguage\":\"eu-ES\",\"potentialAction\":[{\"@type\":\"ReadAction\",\"target\":[\"https:\\\/\\\/www.ediren.com\\\/eu\\\/enrique-saracho-rotaeche\\\/\"]}]},{\"@type\":\"ImageObject\",\"inLanguage\":\"eu-ES\",\"@id\":\"https:\\\/\\\/www.ediren.com\\\/eu\\\/enrique-saracho-rotaeche\\\/#primaryimage\",\"url\":\"https:\\\/\\\/www.ediren.com\\\/wp-content\\\/uploads\\\/2017\\\/07\\\/Ediren-enrique-saracho.jpg\",\"contentUrl\":\"https:\\\/\\\/www.ediren.com\\\/wp-content\\\/uploads\\\/2017\\\/07\\\/Ediren-enrique-saracho.jpg\"},{\"@type\":\"BreadcrumbList\",\"@id\":\"https:\\\/\\\/www.ediren.com\\\/eu\\\/enrique-saracho-rotaeche\\\/#breadcrumb\",\"itemListElement\":[{\"@type\":\"ListItem\",\"position\":1,\"name\":\"Portada\",\"item\":\"https:\\\/\\\/www.ediren.com\\\/eu\\\/hasiera\\\/\"},{\"@type\":\"ListItem\",\"position\":2,\"name\":\"Enrique Saracho Rotaeche\"}]},{\"@type\":\"WebSite\",\"@id\":\"https:\\\/\\\/www.ediren.com\\\/eu\\\/#website\",\"url\":\"https:\\\/\\\/www.ediren.com\\\/eu\\\/\",\"name\":\"Ediren\",\"description\":\"Cooperativa de Salud\",\"potentialAction\":[{\"@type\":\"SearchAction\",\"target\":{\"@type\":\"EntryPoint\",\"urlTemplate\":\"https:\\\/\\\/www.ediren.com\\\/eu\\\/?s={search_term_string}\"},\"query-input\":{\"@type\":\"PropertyValueSpecification\",\"valueRequired\":true,\"valueName\":\"search_term_string\"}}],\"inLanguage\":\"eu-ES\"}]}<\/script>\n<!-- \/ Yoast SEO plugin. -->","yoast_head_json":{"title":"Enrique Saracho Rotaeche - Centro de Psicoterapia y Fisioterapia","description":"Ediren, Centro de Psicoterapia y Psic\u00f3logos, especialistas en rehabilitaci\u00f3n y en psicolog\u00eda. Enrique Saracho Rotaeche","robots":{"index":"index","follow":"follow","max-snippet":"max-snippet:-1","max-image-preview":"max-image-preview:large","max-video-preview":"max-video-preview:-1"},"canonical":"https:\/\/www.ediren.com\/eu\/enrique-saracho-rotaeche\/","og_locale":"eu_ES","og_type":"article","og_title":"Enrique Saracho Rotaeche - Centro de Psicoterapia y Fisioterapia","og_description":"Ediren, Centro de Psicoterapia y Psic\u00f3logos, especialistas en rehabilitaci\u00f3n y en psicolog\u00eda. Enrique Saracho Rotaeche","og_url":"https:\/\/www.ediren.com\/eu\/enrique-saracho-rotaeche\/","og_site_name":"Ediren","article_publisher":"https:\/\/www.facebook.com\/pages\/Ediren-SALUD\/298201266858043","article_modified_time":"2021-08-12T06:50:15+00:00","og_image":[{"url":"https:\/\/www.ediren.com\/wp-content\/uploads\/2017\/07\/Ediren-enrique-saracho.jpg","type":"","width":"","height":""}],"twitter_card":"summary_large_image","twitter_site":"@edirensalud","twitter_misc":{"Est. reading time":"1 minute"},"schema":{"@context":"https:\/\/schema.org","@graph":[{"@type":"WebPage","@id":"https:\/\/www.ediren.com\/eu\/enrique-saracho-rotaeche\/","url":"https:\/\/www.ediren.com\/eu\/enrique-saracho-rotaeche\/","name":"Enrique Saracho Rotaeche - Centro de Psicoterapia y Fisioterapia","isPartOf":{"@id":"https:\/\/www.ediren.com\/eu\/#website"},"primaryImageOfPage":{"@id":"https:\/\/www.ediren.com\/eu\/enrique-saracho-rotaeche\/#primaryimage"},"image":{"@id":"https:\/\/www.ediren.com\/eu\/enrique-saracho-rotaeche\/#primaryimage"},"thumbnailUrl":"https:\/\/www.ediren.com\/wp-content\/uploads\/2017\/07\/Ediren-enrique-saracho.jpg","datePublished":"2017-09-26T11:39:39+00:00","dateModified":"2021-08-12T06:50:15+00:00","description":"Ediren, Centro de Psicoterapia y Psic\u00f3logos, especialistas en rehabilitaci\u00f3n y en psicolog\u00eda. Enrique Saracho Rotaeche","breadcrumb":{"@id":"https:\/\/www.ediren.com\/eu\/enrique-saracho-rotaeche\/#breadcrumb"},"inLanguage":"eu-ES","potentialAction":[{"@type":"ReadAction","target":["https:\/\/www.ediren.com\/eu\/enrique-saracho-rotaeche\/"]}]},{"@type":"ImageObject","inLanguage":"eu-ES","@id":"https:\/\/www.ediren.com\/eu\/enrique-saracho-rotaeche\/#primaryimage","url":"https:\/\/www.ediren.com\/wp-content\/uploads\/2017\/07\/Ediren-enrique-saracho.jpg","contentUrl":"https:\/\/www.ediren.com\/wp-content\/uploads\/2017\/07\/Ediren-enrique-saracho.jpg"},{"@type":"BreadcrumbList","@id":"https:\/\/www.ediren.com\/eu\/enrique-saracho-rotaeche\/#breadcrumb","itemListElement":[{"@type":"ListItem","position":1,"name":"Portada","item":"https:\/\/www.ediren.com\/eu\/hasiera\/"},{"@type":"ListItem","position":2,"name":"Enrique Saracho Rotaeche"}]},{"@type":"WebSite","@id":"https:\/\/www.ediren.com\/eu\/#website","url":"https:\/\/www.ediren.com\/eu\/","name":"Ediren","description":"Cooperativa de Salud","potentialAction":[{"@type":"SearchAction","target":{"@type":"EntryPoint","urlTemplate":"https:\/\/www.ediren.com\/eu\/?s={search_term_string}"},"query-input":{"@type":"PropertyValueSpecification","valueRequired":true,"valueName":"search_term_string"}}],"inLanguage":"eu-ES"}]}},"_links":{"self":[{"href":"https:\/\/www.ediren.com\/eu\/wp-json\/wp\/v2\/pages\/3628","targetHints":{"allow":["GET"]}}],"collection":[{"href":"https:\/\/www.ediren.com\/eu\/wp-json\/wp\/v2\/pages"}],"about":[{"href":"https:\/\/www.ediren.com\/eu\/wp-json\/wp\/v2\/types\/page"}],"author":[{"embeddable":true,"href":"https:\/\/www.ediren.com\/eu\/wp-json\/wp\/v2\/users\/3"}],"replies":[{"embeddable":true,"href":"https:\/\/www.ediren.com\/eu\/wp-json\/wp\/v2\/comments?post=3628"}],"version-history":[{"count":0,"href":"https:\/\/www.ediren.com\/eu\/wp-json\/wp\/v2\/pages\/3628\/revisions"}],"wp:attachment":[{"href":"https:\/\/www.ediren.com\/eu\/wp-json\/wp\/v2\/media?parent=3628"}],"curies":[{"name":"wp","href":"https:\/\/api.w.org\/{rel}","templated":true}]}}