{"id":3648,"date":"2017-08-24T08:22:36","date_gmt":"2017-08-24T06:22:36","guid":{"rendered":"https:\/\/www.ediren.com\/osasun-mentaleko-zerbitzuak\/psikiatria\/"},"modified":"2023-07-21T13:08:17","modified_gmt":"2023-07-21T11:08:17","slug":"psikiatria","status":"publish","type":"page","link":"https:\/\/www.ediren.com\/eu\/osasun-mentaleko-zerbitzuak\/psikiatria\/","title":{"rendered":"Psikiatria"},"content":{"rendered":"\t\t<div data-elementor-type=\"wp-post\" data-elementor-id=\"3648\" class=\"elementor elementor-3648 elementor-624\">\n\t\t\t\t\t\t<section class=\"elementor-section elementor-top-section elementor-element elementor-element-ghywubb elementor-section-stretched elementor-section-boxed elementor-section-height-default elementor-section-height-default\" data-id=\"ghywubb\" data-element_type=\"section\" data-e-type=\"section\" data-settings=\"{&quot;stretch_section&quot;:&quot;section-stretched&quot;,&quot;background_background&quot;:&quot;classic&quot;}\">\n\t\t\t\t\t\t<div class=\"elementor-container elementor-column-gap-default\">\n\t\t\t\t\t<div class=\"elementor-column elementor-col-100 elementor-top-column elementor-element elementor-element-hsppmsf\" data-id=\"hsppmsf\" data-element_type=\"column\" data-e-type=\"column\" data-settings=\"{&quot;background_background&quot;:&quot;classic&quot;}\">\n\t\t\t<div class=\"elementor-widget-wrap elementor-element-populated\">\n\t\t\t\t\t\t<div class=\"elementor-element elementor-element-cjwezks elementor-widget elementor-widget-text-editor\" data-id=\"cjwezks\" data-element_type=\"widget\" data-e-type=\"widget\" data-widget_type=\"text-editor.default\">\n\t\t\t\t<div class=\"elementor-widget-container\">\n\t\t\t\t\t\t\t\t\t<h2 style=\"text-align: center;\">Estutasunak edota tristurak blokeatu egin gaitzakete, eta gure eguneroko bizimodua garatzea eragotzi. Kasu horietan, laguntza farmakologikoa oso tresna baliagarria izan daiteke.<\/h2>\n\t\t\t\t\t\t\t\t<\/div>\n\t\t\t\t<\/div>\n\t\t\t\t<div class=\"elementor-element elementor-element-sgrqkql elementor-view-default elementor-widget elementor-widget-icon\" data-id=\"sgrqkql\" data-element_type=\"widget\" data-e-type=\"widget\" data-widget_type=\"icon.default\">\n\t\t\t\t<div class=\"elementor-widget-container\">\n\t\t\t\t\t\t\t<div class=\"elementor-icon-wrapper\">\n\t\t\t<div class=\"elementor-icon\">\n\t\t\t\t\t\t\t<i class=\"fa fa-quote-right\" aria-hidden=\"true\"><\/i>\n\t\t\t\t\t\t<\/div>\n\t\t<\/div>\n\t\t\t\t\t\t<\/div>\n\t\t\t\t<\/div>\n\t\t\t\t\t<\/div>\n\t\t<\/div>\n\t\t\t\t\t<\/div>\n\t\t<\/section>\n\t\t\t\t<section class=\"elementor-section elementor-top-section elementor-element elementor-element-lzuqqys elementor-section-stretched elementor-reverse-mobile fondo-responsive elementor-section-boxed elementor-section-height-default elementor-section-height-default\" data-id=\"lzuqqys\" data-element_type=\"section\" data-e-type=\"section\" data-settings=\"{&quot;stretch_section&quot;:&quot;section-stretched&quot;,&quot;background_background&quot;:&quot;classic&quot;}\">\n\t\t\t\t\t\t<div class=\"elementor-container elementor-column-gap-default\">\n\t\t\t\t\t<div class=\"elementor-column elementor-col-100 elementor-top-column elementor-element elementor-element-dfzpdng fondo-responsive\" data-id=\"dfzpdng\" data-element_type=\"column\" data-e-type=\"column\" data-settings=\"{&quot;background_background&quot;:&quot;gradient&quot;}\">\n\t\t\t<div class=\"elementor-widget-wrap elementor-element-populated\">\n\t\t\t\t\t\t<div class=\"elementor-element elementor-element-ojsqnav elementor-widget elementor-widget-image\" data-id=\"ojsqnav\" data-element_type=\"widget\" data-e-type=\"widget\" data-widget_type=\"image.default\">\n\t\t\t\t<div class=\"elementor-widget-container\">\n\t\t\t\t\t\t\t\t\t\t\t\t\t\t\t<img fetchpriority=\"high\" decoding=\"async\" width=\"1024\" height=\"683\" src=\"https:\/\/www.ediren.com\/wp-content\/uploads\/2017\/08\/ediren-psiquiatria-1024x683.jpg\" class=\"attachment-large size-large wp-image-1078\" alt=\"\" srcset=\"https:\/\/www.ediren.com\/wp-content\/uploads\/2017\/08\/ediren-psiquiatria-1024x683.jpg 1024w, https:\/\/www.ediren.com\/wp-content\/uploads\/2017\/08\/ediren-psiquiatria-300x200.jpg 300w, https:\/\/www.ediren.com\/wp-content\/uploads\/2017\/08\/ediren-psiquiatria-768x512.jpg 768w, https:\/\/www.ediren.com\/wp-content\/uploads\/2017\/08\/ediren-psiquiatria.jpg 1200w\" sizes=\"(max-width: 1024px) 100vw, 1024px\" \/>\t\t\t\t\t\t\t\t\t\t\t\t\t\t\t<\/div>\n\t\t\t\t<\/div>\n\t\t\t\t<div class=\"elementor-element elementor-element-6ac4836 elementor-widget elementor-widget-heading\" data-id=\"6ac4836\" data-element_type=\"widget\" data-e-type=\"widget\" data-widget_type=\"heading.default\">\n\t\t\t\t<div class=\"elementor-widget-container\">\n\t\t\t\t\t<h1 class=\"elementor-heading-title elementor-size-medium\">Psikiatria<\/h1>\t\t\t\t<\/div>\n\t\t\t\t<\/div>\n\t\t\t\t<div class=\"elementor-element elementor-element-qegztyr elementor-widget elementor-widget-text-editor\" data-id=\"qegztyr\" data-element_type=\"widget\" data-e-type=\"widget\" data-widget_type=\"text-editor.default\">\n\t\t\t\t<div class=\"elementor-widget-container\">\n\t\t\t\t\t\t\t\t\t<p>Batzuetan, gogamena gaixotu egiten da, eta, beste edozein gorputz-atalek bezalaxe, tratamendu-beharra izango du. Arazo mentalen jarraipen estuak ahalbidetzen du haien bilakaera ona. Neurobiologiaren arloko egungo aurrerapenek tresna mordoa eskaintzen digute, eta, ondo erabiliz gero, gogamenaren sufrimendua arintzen eta geure buruaren kontrola berreskuratzen lagun diezagukete.<\/p>\n<p><strong>Psikofarmakoak laguntza boteretsua dira gogamenaren gaixotasunak tratatzeko.<\/strong><\/p>\n<p>Zenbait kasutan, ezinbestekoak dira; beste batzuetan, aldiz, laguntza ordainezina. <strong>Baina ez dira psikiatrek eskura duten tresna bakarra.<\/strong><\/p>\n<p>Farmako horiek beste terapia psikologiko batzuekin batera erabiltzen direnean, maiztasun gutxiagorekin behar izaten dira, dosi txikiagotan eta denbora-tarte laburragoan.<\/p>\n<p>Horiek erabilita, gure asmoa ez da gogamena baliogabetzea, baizik eta sintomen intentsitatea arintzea, geure buruaren kontrola berreskuratu ahal izateko.<\/p>\n<p>Arreta eta tratamendu psikiatrikoa ongizate psikikoaz arduratzen, da eta ondoeza ikuspegi medikotik tratatzen du, diagnostikoa eta medikazioa behar dituzten\u00a0 sintoma-multzoak hobetzeko. <strong>Zenbait egoeratan, emozio arruntak ohi baino larriagoak edo iraunkorragoak bihur daitezke, gainezka egin arte. Kasu horretan, tratamendu psikiatrikoak zure ongizatearen hobekuntza nabarmena ekarriko luke<\/strong>.<\/p>\n\t\t\t\t\t\t\t\t<\/div>\n\t\t\t\t<\/div>\n\t\t\t\t\t<\/div>\n\t\t<\/div>\n\t\t\t\t\t<\/div>\n\t\t<\/section>\n\t\t\t\t<section class=\"elementor-section elementor-top-section elementor-element elementor-element-csqoiwq elementor-section-stretched elementor-section-boxed elementor-section-height-default elementor-section-height-default\" data-id=\"csqoiwq\" data-element_type=\"section\" data-e-type=\"section\" data-settings=\"{&quot;stretch_section&quot;:&quot;section-stretched&quot;,&quot;background_background&quot;:&quot;classic&quot;}\">\n\t\t\t\t\t\t\t<div class=\"elementor-background-overlay\"><\/div>\n\t\t\t\t\t\t\t<div class=\"elementor-container elementor-column-gap-default\">\n\t\t\t\t\t<div class=\"elementor-column elementor-col-50 elementor-top-column elementor-element elementor-element-zwvmacj\" data-id=\"zwvmacj\" data-element_type=\"column\" data-e-type=\"column\">\n\t\t\t<div class=\"elementor-widget-wrap elementor-element-populated\">\n\t\t\t\t\t\t<div class=\"elementor-element elementor-element-fduzwih elementor-widget elementor-widget-text-editor\" data-id=\"fduzwih\" data-element_type=\"widget\" data-e-type=\"widget\" data-widget_type=\"text-editor.default\">\n\t\t\t\t<div class=\"elementor-widget-container\">\n\t\t\t\t\t\t\t\t\t<p>\n<div class=\"wpcf7 no-js\" id=\"wpcf7-f3560-o1\" lang=\"es-ES\" dir=\"ltr\" data-wpcf7-id=\"3560\">\n<div class=\"screen-reader-response\"><p role=\"status\" aria-live=\"polite\" aria-atomic=\"true\"><\/p> <ul><\/ul><\/div>\n<form action=\"\/eu\/wp-json\/wp\/v2\/pages\/3648#wpcf7-f3560-o1\" method=\"post\" class=\"wpcf7-form init\" aria-label=\"Contact form\" novalidate=\"novalidate\" data-status=\"init\">\n<fieldset class=\"hidden-fields-container\"><input type=\"hidden\" name=\"_wpcf7\" value=\"3560\" \/><input type=\"hidden\" name=\"_wpcf7_version\" value=\"6.1.5\" \/><input type=\"hidden\" name=\"_wpcf7_locale\" value=\"es_ES\" \/><input type=\"hidden\" name=\"_wpcf7_unit_tag\" value=\"wpcf7-f3560-o1\" \/><input type=\"hidden\" name=\"_wpcf7_container_post\" value=\"0\" \/><input type=\"hidden\" name=\"_wpcf7_posted_data_hash\" value=\"\" \/><input type=\"hidden\" name=\"_wpcf7_recaptcha_response\" value=\"\" \/>\n<\/fieldset>\n<div class=\"left col-form-horizontal\">\n\t<p><label> Izen-abizenak (*)<br \/>\n<span class=\"wpcf7-form-control-wrap\" data-name=\"your-name\"><input size=\"40\" maxlength=\"400\" class=\"wpcf7-form-control wpcf7-text wpcf7-validates-as-required\" aria-required=\"true\" aria-invalid=\"false\" value=\"\" type=\"text\" name=\"your-name\" \/><\/span> <\/label>\n\t<\/p>\n\t<p><label> Helbide elektronikoa (*)<br \/>\n<span class=\"wpcf7-form-control-wrap\" data-name=\"your-email\"><input size=\"40\" maxlength=\"400\" class=\"wpcf7-form-control wpcf7-email wpcf7-validates-as-required wpcf7-text wpcf7-validates-as-email\" aria-required=\"true\" aria-invalid=\"false\" value=\"\" type=\"email\" name=\"your-email\" \/><\/span> <\/label>\n\t<\/p>\n\t<p><label> Telefonoa (*)<br \/>\n<span class=\"wpcf7-form-control-wrap\" data-name=\"tel-933\"><input size=\"40\" maxlength=\"400\" class=\"wpcf7-form-control wpcf7-tel wpcf7-validates-as-required wpcf7-text wpcf7-validates-as-tel\" aria-required=\"true\" aria-invalid=\"false\" value=\"\" type=\"tel\" name=\"tel-933\" \/><\/span> <\/label>\n\t<\/p>\n\t<p><label> Gaia<br \/>\n<span class=\"wpcf7-form-control-wrap\" data-name=\"your-subject\"><input size=\"40\" maxlength=\"400\" class=\"wpcf7-form-control wpcf7-text\" aria-invalid=\"false\" value=\"\" type=\"text\" name=\"your-subject\" \/><\/span> <\/label>\n\t<\/p>\n<\/div>\n<div class=\"right col-form-horizontal\">\n\t<p><label> Eman zure kasuaren berri<br \/>\n<span class=\"wpcf7-form-control-wrap\" data-name=\"your-message\"><textarea cols=\"40\" rows=\"10\" maxlength=\"2000\" class=\"wpcf7-form-control wpcf7-textarea\" aria-invalid=\"false\" name=\"your-message\"><\/textarea><\/span> <\/label>\n\t<\/p>\n\t<p><label><span class=\"wpcf7-form-control-wrap\" data-name=\"acceptance-970\"><span class=\"wpcf7-form-control wpcf7-acceptance\"><span class=\"wpcf7-list-item\"><label><input type=\"checkbox\" name=\"acceptance-970\" value=\"1\" aria-invalid=\"false\" \/><span class=\"wpcf7-list-item-label\"><a href=\"\/eu\/pribatutasun-politika\" target=\"_blank\">Pribatutasun-politika onartzen dut<\/a><\/span><\/label><\/span><\/span><\/span> <\/label>\n\t<\/p>\n<\/div>\n<div class=\"clear\">\n<\/div>\n\n<div class=\"clear\">\n<\/div>\n<p><input class=\"wpcf7-form-control wpcf7-submit has-spinner\" type=\"submit\" value=\"Bidali\" \/>\n<\/p><div class=\"wpcf7-response-output\" aria-hidden=\"true\"><\/div>\n<\/form>\n<\/div>\n<\/p>\n\t\t\t\t\t\t\t\t<\/div>\n\t\t\t\t<\/div>\n\t\t\t\t\t<\/div>\n\t\t<\/div>\n\t\t\t\t<div class=\"elementor-column elementor-col-50 elementor-top-column elementor-element elementor-element-uwhmlkp\" data-id=\"uwhmlkp\" data-element_type=\"column\" data-e-type=\"column\">\n\t\t\t<div class=\"elementor-widget-wrap elementor-element-populated\">\n\t\t\t\t\t\t<div class=\"elementor-element elementor-element-spnqqlj elementor-widget elementor-widget-heading\" data-id=\"spnqqlj\" data-element_type=\"widget\" data-e-type=\"widget\" data-widget_type=\"heading.default\">\n\t\t\t\t<div class=\"elementor-widget-container\">\n\t\t\t\t\t<span class=\"elementor-heading-title elementor-size-xl\">Laguntza behar duzu?<\/span>\t\t\t\t<\/div>\n\t\t\t\t<\/div>\n\t\t\t\t<div class=\"elementor-element elementor-element-mqvqcyd elementor-widget elementor-widget-text-editor\" data-id=\"mqvqcyd\" data-element_type=\"widget\" data-e-type=\"widget\" data-widget_type=\"text-editor.default\">\n\t\t\t\t<div class=\"elementor-widget-container\">\n\t\t\t\t\t\t\t\t\t<h4><span style=\"color: #333333;\">Edirenen, laguntza eman diezazukegu; jar zaitez gurekin harremanetan telefono-zenbaki honetara hots eginda<\/span><\/h4>\t\t\t\t\t\t\t\t<\/div>\n\t\t\t\t<\/div>\n\t\t\t\t<div class=\"elementor-element elementor-element-xmewlfr elementor-widget elementor-widget-heading\" data-id=\"xmewlfr\" data-element_type=\"widget\" data-e-type=\"widget\" data-widget_type=\"heading.default\">\n\t\t\t\t<div class=\"elementor-widget-container\">\n\t\t\t\t\t<span class=\"elementor-heading-title elementor-size-xl\">945 266 366<\/span>\t\t\t\t<\/div>\n\t\t\t\t<\/div>\n\t\t\t\t<div class=\"elementor-element elementor-element-de4f76f elementor-widget elementor-widget-text-editor\" data-id=\"de4f76f\" data-element_type=\"widget\" data-e-type=\"widget\" data-widget_type=\"text-editor.default\">\n\t\t\t\t<div class=\"elementor-widget-container\">\n\t\t\t\t\t\t\t\t\t<h4><span style=\"color: #000000;\">Behar duzunari buruzko informazioa emango dizugu, edo hitzordua ezarriko dugu, zure kasua ezagutzeko.<\/span><\/h4>\t\t\t\t\t\t\t\t<\/div>\n\t\t\t\t<\/div>\n\t\t\t\t\t<\/div>\n\t\t<\/div>\n\t\t\t\t\t<\/div>\n\t\t<\/section>\n\t\t\t\t<\/div>\n\t\t","protected":false},"excerpt":{"rendered":"<p>Estutasunak edota tristurak blokeatu egin gaitzakete, eta gure eguneroko bizimodua garatzea eragotzi. Kasu horietan, laguntza farmakologikoa oso tresna baliagarria izan daiteke. Psikiatria Batzuetan, gogamena gaixotu egiten da, eta, beste edozein gorputz-atalek bezalaxe, tratamendu-beharra izango du. Arazo mentalen jarraipen estuak ahalbidetzen du haien bilakaera ona. Neurobiologiaren arloko egungo aurrerapenek tresna mordoa eskaintzen digute, eta, ondo erabiliz [&hellip;]<\/p>\n","protected":false},"author":3,"featured_media":10922,"parent":3646,"menu_order":0,"comment_status":"closed","ping_status":"closed","template":"","meta":{"_genesis_hide_title":false,"_genesis_hide_breadcrumbs":false,"_genesis_hide_singular_image":false,"_genesis_hide_footer_widgets":false,"_genesis_custom_body_class":"","_genesis_custom_post_class":"","_genesis_layout":"","footnotes":""},"class_list":{"0":"post-3648","1":"page","2":"type-page","3":"status-publish","4":"has-post-thumbnail","6":"entry"},"yoast_head":"<!-- This site is optimized with the Yoast SEO plugin v27.5 - https:\/\/yoast.com\/product\/yoast-seo-wordpress\/ -->\n<title>Psicoterapia - Tus Expertos en Psiquiatr\u00eda - Psicoterapeuta en Vitoria<\/title>\n<meta name=\"description\" content=\"Ediren, Centro de Psicoterapia y Psiquiatras, especialistas en psiquiatr\u00eda, Psicopedagog\u00eda, terapias de grupo y terapia congnitiva\" \/>\n<meta name=\"robots\" content=\"index, follow, max-snippet:-1, max-image-preview:large, max-video-preview:-1\" \/>\n<link rel=\"canonical\" href=\"https:\/\/www.ediren.com\/eu\/osasun-mentaleko-zerbitzuak\/psikiatria\/\" \/>\n<meta property=\"og:locale\" content=\"eu_ES\" \/>\n<meta property=\"og:type\" content=\"article\" \/>\n<meta property=\"og:title\" content=\"Psicoterapia - Tus Expertos en Psiquiatr\u00eda - Psicoterapeuta en Vitoria\" \/>\n<meta property=\"og:description\" content=\"Ediren, Centro de Psicoterapia y Psiquiatras, especialistas en psiquiatr\u00eda, Psicopedagog\u00eda, terapias de grupo y terapia congnitiva\" \/>\n<meta property=\"og:url\" content=\"https:\/\/www.ediren.com\/eu\/osasun-mentaleko-zerbitzuak\/psikiatria\/\" \/>\n<meta property=\"og:site_name\" content=\"Ediren\" \/>\n<meta property=\"article:publisher\" content=\"https:\/\/www.facebook.com\/pages\/Ediren-SALUD\/298201266858043\" \/>\n<meta property=\"article:modified_time\" content=\"2023-07-21T11:08:17+00:00\" \/>\n<meta property=\"og:image\" content=\"https:\/\/www.ediren.com\/wp-content\/uploads\/2021\/12\/psiquiatria-vitoria-gasteiz.webp\" \/>\n\t<meta property=\"og:image:width\" content=\"870\" \/>\n\t<meta property=\"og:image:height\" content=\"580\" \/>\n\t<meta property=\"og:image:type\" content=\"image\/webp\" \/>\n<meta name=\"twitter:card\" content=\"summary_large_image\" \/>\n<meta name=\"twitter:site\" content=\"@edirensalud\" \/>\n<meta name=\"twitter:label1\" content=\"Est. reading time\" \/>\n\t<meta name=\"twitter:data1\" content=\"2 minutes\" \/>\n<script type=\"application\/ld+json\" class=\"yoast-schema-graph\">{\"@context\":\"https:\\\/\\\/schema.org\",\"@graph\":[{\"@type\":\"WebPage\",\"@id\":\"https:\\\/\\\/www.ediren.com\\\/eu\\\/osasun-mentaleko-zerbitzuak\\\/psikiatria\\\/\",\"url\":\"https:\\\/\\\/www.ediren.com\\\/eu\\\/osasun-mentaleko-zerbitzuak\\\/psikiatria\\\/\",\"name\":\"Psicoterapia - Tus Expertos en Psiquiatr\u00eda - Psicoterapeuta en Vitoria\",\"isPartOf\":{\"@id\":\"https:\\\/\\\/www.ediren.com\\\/eu\\\/#website\"},\"primaryImageOfPage\":{\"@id\":\"https:\\\/\\\/www.ediren.com\\\/eu\\\/osasun-mentaleko-zerbitzuak\\\/psikiatria\\\/#primaryimage\"},\"image\":{\"@id\":\"https:\\\/\\\/www.ediren.com\\\/eu\\\/osasun-mentaleko-zerbitzuak\\\/psikiatria\\\/#primaryimage\"},\"thumbnailUrl\":\"https:\\\/\\\/www.ediren.com\\\/wp-content\\\/uploads\\\/2021\\\/12\\\/psiquiatria-vitoria-gasteiz.webp\",\"datePublished\":\"2017-08-24T06:22:36+00:00\",\"dateModified\":\"2023-07-21T11:08:17+00:00\",\"description\":\"Ediren, Centro de Psicoterapia y Psiquiatras, especialistas en psiquiatr\u00eda, Psicopedagog\u00eda, terapias de grupo y terapia congnitiva\",\"breadcrumb\":{\"@id\":\"https:\\\/\\\/www.ediren.com\\\/eu\\\/osasun-mentaleko-zerbitzuak\\\/psikiatria\\\/#breadcrumb\"},\"inLanguage\":\"eu-ES\",\"potentialAction\":[{\"@type\":\"ReadAction\",\"target\":[\"https:\\\/\\\/www.ediren.com\\\/eu\\\/osasun-mentaleko-zerbitzuak\\\/psikiatria\\\/\"]}]},{\"@type\":\"ImageObject\",\"inLanguage\":\"eu-ES\",\"@id\":\"https:\\\/\\\/www.ediren.com\\\/eu\\\/osasun-mentaleko-zerbitzuak\\\/psikiatria\\\/#primaryimage\",\"url\":\"https:\\\/\\\/www.ediren.com\\\/wp-content\\\/uploads\\\/2021\\\/12\\\/psiquiatria-vitoria-gasteiz.webp\",\"contentUrl\":\"https:\\\/\\\/www.ediren.com\\\/wp-content\\\/uploads\\\/2021\\\/12\\\/psiquiatria-vitoria-gasteiz.webp\",\"width\":870,\"height\":580,\"caption\":\"psiquiatria y terapia psiqui\u00e1trica en vitoria\"},{\"@type\":\"BreadcrumbList\",\"@id\":\"https:\\\/\\\/www.ediren.com\\\/eu\\\/osasun-mentaleko-zerbitzuak\\\/psikiatria\\\/#breadcrumb\",\"itemListElement\":[{\"@type\":\"ListItem\",\"position\":1,\"name\":\"Portada\",\"item\":\"https:\\\/\\\/www.ediren.com\\\/eu\\\/hasiera\\\/\"},{\"@type\":\"ListItem\",\"position\":2,\"name\":\"Osasun mentaleko zerbitzuak\",\"item\":\"https:\\\/\\\/www.ediren.com\\\/eu\\\/osasun-mentaleko-zerbitzuak\\\/\"},{\"@type\":\"ListItem\",\"position\":3,\"name\":\"Psikiatria\"}]},{\"@type\":\"WebSite\",\"@id\":\"https:\\\/\\\/www.ediren.com\\\/eu\\\/#website\",\"url\":\"https:\\\/\\\/www.ediren.com\\\/eu\\\/\",\"name\":\"Ediren\",\"description\":\"Cooperativa de Salud\",\"potentialAction\":[{\"@type\":\"SearchAction\",\"target\":{\"@type\":\"EntryPoint\",\"urlTemplate\":\"https:\\\/\\\/www.ediren.com\\\/eu\\\/?s={search_term_string}\"},\"query-input\":{\"@type\":\"PropertyValueSpecification\",\"valueRequired\":true,\"valueName\":\"search_term_string\"}}],\"inLanguage\":\"eu-ES\"}]}<\/script>\n<!-- \/ Yoast SEO plugin. -->","yoast_head_json":{"title":"Psicoterapia - Tus Expertos en Psiquiatr\u00eda - Psicoterapeuta en Vitoria","description":"Ediren, Centro de Psicoterapia y Psiquiatras, especialistas en psiquiatr\u00eda, Psicopedagog\u00eda, terapias de grupo y terapia congnitiva","robots":{"index":"index","follow":"follow","max-snippet":"max-snippet:-1","max-image-preview":"max-image-preview:large","max-video-preview":"max-video-preview:-1"},"canonical":"https:\/\/www.ediren.com\/eu\/osasun-mentaleko-zerbitzuak\/psikiatria\/","og_locale":"eu_ES","og_type":"article","og_title":"Psicoterapia - Tus Expertos en Psiquiatr\u00eda - Psicoterapeuta en Vitoria","og_description":"Ediren, Centro de Psicoterapia y Psiquiatras, especialistas en psiquiatr\u00eda, Psicopedagog\u00eda, terapias de grupo y terapia congnitiva","og_url":"https:\/\/www.ediren.com\/eu\/osasun-mentaleko-zerbitzuak\/psikiatria\/","og_site_name":"Ediren","article_publisher":"https:\/\/www.facebook.com\/pages\/Ediren-SALUD\/298201266858043","article_modified_time":"2023-07-21T11:08:17+00:00","og_image":[{"width":870,"height":580,"url":"https:\/\/www.ediren.com\/wp-content\/uploads\/2021\/12\/psiquiatria-vitoria-gasteiz.webp","type":"image\/webp"}],"twitter_card":"summary_large_image","twitter_site":"@edirensalud","twitter_misc":{"Est. reading time":"2 minutes"},"schema":{"@context":"https:\/\/schema.org","@graph":[{"@type":"WebPage","@id":"https:\/\/www.ediren.com\/eu\/osasun-mentaleko-zerbitzuak\/psikiatria\/","url":"https:\/\/www.ediren.com\/eu\/osasun-mentaleko-zerbitzuak\/psikiatria\/","name":"Psicoterapia - Tus Expertos en Psiquiatr\u00eda - Psicoterapeuta en Vitoria","isPartOf":{"@id":"https:\/\/www.ediren.com\/eu\/#website"},"primaryImageOfPage":{"@id":"https:\/\/www.ediren.com\/eu\/osasun-mentaleko-zerbitzuak\/psikiatria\/#primaryimage"},"image":{"@id":"https:\/\/www.ediren.com\/eu\/osasun-mentaleko-zerbitzuak\/psikiatria\/#primaryimage"},"thumbnailUrl":"https:\/\/www.ediren.com\/wp-content\/uploads\/2021\/12\/psiquiatria-vitoria-gasteiz.webp","datePublished":"2017-08-24T06:22:36+00:00","dateModified":"2023-07-21T11:08:17+00:00","description":"Ediren, Centro de Psicoterapia y Psiquiatras, especialistas en psiquiatr\u00eda, Psicopedagog\u00eda, terapias de grupo y terapia congnitiva","breadcrumb":{"@id":"https:\/\/www.ediren.com\/eu\/osasun-mentaleko-zerbitzuak\/psikiatria\/#breadcrumb"},"inLanguage":"eu-ES","potentialAction":[{"@type":"ReadAction","target":["https:\/\/www.ediren.com\/eu\/osasun-mentaleko-zerbitzuak\/psikiatria\/"]}]},{"@type":"ImageObject","inLanguage":"eu-ES","@id":"https:\/\/www.ediren.com\/eu\/osasun-mentaleko-zerbitzuak\/psikiatria\/#primaryimage","url":"https:\/\/www.ediren.com\/wp-content\/uploads\/2021\/12\/psiquiatria-vitoria-gasteiz.webp","contentUrl":"https:\/\/www.ediren.com\/wp-content\/uploads\/2021\/12\/psiquiatria-vitoria-gasteiz.webp","width":870,"height":580,"caption":"psiquiatria y terapia psiqui\u00e1trica en vitoria"},{"@type":"BreadcrumbList","@id":"https:\/\/www.ediren.com\/eu\/osasun-mentaleko-zerbitzuak\/psikiatria\/#breadcrumb","itemListElement":[{"@type":"ListItem","position":1,"name":"Portada","item":"https:\/\/www.ediren.com\/eu\/hasiera\/"},{"@type":"ListItem","position":2,"name":"Osasun mentaleko zerbitzuak","item":"https:\/\/www.ediren.com\/eu\/osasun-mentaleko-zerbitzuak\/"},{"@type":"ListItem","position":3,"name":"Psikiatria"}]},{"@type":"WebSite","@id":"https:\/\/www.ediren.com\/eu\/#website","url":"https:\/\/www.ediren.com\/eu\/","name":"Ediren","description":"Cooperativa de Salud","potentialAction":[{"@type":"SearchAction","target":{"@type":"EntryPoint","urlTemplate":"https:\/\/www.ediren.com\/eu\/?s={search_term_string}"},"query-input":{"@type":"PropertyValueSpecification","valueRequired":true,"valueName":"search_term_string"}}],"inLanguage":"eu-ES"}]}},"_links":{"self":[{"href":"https:\/\/www.ediren.com\/eu\/wp-json\/wp\/v2\/pages\/3648","targetHints":{"allow":["GET"]}}],"collection":[{"href":"https:\/\/www.ediren.com\/eu\/wp-json\/wp\/v2\/pages"}],"about":[{"href":"https:\/\/www.ediren.com\/eu\/wp-json\/wp\/v2\/types\/page"}],"author":[{"embeddable":true,"href":"https:\/\/www.ediren.com\/eu\/wp-json\/wp\/v2\/users\/3"}],"replies":[{"embeddable":true,"href":"https:\/\/www.ediren.com\/eu\/wp-json\/wp\/v2\/comments?post=3648"}],"version-history":[{"count":15,"href":"https:\/\/www.ediren.com\/eu\/wp-json\/wp\/v2\/pages\/3648\/revisions"}],"predecessor-version":[{"id":17272,"href":"https:\/\/www.ediren.com\/eu\/wp-json\/wp\/v2\/pages\/3648\/revisions\/17272"}],"up":[{"embeddable":true,"href":"https:\/\/www.ediren.com\/eu\/wp-json\/wp\/v2\/pages\/3646"}],"wp:featuredmedia":[{"embeddable":true,"href":"https:\/\/www.ediren.com\/eu\/wp-json\/wp\/v2\/media\/10922"}],"wp:attachment":[{"href":"https:\/\/www.ediren.com\/eu\/wp-json\/wp\/v2\/media?parent=3648"}],"curies":[{"name":"wp","href":"https:\/\/api.w.org\/{rel}","templated":true}]}}