{"id":3682,"date":"2017-08-28T09:14:41","date_gmt":"2017-08-28T07:14:41","guid":{"rendered":"https:\/\/www.ediren.com\/osasun-mentaleko-zerbitzuak\/psikologia\/psikodiagnostikoa\/"},"modified":"2021-10-25T09:38:01","modified_gmt":"2021-10-25T07:38:01","slug":"psikodiagnostikoa","status":"publish","type":"page","link":"https:\/\/www.ediren.com\/eu\/osasun-mentaleko-zerbitzuak\/psikologia-2-2\/psikodiagnostikoa\/","title":{"rendered":"Psikodiagnostikoa"},"content":{"rendered":"\t\t<div data-elementor-type=\"wp-post\" data-elementor-id=\"3682\" class=\"elementor elementor-3682 elementor-734\">\n\t\t\t\t\t\t<section class=\"elementor-section elementor-top-section elementor-element elementor-element-pzpwqts elementor-section-stretched elementor-section-boxed elementor-section-height-default elementor-section-height-default\" data-id=\"pzpwqts\" data-element_type=\"section\" data-e-type=\"section\" data-settings=\"{&quot;stretch_section&quot;:&quot;section-stretched&quot;,&quot;background_background&quot;:&quot;classic&quot;}\">\n\t\t\t\t\t\t<div class=\"elementor-container elementor-column-gap-default\">\n\t\t\t\t\t<div class=\"elementor-column elementor-col-100 elementor-top-column elementor-element elementor-element-vrmqdhp\" data-id=\"vrmqdhp\" data-element_type=\"column\" data-e-type=\"column\" data-settings=\"{&quot;background_background&quot;:&quot;classic&quot;}\">\n\t\t\t<div class=\"elementor-widget-wrap elementor-element-populated\">\n\t\t\t\t\t\t<div class=\"elementor-element elementor-element-iaidjzg elementor-widget elementor-widget-text-editor\" data-id=\"iaidjzg\" data-element_type=\"widget\" data-e-type=\"widget\" data-widget_type=\"text-editor.default\">\n\t\t\t\t<div class=\"elementor-widget-container\">\n\t\t\t\t\t\t\t\t\t<h2 style=\"text-align: center;\">Ebaluazio Psikologikoa informazio klinikoa eskuratzeko baliatzen da, proba psikologikoen bitartez.<\/h2>\n\t\t\t\t\t\t\t\t<\/div>\n\t\t\t\t<\/div>\n\t\t\t\t<div class=\"elementor-element elementor-element-7ec4577 elementor-widget elementor-widget-heading\" data-id=\"7ec4577\" data-element_type=\"widget\" data-e-type=\"widget\" data-widget_type=\"heading.default\">\n\t\t\t\t<div class=\"elementor-widget-container\">\n\t\t\t\t\t<h1 class=\"elementor-heading-title elementor-size-default\">Psikodiagnostikoa<\/h1>\t\t\t\t<\/div>\n\t\t\t\t<\/div>\n\t\t\t\t<div class=\"elementor-element elementor-element-stdntur elementor-view-default elementor-widget elementor-widget-icon\" data-id=\"stdntur\" data-element_type=\"widget\" data-e-type=\"widget\" data-widget_type=\"icon.default\">\n\t\t\t\t<div class=\"elementor-widget-container\">\n\t\t\t\t\t\t\t<div class=\"elementor-icon-wrapper\">\n\t\t\t<div class=\"elementor-icon\">\n\t\t\t\t\t\t\t<i class=\"fa fa-quote-right\" aria-hidden=\"true\"><\/i>\n\t\t\t\t\t\t<\/div>\n\t\t<\/div>\n\t\t\t\t\t\t<\/div>\n\t\t\t\t<\/div>\n\t\t\t\t\t<\/div>\n\t\t<\/div>\n\t\t\t\t\t<\/div>\n\t\t<\/section>\n\t\t\t\t<section class=\"elementor-section elementor-top-section elementor-element elementor-element-pzeaqok elementor-section-stretched elementor-reverse-mobile elementor-section-boxed elementor-section-height-default elementor-section-height-default\" data-id=\"pzeaqok\" data-element_type=\"section\" data-e-type=\"section\" data-settings=\"{&quot;stretch_section&quot;:&quot;section-stretched&quot;,&quot;background_background&quot;:&quot;classic&quot;}\">\n\t\t\t\t\t\t<div class=\"elementor-container elementor-column-gap-default\">\n\t\t\t\t\t<div class=\"elementor-column elementor-col-100 elementor-top-column elementor-element elementor-element-ejlyqid fondo-responsive\" data-id=\"ejlyqid\" data-element_type=\"column\" data-e-type=\"column\" data-settings=\"{&quot;background_background&quot;:&quot;gradient&quot;}\">\n\t\t\t<div class=\"elementor-widget-wrap elementor-element-populated\">\n\t\t\t\t\t\t<div class=\"elementor-element elementor-element-fgdxggy elementor-widget elementor-widget-image\" data-id=\"fgdxggy\" data-element_type=\"widget\" data-e-type=\"widget\" data-widget_type=\"image.default\">\n\t\t\t\t<div class=\"elementor-widget-container\">\n\t\t\t\t\t\t\t\t\t\t\t\t\t\t\t<img fetchpriority=\"high\" decoding=\"async\" width=\"1024\" height=\"683\" src=\"https:\/\/www.ediren.com\/wp-content\/uploads\/2017\/09\/ediren-psicodiagnostico-1024x683.jpg\" class=\"attachment-large size-large wp-image-2894\" alt=\"\" srcset=\"https:\/\/www.ediren.com\/wp-content\/uploads\/2017\/09\/ediren-psicodiagnostico-1024x683.jpg 1024w, https:\/\/www.ediren.com\/wp-content\/uploads\/2017\/09\/ediren-psicodiagnostico-300x200.jpg 300w, https:\/\/www.ediren.com\/wp-content\/uploads\/2017\/09\/ediren-psicodiagnostico-768x512.jpg 768w, https:\/\/www.ediren.com\/wp-content\/uploads\/2017\/09\/ediren-psicodiagnostico.jpg 1200w\" sizes=\"(max-width: 1024px) 100vw, 1024px\" \/>\t\t\t\t\t\t\t\t\t\t\t\t\t\t\t<\/div>\n\t\t\t\t<\/div>\n\t\t\t\t<div class=\"elementor-element elementor-element-gymlhvc elementor-widget elementor-widget-text-editor\" data-id=\"gymlhvc\" data-element_type=\"widget\" data-e-type=\"widget\" data-widget_type=\"text-editor.default\">\n\t\t\t\t<div class=\"elementor-widget-container\">\n\t\t\t\t\t\t\t\t\t<p>Informazio hori idatziz ematen da, honetarako:<\/p>\n<ul>\n<li>Alde batetik, <strong>mundua ezagutzeko moduan<\/strong> eta adimenean <strong>dituen gaitasunak ezagutzeko<\/strong>, eta baliabide kognitiboetan eraginik ote dagoen jakiteko.<\/li>\n<li>Beste alde batetik, <strong>funtzionamendu psikologikoa eta nortasunarena ezagutzeko<\/strong>, pertsonaren eguneroko bizimodua baldintzatzen duen nahasmendu psikopatologikorik ote dagoen ezartzeko.<\/li>\n<\/ul>\n<p>Lan honetan, bi alderdien arteko harremana hartzen da kontuan, pertsonak bizitzaren eskakizunetara egokitzeko dituen baliabideak eta gaitasunak ebaluatzeko eta jakiteko.<\/p>\n<p>Ebaluazioak une zehatzetan egin daitezke, pertsonaren egoera psikologikoa aztertzeko, edo, tratamenduan baldin badago, ezaugarri kognitibo, psikologiko eta nortasunezkoak ikusteko.<\/p>\n<p>&nbsp;<\/p>\n\t\t\t\t\t\t\t\t<\/div>\n\t\t\t\t<\/div>\n\t\t\t\t\t<\/div>\n\t\t<\/div>\n\t\t\t\t\t<\/div>\n\t\t<\/section>\n\t\t\t\t<section class=\"elementor-section elementor-top-section elementor-element elementor-element-afxmurv elementor-section-stretched elementor-section-boxed elementor-section-height-default elementor-section-height-default\" data-id=\"afxmurv\" data-element_type=\"section\" data-e-type=\"section\" data-settings=\"{&quot;stretch_section&quot;:&quot;section-stretched&quot;,&quot;background_background&quot;:&quot;classic&quot;}\">\n\t\t\t\t\t\t\t<div class=\"elementor-background-overlay\"><\/div>\n\t\t\t\t\t\t\t<div class=\"elementor-container elementor-column-gap-default\">\n\t\t\t\t\t<div class=\"elementor-column elementor-col-50 elementor-top-column elementor-element elementor-element-cyawjsn\" data-id=\"cyawjsn\" data-element_type=\"column\" data-e-type=\"column\">\n\t\t\t<div class=\"elementor-widget-wrap elementor-element-populated\">\n\t\t\t\t\t\t<div class=\"elementor-element elementor-element-rrbitqq elementor-widget elementor-widget-text-editor\" data-id=\"rrbitqq\" data-element_type=\"widget\" data-e-type=\"widget\" data-widget_type=\"text-editor.default\">\n\t\t\t\t<div class=\"elementor-widget-container\">\n\t\t\t\t\t\t\t\t\t<p>\n<div class=\"wpcf7 no-js\" id=\"wpcf7-f3560-o1\" lang=\"es-ES\" dir=\"ltr\" data-wpcf7-id=\"3560\">\n<div class=\"screen-reader-response\"><p role=\"status\" aria-live=\"polite\" aria-atomic=\"true\"><\/p> <ul><\/ul><\/div>\n<form action=\"\/eu\/wp-json\/wp\/v2\/pages\/3682#wpcf7-f3560-o1\" method=\"post\" class=\"wpcf7-form init\" aria-label=\"Contact form\" novalidate=\"novalidate\" data-status=\"init\">\n<fieldset class=\"hidden-fields-container\"><input type=\"hidden\" name=\"_wpcf7\" value=\"3560\" \/><input type=\"hidden\" name=\"_wpcf7_version\" value=\"6.1.5\" \/><input type=\"hidden\" name=\"_wpcf7_locale\" value=\"es_ES\" \/><input type=\"hidden\" name=\"_wpcf7_unit_tag\" value=\"wpcf7-f3560-o1\" \/><input type=\"hidden\" name=\"_wpcf7_container_post\" value=\"0\" \/><input type=\"hidden\" name=\"_wpcf7_posted_data_hash\" value=\"\" \/><input type=\"hidden\" name=\"_wpcf7_recaptcha_response\" value=\"\" \/>\n<\/fieldset>\n<div class=\"left col-form-horizontal\">\n\t<p><label> Izen-abizenak (*)<br \/>\n<span class=\"wpcf7-form-control-wrap\" data-name=\"your-name\"><input size=\"40\" maxlength=\"400\" class=\"wpcf7-form-control wpcf7-text wpcf7-validates-as-required\" aria-required=\"true\" aria-invalid=\"false\" value=\"\" type=\"text\" name=\"your-name\" \/><\/span> <\/label>\n\t<\/p>\n\t<p><label> Helbide elektronikoa (*)<br \/>\n<span class=\"wpcf7-form-control-wrap\" data-name=\"your-email\"><input size=\"40\" maxlength=\"400\" class=\"wpcf7-form-control wpcf7-email wpcf7-validates-as-required wpcf7-text wpcf7-validates-as-email\" aria-required=\"true\" aria-invalid=\"false\" value=\"\" type=\"email\" name=\"your-email\" \/><\/span> <\/label>\n\t<\/p>\n\t<p><label> Telefonoa (*)<br \/>\n<span class=\"wpcf7-form-control-wrap\" data-name=\"tel-933\"><input size=\"40\" maxlength=\"400\" class=\"wpcf7-form-control wpcf7-tel wpcf7-validates-as-required wpcf7-text wpcf7-validates-as-tel\" aria-required=\"true\" aria-invalid=\"false\" value=\"\" type=\"tel\" name=\"tel-933\" \/><\/span> <\/label>\n\t<\/p>\n\t<p><label> Gaia<br \/>\n<span class=\"wpcf7-form-control-wrap\" data-name=\"your-subject\"><input size=\"40\" maxlength=\"400\" class=\"wpcf7-form-control wpcf7-text\" aria-invalid=\"false\" value=\"\" type=\"text\" name=\"your-subject\" \/><\/span> <\/label>\n\t<\/p>\n<\/div>\n<div class=\"right col-form-horizontal\">\n\t<p><label> Eman zure kasuaren berri<br \/>\n<span class=\"wpcf7-form-control-wrap\" data-name=\"your-message\"><textarea cols=\"40\" rows=\"10\" maxlength=\"2000\" class=\"wpcf7-form-control wpcf7-textarea\" aria-invalid=\"false\" name=\"your-message\"><\/textarea><\/span> <\/label>\n\t<\/p>\n\t<p><label><span class=\"wpcf7-form-control-wrap\" data-name=\"acceptance-970\"><span class=\"wpcf7-form-control wpcf7-acceptance\"><span class=\"wpcf7-list-item\"><label><input type=\"checkbox\" name=\"acceptance-970\" value=\"1\" aria-invalid=\"false\" \/><span class=\"wpcf7-list-item-label\"><a href=\"\/eu\/pribatutasun-politika\" target=\"_blank\">Pribatutasun-politika onartzen dut<\/a><\/span><\/label><\/span><\/span><\/span> <\/label>\n\t<\/p>\n<\/div>\n<div class=\"clear\">\n<\/div>\n\n<div class=\"clear\">\n<\/div>\n<p><input class=\"wpcf7-form-control wpcf7-submit has-spinner\" type=\"submit\" value=\"Bidali\" \/>\n<\/p><div class=\"wpcf7-response-output\" aria-hidden=\"true\"><\/div>\n<\/form>\n<\/div>\n<\/p>\n\t\t\t\t\t\t\t\t<\/div>\n\t\t\t\t<\/div>\n\t\t\t\t\t<\/div>\n\t\t<\/div>\n\t\t\t\t<div class=\"elementor-column elementor-col-50 elementor-top-column elementor-element elementor-element-ybigkab\" data-id=\"ybigkab\" data-element_type=\"column\" data-e-type=\"column\">\n\t\t\t<div class=\"elementor-widget-wrap elementor-element-populated\">\n\t\t\t\t\t\t<div class=\"elementor-element elementor-element-qqjrslv elementor-widget elementor-widget-heading\" data-id=\"qqjrslv\" data-element_type=\"widget\" data-e-type=\"widget\" data-widget_type=\"heading.default\">\n\t\t\t\t<div class=\"elementor-widget-container\">\n\t\t\t\t\t<h2 class=\"elementor-heading-title elementor-size-default\">Laguntza behar duzu?<\/h2>\t\t\t\t<\/div>\n\t\t\t\t<\/div>\n\t\t\t\t<div class=\"elementor-element elementor-element-kibjabi elementor-widget elementor-widget-text-editor\" data-id=\"kibjabi\" data-element_type=\"widget\" data-e-type=\"widget\" data-widget_type=\"text-editor.default\">\n\t\t\t\t<div class=\"elementor-widget-container\">\n\t\t\t\t\t\t\t\t\t<h4><strong>Edirenen, laguntza eman diezazukegu; jar zaitez gurekin harremanetan telefono-zenbaki honetara hots eginda<\/strong><\/h4>\n\t\t\t\t\t\t\t\t<\/div>\n\t\t\t\t<\/div>\n\t\t\t\t<div class=\"elementor-element elementor-element-xwwitrg elementor-widget elementor-widget-heading\" data-id=\"xwwitrg\" data-element_type=\"widget\" data-e-type=\"widget\" data-widget_type=\"heading.default\">\n\t\t\t\t<div class=\"elementor-widget-container\">\n\t\t\t\t\t<h3 class=\"elementor-heading-title elementor-size-xl\">945 266 366<\/h3>\t\t\t\t<\/div>\n\t\t\t\t<\/div>\n\t\t\t\t<div class=\"elementor-element elementor-element-knzofin elementor-widget elementor-widget-text-editor\" data-id=\"knzofin\" data-element_type=\"widget\" data-e-type=\"widget\" data-widget_type=\"text-editor.default\">\n\t\t\t\t<div class=\"elementor-widget-container\">\n\t\t\t\t\t\t\t\t\t<h4><strong>Behar duzunari buruzko informazioa emango dizugu, edo hitzordua ezarriko dugu, zure kasua ezagutzeko<\/strong>.<\/h4>\n\t\t\t\t\t\t\t\t<\/div>\n\t\t\t\t<\/div>\n\t\t\t\t\t<\/div>\n\t\t<\/div>\n\t\t\t\t\t<\/div>\n\t\t<\/section>\n\t\t\t\t<\/div>\n\t\t","protected":false},"excerpt":{"rendered":"<p>Ebaluazio Psikologikoa informazio klinikoa eskuratzeko baliatzen da, proba psikologikoen bitartez. Psikodiagnostikoa Informazio hori idatziz ematen da, honetarako: Alde batetik, mundua ezagutzeko moduan eta adimenean dituen gaitasunak ezagutzeko, eta baliabide kognitiboetan eraginik ote dagoen jakiteko. Beste alde batetik, funtzionamendu psikologikoa eta nortasunarena ezagutzeko, pertsonaren eguneroko bizimodua baldintzatzen duen nahasmendu psikopatologikorik ote dagoen ezartzeko. Lan honetan, bi [&hellip;]<\/p>\n","protected":false},"author":3,"featured_media":0,"parent":3649,"menu_order":0,"comment_status":"closed","ping_status":"closed","template":"","meta":{"_genesis_hide_title":false,"_genesis_hide_breadcrumbs":false,"_genesis_hide_singular_image":false,"_genesis_hide_footer_widgets":false,"_genesis_custom_body_class":"","_genesis_custom_post_class":"","_genesis_layout":"","footnotes":""},"class_list":{"0":"post-3682","1":"page","2":"type-page","3":"status-publish","5":"entry"},"yoast_head":"<!-- This site is optimized with the Yoast SEO plugin v27.4 - https:\/\/yoast.com\/product\/yoast-seo-wordpress\/ -->\n<title>Psikodiagnostikoa - Centro de Psicoterapia y Fisioterapia<\/title>\n<meta name=\"description\" content=\"Ediren, Centro de Psicoterapia y Psic\u00f3logos, especialistas en rehabilitaci\u00f3n y en psicolog\u00eda. Psikodiagnostikoa\" \/>\n<meta name=\"robots\" content=\"index, follow, max-snippet:-1, max-image-preview:large, max-video-preview:-1\" \/>\n<link rel=\"canonical\" href=\"https:\/\/www.ediren.com\/eu\/osasun-mentaleko-zerbitzuak\/psikologia-2-2\/psikodiagnostikoa\/\" \/>\n<meta property=\"og:locale\" content=\"eu_ES\" \/>\n<meta property=\"og:type\" content=\"article\" \/>\n<meta property=\"og:title\" content=\"Psikodiagnostikoa - Centro de Psicoterapia y Fisioterapia\" \/>\n<meta property=\"og:description\" content=\"Ediren, Centro de Psicoterapia y Psic\u00f3logos, especialistas en rehabilitaci\u00f3n y en psicolog\u00eda. Psikodiagnostikoa\" \/>\n<meta property=\"og:url\" content=\"https:\/\/www.ediren.com\/eu\/osasun-mentaleko-zerbitzuak\/psikologia-2-2\/psikodiagnostikoa\/\" \/>\n<meta property=\"og:site_name\" content=\"Ediren\" \/>\n<meta property=\"article:publisher\" content=\"https:\/\/www.facebook.com\/pages\/Ediren-SALUD\/298201266858043\" \/>\n<meta property=\"article:modified_time\" content=\"2021-10-25T07:38:01+00:00\" \/>\n<meta property=\"og:image\" content=\"https:\/\/www.ediren.com\/wp-content\/uploads\/2017\/09\/ediren-psicodiagnostico-1024x683.jpg\" \/>\n<meta name=\"twitter:card\" content=\"summary_large_image\" \/>\n<meta name=\"twitter:site\" content=\"@edirensalud\" \/>\n<meta name=\"twitter:label1\" content=\"Est. reading time\" \/>\n\t<meta name=\"twitter:data1\" content=\"1 minute\" \/>\n<script type=\"application\/ld+json\" class=\"yoast-schema-graph\">{\"@context\":\"https:\\\/\\\/schema.org\",\"@graph\":[{\"@type\":\"WebPage\",\"@id\":\"https:\\\/\\\/www.ediren.com\\\/eu\\\/osasun-mentaleko-zerbitzuak\\\/psikologia-2-2\\\/psikodiagnostikoa\\\/\",\"url\":\"https:\\\/\\\/www.ediren.com\\\/eu\\\/osasun-mentaleko-zerbitzuak\\\/psikologia-2-2\\\/psikodiagnostikoa\\\/\",\"name\":\"Psikodiagnostikoa - Centro de Psicoterapia y Fisioterapia\",\"isPartOf\":{\"@id\":\"https:\\\/\\\/www.ediren.com\\\/eu\\\/#website\"},\"primaryImageOfPage\":{\"@id\":\"https:\\\/\\\/www.ediren.com\\\/eu\\\/osasun-mentaleko-zerbitzuak\\\/psikologia-2-2\\\/psikodiagnostikoa\\\/#primaryimage\"},\"image\":{\"@id\":\"https:\\\/\\\/www.ediren.com\\\/eu\\\/osasun-mentaleko-zerbitzuak\\\/psikologia-2-2\\\/psikodiagnostikoa\\\/#primaryimage\"},\"thumbnailUrl\":\"https:\\\/\\\/www.ediren.com\\\/wp-content\\\/uploads\\\/2017\\\/09\\\/ediren-psicodiagnostico-1024x683.jpg\",\"datePublished\":\"2017-08-28T07:14:41+00:00\",\"dateModified\":\"2021-10-25T07:38:01+00:00\",\"description\":\"Ediren, Centro de Psicoterapia y Psic\u00f3logos, especialistas en rehabilitaci\u00f3n y en psicolog\u00eda. Psikodiagnostikoa\",\"breadcrumb\":{\"@id\":\"https:\\\/\\\/www.ediren.com\\\/eu\\\/osasun-mentaleko-zerbitzuak\\\/psikologia-2-2\\\/psikodiagnostikoa\\\/#breadcrumb\"},\"inLanguage\":\"eu-ES\",\"potentialAction\":[{\"@type\":\"ReadAction\",\"target\":[\"https:\\\/\\\/www.ediren.com\\\/eu\\\/osasun-mentaleko-zerbitzuak\\\/psikologia-2-2\\\/psikodiagnostikoa\\\/\"]}]},{\"@type\":\"ImageObject\",\"inLanguage\":\"eu-ES\",\"@id\":\"https:\\\/\\\/www.ediren.com\\\/eu\\\/osasun-mentaleko-zerbitzuak\\\/psikologia-2-2\\\/psikodiagnostikoa\\\/#primaryimage\",\"url\":\"https:\\\/\\\/www.ediren.com\\\/wp-content\\\/uploads\\\/2017\\\/09\\\/ediren-psicodiagnostico-1024x683.jpg\",\"contentUrl\":\"https:\\\/\\\/www.ediren.com\\\/wp-content\\\/uploads\\\/2017\\\/09\\\/ediren-psicodiagnostico-1024x683.jpg\"},{\"@type\":\"BreadcrumbList\",\"@id\":\"https:\\\/\\\/www.ediren.com\\\/eu\\\/osasun-mentaleko-zerbitzuak\\\/psikologia-2-2\\\/psikodiagnostikoa\\\/#breadcrumb\",\"itemListElement\":[{\"@type\":\"ListItem\",\"position\":1,\"name\":\"Portada\",\"item\":\"https:\\\/\\\/www.ediren.com\\\/eu\\\/hasiera\\\/\"},{\"@type\":\"ListItem\",\"position\":2,\"name\":\"Osasun mentaleko zerbitzuak\",\"item\":\"https:\\\/\\\/www.ediren.com\\\/eu\\\/osasun-mentaleko-zerbitzuak\\\/\"},{\"@type\":\"ListItem\",\"position\":3,\"name\":\"Psikologia\",\"item\":\"https:\\\/\\\/www.ediren.com\\\/eu\\\/osasun-mentaleko-zerbitzuak\\\/psikologia-2-2\\\/\"},{\"@type\":\"ListItem\",\"position\":4,\"name\":\"Psikodiagnostikoa\"}]},{\"@type\":\"WebSite\",\"@id\":\"https:\\\/\\\/www.ediren.com\\\/eu\\\/#website\",\"url\":\"https:\\\/\\\/www.ediren.com\\\/eu\\\/\",\"name\":\"Ediren\",\"description\":\"Cooperativa de Salud\",\"potentialAction\":[{\"@type\":\"SearchAction\",\"target\":{\"@type\":\"EntryPoint\",\"urlTemplate\":\"https:\\\/\\\/www.ediren.com\\\/eu\\\/?s={search_term_string}\"},\"query-input\":{\"@type\":\"PropertyValueSpecification\",\"valueRequired\":true,\"valueName\":\"search_term_string\"}}],\"inLanguage\":\"eu-ES\"}]}<\/script>\n<!-- \/ Yoast SEO plugin. -->","yoast_head_json":{"title":"Psikodiagnostikoa - Centro de Psicoterapia y Fisioterapia","description":"Ediren, Centro de Psicoterapia y Psic\u00f3logos, especialistas en rehabilitaci\u00f3n y en psicolog\u00eda. Psikodiagnostikoa","robots":{"index":"index","follow":"follow","max-snippet":"max-snippet:-1","max-image-preview":"max-image-preview:large","max-video-preview":"max-video-preview:-1"},"canonical":"https:\/\/www.ediren.com\/eu\/osasun-mentaleko-zerbitzuak\/psikologia-2-2\/psikodiagnostikoa\/","og_locale":"eu_ES","og_type":"article","og_title":"Psikodiagnostikoa - Centro de Psicoterapia y Fisioterapia","og_description":"Ediren, Centro de Psicoterapia y Psic\u00f3logos, especialistas en rehabilitaci\u00f3n y en psicolog\u00eda. Psikodiagnostikoa","og_url":"https:\/\/www.ediren.com\/eu\/osasun-mentaleko-zerbitzuak\/psikologia-2-2\/psikodiagnostikoa\/","og_site_name":"Ediren","article_publisher":"https:\/\/www.facebook.com\/pages\/Ediren-SALUD\/298201266858043","article_modified_time":"2021-10-25T07:38:01+00:00","og_image":[{"url":"https:\/\/www.ediren.com\/wp-content\/uploads\/2017\/09\/ediren-psicodiagnostico-1024x683.jpg","type":"","width":"","height":""}],"twitter_card":"summary_large_image","twitter_site":"@edirensalud","twitter_misc":{"Est. reading time":"1 minute"},"schema":{"@context":"https:\/\/schema.org","@graph":[{"@type":"WebPage","@id":"https:\/\/www.ediren.com\/eu\/osasun-mentaleko-zerbitzuak\/psikologia-2-2\/psikodiagnostikoa\/","url":"https:\/\/www.ediren.com\/eu\/osasun-mentaleko-zerbitzuak\/psikologia-2-2\/psikodiagnostikoa\/","name":"Psikodiagnostikoa - Centro de Psicoterapia y Fisioterapia","isPartOf":{"@id":"https:\/\/www.ediren.com\/eu\/#website"},"primaryImageOfPage":{"@id":"https:\/\/www.ediren.com\/eu\/osasun-mentaleko-zerbitzuak\/psikologia-2-2\/psikodiagnostikoa\/#primaryimage"},"image":{"@id":"https:\/\/www.ediren.com\/eu\/osasun-mentaleko-zerbitzuak\/psikologia-2-2\/psikodiagnostikoa\/#primaryimage"},"thumbnailUrl":"https:\/\/www.ediren.com\/wp-content\/uploads\/2017\/09\/ediren-psicodiagnostico-1024x683.jpg","datePublished":"2017-08-28T07:14:41+00:00","dateModified":"2021-10-25T07:38:01+00:00","description":"Ediren, Centro de Psicoterapia y Psic\u00f3logos, especialistas en rehabilitaci\u00f3n y en psicolog\u00eda. Psikodiagnostikoa","breadcrumb":{"@id":"https:\/\/www.ediren.com\/eu\/osasun-mentaleko-zerbitzuak\/psikologia-2-2\/psikodiagnostikoa\/#breadcrumb"},"inLanguage":"eu-ES","potentialAction":[{"@type":"ReadAction","target":["https:\/\/www.ediren.com\/eu\/osasun-mentaleko-zerbitzuak\/psikologia-2-2\/psikodiagnostikoa\/"]}]},{"@type":"ImageObject","inLanguage":"eu-ES","@id":"https:\/\/www.ediren.com\/eu\/osasun-mentaleko-zerbitzuak\/psikologia-2-2\/psikodiagnostikoa\/#primaryimage","url":"https:\/\/www.ediren.com\/wp-content\/uploads\/2017\/09\/ediren-psicodiagnostico-1024x683.jpg","contentUrl":"https:\/\/www.ediren.com\/wp-content\/uploads\/2017\/09\/ediren-psicodiagnostico-1024x683.jpg"},{"@type":"BreadcrumbList","@id":"https:\/\/www.ediren.com\/eu\/osasun-mentaleko-zerbitzuak\/psikologia-2-2\/psikodiagnostikoa\/#breadcrumb","itemListElement":[{"@type":"ListItem","position":1,"name":"Portada","item":"https:\/\/www.ediren.com\/eu\/hasiera\/"},{"@type":"ListItem","position":2,"name":"Osasun mentaleko zerbitzuak","item":"https:\/\/www.ediren.com\/eu\/osasun-mentaleko-zerbitzuak\/"},{"@type":"ListItem","position":3,"name":"Psikologia","item":"https:\/\/www.ediren.com\/eu\/osasun-mentaleko-zerbitzuak\/psikologia-2-2\/"},{"@type":"ListItem","position":4,"name":"Psikodiagnostikoa"}]},{"@type":"WebSite","@id":"https:\/\/www.ediren.com\/eu\/#website","url":"https:\/\/www.ediren.com\/eu\/","name":"Ediren","description":"Cooperativa de Salud","potentialAction":[{"@type":"SearchAction","target":{"@type":"EntryPoint","urlTemplate":"https:\/\/www.ediren.com\/eu\/?s={search_term_string}"},"query-input":{"@type":"PropertyValueSpecification","valueRequired":true,"valueName":"search_term_string"}}],"inLanguage":"eu-ES"}]}},"_links":{"self":[{"href":"https:\/\/www.ediren.com\/eu\/wp-json\/wp\/v2\/pages\/3682","targetHints":{"allow":["GET"]}}],"collection":[{"href":"https:\/\/www.ediren.com\/eu\/wp-json\/wp\/v2\/pages"}],"about":[{"href":"https:\/\/www.ediren.com\/eu\/wp-json\/wp\/v2\/types\/page"}],"author":[{"embeddable":true,"href":"https:\/\/www.ediren.com\/eu\/wp-json\/wp\/v2\/users\/3"}],"replies":[{"embeddable":true,"href":"https:\/\/www.ediren.com\/eu\/wp-json\/wp\/v2\/comments?post=3682"}],"version-history":[{"count":0,"href":"https:\/\/www.ediren.com\/eu\/wp-json\/wp\/v2\/pages\/3682\/revisions"}],"up":[{"embeddable":true,"href":"https:\/\/www.ediren.com\/eu\/wp-json\/wp\/v2\/pages\/3649"}],"wp:attachment":[{"href":"https:\/\/www.ediren.com\/eu\/wp-json\/wp\/v2\/media?parent=3682"}],"curies":[{"name":"wp","href":"https:\/\/api.w.org\/{rel}","templated":true}]}}