{"id":3902,"date":"2017-11-30T13:22:15","date_gmt":"2017-11-30T12:22:15","guid":{"rendered":"https:\/\/www.ediren.com\/?page_id=3902"},"modified":"2023-08-04T14:45:00","modified_gmt":"2023-08-04T12:45:00","slug":"estibaliz-saracho-martinez","status":"publish","type":"page","link":"https:\/\/www.ediren.com\/eu\/estibaliz-saracho-martinez\/","title":{"rendered":"Est\u00edbaliz Saracho Mart\u00ednez"},"content":{"rendered":"\t\t<div data-elementor-type=\"wp-post\" data-elementor-id=\"3902\" class=\"elementor elementor-3902 elementor-3901\">\n\t\t\t\t\t\t<section class=\"elementor-section elementor-top-section elementor-element elementor-element-bb538b4 elementor-section-boxed elementor-section-height-default elementor-section-height-default\" data-id=\"bb538b4\" data-element_type=\"section\" data-e-type=\"section\">\n\t\t\t\t\t\t<div class=\"elementor-container elementor-column-gap-default\">\n\t\t\t\t\t<div class=\"elementor-column elementor-col-100 elementor-top-column elementor-element elementor-element-af8e0dc\" data-id=\"af8e0dc\" data-element_type=\"column\" data-e-type=\"column\">\n\t\t\t<div class=\"elementor-widget-wrap elementor-element-populated\">\n\t\t\t\t\t\t<section class=\"elementor-section elementor-inner-section elementor-element elementor-element-6bb98b1 elementor-section-boxed elementor-section-height-default elementor-section-height-default\" data-id=\"6bb98b1\" data-element_type=\"section\" data-e-type=\"section\">\n\t\t\t\t\t\t<div class=\"elementor-container elementor-column-gap-default\">\n\t\t\t\t\t<div class=\"elementor-column elementor-col-50 elementor-inner-column elementor-element elementor-element-99f6adc\" data-id=\"99f6adc\" data-element_type=\"column\" data-e-type=\"column\">\n\t\t\t<div class=\"elementor-widget-wrap elementor-element-populated\">\n\t\t\t\t\t\t<div class=\"elementor-element elementor-element-e498aa7 elementor-widget elementor-widget-image\" data-id=\"e498aa7\" data-element_type=\"widget\" data-e-type=\"widget\" data-widget_type=\"image.default\">\n\t\t\t\t<div class=\"elementor-widget-container\">\n\t\t\t\t\t\t\t\t\t\t\t\t\t\t\t<img fetchpriority=\"high\" decoding=\"async\" width=\"401\" height=\"601\" src=\"https:\/\/www.ediren.com\/wp-content\/uploads\/2017\/11\/ediren-Estitxu-Saracho.jpg\" class=\"attachment-large size-large wp-image-3847\" alt=\"\" srcset=\"https:\/\/www.ediren.com\/wp-content\/uploads\/2017\/11\/ediren-Estitxu-Saracho.jpg 401w, https:\/\/www.ediren.com\/wp-content\/uploads\/2017\/11\/ediren-Estitxu-Saracho-200x300.jpg 200w\" sizes=\"(max-width: 401px) 100vw, 401px\" \/>\t\t\t\t\t\t\t\t\t\t\t\t\t\t\t<\/div>\n\t\t\t\t<\/div>\n\t\t\t\t\t<\/div>\n\t\t<\/div>\n\t\t\t\t<div class=\"elementor-column elementor-col-50 elementor-inner-column elementor-element elementor-element-3d7e0fe\" data-id=\"3d7e0fe\" data-element_type=\"column\" data-e-type=\"column\">\n\t\t\t<div class=\"elementor-widget-wrap elementor-element-populated\">\n\t\t\t\t\t\t<div class=\"elementor-element elementor-element-26c214b elementor-widget elementor-widget-text-editor\" data-id=\"26c214b\" data-element_type=\"widget\" data-e-type=\"widget\" data-widget_type=\"text-editor.default\">\n\t\t\t\t<div class=\"elementor-widget-container\">\n\t\t\t\t\t\t\t\t\t<h1><strong>Psikologoa<\/strong><\/h1><p>2015ean Psikolog\u00edako gradua amaitu nuen UCM-n (Madrileko Complutense Unibertsitatean), zehazki hezkuntzarako Psikologiako espezialitatea eginda.<\/p><p>Betidanik izan dut Gizarte Psikologiarekiko interesa, eta horrek, Enrique Martinez Reguera adituak zuzentzen duen Entrevias Marginazio Eskolara eraman ninduen. Horren ostean, bide horretatik jarraitu nahian, \u201cChiquillos y en el Campo\u201d erakundeak bideratutako\u00a0 Masterra hasi nuen, Haurtzaroan eta Nerabezaroan esku \u2013hartzeko estrategiak lantzen dituena Psikologia Sistemikoaren ikuspuntutik.<\/p><p>Aldi berean, Biolentzia Politiko eta Hondamendi egoeretan Osasun Mentala bermatzeko tresnak jorratzen dituen Diplomatua burutu nuen, \u201cGrupo de Acci\u00f3n Comunitaria\u201d-ren eskutik. Izandako lan ibilbidean zehar, beti mantendu izan dut haurrekin eta nerabeekin kontaktua. Testuinguru ezberdinetan aritu izan naiz lanean, eskola eta aisialdi giroetan batez ere, eta bertan bai hezkuntza ikuspegia bai ikuspegi soziala bateratzen saiatu naiz haiekin egindako esku-hartze bakoitzean.<\/p><p><strong>Gaur egun, Psikologo moduan Ediren osasun koperatiban nabil lanean. Osasun mentala jorratzen duen taldearen barruan nago, baita talde komunitarioaren barne ere. Bietan, esan bezala, gazte eta haurrekin burutzen ditut esku-hartze prozesu desberdinak. Alde batetik, menpekotasunen prebentziorako tailerrak ematen ditut ikastetxez ikastetxe eta, beste aldetik, haurrentzako psikoterapia prozesuak bideratzen ditut.<\/strong><\/p><p><strong>Kooperatibako bazkide langilea naiz 2019az geroztik, eta gaur egun zerbitzu sozio-komunitarioen arloa zuzentzen dut.<\/strong><\/p>\t\t\t\t\t\t\t\t<\/div>\n\t\t\t\t<\/div>\n\t\t\t\t\t<\/div>\n\t\t<\/div>\n\t\t\t\t\t<\/div>\n\t\t<\/section>\n\t\t\t\t\t<\/div>\n\t\t<\/div>\n\t\t\t\t\t<\/div>\n\t\t<\/section>\n\t\t\t\t<\/div>\n\t\t","protected":false},"excerpt":{"rendered":"<p>Psikologoa 2015ean Psikolog\u00edako gradua amaitu nuen UCM-n (Madrileko Complutense Unibertsitatean), zehazki hezkuntzarako Psikologiako espezialitatea eginda. Betidanik izan dut Gizarte Psikologiarekiko interesa, eta horrek, Enrique Martinez Reguera adituak zuzentzen duen Entrevias Marginazio Eskolara eraman ninduen. Horren ostean, bide horretatik jarraitu nahian, \u201cChiquillos y en el Campo\u201d erakundeak bideratutako\u00a0 Masterra hasi nuen, Haurtzaroan eta Nerabezaroan esku \u2013hartzeko [&hellip;]<\/p>\n","protected":false},"author":3,"featured_media":0,"parent":0,"menu_order":0,"comment_status":"closed","ping_status":"closed","template":"page_landing.php","meta":{"_genesis_hide_title":false,"_genesis_hide_breadcrumbs":false,"_genesis_hide_singular_image":false,"_genesis_hide_footer_widgets":false,"_genesis_custom_body_class":"","_genesis_custom_post_class":"","_genesis_layout":"","footnotes":""},"class_list":{"0":"post-3902","1":"page","2":"type-page","3":"status-publish","5":"entry","6":"has-post-thumbnail"},"yoast_head":"<!-- This site is optimized with the Yoast SEO plugin v27.4 - https:\/\/yoast.com\/product\/yoast-seo-wordpress\/ -->\n<title>Est\u00edbaliz Saracho Mart\u00ednez - Centro de Psicoterapia y Fisioterapia<\/title>\n<meta name=\"description\" content=\"Ediren, Centro de Psicoterapia y Psic\u00f3logos, especialistas en rehabilitaci\u00f3n y en psicolog\u00eda. Est\u00edbaliz Saracho Mart\u00ednez\" \/>\n<meta name=\"robots\" content=\"index, follow, max-snippet:-1, max-image-preview:large, max-video-preview:-1\" \/>\n<link rel=\"canonical\" href=\"https:\/\/www.ediren.com\/eu\/estibaliz-saracho-martinez\/\" \/>\n<meta property=\"og:locale\" content=\"eu_ES\" \/>\n<meta property=\"og:type\" content=\"article\" \/>\n<meta property=\"og:title\" content=\"Est\u00edbaliz Saracho Mart\u00ednez - Centro de Psicoterapia y Fisioterapia\" \/>\n<meta property=\"og:description\" content=\"Ediren, Centro de Psicoterapia y Psic\u00f3logos, especialistas en rehabilitaci\u00f3n y en psicolog\u00eda. Est\u00edbaliz Saracho Mart\u00ednez\" \/>\n<meta property=\"og:url\" content=\"https:\/\/www.ediren.com\/eu\/estibaliz-saracho-martinez\/\" \/>\n<meta property=\"og:site_name\" content=\"Ediren\" \/>\n<meta property=\"article:publisher\" content=\"https:\/\/www.facebook.com\/pages\/Ediren-SALUD\/298201266858043\" \/>\n<meta property=\"article:modified_time\" content=\"2023-08-04T12:45:00+00:00\" \/>\n<meta property=\"og:image\" content=\"https:\/\/www.ediren.com\/wp-content\/uploads\/2017\/11\/ediren-Estitxu-Saracho.jpg\" \/>\n<meta name=\"twitter:card\" content=\"summary_large_image\" \/>\n<meta name=\"twitter:site\" content=\"@edirensalud\" \/>\n<meta name=\"twitter:label1\" content=\"Est. reading time\" \/>\n\t<meta name=\"twitter:data1\" content=\"2 minutes\" \/>\n<script type=\"application\/ld+json\" class=\"yoast-schema-graph\">{\"@context\":\"https:\\\/\\\/schema.org\",\"@graph\":[{\"@type\":\"WebPage\",\"@id\":\"https:\\\/\\\/www.ediren.com\\\/eu\\\/estibaliz-saracho-martinez\\\/\",\"url\":\"https:\\\/\\\/www.ediren.com\\\/eu\\\/estibaliz-saracho-martinez\\\/\",\"name\":\"Est\u00edbaliz Saracho Mart\u00ednez - Centro de Psicoterapia y Fisioterapia\",\"isPartOf\":{\"@id\":\"https:\\\/\\\/www.ediren.com\\\/eu\\\/#website\"},\"primaryImageOfPage\":{\"@id\":\"https:\\\/\\\/www.ediren.com\\\/eu\\\/estibaliz-saracho-martinez\\\/#primaryimage\"},\"image\":{\"@id\":\"https:\\\/\\\/www.ediren.com\\\/eu\\\/estibaliz-saracho-martinez\\\/#primaryimage\"},\"thumbnailUrl\":\"https:\\\/\\\/www.ediren.com\\\/wp-content\\\/uploads\\\/2017\\\/11\\\/ediren-Estitxu-Saracho.jpg\",\"datePublished\":\"2017-11-30T12:22:15+00:00\",\"dateModified\":\"2023-08-04T12:45:00+00:00\",\"description\":\"Ediren, Centro de Psicoterapia y Psic\u00f3logos, especialistas en rehabilitaci\u00f3n y en psicolog\u00eda. Est\u00edbaliz Saracho Mart\u00ednez\",\"breadcrumb\":{\"@id\":\"https:\\\/\\\/www.ediren.com\\\/eu\\\/estibaliz-saracho-martinez\\\/#breadcrumb\"},\"inLanguage\":\"eu-ES\",\"potentialAction\":[{\"@type\":\"ReadAction\",\"target\":[\"https:\\\/\\\/www.ediren.com\\\/eu\\\/estibaliz-saracho-martinez\\\/\"]}]},{\"@type\":\"ImageObject\",\"inLanguage\":\"eu-ES\",\"@id\":\"https:\\\/\\\/www.ediren.com\\\/eu\\\/estibaliz-saracho-martinez\\\/#primaryimage\",\"url\":\"https:\\\/\\\/www.ediren.com\\\/wp-content\\\/uploads\\\/2017\\\/11\\\/ediren-Estitxu-Saracho.jpg\",\"contentUrl\":\"https:\\\/\\\/www.ediren.com\\\/wp-content\\\/uploads\\\/2017\\\/11\\\/ediren-Estitxu-Saracho.jpg\"},{\"@type\":\"BreadcrumbList\",\"@id\":\"https:\\\/\\\/www.ediren.com\\\/eu\\\/estibaliz-saracho-martinez\\\/#breadcrumb\",\"itemListElement\":[{\"@type\":\"ListItem\",\"position\":1,\"name\":\"Portada\",\"item\":\"https:\\\/\\\/www.ediren.com\\\/eu\\\/hasiera\\\/\"},{\"@type\":\"ListItem\",\"position\":2,\"name\":\"Est\u00edbaliz Saracho Mart\u00ednez\"}]},{\"@type\":\"WebSite\",\"@id\":\"https:\\\/\\\/www.ediren.com\\\/eu\\\/#website\",\"url\":\"https:\\\/\\\/www.ediren.com\\\/eu\\\/\",\"name\":\"Ediren\",\"description\":\"Cooperativa de Salud\",\"potentialAction\":[{\"@type\":\"SearchAction\",\"target\":{\"@type\":\"EntryPoint\",\"urlTemplate\":\"https:\\\/\\\/www.ediren.com\\\/eu\\\/?s={search_term_string}\"},\"query-input\":{\"@type\":\"PropertyValueSpecification\",\"valueRequired\":true,\"valueName\":\"search_term_string\"}}],\"inLanguage\":\"eu-ES\"}]}<\/script>\n<!-- \/ Yoast SEO plugin. -->","yoast_head_json":{"title":"Est\u00edbaliz Saracho Mart\u00ednez - Centro de Psicoterapia y Fisioterapia","description":"Ediren, Centro de Psicoterapia y Psic\u00f3logos, especialistas en rehabilitaci\u00f3n y en psicolog\u00eda. Est\u00edbaliz Saracho Mart\u00ednez","robots":{"index":"index","follow":"follow","max-snippet":"max-snippet:-1","max-image-preview":"max-image-preview:large","max-video-preview":"max-video-preview:-1"},"canonical":"https:\/\/www.ediren.com\/eu\/estibaliz-saracho-martinez\/","og_locale":"eu_ES","og_type":"article","og_title":"Est\u00edbaliz Saracho Mart\u00ednez - Centro de Psicoterapia y Fisioterapia","og_description":"Ediren, Centro de Psicoterapia y Psic\u00f3logos, especialistas en rehabilitaci\u00f3n y en psicolog\u00eda. Est\u00edbaliz Saracho Mart\u00ednez","og_url":"https:\/\/www.ediren.com\/eu\/estibaliz-saracho-martinez\/","og_site_name":"Ediren","article_publisher":"https:\/\/www.facebook.com\/pages\/Ediren-SALUD\/298201266858043","article_modified_time":"2023-08-04T12:45:00+00:00","og_image":[{"url":"https:\/\/www.ediren.com\/wp-content\/uploads\/2017\/11\/ediren-Estitxu-Saracho.jpg","type":"","width":"","height":""}],"twitter_card":"summary_large_image","twitter_site":"@edirensalud","twitter_misc":{"Est. reading time":"2 minutes"},"schema":{"@context":"https:\/\/schema.org","@graph":[{"@type":"WebPage","@id":"https:\/\/www.ediren.com\/eu\/estibaliz-saracho-martinez\/","url":"https:\/\/www.ediren.com\/eu\/estibaliz-saracho-martinez\/","name":"Est\u00edbaliz Saracho Mart\u00ednez - Centro de Psicoterapia y Fisioterapia","isPartOf":{"@id":"https:\/\/www.ediren.com\/eu\/#website"},"primaryImageOfPage":{"@id":"https:\/\/www.ediren.com\/eu\/estibaliz-saracho-martinez\/#primaryimage"},"image":{"@id":"https:\/\/www.ediren.com\/eu\/estibaliz-saracho-martinez\/#primaryimage"},"thumbnailUrl":"https:\/\/www.ediren.com\/wp-content\/uploads\/2017\/11\/ediren-Estitxu-Saracho.jpg","datePublished":"2017-11-30T12:22:15+00:00","dateModified":"2023-08-04T12:45:00+00:00","description":"Ediren, Centro de Psicoterapia y Psic\u00f3logos, especialistas en rehabilitaci\u00f3n y en psicolog\u00eda. Est\u00edbaliz Saracho Mart\u00ednez","breadcrumb":{"@id":"https:\/\/www.ediren.com\/eu\/estibaliz-saracho-martinez\/#breadcrumb"},"inLanguage":"eu-ES","potentialAction":[{"@type":"ReadAction","target":["https:\/\/www.ediren.com\/eu\/estibaliz-saracho-martinez\/"]}]},{"@type":"ImageObject","inLanguage":"eu-ES","@id":"https:\/\/www.ediren.com\/eu\/estibaliz-saracho-martinez\/#primaryimage","url":"https:\/\/www.ediren.com\/wp-content\/uploads\/2017\/11\/ediren-Estitxu-Saracho.jpg","contentUrl":"https:\/\/www.ediren.com\/wp-content\/uploads\/2017\/11\/ediren-Estitxu-Saracho.jpg"},{"@type":"BreadcrumbList","@id":"https:\/\/www.ediren.com\/eu\/estibaliz-saracho-martinez\/#breadcrumb","itemListElement":[{"@type":"ListItem","position":1,"name":"Portada","item":"https:\/\/www.ediren.com\/eu\/hasiera\/"},{"@type":"ListItem","position":2,"name":"Est\u00edbaliz Saracho Mart\u00ednez"}]},{"@type":"WebSite","@id":"https:\/\/www.ediren.com\/eu\/#website","url":"https:\/\/www.ediren.com\/eu\/","name":"Ediren","description":"Cooperativa de Salud","potentialAction":[{"@type":"SearchAction","target":{"@type":"EntryPoint","urlTemplate":"https:\/\/www.ediren.com\/eu\/?s={search_term_string}"},"query-input":{"@type":"PropertyValueSpecification","valueRequired":true,"valueName":"search_term_string"}}],"inLanguage":"eu-ES"}]}},"_links":{"self":[{"href":"https:\/\/www.ediren.com\/eu\/wp-json\/wp\/v2\/pages\/3902","targetHints":{"allow":["GET"]}}],"collection":[{"href":"https:\/\/www.ediren.com\/eu\/wp-json\/wp\/v2\/pages"}],"about":[{"href":"https:\/\/www.ediren.com\/eu\/wp-json\/wp\/v2\/types\/page"}],"author":[{"embeddable":true,"href":"https:\/\/www.ediren.com\/eu\/wp-json\/wp\/v2\/users\/3"}],"replies":[{"embeddable":true,"href":"https:\/\/www.ediren.com\/eu\/wp-json\/wp\/v2\/comments?post=3902"}],"version-history":[{"count":7,"href":"https:\/\/www.ediren.com\/eu\/wp-json\/wp\/v2\/pages\/3902\/revisions"}],"predecessor-version":[{"id":17336,"href":"https:\/\/www.ediren.com\/eu\/wp-json\/wp\/v2\/pages\/3902\/revisions\/17336"}],"wp:attachment":[{"href":"https:\/\/www.ediren.com\/eu\/wp-json\/wp\/v2\/media?parent=3902"}],"curies":[{"name":"wp","href":"https:\/\/api.w.org\/{rel}","templated":true}]}}