{"id":4749,"date":"2018-07-11T14:30:46","date_gmt":"2018-07-11T12:30:46","guid":{"rendered":"https:\/\/www.ediren.com\/?page_id=4749"},"modified":"2023-08-04T14:46:09","modified_gmt":"2023-08-04T12:46:09","slug":"irati-selles-mateo","status":"publish","type":"page","link":"https:\/\/www.ediren.com\/eu\/irati-selles-mateo\/","title":{"rendered":"Irati Sell\u00e9s Mateo"},"content":{"rendered":"\t\t<div data-elementor-type=\"wp-post\" data-elementor-id=\"4749\" class=\"elementor elementor-4749 elementor-4748\">\n\t\t\t\t\t\t<section class=\"elementor-section elementor-top-section elementor-element elementor-element-bb538b4 elementor-section-boxed elementor-section-height-default elementor-section-height-default\" data-id=\"bb538b4\" data-element_type=\"section\" data-e-type=\"section\">\n\t\t\t\t\t\t<div class=\"elementor-container elementor-column-gap-default\">\n\t\t\t\t\t<div class=\"elementor-column elementor-col-100 elementor-top-column elementor-element elementor-element-af8e0dc\" data-id=\"af8e0dc\" data-element_type=\"column\" data-e-type=\"column\">\n\t\t\t<div class=\"elementor-widget-wrap elementor-element-populated\">\n\t\t\t\t\t\t<section class=\"elementor-section elementor-inner-section elementor-element elementor-element-6bb98b1 elementor-section-boxed elementor-section-height-default elementor-section-height-default\" data-id=\"6bb98b1\" data-element_type=\"section\" data-e-type=\"section\">\n\t\t\t\t\t\t<div class=\"elementor-container elementor-column-gap-default\">\n\t\t\t\t\t<div class=\"elementor-column elementor-col-50 elementor-inner-column elementor-element elementor-element-99f6adc\" data-id=\"99f6adc\" data-element_type=\"column\" data-e-type=\"column\">\n\t\t\t<div class=\"elementor-widget-wrap elementor-element-populated\">\n\t\t\t\t\t\t<div class=\"elementor-element elementor-element-e498aa7 elementor-widget elementor-widget-image\" data-id=\"e498aa7\" data-element_type=\"widget\" data-e-type=\"widget\" data-widget_type=\"image.default\">\n\t\t\t\t<div class=\"elementor-widget-container\">\n\t\t\t\t\t\t\t\t\t\t\t\t\t\t\t<img fetchpriority=\"high\" decoding=\"async\" width=\"400\" height=\"600\" src=\"https:\/\/www.ediren.com\/wp-content\/uploads\/2018\/07\/Ediren-Irati-Selles.jpg\" class=\"attachment-large size-large wp-image-4752\" alt=\"ediren Irati Selles\" srcset=\"https:\/\/www.ediren.com\/wp-content\/uploads\/2018\/07\/Ediren-Irati-Selles.jpg 400w, https:\/\/www.ediren.com\/wp-content\/uploads\/2018\/07\/Ediren-Irati-Selles-200x300.jpg 200w\" sizes=\"(max-width: 400px) 100vw, 400px\" \/>\t\t\t\t\t\t\t\t\t\t\t\t\t\t\t<\/div>\n\t\t\t\t<\/div>\n\t\t\t\t\t<\/div>\n\t\t<\/div>\n\t\t\t\t<div class=\"elementor-column elementor-col-50 elementor-inner-column elementor-element elementor-element-3d7e0fe\" data-id=\"3d7e0fe\" data-element_type=\"column\" data-e-type=\"column\">\n\t\t\t<div class=\"elementor-widget-wrap elementor-element-populated\">\n\t\t\t\t\t\t<div class=\"elementor-element elementor-element-26c214b elementor-widget elementor-widget-text-editor\" data-id=\"26c214b\" data-element_type=\"widget\" data-e-type=\"widget\" data-widget_type=\"text-editor.default\">\n\t\t\t\t<div class=\"elementor-widget-container\">\n\t\t\t\t\t\t\t\t\t<h1><strong>Psikologoa eta\u00a0Osasun Psikologia Orokorreko Masterra<\/strong><\/h1><p>2015ean Psikologian graduatu nintzen Universidad del Pa\u00eds Vasco\/Euskal Herriko Unibertsitatean. Horren ostean, Osasun Psikologia Orokorreko Masterra egin nuen.<\/p><p>Formakuntzan ari nintzen bitartean, estatu mailako nahiz nazioarteko zenbait elkartetan jardun nuen, batik bat gazteriarekin lan eginez.<\/p><p>2017tik hona Edirenen dihardut psikologo gisa, Komunitateko eta Osasun Mentaleko taldeko kide izanik. Nire jarduna gazte-populazioaren esku hartzeari lotuta dago, nagusiki.<\/p><p>Hain zuzen ere, hurrengo arloetan esku hartzen dut Edirenen: Vitoria-Gasteizko Udalaren Gazteentzako Aholkularitza Psikologikorako Zerbitzuan (Psikoasesoria), Eskoletan ematen den Menpekotasunen Prebentzio Programan eta nerabe zein gazteen arreta psikologikoan.<\/p>\t\t\t\t\t\t\t\t<\/div>\n\t\t\t\t<\/div>\n\t\t\t\t\t<\/div>\n\t\t<\/div>\n\t\t\t\t\t<\/div>\n\t\t<\/section>\n\t\t\t\t\t<\/div>\n\t\t<\/div>\n\t\t\t\t\t<\/div>\n\t\t<\/section>\n\t\t\t\t<\/div>\n\t\t","protected":false},"excerpt":{"rendered":"<p>Psikologoa eta\u00a0Osasun Psikologia Orokorreko Masterra 2015ean Psikologian graduatu nintzen Universidad del Pa\u00eds Vasco\/Euskal Herriko Unibertsitatean. Horren ostean, Osasun Psikologia Orokorreko Masterra egin nuen. Formakuntzan ari nintzen bitartean, estatu mailako nahiz nazioarteko zenbait elkartetan jardun nuen, batik bat gazteriarekin lan eginez. 2017tik hona Edirenen dihardut psikologo gisa, Komunitateko eta Osasun Mentaleko taldeko kide izanik. Nire jarduna [&hellip;]<\/p>\n","protected":false},"author":3,"featured_media":0,"parent":0,"menu_order":0,"comment_status":"closed","ping_status":"closed","template":"page_landing.php","meta":{"_genesis_hide_title":false,"_genesis_hide_breadcrumbs":false,"_genesis_hide_singular_image":false,"_genesis_hide_footer_widgets":false,"_genesis_custom_body_class":"","_genesis_custom_post_class":"","_genesis_layout":"","footnotes":""},"class_list":{"0":"post-4749","1":"page","2":"type-page","3":"status-publish","5":"entry","6":"has-post-thumbnail"},"yoast_head":"<!-- This site is optimized with the Yoast SEO plugin v27.4 - https:\/\/yoast.com\/product\/yoast-seo-wordpress\/ -->\n<title>Irati Sell\u00e9s Mateo - Centro de Psicoterapia y Fisioterapia<\/title>\n<meta name=\"description\" content=\"Ediren, Centro de Psicoterapia y Psic\u00f3logos, especialistas en rehabilitaci\u00f3n y en psicolog\u00eda. Irati Sell\u00e9s Mateo\" \/>\n<meta name=\"robots\" content=\"index, follow, max-snippet:-1, max-image-preview:large, max-video-preview:-1\" \/>\n<link rel=\"canonical\" href=\"https:\/\/www.ediren.com\/eu\/irati-selles-mateo\/\" \/>\n<meta property=\"og:locale\" content=\"eu_ES\" \/>\n<meta property=\"og:type\" content=\"article\" \/>\n<meta property=\"og:title\" content=\"Irati Sell\u00e9s Mateo - Centro de Psicoterapia y Fisioterapia\" \/>\n<meta property=\"og:description\" content=\"Ediren, Centro de Psicoterapia y Psic\u00f3logos, especialistas en rehabilitaci\u00f3n y en psicolog\u00eda. Irati Sell\u00e9s Mateo\" \/>\n<meta property=\"og:url\" content=\"https:\/\/www.ediren.com\/eu\/irati-selles-mateo\/\" \/>\n<meta property=\"og:site_name\" content=\"Ediren\" \/>\n<meta property=\"article:publisher\" content=\"https:\/\/www.facebook.com\/pages\/Ediren-SALUD\/298201266858043\" \/>\n<meta property=\"article:modified_time\" content=\"2023-08-04T12:46:09+00:00\" \/>\n<meta property=\"og:image\" content=\"https:\/\/www.ediren.com\/wp-content\/uploads\/2018\/07\/Ediren-Irati-Selles.jpg\" \/>\n<meta name=\"twitter:card\" content=\"summary_large_image\" \/>\n<meta name=\"twitter:site\" content=\"@edirensalud\" \/>\n<meta name=\"twitter:label1\" content=\"Est. reading time\" \/>\n\t<meta name=\"twitter:data1\" content=\"1 minute\" \/>\n<script type=\"application\/ld+json\" class=\"yoast-schema-graph\">{\"@context\":\"https:\\\/\\\/schema.org\",\"@graph\":[{\"@type\":\"WebPage\",\"@id\":\"https:\\\/\\\/www.ediren.com\\\/eu\\\/irati-selles-mateo\\\/\",\"url\":\"https:\\\/\\\/www.ediren.com\\\/eu\\\/irati-selles-mateo\\\/\",\"name\":\"Irati Sell\u00e9s Mateo - Centro de Psicoterapia y Fisioterapia\",\"isPartOf\":{\"@id\":\"https:\\\/\\\/www.ediren.com\\\/eu\\\/#website\"},\"primaryImageOfPage\":{\"@id\":\"https:\\\/\\\/www.ediren.com\\\/eu\\\/irati-selles-mateo\\\/#primaryimage\"},\"image\":{\"@id\":\"https:\\\/\\\/www.ediren.com\\\/eu\\\/irati-selles-mateo\\\/#primaryimage\"},\"thumbnailUrl\":\"https:\\\/\\\/www.ediren.com\\\/wp-content\\\/uploads\\\/2018\\\/07\\\/Ediren-Irati-Selles.jpg\",\"datePublished\":\"2018-07-11T12:30:46+00:00\",\"dateModified\":\"2023-08-04T12:46:09+00:00\",\"description\":\"Ediren, Centro de Psicoterapia y Psic\u00f3logos, especialistas en rehabilitaci\u00f3n y en psicolog\u00eda. Irati Sell\u00e9s Mateo\",\"breadcrumb\":{\"@id\":\"https:\\\/\\\/www.ediren.com\\\/eu\\\/irati-selles-mateo\\\/#breadcrumb\"},\"inLanguage\":\"eu-ES\",\"potentialAction\":[{\"@type\":\"ReadAction\",\"target\":[\"https:\\\/\\\/www.ediren.com\\\/eu\\\/irati-selles-mateo\\\/\"]}]},{\"@type\":\"ImageObject\",\"inLanguage\":\"eu-ES\",\"@id\":\"https:\\\/\\\/www.ediren.com\\\/eu\\\/irati-selles-mateo\\\/#primaryimage\",\"url\":\"https:\\\/\\\/www.ediren.com\\\/wp-content\\\/uploads\\\/2018\\\/07\\\/Ediren-Irati-Selles.jpg\",\"contentUrl\":\"https:\\\/\\\/www.ediren.com\\\/wp-content\\\/uploads\\\/2018\\\/07\\\/Ediren-Irati-Selles.jpg\"},{\"@type\":\"BreadcrumbList\",\"@id\":\"https:\\\/\\\/www.ediren.com\\\/eu\\\/irati-selles-mateo\\\/#breadcrumb\",\"itemListElement\":[{\"@type\":\"ListItem\",\"position\":1,\"name\":\"Portada\",\"item\":\"https:\\\/\\\/www.ediren.com\\\/eu\\\/hasiera\\\/\"},{\"@type\":\"ListItem\",\"position\":2,\"name\":\"Irati Sell\u00e9s Mateo\"}]},{\"@type\":\"WebSite\",\"@id\":\"https:\\\/\\\/www.ediren.com\\\/eu\\\/#website\",\"url\":\"https:\\\/\\\/www.ediren.com\\\/eu\\\/\",\"name\":\"Ediren\",\"description\":\"Cooperativa de Salud\",\"potentialAction\":[{\"@type\":\"SearchAction\",\"target\":{\"@type\":\"EntryPoint\",\"urlTemplate\":\"https:\\\/\\\/www.ediren.com\\\/eu\\\/?s={search_term_string}\"},\"query-input\":{\"@type\":\"PropertyValueSpecification\",\"valueRequired\":true,\"valueName\":\"search_term_string\"}}],\"inLanguage\":\"eu-ES\"}]}<\/script>\n<!-- \/ Yoast SEO plugin. -->","yoast_head_json":{"title":"Irati Sell\u00e9s Mateo - Centro de Psicoterapia y Fisioterapia","description":"Ediren, Centro de Psicoterapia y Psic\u00f3logos, especialistas en rehabilitaci\u00f3n y en psicolog\u00eda. Irati Sell\u00e9s Mateo","robots":{"index":"index","follow":"follow","max-snippet":"max-snippet:-1","max-image-preview":"max-image-preview:large","max-video-preview":"max-video-preview:-1"},"canonical":"https:\/\/www.ediren.com\/eu\/irati-selles-mateo\/","og_locale":"eu_ES","og_type":"article","og_title":"Irati Sell\u00e9s Mateo - Centro de Psicoterapia y Fisioterapia","og_description":"Ediren, Centro de Psicoterapia y Psic\u00f3logos, especialistas en rehabilitaci\u00f3n y en psicolog\u00eda. Irati Sell\u00e9s Mateo","og_url":"https:\/\/www.ediren.com\/eu\/irati-selles-mateo\/","og_site_name":"Ediren","article_publisher":"https:\/\/www.facebook.com\/pages\/Ediren-SALUD\/298201266858043","article_modified_time":"2023-08-04T12:46:09+00:00","og_image":[{"url":"https:\/\/www.ediren.com\/wp-content\/uploads\/2018\/07\/Ediren-Irati-Selles.jpg","type":"","width":"","height":""}],"twitter_card":"summary_large_image","twitter_site":"@edirensalud","twitter_misc":{"Est. reading time":"1 minute"},"schema":{"@context":"https:\/\/schema.org","@graph":[{"@type":"WebPage","@id":"https:\/\/www.ediren.com\/eu\/irati-selles-mateo\/","url":"https:\/\/www.ediren.com\/eu\/irati-selles-mateo\/","name":"Irati Sell\u00e9s Mateo - Centro de Psicoterapia y Fisioterapia","isPartOf":{"@id":"https:\/\/www.ediren.com\/eu\/#website"},"primaryImageOfPage":{"@id":"https:\/\/www.ediren.com\/eu\/irati-selles-mateo\/#primaryimage"},"image":{"@id":"https:\/\/www.ediren.com\/eu\/irati-selles-mateo\/#primaryimage"},"thumbnailUrl":"https:\/\/www.ediren.com\/wp-content\/uploads\/2018\/07\/Ediren-Irati-Selles.jpg","datePublished":"2018-07-11T12:30:46+00:00","dateModified":"2023-08-04T12:46:09+00:00","description":"Ediren, Centro de Psicoterapia y Psic\u00f3logos, especialistas en rehabilitaci\u00f3n y en psicolog\u00eda. Irati Sell\u00e9s Mateo","breadcrumb":{"@id":"https:\/\/www.ediren.com\/eu\/irati-selles-mateo\/#breadcrumb"},"inLanguage":"eu-ES","potentialAction":[{"@type":"ReadAction","target":["https:\/\/www.ediren.com\/eu\/irati-selles-mateo\/"]}]},{"@type":"ImageObject","inLanguage":"eu-ES","@id":"https:\/\/www.ediren.com\/eu\/irati-selles-mateo\/#primaryimage","url":"https:\/\/www.ediren.com\/wp-content\/uploads\/2018\/07\/Ediren-Irati-Selles.jpg","contentUrl":"https:\/\/www.ediren.com\/wp-content\/uploads\/2018\/07\/Ediren-Irati-Selles.jpg"},{"@type":"BreadcrumbList","@id":"https:\/\/www.ediren.com\/eu\/irati-selles-mateo\/#breadcrumb","itemListElement":[{"@type":"ListItem","position":1,"name":"Portada","item":"https:\/\/www.ediren.com\/eu\/hasiera\/"},{"@type":"ListItem","position":2,"name":"Irati Sell\u00e9s Mateo"}]},{"@type":"WebSite","@id":"https:\/\/www.ediren.com\/eu\/#website","url":"https:\/\/www.ediren.com\/eu\/","name":"Ediren","description":"Cooperativa de Salud","potentialAction":[{"@type":"SearchAction","target":{"@type":"EntryPoint","urlTemplate":"https:\/\/www.ediren.com\/eu\/?s={search_term_string}"},"query-input":{"@type":"PropertyValueSpecification","valueRequired":true,"valueName":"search_term_string"}}],"inLanguage":"eu-ES"}]}},"_links":{"self":[{"href":"https:\/\/www.ediren.com\/eu\/wp-json\/wp\/v2\/pages\/4749","targetHints":{"allow":["GET"]}}],"collection":[{"href":"https:\/\/www.ediren.com\/eu\/wp-json\/wp\/v2\/pages"}],"about":[{"href":"https:\/\/www.ediren.com\/eu\/wp-json\/wp\/v2\/types\/page"}],"author":[{"embeddable":true,"href":"https:\/\/www.ediren.com\/eu\/wp-json\/wp\/v2\/users\/3"}],"replies":[{"embeddable":true,"href":"https:\/\/www.ediren.com\/eu\/wp-json\/wp\/v2\/comments?post=4749"}],"version-history":[{"count":3,"href":"https:\/\/www.ediren.com\/eu\/wp-json\/wp\/v2\/pages\/4749\/revisions"}],"predecessor-version":[{"id":17339,"href":"https:\/\/www.ediren.com\/eu\/wp-json\/wp\/v2\/pages\/4749\/revisions\/17339"}],"wp:attachment":[{"href":"https:\/\/www.ediren.com\/eu\/wp-json\/wp\/v2\/media?parent=4749"}],"curies":[{"name":"wp","href":"https:\/\/api.w.org\/{rel}","templated":true}]}}